{"id":86,"date":"2020-06-03T14:40:31","date_gmt":"2020-06-03T17:40:31","guid":{"rendered":"https:\/\/erasmus-ace.com\/?page_id=86"},"modified":"2024-04-24T11:19:53","modified_gmt":"2024-04-24T14:19:53","slug":"ace-project","status":"publish","type":"page","link":"https:\/\/erasmus-ace.com\/pt\/","title":{"rendered":"Projeto ACE"},"content":{"rendered":"\n<div class=\"wp-block-media-text alignwide has-background is-stacked-on-mobile is-style-rounded borda-cima-arred\" style=\"background-color:#f7f7f7;grid-template-columns:35% auto\"><figure class=\"wp-block-media-text__media\"><img loading=\"lazy\" decoding=\"async\" width=\"847\" height=\"565\" src=\"https:\/\/erasmus-ace.com\/wp-content\/uploads\/2020\/06\/46246648_s.jpg\" alt=\"\" class=\"wp-image-87 size-full\" srcset=\"https:\/\/erasmus-ace.com\/pt\/wp-content\/uploads\/2020\/06\/46246648_s.jpg 847w, https:\/\/erasmus-ace.com\/pt\/wp-content\/uploads\/2020\/06\/46246648_s-300x200.jpg 300w, https:\/\/erasmus-ace.com\/pt\/wp-content\/uploads\/2020\/06\/46246648_s-768x512.jpg 768w\" sizes=\"(max-width: 709px) 85vw, (max-width: 909px) 67vw, (max-width: 1362px) 62vw, 840px\" \/><\/figure><div class=\"wp-block-media-text__content\">\n<p>Promove a reforma curricular com base no enfoque centrado no aluno em 6 pa\u00edses sul-americanos, com impacto em outros, cobrindo 4 \u00e1reas tem\u00e1ticas que representam 4 setores educacionais e envolvendo diretamente 20 programas.<\/p>\n\n\n\n<p>Para atingir o objetivo desejado, os Participantes do Projeto ACE trabalhar\u00e3o na cria\u00e7\u00e3o das condi\u00e7\u00f5es e instrumentos necess\u00e1rios para a implementa\u00e7\u00e3o efetiva da Abordagem Centrada no Aluno.<\/p>\n<\/div><\/div>\n\n\n\n<h2 class=\"wp-block-heading\"><br>Relat\u00f3rio Acad\u00eamico Final<\/h2>\n\n\n\n<figure class=\"wp-block-gallery has-nested-images columns-default is-cropped wp-block-gallery-1 is-layout-flex wp-block-gallery-is-layout-flex\">\n<figure class=\"wp-block-image size-large\"><a href=\"https:\/\/drive.google.com\/file\/d\/1P8XGg-6VaD9e0lOjDpATqXHIrWM-Z6Q1\/view?usp=sharing\" target=\"_blank\" rel=\"noreferrer noopener\"><img loading=\"lazy\" decoding=\"async\" width=\"961\" height=\"682\" data-id=\"719\" src=\"https:\/\/erasmus-ace.com\/pt\/wp-content\/uploads\/2024\/04\/EN.png\" alt=\"\" class=\"wp-image-719\" srcset=\"https:\/\/erasmus-ace.com\/pt\/wp-content\/uploads\/2024\/04\/EN.png 961w, https:\/\/erasmus-ace.com\/pt\/wp-content\/uploads\/2024\/04\/EN-300x213.png 300w, https:\/\/erasmus-ace.com\/pt\/wp-content\/uploads\/2024\/04\/EN-768x545.png 768w\" sizes=\"(max-width: 709px) 85vw, (max-width: 909px) 67vw, (max-width: 1362px) 62vw, 840px\" \/><\/a><\/figure>\n\n\n\n<figure class=\"wp-block-image size-large\"><a href=\"https:\/\/drive.google.com\/file\/d\/1PGqW3DlRgtvg2RcIa3BWdCRURuXvpitY\/view?usp=sharing\" target=\"_blank\" rel=\"noreferrer noopener\"><img loading=\"lazy\" decoding=\"async\" width=\"963\" height=\"689\" data-id=\"721\" src=\"https:\/\/erasmus-ace.com\/pt\/wp-content\/uploads\/2024\/04\/ES.png\" alt=\"\" class=\"wp-image-721\" srcset=\"https:\/\/erasmus-ace.com\/pt\/wp-content\/uploads\/2024\/04\/ES.png 963w, https:\/\/erasmus-ace.com\/pt\/wp-content\/uploads\/2024\/04\/ES-300x215.png 300w, https:\/\/erasmus-ace.com\/pt\/wp-content\/uploads\/2024\/04\/ES-768x549.png 768w\" sizes=\"(max-width: 709px) 85vw, (max-width: 909px) 67vw, (max-width: 1362px) 62vw, 840px\" \/><\/a><\/figure>\n\n\n\n<figure class=\"wp-block-image size-large\"><a href=\"https:\/\/drive.google.com\/file\/d\/1P9n-Zj7QQLSVU_IOHwEkCA224Pf7zyGv\/view?usp=sharing\" target=\"_blank\" rel=\"noreferrer noopener\"><img loading=\"lazy\" decoding=\"async\" width=\"963\" height=\"681\" data-id=\"720\" src=\"https:\/\/erasmus-ace.com\/pt\/wp-content\/uploads\/2024\/04\/PT.png\" alt=\"\" class=\"wp-image-720\" srcset=\"https:\/\/erasmus-ace.com\/pt\/wp-content\/uploads\/2024\/04\/PT.png 963w, https:\/\/erasmus-ace.com\/pt\/wp-content\/uploads\/2024\/04\/PT-300x212.png 300w, https:\/\/erasmus-ace.com\/pt\/wp-content\/uploads\/2024\/04\/PT-768x543.png 768w\" sizes=\"(max-width: 709px) 85vw, (max-width: 909px) 67vw, (max-width: 1362px) 62vw, 840px\" \/><\/a><\/figure>\n<\/figure>\n\n\n\n<h4 class=\"wp-block-heading has-text-color\" style=\"color:#1c8238\">AS INSTITUI\u00c7\u00d5ES PARCEIRAS MOSTRAR\u00c3O:<\/h4>\n\n\n\n<div class=\"wp-block-columns is-layout-flex wp-container-core-columns-layout-1 wp-block-columns-is-layout-flex\">\n<div class=\"wp-block-column is-layout-flow wp-block-column-is-layout-flow\">\n<div class=\"wp-block-media-text alignwide is-vertically-aligned-center is-stacked-on-mobile is-style-rounded\" style=\"grid-template-columns:15% auto\"><figure class=\"wp-block-media-text__media\"><img decoding=\"async\" src=\"https:\/\/erasmus-ace.com\/wp-content\/uploads\/2021\/11\/iconStudent-2.png\" alt=\"\" class=\"wp-image-444 size-full\"\/><\/figure><div class=\"wp-block-media-text__content\">\n<p class=\"pad-menor has-text-color\" style=\"color:#3d3d3e;font-size:15px\">1) como podem ser os Programas Centrados no Aluno em 4 \u00e1reas diferentes: Educa\u00e7\u00e3o, Enfermagem, Hist\u00f3ria e Meio Ambiente<\/p>\n<\/div><\/div>\n<\/div>\n\n\n\n<div class=\"wp-block-column is-layout-flow wp-block-column-is-layout-flow\">\n<div class=\"wp-block-media-text alignwide is-stacked-on-mobile is-style-rounded\" style=\"grid-template-columns:15% auto\"><figure class=\"wp-block-media-text__media\"><img decoding=\"async\" src=\"https:\/\/erasmus-ace.com\/wp-content\/uploads\/2021\/11\/iconInstitution-2.png\" alt=\"\" class=\"wp-image-445 size-full\"\/><\/figure><div class=\"wp-block-media-text__content\">\n<p class=\"pad-menor has-text-color\" style=\"color:#3d3d3e;font-size:15px\">2) como as institui\u00e7\u00f5es podem alavancar os recursos de que disp\u00f5em e unir os esfor\u00e7os de alunos e acad\u00eamicos para garantir que tanto o design quanto a entrega do programa estejam de acordo com a abordagem centrada no aluno<\/p>\n<\/div><\/div>\n<\/div>\n<\/div>\n\n\n\n<div class=\"wp-block-media-text alignwide has-media-on-the-right has-background is-stacked-on-mobile is-style-rounded borda-cima-arred\" style=\"background-color:#f7f7f7;grid-template-columns:auto 38%\"><div class=\"wp-block-media-text__content\">\n<p>O projeto aplica uma abordagem ascendente, mas ao mesmo tempo pretende informar e influenciar um n\u00edvel superior de gest\u00e3o e formula\u00e7\u00e3o de pol\u00edticas. Por isso, envolve tamb\u00e9m tr\u00eas s\u00f3cios sul-americanos n\u00e3o universit\u00e1rios estrat\u00e9gicos<\/p>\n\n\n\n<p>O Projeto ACE \u00e9 \u00fanico em v\u00e1rios aspectos, mas vale destacar a participa\u00e7\u00e3o ativa dos alunos em todas as atividades do projeto e a constru\u00e7\u00e3o de equipes institucionais compostas por acad\u00eamicos e alunos &#8211; equipes nas quais alunos e acad\u00eamicos trabalhar\u00e3o juntos para promover a ado\u00e7\u00e3o bem-sucedida da Abordagem Centrada no Aluno.<\/p>\n<\/div><figure class=\"wp-block-media-text__media\"><img loading=\"lazy\" decoding=\"async\" width=\"847\" height=\"565\" src=\"https:\/\/erasmus-ace.com\/wp-content\/uploads\/2020\/06\/42907984_s.jpg\" alt=\"\" class=\"wp-image-92 size-full\" srcset=\"https:\/\/erasmus-ace.com\/pt\/wp-content\/uploads\/2020\/06\/42907984_s.jpg 847w, https:\/\/erasmus-ace.com\/pt\/wp-content\/uploads\/2020\/06\/42907984_s-300x200.jpg 300w, https:\/\/erasmus-ace.com\/pt\/wp-content\/uploads\/2020\/06\/42907984_s-768x512.jpg 768w\" sizes=\"(max-width: 709px) 85vw, (max-width: 909px) 67vw, (max-width: 1362px) 62vw, 840px\" \/><\/figure><\/div>\n\n\n\n<p><\/p>\n","protected":false},"excerpt":{"rendered":"<p>Promove a reforma curricular com base no enfoque centrado no aluno em 6 pa\u00edses sul-americanos, com impacto em outros, cobrindo 4 \u00e1reas tem\u00e1ticas que representam 4 setores educacionais e envolvendo diretamente 20 programas. Para atingir o objetivo desejado, os Participantes do Projeto ACE trabalhar\u00e3o na cria\u00e7\u00e3o das condi\u00e7\u00f5es e instrumentos necess\u00e1rios para a implementa\u00e7\u00e3o efetiva &hellip; <a href=\"https:\/\/erasmus-ace.com\/pt\/\" class=\"more-link\">Continue reading<span class=\"screen-reader-text\"> &#8220;Projeto ACE&#8221;<\/span><\/a><\/p>\n","protected":false},"author":1,"featured_media":0,"parent":0,"menu_order":0,"comment_status":"closed","ping_status":"closed","template":"","meta":{"ub_ctt_via":"","footnotes":""},"featured_image_src":null,"_links":{"self":[{"href":"https:\/\/erasmus-ace.com\/pt\/wp-json\/wp\/v2\/pages\/86"}],"collection":[{"href":"https:\/\/erasmus-ace.com\/pt\/wp-json\/wp\/v2\/pages"}],"about":[{"href":"https:\/\/erasmus-ace.com\/pt\/wp-json\/wp\/v2\/types\/page"}],"author":[{"embeddable":true,"href":"https:\/\/erasmus-ace.com\/pt\/wp-json\/wp\/v2\/users\/1"}],"replies":[{"embeddable":true,"href":"https:\/\/erasmus-ace.com\/pt\/wp-json\/wp\/v2\/comments?post=86"}],"version-history":[{"count":24,"href":"https:\/\/erasmus-ace.com\/pt\/wp-json\/wp\/v2\/pages\/86\/revisions"}],"predecessor-version":[{"id":723,"href":"https:\/\/erasmus-ace.com\/pt\/wp-json\/wp\/v2\/pages\/86\/revisions\/723"}],"wp:attachment":[{"href":"https:\/\/erasmus-ace.com\/pt\/wp-json\/wp\/v2\/media?parent=86"}],"curies":[{"name":"wp","href":"https:\/\/api.w.org\/{rel}","templated":true}]}}