{"id":674,"date":"2024-03-22T16:47:20","date_gmt":"2024-03-22T19:47:20","guid":{"rendered":"https:\/\/erasmus-ace.com\/pt\/?page_id=674"},"modified":"2024-03-22T16:47:20","modified_gmt":"2024-03-22T19:47:20","slug":"linha-3-resultados-alcancados","status":"publish","type":"page","link":"https:\/\/erasmus-ace.com\/pt\/linha-3-resultados-alcancados\/","title":{"rendered":"LINHA 3 \u2013 Resultados alcan\u00e7ados"},"content":{"rendered":"\n<h3 class=\"wp-block-heading\"><strong><strong>LINHA 3: Desenvolver curr\u00edculos modelo centrados no estudante<\/strong><\/strong><\/h3>\n\n\n\n<p>Na Linha 3 do projeto, as Unidades ACE \u2013 estudantes e professores \u2013 trabalharam na revis\u00e3o de alguns aspectos-chave do curr\u00edculo para mostrar como alinhar os programas existentes com os Marcos de Refer\u00eancia internacionais acordados na Linha 1 e garantir que os programas incorporem as caracter\u00edsticas do&nbsp; Enfoque Centrado no Estudante, tanto na formata\u00e7\u00e3o como na sua implementa\u00e7\u00e3o.<\/p>\n\n\n\n<p>Abaixo voc\u00ea pode consultar as propostas elaboradas pelas equipes de trabalho das 13 Universidades da Am\u00e9rica do Sul.<\/p>\n\n\n\n<p>N\u00e3o s\u00e3o modelos para \u2018copiar\u2019, pois cada curso deve ser redesenhado a partir de um perfil de egresso contextualizado que reflita tamb\u00e9m \u2018o selo\u2019 da institui\u00e7\u00e3o de ensino superior que oferece o referido curso. No entanto, s\u00e3o exemplos concretos que podem ser usados \u200b\u200bcomo pontos de partida para:<\/p>\n\n\n\n<ul>\n<li>escrever resultados de aprendizagem ao n\u00edvel do programa\/curso\u2013 expressando o perfil da gradua\u00e7\u00e3o nos resultados de aprendizagem;<\/li>\n\n\n\n<li>facilitar o reconhecimento de diplomas, mapeando o perfil da gradua\u00e7\u00e3o em rela\u00e7\u00e3o ao Marco de Refer\u00eancia de Diplomas para a Am\u00e9rica do Sul;<\/li>\n\n\n\n<li>expressar o volume de trabalho dos estudantes em um formato que facilite o reconhecimento em toda a Am\u00e9rica Latina e com universidades no Espa\u00e7o Europeu de Ensino Superior;<\/li>\n\n\n\n<li>escrever os resultados de aprendizagem da disciplina, claramente ligados aos resultados de aprendizagem do programa;<\/li>\n\n\n\n<li>avan\u00e7ar no sentido de uma ado\u00e7\u00e3o plena da Abordagem Centrada no Estudante nas atividades de avalia\u00e7\u00e3o, aprendizagem e ensino; e, de forma mais hol\u00edstica,<\/li>\n\n\n\n<li>conduzir uma revis\u00e3o curricular em uma equipe conjunta de professores e estudantes e identificar outras a\u00e7\u00f5es necess\u00e1rias para concretizar o Enfoque Centrado&nbsp; no Estudante<\/li>\n<\/ul>\n\n\n\n<figure class=\"wp-block-table\"><table><tbody><tr><td><strong><em><strong><em>Pa\u00eds<\/em><\/strong><\/em><\/strong><\/td><td><strong><em><strong><em>Universidade<\/em><\/strong><\/em><\/strong><\/td><td><em><strong><em>Programa para o qual o curr\u00edculo modelo foi trabalhado<\/em><\/strong><em>\u00a0<\/em><\/em><\/td><td><strong><em><strong><em><strong><em><strong><em><strong><em><strong><em>\u00c1rea tem\u00e1tica<\/em><\/strong><\/em><\/strong><\/em><\/strong><\/em><\/strong><\/em><\/strong><\/em><\/strong><\/td><\/tr><tr><td rowspan=\"4\"><br><br>Argentina<\/td><td rowspan=\"2\">Universidad Nacional de Cuyo<\/td><td><a href=\"https:\/\/erasmus-ace.com\/wp-content\/uploads\/2024\/03\/UNCUYO-Educacion_Curriculum-Modelo.pdf\" target=\"_blank\" rel=\"noreferrer noopener\">Profesorado Universitario de Educaci\u00f3n Primaria<\/a><\/td><td>Educa\u00e7\u00e3o<\/td><\/tr><tr><td><a href=\"https:\/\/erasmus-ace.com\/wp-content\/uploads\/2024\/03\/Licenciatura-en-Historia.pdf\" target=\"_blank\" rel=\"noreferrer noopener\">Licenciatura en Historia<\/a><\/td><td>Hist\u00f3ria<\/td><\/tr><tr><td rowspan=\"2\">Universidad Nacional de Lan\u00fas<\/td><td><a href=\"https:\/\/erasmus-ace.com\/wp-content\/uploads\/2024\/03\/Licenciatura-en-Educacion.pdf\" target=\"_blank\" rel=\"noreferrer noopener\">Licenciatura en Educaci\u00f3n<\/a><\/td><td>Educa\u00e7\u00e3o<\/td><\/tr><tr><td><a href=\"https:\/\/erasmus-ace.com\/wp-content\/uploads\/2024\/03\/Licenciatura-en-Gestion-Ambiental-Urbana.pdf\" target=\"_blank\" rel=\"noreferrer noopener\">Licenciatura en Gesti\u00f3n Ambiental Urbana<\/a><\/td><td>Meio Ambiente<\/td><\/tr><tr><td rowspan=\"4\"><br>Bol\u00edvia<\/td><td rowspan=\"2\">Universidad Mayor de San Andr\u00e9s<\/td><td><a href=\"https:\/\/erasmus-ace.com\/wp-content\/uploads\/2024\/03\/Licenciatura-en-Ciencias-de-la-Educacion.pdf\" target=\"_blank\" rel=\"noreferrer noopener\">Licenciatura en Ciencias de la Educaci\u00f3n<\/a><\/td><td>Educa\u00e7\u00e3o<\/td><\/tr><tr><td><a href=\"https:\/\/erasmus-ace.com\/wp-content\/uploads\/2024\/03\/Licenciatura-en-Historia-Bolivia.pdf\" target=\"_blank\" rel=\"noreferrer noopener\">Licenciatura en Historia<\/a><\/td><td>Hist\u00f3ria<\/td><\/tr><tr><td rowspan=\"2\">Universidad Mayor de San Sim\u00f3n<\/td><td><a href=\"https:\/\/erasmus-ace.com\/wp-content\/uploads\/2024\/03\/Licenciatura-en-Ciencias-de-la-Educacion-Simon.pdf\" target=\"_blank\" rel=\"noreferrer noopener\">Licenciatura en Ciencias de la Educaci\u00f3n<\/a><\/td><td>Educa\u00e7\u00e3o<\/td><\/tr><tr><td><a href=\"https:\/\/erasmus-ace.com\/wp-content\/uploads\/2024\/03\/Licenciatura-en-Enfermeria-Simon.pdf\" target=\"_blank\" rel=\"noreferrer noopener\">Licenciatura en Enfermer\u00eda<\/a><\/td><td>Enfermagem<\/td><\/tr><tr><td rowspan=\"3\"><br><br>Brasil<\/td><td>Universidade Federal do Rio Grande do Sul<\/td><td><a href=\"https:\/\/erasmus-ace.com\/wp-content\/uploads\/2024\/03\/UFRGS-Curso-de-Bacharelado-em-Enfermagem.pdf\" target=\"_blank\" rel=\"noreferrer noopener\">Curso de Bacharelado em Enfermagem<\/a><\/td><td>Enfermagem<\/td><\/tr><tr><td rowspan=\"2\">Universidade Estadual J\u00falio de Mesquita Filho<\/td><td><a href=\"https:\/\/erasmus-ace.com\/wp-content\/uploads\/2024\/03\/UNESP-Licenciaturas-en-Quimica.pdf\" target=\"_blank\" rel=\"noreferrer noopener\">Licenciaturas em Qu\u00edmica<\/a><\/td><td>Educa\u00e7\u00e3o<\/td><\/tr><tr><td><a href=\"https:\/\/erasmus-ace.com\/wp-content\/uploads\/2024\/03\/UNESP-Engenharia-Ambiental.pdf\" target=\"_blank\" rel=\"noreferrer noopener\">Engenharia Ambiental<\/a><\/td><td>Meio Ambiente<\/td><\/tr><tr><td rowspan=\"3\"><br><br>Col\u00f4mbia<\/td><td rowspan=\"2\">Universidad Libre<\/td><td><a href=\"https:\/\/erasmus-ace.com\/wp-content\/uploads\/2024\/03\/UNILIBRE-Educacion_Curriculum-Modelo.pdf\" target=\"_blank\" rel=\"noreferrer noopener\">Licenciatura en Educaci\u00f3n<\/a><\/td><td>Educa\u00e7\u00e3o<\/td><\/tr><tr><td><a href=\"https:\/\/erasmus-ace.com\/wp-content\/uploads\/2024\/03\/UNILIBRE-Ingenieria-Ambiental.pdf\" target=\"_blank\" rel=\"noreferrer noopener\">Ingenier\u00eda Ambiental<\/a><\/td><td>Meio Ambiente<\/td><\/tr><tr><td>Universidad de la Sabana<\/td><td><a href=\"https:\/\/erasmus-ace.com\/wp-content\/uploads\/2024\/03\/UNISABANA-Programa-de-Enfermeria.pdf\" target=\"_blank\" rel=\"noreferrer noopener\">Programa de Enfermer\u00eda<\/a><\/td><td>Enfermagem<\/td><\/tr><tr><td rowspan=\"5\"><br><br>Paraguai<\/td><td>Universidad del Cono Sur de las Am\u00e9ricas<\/td><td><a href=\"https:\/\/erasmus-ace.com\/wp-content\/uploads\/2024\/03\/UCSA-Ingenieria-Industrial.pdf\" target=\"_blank\" rel=\"noreferrer noopener\">Ingenier\u00eda Industrial<\/a><\/td><td>Meio Ambiente<\/td><\/tr><tr><td rowspan=\"2\">Universidad Nacional de Asunci\u00f3n<\/td><td><a href=\"https:\/\/erasmus-ace.com\/wp-content\/uploads\/2024\/03\/UNA-Licenciatura-en-Historia.pdf\" target=\"_blank\" rel=\"noreferrer noopener\">Licenciatura en Historia<\/a><\/td><td>Hist\u00f3ria<\/td><\/tr><tr><td><a href=\"https:\/\/erasmus-ace.com\/wp-content\/uploads\/2024\/03\/UNA-Carrera-de-Ingenieria-Ambiental.pdf\" target=\"_blank\" rel=\"noreferrer noopener\">Carrera de Ingenier\u00eda Ambiental<\/a><\/td><td>Meio Ambiente<\/td><\/tr><tr><td rowspan=\"2\">Universidad Iberoamericana<\/td><td><a href=\"https:\/\/erasmus-ace.com\/wp-content\/uploads\/2024\/03\/UNIBE-Licenciatura-en-Enfermeria.pdf\" target=\"_blank\" rel=\"noreferrer noopener\">Licenciatura en Enfermer\u00eda<\/a><\/td><td>Enfermagem<\/td><\/tr><tr><td><a href=\"https:\/\/erasmus-ace.com\/wp-content\/uploads\/2024\/03\/UNIBE-Licenciatura-en-Ciencias-de-la-Educacion.pdf\" target=\"_blank\" rel=\"noreferrer noopener\">Licenciatura en Ciencias de la Educaci\u00f3n<\/a><\/td><td>Educa\u00e7\u00e3o<\/td><\/tr><tr><td rowspan=\"2\"><br>Per\u00fa<\/td><td>Universidad Nacional de Ingenier\u00eda<\/td><td><a href=\"https:\/\/erasmus-ace.com\/wp-content\/uploads\/2024\/03\/UNI-Ingenieria-Ambiental.pdf\" target=\"_blank\" rel=\"noreferrer noopener\">Ingenier\u00eda Ambiental<\/a><\/td><td>Meio Ambiente<\/td><\/tr><tr><td>Universidad Nacional Mayor de San Marcos<\/td><td><a href=\"https:\/\/erasmus-ace.com\/wp-content\/uploads\/2024\/03\/UNMSM-Ingenieria-Ambiental.pdf\" target=\"_blank\" rel=\"noreferrer noopener\">Ingenier\u00eda Ambiental<\/a><\/td><td>Meio Ambiente<\/td><\/tr><\/tbody><\/table><\/figure>\n","protected":false},"excerpt":{"rendered":"<p>LINHA 3: Desenvolver curr\u00edculos modelo centrados no estudante Na Linha 3 do projeto, as Unidades ACE \u2013 estudantes e professores \u2013 trabalharam na revis\u00e3o de alguns aspectos-chave do curr\u00edculo para mostrar como alinhar os programas existentes com os Marcos de Refer\u00eancia internacionais acordados na Linha 1 e garantir que os programas incorporem as caracter\u00edsticas do&nbsp; &hellip; <a href=\"https:\/\/erasmus-ace.com\/pt\/linha-3-resultados-alcancados\/\" class=\"more-link\">Continue reading<span class=\"screen-reader-text\"> &#8220;LINHA 3 \u2013 Resultados alcan\u00e7ados&#8221;<\/span><\/a><\/p>\n","protected":false},"author":1,"featured_media":0,"parent":0,"menu_order":0,"comment_status":"closed","ping_status":"closed","template":"","meta":{"ub_ctt_via":"","footnotes":""},"featured_image_src":null,"_links":{"self":[{"href":"https:\/\/erasmus-ace.com\/pt\/wp-json\/wp\/v2\/pages\/674"}],"collection":[{"href":"https:\/\/erasmus-ace.com\/pt\/wp-json\/wp\/v2\/pages"}],"about":[{"href":"https:\/\/erasmus-ace.com\/pt\/wp-json\/wp\/v2\/types\/page"}],"author":[{"embeddable":true,"href":"https:\/\/erasmus-ace.com\/pt\/wp-json\/wp\/v2\/users\/1"}],"replies":[{"embeddable":true,"href":"https:\/\/erasmus-ace.com\/pt\/wp-json\/wp\/v2\/comments?post=674"}],"version-history":[{"count":1,"href":"https:\/\/erasmus-ace.com\/pt\/wp-json\/wp\/v2\/pages\/674\/revisions"}],"predecessor-version":[{"id":675,"href":"https:\/\/erasmus-ace.com\/pt\/wp-json\/wp\/v2\/pages\/674\/revisions\/675"}],"wp:attachment":[{"href":"https:\/\/erasmus-ace.com\/pt\/wp-json\/wp\/v2\/media?parent=674"}],"curies":[{"name":"wp","href":"https:\/\/api.w.org\/{rel}","templated":true}]}}