{"id":660,"date":"2024-03-22T15:50:28","date_gmt":"2024-03-22T18:50:28","guid":{"rendered":"https:\/\/erasmus-ace.com\/pt\/?page_id=660"},"modified":"2024-03-29T15:04:58","modified_gmt":"2024-03-29T18:04:58","slug":"linha-1-resultados-alcancados","status":"publish","type":"page","link":"https:\/\/erasmus-ace.com\/pt\/linha-1-resultados-alcancados\/","title":{"rendered":"LINHA 1 \u2013 Resultados alcan\u00e7ados"},"content":{"rendered":"\n<h3 class=\"wp-block-heading\" id=\"line1\"><u><strong>LINHA 1: Cria\u00e7\u00e3o de Refer\u00eancias Internacionais para Orientar e Inspirar a Revis\u00e3o Curricular e a Melhoria de Processos<\/strong><\/u><\/h3>\n\n\n<div class=\"wp-block-ub-content-toggle\" id=\"ub-content-toggle-c96e6109-160f-4e07-ad86-e53eb6f6acaa\" data-mobilecollapse=\"false\" data-desktopcollapse=\"true\">\n<div class=\"wp-block-ub-content-toggle-accordion\" id=\"ub-content-toggle-panel-block-26ad25a5-3164-49aa-baae-beb9f698df88\">\n                <div class=\"wp-block-ub-content-toggle-accordion-title-wrap\"\" aria-controls=\"ub-content-toggle-panel-0-c96e6109-160f-4e07-ad86-e53eb6f6acaa\" tabindex=\"0\">\n                    <p class=\"wp-block-ub-content-toggle-accordion-title ub-content-toggle-title-c96e6109-160f-4e07-ad86-e53eb6f6acaa\"><strong>1. Marcos de refer\u00eancia regionais para programas\/t\u00edtulos<\/strong><\/p><div class=\"wp-block-ub-content-toggle-accordion-toggle-wrap right\"><span class=\"wp-block-ub-content-toggle-accordion-state-indicator wp-block-ub-chevron-down\"><\/span>\n                    <\/div><\/div><div role=\"region\" aria-expanded=\"false\" class=\"wp-block-ub-content-toggle-accordion-content-wrap ub-hide\" id=\"ub-content-toggle-panel-0-c96e6109-160f-4e07-ad86-e53eb6f6acaa\">\n\n<p>Nos Marcos de Refer\u00eancia est\u00e3o descritos quais elementos do perfil do egresso s\u00e3o considerados mais importantes por estudantes, graduados, empregadores, professores e outros atores-chave na regi\u00e3o sul-americana. O (re)desenho de cada programa\/curr\u00edculo centrado no estudante come\u00e7a pela defini\u00e7\u00e3o do perfil do egresso que se deseja alcan\u00e7ar, respondendo \u00e0s seguintes quest\u00f5es: quais responsabilidades s\u00e3o esperadas que os estudantes estejam preparados para assumir? Que compet\u00eancias se espera que os estudantes consigam demonstrar quando conclu\u00edrem os estudos ou mesmo antes de terminarem a licenciatura (para posteriormente assumirem as principais responsabilidades deste perfil de egresso)? Que conhecimentos os estudantes precisam adquirir e aprender a aplicar ao longo ou antes de terminar o curso?<\/p>\n\n\n\n<p>No enfoque centrado no estudante, responder bem a essas quest\u00f5es \u00e9 fundamental, pois as respostas nortear\u00e3o todo o processo de (re)desenho curricular e aprendizagem, avalia\u00e7\u00e3o e ensino. Com base nestas respostas, os resultados da aprendizagem s\u00e3o escritos ao n\u00edvel do programa\/curso, e a relev\u00e2ncia e o reconhecimento internacional de um programa de estudos s\u00e3o determinados pelas decis\u00f5es tomadas nesta fase de (re)desenho curricular.<\/p>\n\n\n\n<p>Os Marcos de Refer\u00eancia que foram criados no projeto ACE s\u00e3o o resultado de discuss\u00f5es e consultas com m\u00faltiplos atores-chave de diferentes pa\u00edses da Am\u00e9rica do Sul sobre o que se espera de um futuro graduado como cidad\u00e3o profissional e respons\u00e1vel, sobre o que \u00e9 valorizado e sobre os elementos do perfil de egresso cuja presen\u00e7a facilitar\u00e1 o reconhecimento de diplomas, a mobilidade e o emprego dos graduados. Representam tamb\u00e9m a diversidade e riqueza de vis\u00f5es sobre cada uma das \u00e1reas de estudo em que o projeto ACE foi trabalhado.<\/p>\n\n\n\n<p>Foram criados quatro Marcos Regionais de Refer\u00eancia para Licenciaturas: um para Educa\u00e7\u00e3o, um para Enfermagem, um para Hist\u00f3ria e um para Meio Ambiente. Eles s\u00e3o oferecidos abaixo, juntamente com seus textos explicativos, para orientar e inspirar a revis\u00e3o curricular nas quatro \u00e1reas disciplinares \u2013 para serem utilizados por institui\u00e7\u00f5es de ensino superior que desejam melhorar seus programas em uma ou mais das quatro \u00e1reas disciplinares, e\/ ou para ag\u00eancias de qualidade e acredita\u00e7\u00e3o que buscam refer\u00eancias internacionais que possam facilitar o reconhecimento, promover a internacionaliza\u00e7\u00e3o e melhorar a qualidade dos programas de ensino superior.<\/p>\n\n\n\n<ul>\n<li><a href=\"http:\/\/erasmus-ace.com\/pt\/wp-content\/uploads\/2024\/03\/Marco-de-Referencia-Regional-Area-da-Educacao.pdf\" target=\"_blank\" rel=\"noreferrer noopener\">Marco de refer\u00eancia regional para diplomas na \u00e1rea de Educa\u00e7\u00e3o para a Am\u00e9rica do Sul<\/a><\/li>\n\n\n\n<li><a href=\"http:\/\/erasmus-ace.com\/pt\/wp-content\/uploads\/2024\/03\/Marco-de-Referencia-Regional-Area-da-Enfermagem.pdf\" target=\"_blank\" rel=\"noreferrer noopener\">Marco de refer\u00eancia regional para diplomas na \u00e1rea de Enfermagem para a Am\u00e9rica do Sul<\/a><\/li>\n\n\n\n<li><a href=\"http:\/\/erasmus-ace.com\/pt\/wp-content\/uploads\/2024\/03\/Marco-de-Referencia-Regional-Area-da-Historia.pdf\" target=\"_blank\" rel=\"noreferrer noopener\">Marco de refer\u00eancia regional para diplomas na \u00e1rea de Hist\u00f3ria para a Am\u00e9rica do Sul<\/a><\/li>\n\n\n\n<li><a href=\"http:\/\/erasmus-ace.com\/pt\/wp-content\/uploads\/2024\/03\/Marco-de-Referencia-Regional-Area-da-Meio-Ambiente.pdf\" target=\"_blank\" rel=\"noreferrer noopener\">Marco de refer\u00eancia regional para diplomas na \u00e1rea de Meio Ambiente para a Am\u00e9rica do Sul<\/a><\/li>\n<\/ul>\n\n<\/div><\/div>\n\n<div class=\"wp-block-ub-content-toggle-accordion\" id=\"ub-content-toggle-panel-block-c48c6cbc-bf13-49df-8865-32e91e27834f\">\n                <div class=\"wp-block-ub-content-toggle-accordion-title-wrap\"\" aria-controls=\"ub-content-toggle-panel-1-c96e6109-160f-4e07-ad86-e53eb6f6acaa\" tabindex=\"0\">\n                    <p class=\"wp-block-ub-content-toggle-accordion-title ub-content-toggle-title-c96e6109-160f-4e07-ad86-e53eb6f6acaa\"><strong>2. Reposit\u00f3rios de boas pr\u00e1ticas em ensino, aprendizagem e avalia\u00e7\u00e3o centrados no estudante<\/strong><\/p><div class=\"wp-block-ub-content-toggle-accordion-toggle-wrap right\"><span class=\"wp-block-ub-content-toggle-accordion-state-indicator wp-block-ub-chevron-down\"><\/span>\n                    <\/div><\/div><div role=\"region\" aria-expanded=\"false\" class=\"wp-block-ub-content-toggle-accordion-content-wrap ub-hide\" id=\"ub-content-toggle-panel-1-c96e6109-160f-4e07-ad86-e53eb6f6acaa\">\n\n<p>Se os Marco de Refer\u00eancia s\u00e3o ferramentas que podem orientar e inspirar a revis\u00e3o dos perfis de egresso e a revis\u00e3o ou registro dos resultados de aprendizagem ao n\u00edvel da carreira\/curr\u00edculo, os Reposit\u00f3rios de Boas Pr\u00e1ticas de Ensino, a Aprendizagem Centrada no Estudante e a Avalia\u00e7\u00e3o destinam-se a orientar e inspirar revis\u00f5es dos processos de avalia\u00e7\u00e3o, aprendizagem e ensino, uma vez estabelecidos os resultados de aprendizagem que os estudantes desejam alcan\u00e7ar.<\/p>\n\n\n\n<p>Os Marcos nos convidam a identificar elementos a incluir ou a refor\u00e7ar no perfil da gradua\u00e7\u00e3o para que este responda ao que pretende que os egressos sejam capazes de demonstrar \u2013 as expectativas da sociedade e do mercado de trabalho a n\u00edvel nacional e internacional; Eles nos permitem dar uma resposta melhor \u00e0 pergunta: o que nossos estudantes precisam aprender?<\/p>\n\n\n\n<p>Os Reposit\u00f3rios sugerem algumas respostas poss\u00edveis para as seguintes perguntas<\/p>\n\n\n\n<ul>\n<li>Como eles podem aprender isso?<\/li>\n\n\n\n<li>Como os professores e os estudantes podem saber se alcan\u00e7aram os objetivos desejados ou se est\u00e3o caminhando na dire\u00e7\u00e3o certa? (avalia\u00e7\u00e3o) Que atividades de aprendizagem e ensino podem permitir que os estudantes progridam em dire\u00e7\u00e3o a esses objetivos?<\/li>\n\n\n\n<li>O que precisamos considerar se quisermos que as nossas atividades de avalia\u00e7\u00e3o, aprendizagem e ensino estejam baseadas nos princ\u00edpios fundamentais do Enfoque Centrado no Estudante?<\/li>\n<\/ul>\n\n\n\n<p>Os exemplos de boas pr\u00e1ticas inclu\u00eddos nos Reposit\u00f3rios foram escolhidos por estudantes e professores que trabalharam no projeto ACE para inspirar cada vez mais professores e programas de ensino superior a adotarem o&nbsp; Enfoque Centrado no Estudante. Os quatro Reposit\u00f3rios criados podem ser consultados atrav\u00e9s dos seguintes links:<\/p>\n\n\n\n<ul>\n<li><a href=\"https:\/\/erasmus-ace.com\/educacion\/\">Reposit\u00f3rio de boas pr\u00e1ticas em ensino, aprendizagem e avalia\u00e7\u00e3o centrados no aluno \u2013 para cursos na \u00e1rea de&nbsp; EDUCA\u00c7\u00c3O<\/a><\/li>\n\n\n\n<li><a href=\"https:\/\/erasmus-ace.com\/enfermeria\/\">Reposit\u00f3rio de boas pr\u00e1ticas em ensino, aprendizagem e avalia\u00e7\u00e3o centrados no aluno \u2013 para cursos na de ENFERMAGEM<\/a><\/li>\n\n\n\n<li><a href=\"https:\/\/erasmus-ace.com\/historia\/\">Reposit\u00f3rio de boas pr\u00e1ticas em ensino, aprendizagem e avalia\u00e7\u00e3o centrados no aluno \u2013 para cursos na \u00e1rea&nbsp; de HIST\u00d3RIA<\/a><\/li>\n\n\n\n<li><a href=\"https:\/\/erasmus-ace.com\/medioambiente\/\">Reposit\u00f3rio de boas pr\u00e1ticas em ensino, aprendizagem e avalia\u00e7\u00e3o centrados no aluno \u2013 para cursos na \u00e1rea de de MEIO AMBIENTE<\/a><\/li>\n<\/ul>\n\n<\/div><\/div>\n<\/div>\n\n\n<p><\/p>\n","protected":false},"excerpt":{"rendered":"<p>LINHA 1: Cria\u00e7\u00e3o de Refer\u00eancias Internacionais para Orientar e Inspirar a Revis\u00e3o Curricular e a Melhoria de Processos<\/p>\n","protected":false},"author":1,"featured_media":0,"parent":0,"menu_order":0,"comment_status":"closed","ping_status":"closed","template":"","meta":{"ub_ctt_via":"","footnotes":""},"featured_image_src":null,"_links":{"self":[{"href":"https:\/\/erasmus-ace.com\/pt\/wp-json\/wp\/v2\/pages\/660"}],"collection":[{"href":"https:\/\/erasmus-ace.com\/pt\/wp-json\/wp\/v2\/pages"}],"about":[{"href":"https:\/\/erasmus-ace.com\/pt\/wp-json\/wp\/v2\/types\/page"}],"author":[{"embeddable":true,"href":"https:\/\/erasmus-ace.com\/pt\/wp-json\/wp\/v2\/users\/1"}],"replies":[{"embeddable":true,"href":"https:\/\/erasmus-ace.com\/pt\/wp-json\/wp\/v2\/comments?post=660"}],"version-history":[{"count":2,"href":"https:\/\/erasmus-ace.com\/pt\/wp-json\/wp\/v2\/pages\/660\/revisions"}],"predecessor-version":[{"id":712,"href":"https:\/\/erasmus-ace.com\/pt\/wp-json\/wp\/v2\/pages\/660\/revisions\/712"}],"wp:attachment":[{"href":"https:\/\/erasmus-ace.com\/pt\/wp-json\/wp\/v2\/media?parent=660"}],"curies":[{"name":"wp","href":"https:\/\/api.w.org\/{rel}","templated":true}]}}