{"id":43,"date":"2020-06-03T11:05:04","date_gmt":"2020-06-03T14:05:04","guid":{"rendered":"https:\/\/erasmus-ace.com\/?page_id=43"},"modified":"2024-03-29T15:22:37","modified_gmt":"2024-03-29T18:22:37","slug":"expected-beneficiaries","status":"publish","type":"page","link":"https:\/\/erasmus-ace.com\/pt\/expected-beneficiaries\/","title":{"rendered":"Benefici\u00e1rios esperados"},"content":{"rendered":"\n<div style=\"height:20px\" aria-hidden=\"true\" class=\"wp-block-spacer\"><\/div>\n\n\n\n<h5 class=\"wp-block-heading\"><strong>1) Departamentos\/ programas diretamente envolvidos no projeto <\/strong><\/h5>\n\n\n\n<h5 class=\"wp-block-heading\"><strong>2) Departamentos de outras universidades do mesmo pa\u00eds<\/strong><\/h5>\n\n\n\n<h5 class=\"wp-block-heading\"><strong>3) Organiza\u00e7\u00f5es de Seguran\u00e7a da Qualidade <\/strong><\/h5>\n\n\n\n<h5 class=\"wp-block-heading\"><strong>4) Organiza\u00e7\u00f5es Profissionais <\/strong><\/h5>\n\n\n\n<h5 class=\"wp-block-heading\"><strong>5) Minist\u00e9rios da Educa\u00e7\u00e3o <\/strong><\/h5>\n\n\n\n<h5 class=\"wp-block-heading\"><strong>6) Sociedade em geral <\/strong><\/h5>\n\n\n\n<h5 class=\"wp-block-heading\"><strong>7) Comunidade universit\u00e1ria global: equipe e estudantes<\/strong><\/h5>\n","protected":false},"excerpt":{"rendered":"<p>1) Departamentos\/ programas diretamente envolvidos no projeto 2) Departamentos de outras universidades do mesmo pa\u00eds 3) Organiza\u00e7\u00f5es de Seguran\u00e7a da Qualidade 4) Organiza\u00e7\u00f5es Profissionais 5) Minist\u00e9rios da Educa\u00e7\u00e3o 6) Sociedade em geral 7) Comunidade universit\u00e1ria global: equipe e estudantes<\/p>\n","protected":false},"author":1,"featured_media":0,"parent":0,"menu_order":0,"comment_status":"closed","ping_status":"closed","template":"","meta":{"ub_ctt_via":"","footnotes":""},"featured_image_src":null,"_links":{"self":[{"href":"https:\/\/erasmus-ace.com\/pt\/wp-json\/wp\/v2\/pages\/43"}],"collection":[{"href":"https:\/\/erasmus-ace.com\/pt\/wp-json\/wp\/v2\/pages"}],"about":[{"href":"https:\/\/erasmus-ace.com\/pt\/wp-json\/wp\/v2\/types\/page"}],"author":[{"embeddable":true,"href":"https:\/\/erasmus-ace.com\/pt\/wp-json\/wp\/v2\/users\/1"}],"replies":[{"embeddable":true,"href":"https:\/\/erasmus-ace.com\/pt\/wp-json\/wp\/v2\/comments?post=43"}],"version-history":[{"count":22,"href":"https:\/\/erasmus-ace.com\/pt\/wp-json\/wp\/v2\/pages\/43\/revisions"}],"predecessor-version":[{"id":716,"href":"https:\/\/erasmus-ace.com\/pt\/wp-json\/wp\/v2\/pages\/43\/revisions\/716"}],"wp:attachment":[{"href":"https:\/\/erasmus-ace.com\/pt\/wp-json\/wp\/v2\/media?parent=43"}],"curies":[{"name":"wp","href":"https:\/\/api.w.org\/{rel}","templated":true}]}}