{"id":18,"date":"2020-06-03T10:04:13","date_gmt":"2020-06-03T13:04:13","guid":{"rendered":"https:\/\/erasmus-ace.com\/?page_id=18"},"modified":"2024-03-29T14:57:49","modified_gmt":"2024-03-29T17:57:49","slug":"3linesofwork","status":"publish","type":"page","link":"https:\/\/erasmus-ace.com\/pt\/3linesofwork\/","title":{"rendered":"3 linhas de trabalho"},"content":{"rendered":"\n<p>O trabalho no \u00e2mbito do projeto ACE foi organizado em torno de 3 linhas de trabalho, interligadas entre si:<\/p>\n\n\n\n<div class=\"wp-block-buttons is-layout-flex wp-block-buttons-is-layout-flex\">\n<div class=\"wp-block-button is-style-fill caixa-tamanho\"><a class=\"wp-block-button__link has-blue-gray-color has-light-gray-background-color has-text-color has-background wp-element-button\" href=\"#line1\" style=\"border-radius:15px\" rel=\"\"><img loading=\"lazy\" decoding=\"async\" width=\"75\" height=\"75\" class=\"wp-image-134\" style=\"width: 75px;\" src=\"https:\/\/erasmus-ace.com\/wp-content\/uploads\/2020\/10\/international-4.png\" alt=\"\"><br>ACE LINHA 1<br><span style=\"font-size:10px\">Cria\u00e7\u00e3o de refer\u00eancias internacionais para orientar e inspirar revis\u00e3o curricular e melhoria de processos<\/span><br><br><\/a><\/div>\n\n\n\n<div class=\"wp-block-button is-style-fill caixa-tamanho\"><a class=\"wp-block-button__link has-blue-gray-color has-light-gray-background-color has-text-color has-background wp-element-button\" href=\"#line2\" style=\"border-radius:15px\"><img loading=\"lazy\" decoding=\"async\" width=\"75\" height=\"75\" class=\"wp-image-128\" style=\"width: 75px;\" src=\"https:\/\/erasmus-ace.com\/wp-content\/uploads\/2020\/10\/colab-1.png\" alt=\"\"><br>ACE <strong>LINHA<\/strong> 2<br><span style=\"font-size:10px\">Envolvendo estudantes e professores na constru\u00e7\u00e3o conjunta de um ensino superior centrado no estudante<\/span><br><br><\/a><\/div>\n\n\n\n<div class=\"wp-block-button is-style-fill caixa-tamanho\"><a class=\"wp-block-button__link has-blue-gray-color has-light-gray-background-color has-text-color has-background wp-element-button\" href=\"#line3\" style=\"border-radius:15px\"><img loading=\"lazy\" decoding=\"async\" width=\"75\" height=\"75\" class=\"wp-image-129\" style=\"width: 75px;\" src=\"https:\/\/erasmus-ace.com\/wp-content\/uploads\/2020\/10\/student-1.png\" alt=\"\"><br>ACE <strong>LINHA<\/strong> 3<br><span style=\"font-size:10px\">Desenvolvimento de curr\u00edculos modelo centrados no estudante<\/span><br><br><br><br><\/a><\/div>\n<\/div>\n\n\n\n<hr class=\"wp-block-separator has-css-opacity is-style-default afastai\"\/>\n\n\n\n<h3 class=\"wp-block-heading\"><u><strong>ACE Linha 1: Cria\u00e7\u00e3o de refer\u00eancias internacionais para orientar e inspirar a revis\u00e3o curricular e melhoria de processos<\/strong><\/u><\/h3>\n\n\n\n<p>As atividades da Linha 1 do ACE permitiram que os participantes criassem<\/p>\n\n\n<div class=\"wp-block-ub-content-toggle\" id=\"ub-content-toggle-c7855cd7-3dbd-4a4f-80ae-6805fe20337f\" data-mobilecollapse=\"false\" data-desktopcollapse=\"true\">\n<div class=\"wp-block-ub-content-toggle-accordion\" id=\"ub-content-toggle-panel-block-3133f55b-8d51-4389-b88d-0da135d9f6a4\">\n                <div class=\"wp-block-ub-content-toggle-accordion-title-wrap\"\" aria-controls=\"ub-content-toggle-panel-0-c7855cd7-3dbd-4a4f-80ae-6805fe20337f\" tabindex=\"0\">\n                    <p class=\"wp-block-ub-content-toggle-accordion-title ub-content-toggle-title-c7855cd7-3dbd-4a4f-80ae-6805fe20337f\"><strong>1. Marcos de Refer\u00eancia Regionais por \u00e1rea tem\u00e1tica dos cursos<\/strong><\/p><div class=\"wp-block-ub-content-toggle-accordion-toggle-wrap right\"><span class=\"wp-block-ub-content-toggle-accordion-state-indicator wp-block-ub-chevron-down\"><\/span>\n                    <\/div><\/div><div role=\"region\" aria-expanded=\"false\" class=\"wp-block-ub-content-toggle-accordion-content-wrap ub-hide\" id=\"ub-content-toggle-panel-0-c7855cd7-3dbd-4a4f-80ae-6805fe20337f\">\n\n<p>Eles est\u00e3o organizados em torno das dimens\u00f5es-chave do perfil de egresso para qualquer Programa de Ensino Superior da \u00c1rea Tem\u00e1tica na Am\u00e9rica do Sul. Essas dimens\u00f5es se referem ao que cada curso deve conter para que seus egressos sejam reconhecidos como especialistas em sua \u00e1rea em toda a regi\u00e3o. Assim, estes Marcos de Refer\u00eancia internacionais foram constru\u00eddos com base em Metal Perfis acordados para a \u00e1rea tem\u00e1tica, baseados nas compet\u00eancias do egresso na \u00e1rea tem\u00e1tica.<\/p>\n\n\n\n<p>As principais dimens\u00f5es s\u00e3o descritas mais detalhadamente em termos de resultados de aprendizagem para conhecimentos, aptid\u00f5es e compet\u00eancias mais amplas, para melhor orientar e inspirar os criadores de programas que procuram refer\u00eancias internacionalmente reconhecidas para garantir a relev\u00e2ncia do perfil do egresso.<\/p>\n\n\n\n<p>No total, foram desenvolvidos 4 quadros disciplinares regionais de refer\u00eancia para graus:<\/p>\n\n\n\n<ul>\n<li>um para programas de meio ambiente<\/li>\n\n\n\n<li>um para os programas de hist\u00f3ria<\/li>\n\n\n\n<li>um para programas de enfermagem<\/li>\n\n\n\n<li>um para programas da \u00e1rea de Educa\u00e7\u00e3o <\/li>\n<\/ul>\n\n\n\n<p>Eles podem ser <a href=\"https:\/\/erasmus-ace.com\/pt\/resultados-alcancados\/\" target=\"_blank\" rel=\"noreferrer noopener\">consultados aqui<\/a><\/p>\n\n<\/div><\/div>\n\n<div class=\"wp-block-ub-content-toggle-accordion\" id=\"ub-content-toggle-panel-block-85754899-9023-4943-9369-ab67a6f3b26c\">\n                <div class=\"wp-block-ub-content-toggle-accordion-title-wrap\"\" aria-controls=\"ub-content-toggle-panel-1-c7855cd7-3dbd-4a4f-80ae-6805fe20337f\" tabindex=\"0\">\n                    <p class=\"wp-block-ub-content-toggle-accordion-title ub-content-toggle-title-c7855cd7-3dbd-4a4f-80ae-6805fe20337f\"><strong>2. Reposit\u00f3rios de boas pr\u00e1ticas em ensino, aprendizagem e avalia\u00e7\u00e3o centrados no estudante<\/strong><\/p><div class=\"wp-block-ub-content-toggle-accordion-toggle-wrap right\"><span class=\"wp-block-ub-content-toggle-accordion-state-indicator wp-block-ub-chevron-down\"><\/span>\n                    <\/div><\/div><div role=\"region\" aria-expanded=\"false\" class=\"wp-block-ub-content-toggle-accordion-content-wrap ub-hide\" id=\"ub-content-toggle-panel-1-c7855cd7-3dbd-4a4f-80ae-6805fe20337f\">\n\n<p>Reposit\u00f3rios de boas pr\u00e1ticas em ensino, aprendizagem e avalia\u00e7\u00e3o centrados no estudante demonstram como podem ser desenvolvidos os elementos do perfil do egresso que s\u00e3o valorizados em toda a Am\u00e9rica do Sul \u2013 conforme descrito na refer\u00eancia dos Marcos (ver ponto 1 acima).<\/p>\n\n\n\n<p>Mais uma vez, cada \u00e1rea disciplinar criou o seu pr\u00f3prio reposit\u00f3rio para reunir boas pr\u00e1ticas existentes ou criar conjuntamente propostas de atividades de ensino, aprendizagem e avalia\u00e7\u00e3o que sejam vi\u00e1veis e inspiradoras, ou seja, que possam funcionar na pr\u00e1tica na maioria dos contextos institucionais das unidades ACE alinhadas com os princ\u00edpios-chave do enfoque centrada no estudante.<\/p>\n\n\n\n<p><a href=\"https:\/\/erasmus-ace.com\/pt\/resultados-alcancados\/\" data-type=\"page\" data-id=\"646\">Aqui voc\u00ea pode ler mais sobre os Reposit\u00f3rios criados e acess\u00e1-los<\/a><\/p>\n\n<\/div><\/div>\n<\/div>\n\n\n<hr class=\"wp-block-separator has-css-opacity is-style-default afastai\"\/>\n\n\n\n<h3 class=\"wp-block-heading\" id=\"line2\"><u>ACE Linha 2: Envolvendo estudantes e professores na constru\u00e7\u00e3o conjunta de um ensino superior centrado no estudante<\/u><\/h3>\n\n\n\n<p>As atividades da Linha 2 do ACE permitiram que os participantes se tornassem l\u00edderes na implementa\u00e7\u00e3o do Enfoque Centrado no Estudante em suas institui\u00e7\u00f5es. Os membros das Unidades ACE criaram recursos (v\u00eddeos, imagens, etc.) e organizaram sess\u00f5es para professores e estudantes nas suas pr\u00f3prias institui\u00e7\u00f5es de ensino superior, a fim de envolv\u00ea-los e unir for\u00e7as para gerar conjuntamente condi\u00e7\u00f5es para a ado\u00e7\u00e3o do enfoque centrado no estudante. Uma sele\u00e7\u00e3o desses recursos pode ser <a href=\"https:\/\/erasmus-ace.com\/pt\/resultados-alcancados\/\" target=\"_blank\" rel=\"noreferrer noopener\">consultada aqui<\/a>.<\/p>\n\n\n\n<p>Os seis temas gerais abordados s\u00e3o os seguintes:<\/p>\n\n\n\n<p><\/p>\n\n\n\n<p class=\"entreLinhaG\"><img loading=\"lazy\" decoding=\"async\" width=\"41\" height=\"41\" class=\"wp-image-171\" style=\"width: 41px;\" src=\"https:\/\/erasmus-ace.com\/wp-content\/uploads\/2020\/10\/seta.png\" alt=\"\"> \u00a01-O que \u00e9 o enfoque centrado no estudante?<br><img loading=\"lazy\" decoding=\"async\" width=\"41\" height=\"41\" class=\"wp-image-171\" style=\"width: 41px;\" src=\"https:\/\/erasmus-ace.com\/wp-content\/uploads\/2020\/10\/seta.png\" alt=\"\"> \u00a02-Como registrar os resultados de aprendizagem de programas ?<br><img loading=\"lazy\" decoding=\"async\" width=\"41\" height=\"41\" class=\"wp-image-171\" style=\"width: 41px;\" src=\"https:\/\/erasmus-ace.com\/wp-content\/uploads\/2020\/10\/seta.png\" alt=\"\"> \u00a03-A aplica\u00e7\u00e3o de cr\u00e9ditos nos programas\/t\u00edtulos<br><img loading=\"lazy\" decoding=\"async\" width=\"41\" height=\"41\" class=\"wp-image-171\" style=\"width: 41px;\" src=\"https:\/\/erasmus-ace.com\/wp-content\/uploads\/2020\/10\/seta.png\" alt=\"\"> <strong>\u00a0<\/strong>4-Registrar resultados de aprendizagem de unidades\/cursos<strong><br><\/strong><img loading=\"lazy\" decoding=\"async\" width=\"41\" height=\"41\" class=\"wp-image-171\" style=\"width: 41px;\" src=\"https:\/\/erasmus-ace.com\/wp-content\/uploads\/2020\/10\/seta.png\" alt=\"\"> 5-Aplicar o enfoque centrado no estudante no ensino e na aprendizagem<br><img loading=\"lazy\" decoding=\"async\" width=\"41\" height=\"41\" class=\"wp-image-171\" style=\"width: 41px;\" src=\"https:\/\/erasmus-ace.com\/wp-content\/uploads\/2020\/10\/seta.png\" alt=\"\"> 6-Aplicando o enfoque centrado no estudante na avalia\u00e7\u00e3o<\/p>\n\n\n\n<hr class=\"wp-block-separator has-css-opacity is-style-default afastai\"\/>\n\n\n\n<h3 class=\"wp-block-heading\" id=\"line3\"><u><strong>ACE Linha 3: Desenvolvimento de curr\u00edculos modelo centrados no estudante<\/strong><\/u><\/h3>\n\n\n\n<p>As atividades da Linha 3 do ACE permitiram que os participantes do ACE aplicassem os aprendizados das Linhas 1 e 2 para melhorar seus programas existentes, para alinhar os programas com as estruturas internacionais acordadas na Linha 1 e para garantir que os programas incorporassem caracter\u00edsticas do enfoque centrado no estudante tanto em seu design e implementa\u00e7\u00e3o. Os curr\u00edculos modelos criados durante o projeto podem ser <a href=\"https:\/\/erasmus-ace.com\/pt\/resultados-alcancados\/\">consultados aqui<\/a>.<\/p>\n","protected":false},"excerpt":{"rendered":"<p>O trabalho no \u00e2mbito do projeto ACE foi organizado em torno de 3 linhas de trabalho, interligadas entre si: ACE Linha 1: Cria\u00e7\u00e3o de refer\u00eancias internacionais para orientar e inspirar a revis\u00e3o curricular e melhoria de processos As atividades da Linha 1 do ACE permitiram que os participantes criassem ACE Linha 2: Envolvendo estudantes e &hellip; <a href=\"https:\/\/erasmus-ace.com\/pt\/3linesofwork\/\" class=\"more-link\">Continue reading<span class=\"screen-reader-text\"> &#8220;3 linhas de trabalho&#8221;<\/span><\/a><\/p>\n","protected":false},"author":1,"featured_media":0,"parent":0,"menu_order":0,"comment_status":"closed","ping_status":"closed","template":"","meta":{"ub_ctt_via":"","footnotes":""},"featured_image_src":null,"_links":{"self":[{"href":"https:\/\/erasmus-ace.com\/pt\/wp-json\/wp\/v2\/pages\/18"}],"collection":[{"href":"https:\/\/erasmus-ace.com\/pt\/wp-json\/wp\/v2\/pages"}],"about":[{"href":"https:\/\/erasmus-ace.com\/pt\/wp-json\/wp\/v2\/types\/page"}],"author":[{"embeddable":true,"href":"https:\/\/erasmus-ace.com\/pt\/wp-json\/wp\/v2\/users\/1"}],"replies":[{"embeddable":true,"href":"https:\/\/erasmus-ace.com\/pt\/wp-json\/wp\/v2\/comments?post=18"}],"version-history":[{"count":79,"href":"https:\/\/erasmus-ace.com\/pt\/wp-json\/wp\/v2\/pages\/18\/revisions"}],"predecessor-version":[{"id":706,"href":"https:\/\/erasmus-ace.com\/pt\/wp-json\/wp\/v2\/pages\/18\/revisions\/706"}],"wp:attachment":[{"href":"https:\/\/erasmus-ace.com\/pt\/wp-json\/wp\/v2\/media?parent=18"}],"curies":[{"name":"wp","href":"https:\/\/api.w.org\/{rel}","templated":true}]}}