{"id":14,"date":"2020-06-03T10:00:49","date_gmt":"2020-06-03T13:00:49","guid":{"rendered":"https:\/\/erasmus-ace.com\/?page_id=14"},"modified":"2024-03-29T15:21:23","modified_gmt":"2024-03-29T18:21:23","slug":"description","status":"publish","type":"page","link":"https:\/\/erasmus-ace.com\/pt\/description\/","title":{"rendered":"PROJETO ACE"},"content":{"rendered":"\n<h4 class=\"wp-block-heading\">PROP\u00d3SITOS DO PROJETO ACE<\/h4>\n\n\n\n<p>Este projeto surge com o objetivo de promover uma reforma curricular baseada no enfoque centrado no estudante em 6 pa\u00edses da Am\u00e9rica do Sul, com impacto em outros, abrangendo 4 \u00e1reas tem\u00e1ticas que representam 4 setores e envolvendo diretamente 20 programas de estudo.<\/p>\n\n\n\n<h4 class=\"wp-block-heading\"><strong>POR QUE SURGIU ESTA PROPOSTA?<\/strong><\/h4>\n\n\n\n<p>O projeto ACE surgiu em resposta a uma discuss\u00e3o global que vem acontecendo entre os interessados no ensino superior para pensar numa educa\u00e7\u00e3o superior que fa\u00e7a mais justi\u00e7a \u00e0s necessidades do estudante e da sociedade. A relev\u00e2ncia dos programas de educa\u00e7\u00e3o superior \u00e9 provavelmente a quest\u00e3o mais premente no ensino superior hoje em dia em todo o mundo; e isso n\u00e3o \u00e9 diferente nos 6 pa\u00edses sul-americanos envolvidos no projeto: Argentina, Bol\u00edvia, Brasil, Col\u00f4mbia, Paraguai e Peru.<\/p>\n\n\n\n<p>Al\u00e9m disso, os atuais modelos educacionais ainda dependem fortemente de uma educa\u00e7\u00e3o orientada por especialistas, centrada na aquisi\u00e7\u00e3o de conhecimentos e no desenvolvimento limitado de compet\u00eancias que n\u00e3o s\u00e3o adequadas \u00e0 finalidade e \u00e0 sustentabilidade num contexto de aprendizagem ao longo da vida.<\/p>\n\n\n\n<p>\u00c9 necess\u00e1rio dar aos estudantes um papel ativo no processo e, juntamente com eles, alcan\u00e7ar progressos no processo de implementa\u00e7\u00e3o do Enfoque Centrado no Estudante nos Programas de Ensino Superior.<\/p>\n\n\n\n<p><\/p>\n\n\n\n<h4 class=\"wp-block-heading\"><strong>COMO O PROJETO FOI ESTRUTURADO?<\/strong><\/h4>\n\n\n\n<p>Para atingir o objetivo pretendido, os participantes do projeto ACE trabalharam na cria\u00e7\u00e3o das condi\u00e7\u00f5es e instrumentos necess\u00e1rios para a implementa\u00e7\u00e3o eficaz do enfoque centrado no estudante.<\/p>\n\n\n\n<p>As universidades participantes do ACE conseguiram mostrar:<\/p>\n\n\n\n<ol>\n<li>como podem ser os programas centrados no estudante em 4 \u00e1reas tem\u00e1ticas diferentes: meio ambiente, hist\u00f3ria, enfermagem e educa\u00e7\u00e3o<\/li>\n\n\n\n<li>como as institui\u00e7\u00f5es podem alavancar os seus pr\u00f3prios recursos e, ao reunir os esfor\u00e7os de estudantes e professores, garantir que tanto a cria\u00e7\u00e3o como a execu\u00e7\u00e3o do curr\u00edculo estejam alinhados ao enfoque centrado no estudante<\/li>\n<\/ol>\n\n\n\n\n\n<p>O projeto utilizou uma abordagem ascendente, mas ao mesmo tempo pretendeu informar e influenciar um n\u00edvel mais elevado de gest\u00e3o e de tomada de decis\u00f5es pol\u00edticas. Por isso envolveu tamb\u00e9m tr\u00eas membros estrat\u00e9gicos da Am\u00e9rica do Sul: Minist\u00e9rio da Educa\u00e7\u00e3o da Argentina, FAUBAI do Brasil e ASCUN da Col\u00f4mbia.<\/p>\n\n\n\n<p><\/p>\n\n\n\n<p>O Projeto ACE foi \u00fanico em v\u00e1rios aspectos, sobretudo porque contou com a participa\u00e7\u00e3o ativa dos estudantes em todas as suas atividades, promovendo a constru\u00e7\u00e3o de equipes institucionais compostas por professores e estudantes, que trabalharam em conjunto para promover a ado\u00e7\u00e3o com sucesso do Enfoque Centrado no Estudante.<\/p>\n\n\n\n<p><\/p>\n","protected":false},"excerpt":{"rendered":"<p>PROP\u00d3SITOS DO PROJETO ACE Este projeto surge com o objetivo de promover uma reforma curricular baseada no enfoque centrado no estudante em 6 pa\u00edses da Am\u00e9rica do Sul, com impacto em outros, abrangendo 4 \u00e1reas tem\u00e1ticas que representam 4 setores e envolvendo diretamente 20 programas de estudo. POR QUE SURGIU ESTA PROPOSTA? O projeto ACE &hellip; <a href=\"https:\/\/erasmus-ace.com\/pt\/description\/\" class=\"more-link\">Continue reading<span class=\"screen-reader-text\"> &#8220;PROJETO ACE&#8221;<\/span><\/a><\/p>\n","protected":false},"author":1,"featured_media":0,"parent":0,"menu_order":0,"comment_status":"closed","ping_status":"closed","template":"","meta":{"ub_ctt_via":"","footnotes":""},"featured_image_src":null,"_links":{"self":[{"href":"https:\/\/erasmus-ace.com\/pt\/wp-json\/wp\/v2\/pages\/14"}],"collection":[{"href":"https:\/\/erasmus-ace.com\/pt\/wp-json\/wp\/v2\/pages"}],"about":[{"href":"https:\/\/erasmus-ace.com\/pt\/wp-json\/wp\/v2\/types\/page"}],"author":[{"embeddable":true,"href":"https:\/\/erasmus-ace.com\/pt\/wp-json\/wp\/v2\/users\/1"}],"replies":[{"embeddable":true,"href":"https:\/\/erasmus-ace.com\/pt\/wp-json\/wp\/v2\/comments?post=14"}],"version-history":[{"count":16,"href":"https:\/\/erasmus-ace.com\/pt\/wp-json\/wp\/v2\/pages\/14\/revisions"}],"predecessor-version":[{"id":715,"href":"https:\/\/erasmus-ace.com\/pt\/wp-json\/wp\/v2\/pages\/14\/revisions\/715"}],"wp:attachment":[{"href":"https:\/\/erasmus-ace.com\/pt\/wp-json\/wp\/v2\/media?parent=14"}],"curies":[{"name":"wp","href":"https:\/\/api.w.org\/{rel}","templated":true}]}}