{"id":378,"date":"2023-10-10T21:03:51","date_gmt":"2023-10-11T00:03:51","guid":{"rendered":"https:\/\/erasmus-ace.com\/medioambiente\/?page_id=378"},"modified":"2024-01-04T20:30:25","modified_gmt":"2024-01-04T23:30:25","slug":"dimension7","status":"publish","type":"page","link":"https:\/\/erasmus-ace.com\/medioambiente\/dimension7\/","title":{"rendered":"Dimensi\u00f3n 7"},"content":{"rendered":"\n<div class=\"wp-block-columns afastar is-layout-flex wp-container-core-columns-is-layout-9d6595d7 wp-block-columns-is-layout-flex\">\n<div class=\"wp-block-column is-layout-flow wp-block-column-is-layout-flow\">\n<figure class=\"wp-block-image size-full\"><a href=\"https:\/\/erasmus-ace.com\/medioambiente\/repositorio\/\"><img loading=\"lazy\" decoding=\"async\" width=\"320\" height=\"520\" src=\"https:\/\/erasmus-ace.com\/medioambiente\/wp-content\/uploads\/2023\/09\/01.png\" alt=\"\" class=\"wp-image-212\" srcset=\"https:\/\/erasmus-ace.com\/medioambiente\/wp-content\/uploads\/2023\/09\/01.png 320w, https:\/\/erasmus-ace.com\/medioambiente\/wp-content\/uploads\/2023\/09\/01-185x300.png 185w\" sizes=\"auto, (max-width: 320px) 100vw, 320px\" \/><\/a><\/figure>\n<\/div>\n\n\n\n<div class=\"wp-block-column is-layout-flow wp-block-column-is-layout-flow\">\n<figure class=\"wp-block-image size-full\"><a href=\"https:\/\/erasmus-ace.com\/medioambiente\/dimension2\/\"><img loading=\"lazy\" decoding=\"async\" width=\"320\" height=\"520\" src=\"https:\/\/erasmus-ace.com\/medioambiente\/wp-content\/uploads\/2023\/09\/02.png\" alt=\"\" class=\"wp-image-213\" srcset=\"https:\/\/erasmus-ace.com\/medioambiente\/wp-content\/uploads\/2023\/09\/02.png 320w, https:\/\/erasmus-ace.com\/medioambiente\/wp-content\/uploads\/2023\/09\/02-185x300.png 185w\" sizes=\"auto, (max-width: 320px) 100vw, 320px\" \/><\/a><\/figure>\n<\/div>\n\n\n\n<div class=\"wp-block-column is-layout-flow wp-block-column-is-layout-flow\">\n<figure class=\"wp-block-image size-full\"><a href=\"https:\/\/erasmus-ace.com\/medioambiente\/dimension3\/\"><img loading=\"lazy\" decoding=\"async\" width=\"320\" height=\"520\" src=\"https:\/\/erasmus-ace.com\/medioambiente\/wp-content\/uploads\/2023\/09\/03.png\" alt=\"\" class=\"wp-image-214\" srcset=\"https:\/\/erasmus-ace.com\/medioambiente\/wp-content\/uploads\/2023\/09\/03.png 320w, https:\/\/erasmus-ace.com\/medioambiente\/wp-content\/uploads\/2023\/09\/03-185x300.png 185w\" sizes=\"auto, (max-width: 320px) 100vw, 320px\" \/><\/a><\/figure>\n<\/div>\n\n\n\n<div class=\"wp-block-column is-layout-flow wp-block-column-is-layout-flow\">\n<figure class=\"wp-block-image size-full\"><a href=\"https:\/\/erasmus-ace.com\/medioambiente\/dimension4\/\"><img loading=\"lazy\" decoding=\"async\" width=\"320\" height=\"520\" src=\"https:\/\/erasmus-ace.com\/medioambiente\/wp-content\/uploads\/2023\/09\/04.png\" alt=\"\" class=\"wp-image-215\" srcset=\"https:\/\/erasmus-ace.com\/medioambiente\/wp-content\/uploads\/2023\/09\/04.png 320w, https:\/\/erasmus-ace.com\/medioambiente\/wp-content\/uploads\/2023\/09\/04-185x300.png 185w\" sizes=\"auto, (max-width: 320px) 100vw, 320px\" \/><\/a><\/figure>\n<\/div>\n\n\n\n<div class=\"wp-block-column is-layout-flow wp-block-column-is-layout-flow\">\n<figure class=\"wp-block-image size-full\"><a href=\"https:\/\/erasmus-ace.com\/medioambiente\/dimension5\/\"><img loading=\"lazy\" decoding=\"async\" width=\"322\" height=\"520\" src=\"https:\/\/erasmus-ace.com\/medioambiente\/wp-content\/uploads\/2023\/09\/05.png\" alt=\"\" class=\"wp-image-216\" srcset=\"https:\/\/erasmus-ace.com\/medioambiente\/wp-content\/uploads\/2023\/09\/05.png 322w, https:\/\/erasmus-ace.com\/medioambiente\/wp-content\/uploads\/2023\/09\/05-186x300.png 186w\" sizes=\"auto, (max-width: 322px) 100vw, 322px\" \/><\/a><\/figure>\n<\/div>\n\n\n\n<div class=\"wp-block-column is-layout-flow wp-block-column-is-layout-flow\">\n<figure class=\"wp-block-image size-full\"><a href=\"https:\/\/erasmus-ace.com\/medioambiente\/dimension6\/\"><img loading=\"lazy\" decoding=\"async\" width=\"320\" height=\"520\" src=\"https:\/\/erasmus-ace.com\/medioambiente\/wp-content\/uploads\/2023\/09\/06.png\" alt=\"\" class=\"wp-image-217\" srcset=\"https:\/\/erasmus-ace.com\/medioambiente\/wp-content\/uploads\/2023\/09\/06.png 320w, https:\/\/erasmus-ace.com\/medioambiente\/wp-content\/uploads\/2023\/09\/06-185x300.png 185w\" sizes=\"auto, (max-width: 320px) 100vw, 320px\" \/><\/a><\/figure>\n<\/div>\n\n\n\n<div class=\"wp-block-column is-layout-flow wp-block-column-is-layout-flow\">\n<figure class=\"wp-block-image size-full jump\"><a href=\"https:\/\/erasmus-ace.com\/medioambiente\/dimension7\/\"><img loading=\"lazy\" decoding=\"async\" width=\"320\" height=\"520\" src=\"https:\/\/erasmus-ace.com\/medioambiente\/wp-content\/uploads\/2023\/09\/07.png\" alt=\"\" class=\"wp-image-218\" srcset=\"https:\/\/erasmus-ace.com\/medioambiente\/wp-content\/uploads\/2023\/09\/07.png 320w, https:\/\/erasmus-ace.com\/medioambiente\/wp-content\/uploads\/2023\/09\/07-185x300.png 185w\" sizes=\"auto, (max-width: 320px) 100vw, 320px\" \/><\/a><\/figure>\n<\/div>\n<\/div>\n\n\n\n<h3 class=\"wp-block-heading has-text-align-center has-black-color has-text-color has-background\" style=\"background-color:#ffcadf\"><strong><strong>FORMACI\u00d3N SOCIO-AMBIENTAL<\/strong><\/strong><\/h3>\n\n\n\n<div class=\"wp-block-columns bloco7B bloco is-layout-flex wp-container-core-columns-is-layout-9d6595d7 wp-block-columns-is-layout-flex\">\n<div class=\"wp-block-column is-layout-flow wp-block-column-is-layout-flow\">\n<h4 class=\"wp-block-heading has-text-align-center has-white-color has-text-color\">Conocimientos<\/h4>\n\n\n\n<p class=\"has-black-color has-text-color has-small-font-size\">* Demuestra capacidad cr\u00edtica y anal\u00edtica sobre su autoconocimiento, potenciando su inteligencia emocional, que le permita afrontar con decisiones acertadas la soluci\u00f3n de problemas ambientales con \u00e9tica y responsabilidad social.<\/p>\n\n\n\n<p class=\"has-black-color has-text-color has-small-font-size\">* Asesora en la elaboraci\u00f3n de dise\u00f1o de pol\u00edticas p\u00fablicas y la normativa para su aplicaci\u00f3n.<\/p>\n\n\n\n<p class=\"has-black-color has-text-color has-small-font-size\">* Comprende el an\u00e1lisis multicausal y de consecuencias multiples.de problemas socio-urbano ambientales as\u00ed como los valores humanos, \u00e9tica y deontolog\u00eda.<\/p>\n\n\n\n<p class=\"has-black-color has-text-color has-small-font-size\">* An\u00e1liza los entornos locales, sus problem\u00e1ticas y actores sociales.<\/p>\n<\/div>\n\n\n\n<div class=\"wp-block-column is-layout-flow wp-block-column-is-layout-flow\">\n<h4 class=\"wp-block-heading has-text-align-center has-white-color has-text-color\">Habilidades<\/h4>\n\n\n\n<p class=\"has-black-color has-text-color has-small-font-size\">* Articula los conocimientos deontol\u00f3gicos y la subjetividad humana en la comprensi\u00f3n de contextos globales, problem\u00e1ticas ambientales, logrando tomar decisiones que contribuyan al armonioso y equilibrado desarrollo humano socio-econ\u00f3mico, cultural y pol\u00edtico.<\/p>\n\n\n\n<p class=\"has-black-color has-text-color has-small-font-size\">* Se forma como profesional actiualizando sus aprendizajes continuamente y aplicando todos sus conocimientos en el mejoramiento de la calidad de vida del planeta.<\/p>\n<\/div>\n\n\n\n<div class=\"wp-block-column is-layout-flow wp-block-column-is-layout-flow\">\n<h4 class=\"wp-block-heading has-text-align-center has-white-color has-text-color\">Responsabilidades<\/h4>\n\n\n\n<p class=\"has-black-color has-text-color has-small-font-size\">* Aplica valores \u00e9ticos que refuerzan la responsabilidad social contribuyendo con proyectos de conservaci\u00f3n, restauraci\u00f3n, aprovechamiento y respeto a los ecosistemas, actuando coherentemente a trav\u00e9s de los principios de la sostenibilidad para lograr el bienestar com\u00fan de las personas, la econom\u00eda y el medioambiente.<\/p>\n\n\n\n<p class=\"has-black-color has-text-color has-small-font-size\">* Es emp\u00e1tico, solidario y comprometido con la soluci\u00f3n de problemas ambientales favoreciendo el desarrollo humano productivo con conciencia ambiental y social.<\/p>\n\n\n\n<p class=\"has-black-color has-text-color has-small-font-size\">* Participa en procesos judiciales en funci\u00f3n de la protecci\u00f3n ambiental, generando conciencia colectiva, protecci\u00f3n de los recursos naturales y garantizando la humanizaci\u00f3n del conocimiento.<\/p>\n<\/div>\n<\/div>\n\n\n\n<h3 class=\"wp-block-heading has-black-color has-text-color has-background\" style=\"background-color:#ffcadf\">Subdimensiones<\/h3>\n\n\n<div class=\"wp-block-ub-content-toggle\" id=\"ub-content-toggle-3df722b6-a60a-4db6-8042-e915b7a4eb07\" data-mobilecollapse=\"true\" data-desktopcollapse=\"true\">\n<div class=\"wp-block-ub-content-toggle-accordion\" style=\"border-color: #ff8bc0;\">\n                <div class=\"wp-block-ub-content-toggle-accordion-title-wrap\" style=\"background-color: #ff8bc0;\" aria-expanded=\"false\" aria-controls=\"ub-content-toggle-panel-0-\" tabindex=\"0\">\n                    <h4 class=\"wp-block-ub-content-toggle-accordion-title ub-content-toggle-title-\" style=\"color:#000000;\">7.1 \u00c9tica Ambiental<\/h4><div class=\"wp-block-ub-content-toggle-accordion-toggle-wrap right\"><span class=\"wp-block-ub-content-toggle-accordion-state-indicator wp-block-ub-chevron-down\"><\/span>\n                    <\/div><\/div><div role=\"region\" class=\"wp-block-ub-content-toggle-accordion-content-wrap ub-hide\" id=\"ub-content-toggle-panel-0-\">\n\n<div class=\"wp-block-columns bloco7 bloco is-layout-flex wp-container-core-columns-is-layout-9d6595d7 wp-block-columns-is-layout-flex\">\n<div class=\"wp-block-column is-layout-flow wp-block-column-is-layout-flow\">\n<h4 class=\"wp-block-heading has-text-align-center has-white-color has-text-color\">Conocimientos<\/h4>\n\n\n\n<p class=\"has-black-color has-text-color has-small-font-size\">* Reconoce los principios y valores para la promoci\u00f3n de un desarrollo sustentable ecol\u00f3gico, equilibrado y socialmente justo y seguro con el medio ambiente y hacia las personas.<\/p>\n<\/div>\n\n\n\n<div class=\"wp-block-column is-layout-flow wp-block-column-is-layout-flow\">\n<h4 class=\"wp-block-heading has-text-align-center has-white-color has-text-color\">Habilidades<\/h4>\n\n\n\n<p class=\"has-black-color has-text-color has-small-font-size\">* Propone estrategias enmarcadas en el bienestar com\u00fan entre la sociedad y la naturaleza, mediante acciones como la protecci\u00f3n, conservaci\u00f3n y preservaci\u00f3n del medio ambiente.<\/p>\n<\/div>\n\n\n\n<div class=\"wp-block-column is-layout-flow wp-block-column-is-layout-flow\">\n<h4 class=\"wp-block-heading has-text-align-center has-white-color has-text-color\">Responsabilidades<\/h4>\n\n\n\n<p class=\"has-black-color has-text-color has-small-font-size\">* Capacidad y compromiso para regular las actividades, cuidando que las acciones generadas no atenten contra el equilibrio y el desarrollo del ambiente.<\/p>\n<\/div>\n<\/div>\n\n<\/div><\/div>\n\n<div class=\"wp-block-ub-content-toggle-accordion\" style=\"border-color: #ff8bc0;\">\n                <div class=\"wp-block-ub-content-toggle-accordion-title-wrap\" style=\"background-color: #ff8bc0;\" aria-expanded=\"false\" aria-controls=\"ub-content-toggle-panel-1-\" tabindex=\"0\">\n                    <h4 class=\"wp-block-ub-content-toggle-accordion-title ub-content-toggle-title-\" style=\"color:#000000;\">7.2 Responsabilidad Social<\/h4><div class=\"wp-block-ub-content-toggle-accordion-toggle-wrap right\"><span class=\"wp-block-ub-content-toggle-accordion-state-indicator wp-block-ub-chevron-down\"><\/span>\n                    <\/div><\/div><div role=\"region\" class=\"wp-block-ub-content-toggle-accordion-content-wrap ub-hide\" id=\"ub-content-toggle-panel-1-\">\n\n<div class=\"wp-block-columns bloco7 bloco is-layout-flex wp-container-core-columns-is-layout-9d6595d7 wp-block-columns-is-layout-flex\">\n<div class=\"wp-block-column is-layout-flow wp-block-column-is-layout-flow\">\n<h4 class=\"wp-block-heading has-text-align-center has-white-color has-text-color\">Conocimientos<\/h4>\n\n\n\n<p class=\"has-black-color has-text-color has-small-font-size\">* Demuestra conocimientos de sostenibilidad, educaci\u00f3n ambiental, liderazgo social, \u00e9tica empresarial, gesti\u00f3n de proyectos y dise\u00f1o organizacional para el desarrollo y bienestar social y empresarial.<\/p>\n<\/div>\n\n\n\n<div class=\"wp-block-column is-layout-flow wp-block-column-is-layout-flow\">\n<h4 class=\"wp-block-heading has-text-align-center has-white-color has-text-color\">Habilidades<\/h4>\n\n\n\n<p class=\"has-black-color has-text-color has-small-font-size\">* Contribuye a la sostenibilidad y bienestar social de las comunidades priorizando, respondiendo y tomando decisiones ante las necesidades del entorno social.<\/p>\n<\/div>\n\n\n\n<div class=\"wp-block-column is-layout-flow wp-block-column-is-layout-flow\">\n<h4 class=\"wp-block-heading has-text-align-center has-white-color has-text-color\">Responsabilidades<\/h4>\n\n\n\n<p class=\"has-black-color has-text-color has-small-font-size\">* Demuestra compromiso en la promoci\u00f3n de esquemas de liderazgo participativo, fomento del desarrollo humano y profesional, el respeto, preservaci\u00f3n y regeneraci\u00f3n del entorno ecol\u00f3gico en cada uno de los procesos mediante un enfoque \u00edntegro entre el desarrollo social y empresarial.<\/p>\n<\/div>\n<\/div>\n\n\n\n<div class=\"wp-block-group has-background\" style=\"background-color:#ffcadf\"><div class=\"wp-block-group__inner-container is-layout-constrained wp-block-group-is-layout-constrained\">\n<div style=\"height:23px\" aria-hidden=\"true\" class=\"wp-block-spacer\"><\/div>\n\n\n\n<h6 class=\"wp-block-heading has-text-align-center has-black-color has-text-color\">Archivos para descargar<br><\/h6>\n\n\n\n<div class=\"wp-block-buttons is-content-justification-center is-layout-flex wp-container-core-buttons-is-layout-16018d1d wp-block-buttons-is-layout-flex\">\n<div class=\"wp-block-button has-custom-width wp-block-button__width-25\"><a class=\"wp-block-button__link has-background wp-element-button\" href=\"https:\/\/erasmus-ace.com\/medioambiente\/wp-content\/uploads\/2023\/10\/Dimension-7-Subdimension-7.2-Actividad-2.pdf\" style=\"background-color:#ff8bc0\" target=\"_blank\" rel=\"noreferrer noopener\">Actividad 1<\/a><\/div>\n<\/div>\n\n\n\n<div style=\"height:36px\" aria-hidden=\"true\" class=\"wp-block-spacer\"><\/div>\n<\/div><\/div>\n\n<\/div><\/div>\n\n<div class=\"wp-block-ub-content-toggle-accordion\" style=\"border-color: #ff8bc0;\">\n                <div class=\"wp-block-ub-content-toggle-accordion-title-wrap\" style=\"background-color: #ff8bc0;\" aria-expanded=\"false\" aria-controls=\"ub-content-toggle-panel-2-\" tabindex=\"0\">\n                    <h4 class=\"wp-block-ub-content-toggle-accordion-title ub-content-toggle-title-\" style=\"color:#000000;\">7.3 Liderazgo y Toma de decisiones en el \u00e1rea socioambiental<\/h4><div class=\"wp-block-ub-content-toggle-accordion-toggle-wrap right\"><span class=\"wp-block-ub-content-toggle-accordion-state-indicator wp-block-ub-chevron-down\"><\/span>\n                    <\/div><\/div><div role=\"region\" class=\"wp-block-ub-content-toggle-accordion-content-wrap ub-hide\" id=\"ub-content-toggle-panel-2-\">\n\n<div class=\"wp-block-columns bloco7B bloco is-layout-flex wp-container-core-columns-is-layout-9d6595d7 wp-block-columns-is-layout-flex\">\n<div class=\"wp-block-column is-layout-flow wp-block-column-is-layout-flow\">\n<h4 class=\"wp-block-heading has-text-align-center has-white-color has-text-color\">Conocimientos<\/h4>\n\n\n\n<p class=\"has-black-color has-text-color has-small-font-size\">* Demuestra autoconocimiento sobre su persona con altos niveles de confianza, con visi\u00f3n de futuro para ser capaz de predecir los cambios y adaptarse a ellos, respetando la opini\u00f3n de los dem\u00e1s.<\/p>\n\n\n\n<p class=\"has-black-color has-text-color has-small-font-size\">* Adquiere conocimientos de herramientas para identificaci\u00f3n, definici\u00f3n y soluci\u00f3n a los problemas a trav\u00e9s de toma de decisiones acertadas acorde al contexto ambiental.<\/p>\n<\/div>\n\n\n\n<div class=\"wp-block-column is-layout-flow wp-block-column-is-layout-flow\">\n<h4 class=\"wp-block-heading has-text-align-center has-white-color has-text-color\">Habilidades<\/h4>\n\n\n\n<p class=\"has-black-color has-text-color has-small-font-size\">* Lidera grupos humanos en actividades que beneficien la sostenibilidad y la mejora de los procesos y actividades que se lleven en su campo de trabajo, respetando el medioambiente.<br><br>*Analiza diferentes alternativas y estrategias para soluci\u00f3n y manejo de conflictos.<\/p>\n<\/div>\n\n\n\n<div class=\"wp-block-column is-layout-flow wp-block-column-is-layout-flow\">\n<h4 class=\"wp-block-heading has-text-align-center has-white-color has-text-color\">Responsabilidades<\/h4>\n\n\n\n<p class=\"has-black-color has-text-color has-small-font-size\">* Vela por los intereses del grupo, de su equipo de trabajo de modo que se puedan cumplir los objetivos de las decisiones tomadas, llevando un control de los conflictos y asumiendo las consecuencias para sobrellevar las situaciones presentadas con responsabilidad.<\/p>\n<\/div>\n<\/div>\n\n<\/div><\/div>\n\n<div class=\"wp-block-ub-content-toggle-accordion\" style=\"border-color: #ff8bc0;\">\n                <div class=\"wp-block-ub-content-toggle-accordion-title-wrap\" style=\"background-color: #ff8bc0;\" aria-expanded=\"false\" aria-controls=\"ub-content-toggle-panel-3-\" tabindex=\"0\">\n                    <h4 class=\"wp-block-ub-content-toggle-accordion-title ub-content-toggle-title-\" style=\"color:#000000;\">7.4 Pol\u00edticas P\u00fablicas Socioambientales<\/h4><div class=\"wp-block-ub-content-toggle-accordion-toggle-wrap right\"><span class=\"wp-block-ub-content-toggle-accordion-state-indicator wp-block-ub-chevron-down\"><\/span>\n                    <\/div><\/div><div role=\"region\" class=\"wp-block-ub-content-toggle-accordion-content-wrap ub-hide\" id=\"ub-content-toggle-panel-3-\">\n\n<div class=\"wp-block-columns bloco7B bloco is-layout-flex wp-container-core-columns-is-layout-9d6595d7 wp-block-columns-is-layout-flex\">\n<div class=\"wp-block-column is-layout-flow wp-block-column-is-layout-flow\">\n<h4 class=\"wp-block-heading has-text-align-center has-white-color has-text-color\">Conocimientos<\/h4>\n\n\n\n<p class=\"has-black-color has-text-color has-small-font-size\">* Identifica los conceptos, la importancia y evoluci\u00f3n hist\u00f3rica de las pol\u00edticas p\u00fablicas asociadas al \u00e1rea ambiental.<\/p>\n\n\n\n<p class=\"has-black-color has-text-color has-small-font-size\">* Es consciente de la dimensi\u00f3n organizativa de las pol\u00edticas p\u00fablicas: redes y actores, as\u00ed como procesos de evaluaci\u00f3n.<\/p>\n<\/div>\n\n\n\n<div class=\"wp-block-column is-layout-flow wp-block-column-is-layout-flow\">\n<h4 class=\"wp-block-heading has-text-align-center has-white-color has-text-color\">Habilidades<\/h4>\n\n\n\n<p class=\"has-black-color has-text-color has-small-font-size\">* Realiza transformaciones significativas mediante el dise\u00f1o, planificaci\u00f3n, formulaci\u00f3n e implementaci\u00f3n de pol\u00edticas p\u00fablicas ambientales.<\/p>\n<\/div>\n\n\n\n<div class=\"wp-block-column is-layout-flow wp-block-column-is-layout-flow\">\n<h4 class=\"wp-block-heading has-text-align-center has-white-color has-text-color\">Responsabilidades<\/h4>\n\n\n\n<p class=\"has-black-color has-text-color has-small-font-size\">* Asiste a las instituciones en la toma de decisiones y contextualizaci\u00f3n de soluciones de acuerdo a problem\u00e1ticas sociales, culturales y econ\u00f3micas.<\/p>\n\n\n\n<p class=\"has-black-color has-text-color has-small-font-size\">* Demuestra compromiso con la mejora de la realidad de los sectores m\u00e1s desfavorecidos y vulnerables, escuchando y consensuando soluciones en los lugares en los que se implementan acciones de progreso y desarrollo aplicando la ciencia y la tecnolog\u00eda en la sociedad.<\/p>\n<\/div>\n<\/div>\n\n<\/div><\/div>\n\n<div class=\"wp-block-ub-content-toggle-accordion\" style=\"border-color: #ff8bc0;\">\n                <div class=\"wp-block-ub-content-toggle-accordion-title-wrap\" style=\"background-color: #ff8bc0;\" aria-expanded=\"false\" aria-controls=\"ub-content-toggle-panel-4-\" tabindex=\"0\">\n                    <h4 class=\"wp-block-ub-content-toggle-accordion-title ub-content-toggle-title-\" style=\"color:#000000;\">7.5 Gobernanza socioambiental<\/h4><div class=\"wp-block-ub-content-toggle-accordion-toggle-wrap right\"><span class=\"wp-block-ub-content-toggle-accordion-state-indicator wp-block-ub-chevron-down\"><\/span>\n                    <\/div><\/div><div role=\"region\" class=\"wp-block-ub-content-toggle-accordion-content-wrap ub-hide\" id=\"ub-content-toggle-panel-4-\">\n\n<div class=\"wp-block-columns bloco7B bloco is-layout-flex wp-container-core-columns-is-layout-9d6595d7 wp-block-columns-is-layout-flex\">\n<div class=\"wp-block-column is-layout-flow wp-block-column-is-layout-flow\">\n<h4 class=\"wp-block-heading has-text-align-center has-white-color has-text-color\">Conocimientos<\/h4>\n\n\n\n<p class=\"has-black-color has-text-color has-small-font-size\">* Reconoce medidas para el fortalecimiento de la institucionalidad ambiental y prevenci\u00f3n de conflictos mediante la consulta y el di\u00e1logo con las comunidades, involucr\u00e1ndolas en las decisiones que afectan su entorno y sus medios de vida.<\/p>\n<\/div>\n\n\n\n<div class=\"wp-block-column is-layout-flow wp-block-column-is-layout-flow\">\n<h4 class=\"wp-block-heading has-text-align-center has-white-color has-text-color\">Habilidades<\/h4>\n\n\n\n<p class=\"has-black-color has-text-color has-small-font-size\">* Visualiza el origen de la distribuci\u00f3n profundamente desigual de los costos y beneficios de una econom\u00eda altamente dependiente de la explotaci\u00f3n de los recursos naturales que genera conflictos socioambientales debido a la agresiva expansi\u00f3n de las actividades extractivas.<\/p>\n\n\n\n<p class=\"has-black-color has-text-color has-small-font-size\">* Contribuye en la disminuci\u00f3n de los porcentajes de los conflictos socioambientales mediante di\u00e1logos acertivos y soluciones involucrando gobiernos locales, regionales, nacionales y a la ciudadan\u00eda.<\/p>\n<\/div>\n\n\n\n<div class=\"wp-block-column is-layout-flow wp-block-column-is-layout-flow\">\n<h4 class=\"wp-block-heading has-text-align-center has-white-color has-text-color\">Responsabilidades<\/h4>\n\n\n\n<p class=\"has-black-color has-text-color has-small-font-size\">* Aplica mecanismos para fortalecer los procesos y marcos de gobernanza de una manera integral y multinivel.<\/p>\n\n\n\n<p class=\"has-black-color has-text-color has-small-font-size\">* Apoya en la educaci\u00f3n a la sociedad, en la definici\u00f3n de sus metas y prioridades y su direccionamiente hacia la cooperaci\u00f3n, ya sea global, regional, nacional o local.<\/p>\n\n\n\n<p class=\"has-black-color has-text-color has-small-font-size\">* Promueve la equidad, la participaci\u00f3n, el pluralismo, la transparencia, la responsabilidad y el Estado de derecho de modo que sea efectivo, eficiente, duradero, rechazando la discriminaici\u00f3n social.<\/p>\n<\/div>\n<\/div>\n\n<\/div><\/div>\n<\/div>","protected":false},"excerpt":{"rendered":"<p>FORMACI\u00d3N SOCIO-AMBIENTAL Conocimientos * Demuestra capacidad cr\u00edtica y anal\u00edtica sobre su autoconocimiento, potenciando su inteligencia emocional, que le permita afrontar con decisiones acertadas la soluci\u00f3n de problemas ambientales con \u00e9tica y responsabilidad social. * Asesora en la elaboraci\u00f3n de dise\u00f1o de pol\u00edticas p\u00fablicas y la normativa para su aplicaci\u00f3n. * Comprende el an\u00e1lisis multicausal y de consecuencias multiples.de problemas socio-urbano ambientales as\u00ed como los valores humanos, \u00e9tica y deontolog\u00eda. * An\u00e1liza los entornos locales, sus problem\u00e1ticas y actores sociales. Habilidades * Articula los conocimientos deontol\u00f3gicos y la subjetividad humana en la comprensi\u00f3n de contextos globales, problem\u00e1ticas ambientales, logrando tomar decisiones que contribuyan al armonioso y equilibrado desarrollo humano socio-econ\u00f3mico, cultural y pol\u00edtico. * Se forma como profesional actiualizando sus aprendizajes continuamente y aplicando todos sus conocimientos en el mejoramiento de la calidad de vida del planeta. Responsabilidades * Aplica valores \u00e9ticos que refuerzan la responsabilidad social contribuyendo con proyectos de conservaci\u00f3n, restauraci\u00f3n, aprovechamiento y respeto a los ecosistemas, actuando coherentemente a trav\u00e9s de los principios de la sostenibilidad para lograr el bienestar com\u00fan de las personas, la econom\u00eda y el medioambiente. * Es emp\u00e1tico, solidario y comprometido con la soluci\u00f3n de problemas ambientales favoreciendo el desarrollo humano productivo con conciencia ambiental y social. * Participa en procesos judiciales en funci\u00f3n de la protecci\u00f3n ambiental, generando conciencia colectiva, protecci\u00f3n de los recursos naturales y garantizando la humanizaci\u00f3n del conocimiento. Subdimensiones<\/p>\n","protected":false},"author":1,"featured_media":0,"parent":0,"menu_order":0,"comment_status":"closed","ping_status":"closed","template":"","meta":{"ub_ctt_via":"","footnotes":""},"class_list":["post-378","page","type-page","status-publish","hentry"],"featured_image_src":null,"_links":{"self":[{"href":"https:\/\/erasmus-ace.com\/medioambiente\/wp-json\/wp\/v2\/pages\/378","targetHints":{"allow":["GET"]}}],"collection":[{"href":"https:\/\/erasmus-ace.com\/medioambiente\/wp-json\/wp\/v2\/pages"}],"about":[{"href":"https:\/\/erasmus-ace.com\/medioambiente\/wp-json\/wp\/v2\/types\/page"}],"author":[{"embeddable":true,"href":"https:\/\/erasmus-ace.com\/medioambiente\/wp-json\/wp\/v2\/users\/1"}],"replies":[{"embeddable":true,"href":"https:\/\/erasmus-ace.com\/medioambiente\/wp-json\/wp\/v2\/comments?post=378"}],"version-history":[{"count":10,"href":"https:\/\/erasmus-ace.com\/medioambiente\/wp-json\/wp\/v2\/pages\/378\/revisions"}],"predecessor-version":[{"id":639,"href":"https:\/\/erasmus-ace.com\/medioambiente\/wp-json\/wp\/v2\/pages\/378\/revisions\/639"}],"wp:attachment":[{"href":"https:\/\/erasmus-ace.com\/medioambiente\/wp-json\/wp\/v2\/media?parent=378"}],"curies":[{"name":"wp","href":"https:\/\/api.w.org\/{rel}","templated":true}]}}