{"id":376,"date":"2023-10-10T20:54:44","date_gmt":"2023-10-10T23:54:44","guid":{"rendered":"https:\/\/erasmus-ace.com\/medioambiente\/?page_id=376"},"modified":"2024-01-04T20:27:46","modified_gmt":"2024-01-04T23:27:46","slug":"dimension6","status":"publish","type":"page","link":"https:\/\/erasmus-ace.com\/medioambiente\/dimension6\/","title":{"rendered":"Dimensi\u00f3n 6"},"content":{"rendered":"\n<div class=\"wp-block-columns afastar is-layout-flex wp-container-core-columns-is-layout-9d6595d7 wp-block-columns-is-layout-flex\">\n<div class=\"wp-block-column is-layout-flow wp-block-column-is-layout-flow\">\n<figure class=\"wp-block-image size-full\"><a href=\"https:\/\/erasmus-ace.com\/medioambiente\/repositorio\/\"><img loading=\"lazy\" decoding=\"async\" width=\"320\" height=\"520\" src=\"https:\/\/erasmus-ace.com\/medioambiente\/wp-content\/uploads\/2023\/09\/01.png\" alt=\"\" class=\"wp-image-212\" srcset=\"https:\/\/erasmus-ace.com\/medioambiente\/wp-content\/uploads\/2023\/09\/01.png 320w, https:\/\/erasmus-ace.com\/medioambiente\/wp-content\/uploads\/2023\/09\/01-185x300.png 185w\" sizes=\"auto, (max-width: 320px) 100vw, 320px\" \/><\/a><\/figure>\n<\/div>\n\n\n\n<div class=\"wp-block-column is-layout-flow wp-block-column-is-layout-flow\">\n<figure class=\"wp-block-image size-full\"><a href=\"https:\/\/erasmus-ace.com\/medioambiente\/dimension2\/\"><img loading=\"lazy\" decoding=\"async\" width=\"320\" height=\"520\" src=\"https:\/\/erasmus-ace.com\/medioambiente\/wp-content\/uploads\/2023\/09\/02.png\" alt=\"\" class=\"wp-image-213\" srcset=\"https:\/\/erasmus-ace.com\/medioambiente\/wp-content\/uploads\/2023\/09\/02.png 320w, https:\/\/erasmus-ace.com\/medioambiente\/wp-content\/uploads\/2023\/09\/02-185x300.png 185w\" sizes=\"auto, (max-width: 320px) 100vw, 320px\" \/><\/a><\/figure>\n<\/div>\n\n\n\n<div class=\"wp-block-column is-layout-flow wp-block-column-is-layout-flow\">\n<figure class=\"wp-block-image size-full\"><a href=\"https:\/\/erasmus-ace.com\/medioambiente\/dimension3\/\"><img loading=\"lazy\" decoding=\"async\" width=\"320\" height=\"520\" src=\"https:\/\/erasmus-ace.com\/medioambiente\/wp-content\/uploads\/2023\/09\/03.png\" alt=\"\" class=\"wp-image-214\" srcset=\"https:\/\/erasmus-ace.com\/medioambiente\/wp-content\/uploads\/2023\/09\/03.png 320w, https:\/\/erasmus-ace.com\/medioambiente\/wp-content\/uploads\/2023\/09\/03-185x300.png 185w\" sizes=\"auto, (max-width: 320px) 100vw, 320px\" \/><\/a><\/figure>\n<\/div>\n\n\n\n<div class=\"wp-block-column is-layout-flow wp-block-column-is-layout-flow\">\n<figure class=\"wp-block-image size-full\"><a href=\"https:\/\/erasmus-ace.com\/medioambiente\/dimension4\/\"><img loading=\"lazy\" decoding=\"async\" width=\"320\" height=\"520\" src=\"https:\/\/erasmus-ace.com\/medioambiente\/wp-content\/uploads\/2023\/09\/04.png\" alt=\"\" class=\"wp-image-215\" srcset=\"https:\/\/erasmus-ace.com\/medioambiente\/wp-content\/uploads\/2023\/09\/04.png 320w, https:\/\/erasmus-ace.com\/medioambiente\/wp-content\/uploads\/2023\/09\/04-185x300.png 185w\" sizes=\"auto, (max-width: 320px) 100vw, 320px\" \/><\/a><\/figure>\n<\/div>\n\n\n\n<div class=\"wp-block-column is-layout-flow wp-block-column-is-layout-flow\">\n<figure class=\"wp-block-image size-full\"><a href=\"https:\/\/erasmus-ace.com\/medioambiente\/dimension5\/\"><img loading=\"lazy\" decoding=\"async\" width=\"322\" height=\"520\" src=\"https:\/\/erasmus-ace.com\/medioambiente\/wp-content\/uploads\/2023\/09\/05.png\" alt=\"\" class=\"wp-image-216\" srcset=\"https:\/\/erasmus-ace.com\/medioambiente\/wp-content\/uploads\/2023\/09\/05.png 322w, https:\/\/erasmus-ace.com\/medioambiente\/wp-content\/uploads\/2023\/09\/05-186x300.png 186w\" sizes=\"auto, (max-width: 322px) 100vw, 322px\" \/><\/a><\/figure>\n<\/div>\n\n\n\n<div class=\"wp-block-column is-layout-flow wp-block-column-is-layout-flow\">\n<figure class=\"wp-block-image size-full jump\"><a href=\"https:\/\/erasmus-ace.com\/medioambiente\/dimension6\/\"><img loading=\"lazy\" decoding=\"async\" width=\"320\" height=\"520\" src=\"https:\/\/erasmus-ace.com\/medioambiente\/wp-content\/uploads\/2023\/09\/06.png\" alt=\"\" class=\"wp-image-217\" srcset=\"https:\/\/erasmus-ace.com\/medioambiente\/wp-content\/uploads\/2023\/09\/06.png 320w, https:\/\/erasmus-ace.com\/medioambiente\/wp-content\/uploads\/2023\/09\/06-185x300.png 185w\" sizes=\"auto, (max-width: 320px) 100vw, 320px\" \/><\/a><\/figure>\n<\/div>\n\n\n\n<div class=\"wp-block-column is-layout-flow wp-block-column-is-layout-flow\">\n<figure class=\"wp-block-image size-full\"><a href=\"https:\/\/erasmus-ace.com\/medioambiente\/dimension7\/\"><img loading=\"lazy\" decoding=\"async\" width=\"320\" height=\"520\" src=\"https:\/\/erasmus-ace.com\/medioambiente\/wp-content\/uploads\/2023\/09\/07.png\" alt=\"\" class=\"wp-image-218\" srcset=\"https:\/\/erasmus-ace.com\/medioambiente\/wp-content\/uploads\/2023\/09\/07.png 320w, https:\/\/erasmus-ace.com\/medioambiente\/wp-content\/uploads\/2023\/09\/07-185x300.png 185w\" sizes=\"auto, (max-width: 320px) 100vw, 320px\" \/><\/a><\/figure>\n<\/div>\n<\/div>\n\n\n\n<h3 class=\"wp-block-heading has-text-align-center has-black-color has-text-color has-background\" style=\"background-color:#94cee5\"><strong>GESTI\u00d3N TECNOL\u00d3GICA DE LA INFORMACI\u00d3N<\/strong><\/h3>\n\n\n\n<div class=\"wp-block-columns bloco6 bloco is-layout-flex wp-container-core-columns-is-layout-9d6595d7 wp-block-columns-is-layout-flex\">\n<div class=\"wp-block-column is-layout-flow wp-block-column-is-layout-flow\">\n<h4 class=\"wp-block-heading has-text-align-center has-white-color has-text-color\">Conocimientos<\/h4>\n\n\n\n<p class=\"has-black-color has-text-color has-small-font-size\">* Demuestra capacidad para el dise\u00f1o y aplicaci\u00f3n de metodolog\u00edas, procesos y funciones necesarios en tecnolog\u00edas ambientales haciendo uso de software y hardware, identificando los beneficios y limitaciones, impulsando nuevas tecnolog\u00edas que se acoplen a la sostenibilidad con la finalidad de recolectar datos, evaluar, evitar, mitigar, remediar o compensar el impacto ambiental.<\/p>\n<\/div>\n\n\n\n<div class=\"wp-block-column is-layout-flow wp-block-column-is-layout-flow\">\n<h4 class=\"wp-block-heading has-text-align-center has-white-color has-text-color\">Habilidades<\/h4>\n\n\n\n<p class=\"has-black-color has-text-color has-small-font-size\">* Aplica eficientemente las tecnolog\u00edas de la informaci\u00f3n y comunicaci\u00f3n en su \u00e1rea de trabajo.<\/p>\n<\/div>\n\n\n\n<div class=\"wp-block-column is-layout-flow wp-block-column-is-layout-flow\">\n<h4 class=\"wp-block-heading has-text-align-center has-white-color has-text-color\">Responsabilidades<\/h4>\n\n\n\n<p class=\"has-black-color has-text-color has-small-font-size\">* Aplica diversas tecnolog\u00edas en proyectos con enfoque predictivo de la situaci\u00f3n ambiental y proyectos que demuestren soluci\u00f3n a diversos problemas ambientales.<\/p>\n<\/div>\n<\/div>\n\n\n\n<h3 class=\"wp-block-heading has-black-color has-text-color has-background\" style=\"background-color:#94cee5\">Subdimensiones<\/h3>\n\n\n<div class=\"wp-block-ub-content-toggle\" id=\"ub-content-toggle-3df722b6-a60a-4db6-8042-e915b7a4eb07\" data-mobilecollapse=\"true\" data-desktopcollapse=\"true\">\n<div class=\"wp-block-ub-content-toggle-accordion\" style=\"border-color: #00729d;\">\n                <div class=\"wp-block-ub-content-toggle-accordion-title-wrap\" style=\"background-color: #00729d;\" aria-expanded=\"false\" aria-controls=\"ub-content-toggle-panel-0-\" tabindex=\"0\">\n                    <h4 class=\"wp-block-ub-content-toggle-accordion-title ub-content-toggle-title-\" style=\"color:#ffffff;\">6.1 Miner\u00eda de datos: B\u00fasqueda, generaci\u00f3n y sistematizaci\u00f3n de la informaci\u00f3n.<\/h4><div class=\"wp-block-ub-content-toggle-accordion-toggle-wrap right\"><span class=\"wp-block-ub-content-toggle-accordion-state-indicator wp-block-ub-chevron-down\"><\/span>\n                    <\/div><\/div><div role=\"region\" class=\"wp-block-ub-content-toggle-accordion-content-wrap ub-hide\" id=\"ub-content-toggle-panel-0-\">\n\n<div class=\"wp-block-columns bloco6B bloco is-layout-flex wp-container-core-columns-is-layout-9d6595d7 wp-block-columns-is-layout-flex\">\n<div class=\"wp-block-column is-layout-flow wp-block-column-is-layout-flow\">\n<h4 class=\"wp-block-heading has-text-align-center has-white-color has-text-color\">Conocimientos<\/h4>\n\n\n\n<p class=\"has-black-color has-text-color has-small-font-size\">* Demuestra habilidad para el uso de las tecnolog\u00edas y an\u00e1lisis de informaci\u00f3n urbano-ambiental.<\/p>\n\n\n\n<p class=\"has-black-color has-text-color has-small-font-size\">* Analiza la Informacion estad\u00edstica, manejo y definici\u00f3n de muestras observables y geo-referenciaci\u00f3n de informaci\u00f3n geogr\u00e1fica.<\/p>\n\n\n\n<p class=\"has-black-color has-text-color has-small-font-size\">* Analiza el ordenamiento y zonificaci\u00f3n territorial mediante Sistemas de Informaci\u00f3n Geogr\u00e1fica.<\/p>\n<\/div>\n\n\n\n<div class=\"wp-block-column is-layout-flow wp-block-column-is-layout-flow\">\n<h4 class=\"wp-block-heading has-text-align-center has-white-color has-text-color\">Habilidades<\/h4>\n\n\n\n<p class=\"has-black-color has-text-color has-small-font-size\">* Maneja softwares de recoleccion y procesamiento sistem\u00e1tico de informacion ambiental, t\u00e9cnicas de cartograf\u00eda y sistemas de informaci\u00f3n geogr\u00e1fica.<\/p>\n\n\n\n<p class=\"has-black-color has-text-color has-small-font-size\">* Administra datos a partir de la realizacion de diagn\u00f3sticos, elaboraci\u00f3n de conclusiones y an\u00e1lisis de mapas de estructura urbana, de vulnerabilidad y riesgo.<\/p>\n<\/div>\n\n\n\n<div class=\"wp-block-column is-layout-flow wp-block-column-is-layout-flow\">\n<h4 class=\"wp-block-heading has-text-align-center has-white-color has-text-color\">Responsabilidades<\/h4>\n\n\n\n<p class=\"has-black-color has-text-color has-small-font-size\">* Genera infograf\u00eda y cartograf\u00eda para la toma de decisiones urbano ambientales construyendo herramientas para el establecimineto de prioridades.<\/p>\n<\/div>\n<\/div>\n\n\n\n<p><\/p>\n\n<\/div><\/div>\n\n<div class=\"wp-block-ub-content-toggle-accordion\" style=\"border-color: #00729d;\">\n                <div class=\"wp-block-ub-content-toggle-accordion-title-wrap\" style=\"background-color: #00729d;\" aria-expanded=\"false\" aria-controls=\"ub-content-toggle-panel-1-\" tabindex=\"0\">\n                    <h4 class=\"wp-block-ub-content-toggle-accordion-title ub-content-toggle-title-\" style=\"color:#ffffff;\">6.2 Sistema de datos en tiempo real, recolecci\u00f3n y almacenamiento<\/h4><div class=\"wp-block-ub-content-toggle-accordion-toggle-wrap right\"><span class=\"wp-block-ub-content-toggle-accordion-state-indicator wp-block-ub-chevron-down\"><\/span>\n                    <\/div><\/div><div role=\"region\" class=\"wp-block-ub-content-toggle-accordion-content-wrap ub-hide\" id=\"ub-content-toggle-panel-1-\">\n\n<div class=\"wp-block-columns bloco6 bloco is-layout-flex wp-container-core-columns-is-layout-9d6595d7 wp-block-columns-is-layout-flex\">\n<div class=\"wp-block-column is-layout-flow wp-block-column-is-layout-flow\">\n<h4 class=\"wp-block-heading has-text-align-center has-white-color has-text-color\">Conocimientos<\/h4>\n\n\n\n<p class=\"has-black-color has-text-color has-small-font-size\">* Identifica las diferentes estructuras de datos y formas de almacenarlas as\u00ed como los m\u00e9todos y sistemas de recolecci\u00f3n de datos basados en dispositivos el\u00e9ctricos y electr\u00f3nicos.<\/p>\n\n\n\n<p class=\"has-black-color has-text-color has-small-font-size\">* Selecciona las fuentes de datos a utilizar.<\/p>\n<\/div>\n\n\n\n<div class=\"wp-block-column is-layout-flow wp-block-column-is-layout-flow\">\n<h4 class=\"wp-block-heading has-text-align-center has-white-color has-text-color\">Habilidades<\/h4>\n\n\n\n<p class=\"has-black-color has-text-color has-small-font-size\">* Implementa bancos de datos, integrando equipamientos para la creaci\u00f3n de sistemas de recolecci\u00f3n, selecci\u00f3n de las fuentes y mantenimiento de los datos.<\/p>\n<\/div>\n\n\n\n<div class=\"wp-block-column is-layout-flow wp-block-column-is-layout-flow\">\n<h4 class=\"wp-block-heading has-text-align-center has-white-color has-text-color\">Responsabilidades<\/h4>\n\n\n\n<p class=\"has-black-color has-text-color has-small-font-size\">* Mantiene la integridad de los datos y garantiza la operacionalizaci\u00f3n del sistema de adquisici\u00f3n.<\/p>\n<\/div>\n<\/div>\n\n<\/div><\/div>\n\n<div class=\"wp-block-ub-content-toggle-accordion\" style=\"border-color: #00729d;\">\n                <div class=\"wp-block-ub-content-toggle-accordion-title-wrap\" style=\"background-color: #00729d;\" aria-expanded=\"false\" aria-controls=\"ub-content-toggle-panel-2-\" tabindex=\"0\">\n                    <h4 class=\"wp-block-ub-content-toggle-accordion-title ub-content-toggle-title-\" style=\"color:#ffffff;\">6.3 Implementaci\u00f3n de tecnolog\u00edas Geoespaciales<\/h4><div class=\"wp-block-ub-content-toggle-accordion-toggle-wrap right\"><span class=\"wp-block-ub-content-toggle-accordion-state-indicator wp-block-ub-chevron-down\"><\/span>\n                    <\/div><\/div><div role=\"region\" class=\"wp-block-ub-content-toggle-accordion-content-wrap ub-hide\" id=\"ub-content-toggle-panel-2-\">\n\n<div class=\"wp-block-columns bloco6B bloco is-layout-flex wp-container-core-columns-is-layout-9d6595d7 wp-block-columns-is-layout-flex\">\n<div class=\"wp-block-column is-layout-flow wp-block-column-is-layout-flow\">\n<h4 class=\"wp-block-heading has-text-align-center has-white-color has-text-color\">Conocimientos<\/h4>\n\n\n\n<p class=\"has-black-color has-text-color has-small-font-size\">* Demuestra comprensi\u00f3n de los fundamentos te\u00f3ricos y datos espaciales involucrados en la aplicabilidad de las geo tecnolog\u00edas en el medio ambiente para el an\u00e1lisis e interpretaci\u00f3n del medio antr\u00f3pico y no antr\u00f3pico.<br><br>*Reconoce las metodolog\u00edas de tratamiento de datos espaciales para la modelaci\u00f3n y simulaci\u00f3n de escenarios frente a la protecci\u00f3n de recursos, gesti\u00f3n de riesgos, vulnerabilidad socioambiental y cambio clim\u00e1tico, tanto para el espacio urbano como rural.<\/p>\n<\/div>\n\n\n\n<div class=\"wp-block-column is-layout-flow wp-block-column-is-layout-flow\">\n<h4 class=\"wp-block-heading has-text-align-center has-white-color has-text-color\">Habilidades<\/h4>\n\n\n\n<p class=\"has-black-color has-text-color has-small-font-size\">* Administra datos espaciales realizando diagn\u00f3sticos para la elaboraci\u00f3n de planes de gesti\u00f3n territorial y ambiental, basado en evidencias obtenidas a partir de la aplicaci\u00f3n de tecnolog\u00edas geoespaciales como cartograf\u00eda, sistemas de informaci\u00f3n geogr\u00e1fica, fotointerpretaci\u00f3n, teledetecci\u00f3n y geoestad\u00edstica.<\/p>\n\n\n\n<p class=\"has-black-color has-text-color has-small-font-size\">* Aplica modelos y simulaciones para an\u00e1lisis de intervenciones antr\u00f3picas, impacto en el medio natural, protecci\u00f3n de recursos, gestion de riesgos y amenazas naturales, vulnerabilidad socioambiental y cambio clim\u00e1tico.<\/p>\n<\/div>\n\n\n\n<div class=\"wp-block-column is-layout-flow wp-block-column-is-layout-flow\">\n<h4 class=\"wp-block-heading has-text-align-center has-white-color has-text-color\">Responsabilidades<\/h4>\n\n\n\n<p class=\"has-black-color has-text-color has-small-font-size\">* Mantiene la integridad de los datos y garantiza la operacionalizaci\u00f3n del sistema de adquisici\u00f3n.<\/p>\n<\/div>\n<\/div>\n\n\n\n<div class=\"wp-block-group has-background\" style=\"background-color:#94cee5\"><div class=\"wp-block-group__inner-container is-layout-constrained wp-block-group-is-layout-constrained\">\n<div style=\"height:23px\" aria-hidden=\"true\" class=\"wp-block-spacer\"><\/div>\n\n\n\n<h6 class=\"wp-block-heading has-text-align-center has-black-color has-text-color\">Archivos para descargar<br><\/h6>\n\n\n\n<div class=\"wp-block-buttons is-content-justification-center is-layout-flex wp-container-core-buttons-is-layout-16018d1d wp-block-buttons-is-layout-flex\">\n<div class=\"wp-block-button has-custom-width wp-block-button__width-25\"><a class=\"wp-block-button__link has-background wp-element-button\" href=\"https:\/\/erasmus-ace.com\/medioambiente\/wp-content\/uploads\/2023\/10\/Dimension-6-subdimension-6.3-actividad-1.pdf\" style=\"background-color:#00729d\" target=\"_blank\" rel=\"noreferrer noopener\">Actividad 1<\/a><\/div>\n\n\n\n<div class=\"wp-block-button has-custom-width wp-block-button__width-25\"><a class=\"wp-block-button__link has-background wp-element-button\" href=\"https:\/\/erasmus-ace.com\/medioambiente\/wp-content\/uploads\/2023\/10\/Dimension-6-subdimension-6.3-actividad-2.pdf\" style=\"background-color:#00729d\" target=\"_blank\" rel=\"noreferrer noopener\">Actividad 2<\/a><\/div>\n<\/div>\n\n\n\n<div style=\"height:36px\" aria-hidden=\"true\" class=\"wp-block-spacer\"><\/div>\n<\/div><\/div>\n\n<\/div><\/div>\n\n<div class=\"wp-block-ub-content-toggle-accordion\" style=\"border-color: #00729d;\">\n                <div class=\"wp-block-ub-content-toggle-accordion-title-wrap\" style=\"background-color: #00729d;\" aria-expanded=\"false\" aria-controls=\"ub-content-toggle-panel-3-\" tabindex=\"0\">\n                    <h4 class=\"wp-block-ub-content-toggle-accordion-title ub-content-toggle-title-\" style=\"color:#ffffff;\">6.4 Aplicaci\u00f3n de tecnolog\u00edas de la informaci\u00f3n, software y herramientas aplicadas para gestionar el medio ambiente<\/h4><div class=\"wp-block-ub-content-toggle-accordion-toggle-wrap right\"><span class=\"wp-block-ub-content-toggle-accordion-state-indicator wp-block-ub-chevron-down\"><\/span>\n                    <\/div><\/div><div role=\"region\" class=\"wp-block-ub-content-toggle-accordion-content-wrap ub-hide\" id=\"ub-content-toggle-panel-3-\">\n\n<div class=\"wp-block-columns bloco6B bloco is-layout-flex wp-container-core-columns-is-layout-9d6595d7 wp-block-columns-is-layout-flex\">\n<div class=\"wp-block-column is-layout-flow wp-block-column-is-layout-flow\">\n<h4 class=\"wp-block-heading has-text-align-center has-white-color has-text-color\">Conocimientos<\/h4>\n\n\n\n<p class=\"has-black-color has-text-color has-small-font-size\">* Identifica las nuevas tecnolog\u00edas aplicadas en la gesti\u00f3n del medio ambiente.<br><br>* Realiza diagn\u00f3sticos, planificaci\u00f3n y ejecuci\u00f3n de proyectos de equipamientos y servicios ambientales en el espacio urbano.<\/p>\n<\/div>\n\n\n\n<div class=\"wp-block-column is-layout-flow wp-block-column-is-layout-flow\">\n<h4 class=\"wp-block-heading has-text-align-center has-white-color has-text-color\">Habilidades<\/h4>\n\n\n\n<p class=\"has-black-color has-text-color has-small-font-size\"> * Maneja t\u00e9cnicas de resoluci\u00f3n de conflictos e instrumentos estrat\u00e9gicos de participaci\u00f3n social.<br><br>* Analiza el contexto regional para la gesti\u00f3n del territorio aplicando herramientas tecnol\u00f3gicas en su \u00e0rea de trabajo, como fotointerpretaci\u00f3n y manejo de sensores remotos .<\/p>\n<\/div>\n\n\n\n<div class=\"wp-block-column is-layout-flow wp-block-column-is-layout-flow\">\n<h4 class=\"wp-block-heading has-text-align-center has-white-color has-text-color\">Responsabilidades<\/h4>\n\n\n\n<p class=\"has-black-color has-text-color has-small-font-size\">* Se actualiza en el uso de las distintas herramientas tecnol\u00f3gicas que existen para aplicar en el \u00e1rea ambiental.<br><br>* Interviene en la mejora de la calidad de vida de la comunidad mediante representaci\u00f3n gr\u00e1fica de la realidad, sensibilizaci\u00f3n y concientizaci\u00f3n.<\/p>\n<\/div>\n<\/div>\n\n<\/div><\/div>\n\n<div class=\"wp-block-ub-content-toggle-accordion\" style=\"border-color: #00729d;\">\n                <div class=\"wp-block-ub-content-toggle-accordion-title-wrap\" style=\"background-color: #00729d;\" aria-expanded=\"false\" aria-controls=\"ub-content-toggle-panel-4-\" tabindex=\"0\">\n                    <h4 class=\"wp-block-ub-content-toggle-accordion-title ub-content-toggle-title-\" style=\"color:#ffffff;\">6.5 Inteligencia artificial para el an\u00e1lisis de datos ambientales<\/h4><div class=\"wp-block-ub-content-toggle-accordion-toggle-wrap right\"><span class=\"wp-block-ub-content-toggle-accordion-state-indicator wp-block-ub-chevron-down\"><\/span>\n                    <\/div><\/div><div role=\"region\" class=\"wp-block-ub-content-toggle-accordion-content-wrap ub-hide\" id=\"ub-content-toggle-panel-4-\">\n\n<div class=\"wp-block-columns bloco6 bloco is-layout-flex wp-container-core-columns-is-layout-9d6595d7 wp-block-columns-is-layout-flex\">\n<div class=\"wp-block-column is-layout-flow wp-block-column-is-layout-flow\">\n<h4 class=\"wp-block-heading has-text-align-center has-white-color has-text-color\">Conocimientos<\/h4>\n\n\n\n<p class=\"has-black-color has-text-color has-small-font-size\">* Demuestra comprensi\u00f3n de la importancia de un proceso de generaci\u00f3n de informaci\u00f3n a partir de datos colectados y de c\u00f3mo la automatizaci\u00f3n y el an\u00e1lisis de datos apoya los procesos de toma de decisiones.<\/p>\n<\/div>\n\n\n\n<div class=\"wp-block-column is-layout-flow wp-block-column-is-layout-flow\">\n<h4 class=\"wp-block-heading has-text-align-center has-white-color has-text-color\">Habilidades<\/h4>\n\n\n\n<p class=\"has-black-color has-text-color has-small-font-size\">* Implementa soluciones y m\u00e9todos de aprendizaje de m\u00e1quina para el an\u00e1lisis y generaci\u00f3n de infomaci\u00f3n que permita la toma de decisiones.<\/p>\n\n\n\n<p class=\"has-black-color has-text-color has-small-font-size\">* Identifica los diversos enfoques y las diferencias entre las t\u00e9cnicas basadas en aprendizaje de m\u00e1quina.<\/p>\n<\/div>\n\n\n\n<div class=\"wp-block-column is-layout-flow wp-block-column-is-layout-flow\">\n<h4 class=\"wp-block-heading has-text-align-center has-white-color has-text-color\">Responsabilidades<\/h4>\n\n\n\n<p class=\"has-black-color has-text-color has-small-font-size\">* Garantiza informaciones seguras y fidedignas del proceso de an\u00e1lisis de datos.<\/p>\n<\/div>\n<\/div>\n\n<\/div><\/div>\n<\/div>","protected":false},"excerpt":{"rendered":"<p>GESTI\u00d3N TECNOL\u00d3GICA DE LA INFORMACI\u00d3N Conocimientos * Demuestra capacidad para el dise\u00f1o y aplicaci\u00f3n de metodolog\u00edas, procesos y funciones necesarios en tecnolog\u00edas ambientales haciendo uso de software y hardware, identificando los beneficios y limitaciones, impulsando nuevas tecnolog\u00edas que se acoplen a la sostenibilidad con la finalidad de recolectar datos, evaluar, evitar, mitigar, remediar o compensar el impacto ambiental. Habilidades * Aplica eficientemente las tecnolog\u00edas de la informaci\u00f3n y comunicaci\u00f3n en su \u00e1rea de trabajo. Responsabilidades * Aplica diversas tecnolog\u00edas en proyectos con enfoque predictivo de la situaci\u00f3n ambiental y proyectos que demuestren soluci\u00f3n a diversos problemas ambientales. Subdimensiones<\/p>\n","protected":false},"author":1,"featured_media":0,"parent":0,"menu_order":0,"comment_status":"closed","ping_status":"closed","template":"","meta":{"ub_ctt_via":"","footnotes":""},"class_list":["post-376","page","type-page","status-publish","hentry"],"featured_image_src":null,"_links":{"self":[{"href":"https:\/\/erasmus-ace.com\/medioambiente\/wp-json\/wp\/v2\/pages\/376","targetHints":{"allow":["GET"]}}],"collection":[{"href":"https:\/\/erasmus-ace.com\/medioambiente\/wp-json\/wp\/v2\/pages"}],"about":[{"href":"https:\/\/erasmus-ace.com\/medioambiente\/wp-json\/wp\/v2\/types\/page"}],"author":[{"embeddable":true,"href":"https:\/\/erasmus-ace.com\/medioambiente\/wp-json\/wp\/v2\/users\/1"}],"replies":[{"embeddable":true,"href":"https:\/\/erasmus-ace.com\/medioambiente\/wp-json\/wp\/v2\/comments?post=376"}],"version-history":[{"count":8,"href":"https:\/\/erasmus-ace.com\/medioambiente\/wp-json\/wp\/v2\/pages\/376\/revisions"}],"predecessor-version":[{"id":636,"href":"https:\/\/erasmus-ace.com\/medioambiente\/wp-json\/wp\/v2\/pages\/376\/revisions\/636"}],"wp:attachment":[{"href":"https:\/\/erasmus-ace.com\/medioambiente\/wp-json\/wp\/v2\/media?parent=376"}],"curies":[{"name":"wp","href":"https:\/\/api.w.org\/{rel}","templated":true}]}}