{"id":374,"date":"2023-10-10T20:42:25","date_gmt":"2023-10-10T23:42:25","guid":{"rendered":"https:\/\/erasmus-ace.com\/medioambiente\/?page_id=374"},"modified":"2024-01-04T20:24:25","modified_gmt":"2024-01-04T23:24:25","slug":"dimension5","status":"publish","type":"page","link":"https:\/\/erasmus-ace.com\/medioambiente\/dimension5\/","title":{"rendered":"Dimensi\u00f3n 5"},"content":{"rendered":"\n<div class=\"wp-block-columns afastar is-layout-flex wp-container-core-columns-is-layout-9d6595d7 wp-block-columns-is-layout-flex\">\n<div class=\"wp-block-column is-layout-flow wp-block-column-is-layout-flow\">\n<figure class=\"wp-block-image size-full\"><a href=\"https:\/\/erasmus-ace.com\/medioambiente\/repositorio\/\"><img loading=\"lazy\" decoding=\"async\" width=\"320\" height=\"520\" src=\"https:\/\/erasmus-ace.com\/medioambiente\/wp-content\/uploads\/2023\/09\/01.png\" alt=\"\" class=\"wp-image-212\" srcset=\"https:\/\/erasmus-ace.com\/medioambiente\/wp-content\/uploads\/2023\/09\/01.png 320w, https:\/\/erasmus-ace.com\/medioambiente\/wp-content\/uploads\/2023\/09\/01-185x300.png 185w\" sizes=\"auto, (max-width: 320px) 100vw, 320px\" \/><\/a><\/figure>\n<\/div>\n\n\n\n<div class=\"wp-block-column is-layout-flow wp-block-column-is-layout-flow\">\n<figure class=\"wp-block-image size-full\"><a href=\"https:\/\/erasmus-ace.com\/medioambiente\/dimension2\/\"><img loading=\"lazy\" decoding=\"async\" width=\"320\" height=\"520\" src=\"https:\/\/erasmus-ace.com\/medioambiente\/wp-content\/uploads\/2023\/09\/02.png\" alt=\"\" class=\"wp-image-213\" srcset=\"https:\/\/erasmus-ace.com\/medioambiente\/wp-content\/uploads\/2023\/09\/02.png 320w, https:\/\/erasmus-ace.com\/medioambiente\/wp-content\/uploads\/2023\/09\/02-185x300.png 185w\" sizes=\"auto, (max-width: 320px) 100vw, 320px\" \/><\/a><\/figure>\n<\/div>\n\n\n\n<div class=\"wp-block-column is-layout-flow wp-block-column-is-layout-flow\">\n<figure class=\"wp-block-image size-full\"><a href=\"https:\/\/erasmus-ace.com\/medioambiente\/dimension3\/\"><img loading=\"lazy\" decoding=\"async\" width=\"320\" height=\"520\" src=\"https:\/\/erasmus-ace.com\/medioambiente\/wp-content\/uploads\/2023\/09\/03.png\" alt=\"\" class=\"wp-image-214\" srcset=\"https:\/\/erasmus-ace.com\/medioambiente\/wp-content\/uploads\/2023\/09\/03.png 320w, https:\/\/erasmus-ace.com\/medioambiente\/wp-content\/uploads\/2023\/09\/03-185x300.png 185w\" sizes=\"auto, (max-width: 320px) 100vw, 320px\" \/><\/a><\/figure>\n<\/div>\n\n\n\n<div class=\"wp-block-column is-layout-flow wp-block-column-is-layout-flow\">\n<figure class=\"wp-block-image size-full\"><a href=\"https:\/\/erasmus-ace.com\/medioambiente\/dimension4\/\"><img loading=\"lazy\" decoding=\"async\" width=\"320\" height=\"520\" src=\"https:\/\/erasmus-ace.com\/medioambiente\/wp-content\/uploads\/2023\/09\/04.png\" alt=\"\" class=\"wp-image-215\" srcset=\"https:\/\/erasmus-ace.com\/medioambiente\/wp-content\/uploads\/2023\/09\/04.png 320w, https:\/\/erasmus-ace.com\/medioambiente\/wp-content\/uploads\/2023\/09\/04-185x300.png 185w\" sizes=\"auto, (max-width: 320px) 100vw, 320px\" \/><\/a><\/figure>\n<\/div>\n\n\n\n<div class=\"wp-block-column is-layout-flow wp-block-column-is-layout-flow\">\n<figure class=\"wp-block-image size-full jump\"><a href=\"https:\/\/erasmus-ace.com\/medioambiente\/dimension5\/\"><img loading=\"lazy\" decoding=\"async\" width=\"322\" height=\"520\" src=\"https:\/\/erasmus-ace.com\/medioambiente\/wp-content\/uploads\/2023\/09\/05.png\" alt=\"\" class=\"wp-image-216\" srcset=\"https:\/\/erasmus-ace.com\/medioambiente\/wp-content\/uploads\/2023\/09\/05.png 322w, https:\/\/erasmus-ace.com\/medioambiente\/wp-content\/uploads\/2023\/09\/05-186x300.png 186w\" sizes=\"auto, (max-width: 322px) 100vw, 322px\" \/><\/a><\/figure>\n<\/div>\n\n\n\n<div class=\"wp-block-column is-layout-flow wp-block-column-is-layout-flow\">\n<figure class=\"wp-block-image size-full\"><a href=\"https:\/\/erasmus-ace.com\/medioambiente\/dimension6\/\"><img loading=\"lazy\" decoding=\"async\" width=\"320\" height=\"520\" src=\"https:\/\/erasmus-ace.com\/medioambiente\/wp-content\/uploads\/2023\/09\/06.png\" alt=\"\" class=\"wp-image-217\" srcset=\"https:\/\/erasmus-ace.com\/medioambiente\/wp-content\/uploads\/2023\/09\/06.png 320w, https:\/\/erasmus-ace.com\/medioambiente\/wp-content\/uploads\/2023\/09\/06-185x300.png 185w\" sizes=\"auto, (max-width: 320px) 100vw, 320px\" \/><\/a><\/figure>\n<\/div>\n\n\n\n<div class=\"wp-block-column is-layout-flow wp-block-column-is-layout-flow\">\n<figure class=\"wp-block-image size-full\"><a href=\"https:\/\/erasmus-ace.com\/medioambiente\/dimension7\/\"><img loading=\"lazy\" decoding=\"async\" width=\"320\" height=\"520\" src=\"https:\/\/erasmus-ace.com\/medioambiente\/wp-content\/uploads\/2023\/09\/07.png\" alt=\"\" class=\"wp-image-218\" srcset=\"https:\/\/erasmus-ace.com\/medioambiente\/wp-content\/uploads\/2023\/09\/07.png 320w, https:\/\/erasmus-ace.com\/medioambiente\/wp-content\/uploads\/2023\/09\/07-185x300.png 185w\" sizes=\"auto, (max-width: 320px) 100vw, 320px\" \/><\/a><\/figure>\n<\/div>\n<\/div>\n\n\n\n<h3 class=\"wp-block-heading has-text-align-center has-black-color has-text-color has-background\" style=\"background-color:#f8edff\"><strong><strong><strong>COMUNICACI\u00d3N ASERTIVA Y TRABAJO COLABORATIVO<\/strong><\/strong><\/strong><\/h3>\n\n\n\n<div class=\"wp-block-columns bloco5 bloco is-layout-flex wp-container-core-columns-is-layout-9d6595d7 wp-block-columns-is-layout-flex\">\n<div class=\"wp-block-column is-layout-flow wp-block-column-is-layout-flow\">\n<h4 class=\"wp-block-heading has-text-align-center has-white-color has-text-color\">Conocimientos<\/h4>\n\n\n\n<p class=\"has-black-color has-text-color has-small-font-size\">* Demuestra conocimientos de elementos necesarios para la comunicaci\u00f3n oral y escrita asertivas asi como la recepci\u00f3n de informaci\u00f3n que le permita el establecimiento de conexiones interpersonales y multidisciplinarias en distintos idiomas, apoyadas en las TICs.<\/p>\n<\/div>\n\n\n\n<div class=\"wp-block-column is-layout-flow wp-block-column-is-layout-flow\">\n<h4 class=\"wp-block-heading has-text-align-center has-white-color has-text-color\">Habilidades<\/h4>\n\n\n\n<p class=\"has-black-color has-text-color has-small-font-size\">* Desarrolla una cultura de respeto, empat\u00eda y honestidad desde el uso de la planificaci\u00f3n, la cual contribuye a la coordinaci\u00f3n del trabajo colaborativo.<\/p>\n<\/div>\n\n\n\n<div class=\"wp-block-column is-layout-flow wp-block-column-is-layout-flow\">\n<h4 class=\"wp-block-heading has-text-align-center has-white-color has-text-color\">Responsabilidades<\/h4>\n\n\n\n<p class=\"has-black-color has-text-color has-small-font-size\">* Demuestra compromiso a asumir un trabajo colaborativo retroalimentado por los otros actores y respetando la multiculturalidad.<\/p>\n<\/div>\n<\/div>\n\n\n\n<h3 class=\"wp-block-heading has-black-color has-text-color has-background\" style=\"background-color:#f8edff\">Subdimensiones<\/h3>\n\n\n<div class=\"wp-block-ub-content-toggle\" id=\"ub-content-toggle-3df722b6-a60a-4db6-8042-e915b7a4eb07\" data-mobilecollapse=\"true\" data-desktopcollapse=\"true\">\n<div class=\"wp-block-ub-content-toggle-accordion\" style=\"border-color: #dec7fa;\">\n                <div class=\"wp-block-ub-content-toggle-accordion-title-wrap\" style=\"background-color: #dec7fa;\" aria-expanded=\"false\" aria-controls=\"ub-content-toggle-panel-0-\" tabindex=\"0\">\n                    <h4 class=\"wp-block-ub-content-toggle-accordion-title ub-content-toggle-title-\" style=\"color:#000000;\">5.1 Comunicaci\u00f3n Asertiva<\/h4><div class=\"wp-block-ub-content-toggle-accordion-toggle-wrap right\"><span class=\"wp-block-ub-content-toggle-accordion-state-indicator wp-block-ub-chevron-down\"><\/span>\n                    <\/div><\/div><div role=\"region\" class=\"wp-block-ub-content-toggle-accordion-content-wrap ub-hide\" id=\"ub-content-toggle-panel-0-\">\n\n<div class=\"wp-block-columns bloco5B bloco is-layout-flex wp-container-core-columns-is-layout-9d6595d7 wp-block-columns-is-layout-flex\">\n<div class=\"wp-block-column is-layout-flow wp-block-column-is-layout-flow\">\n<h4 class=\"wp-block-heading has-text-align-center has-white-color has-text-color\">Conocimientos<\/h4>\n\n\n\n<p class=\"has-black-color has-text-color has-small-font-size\">* Comunica sus ideas de manera clara, precisa, respetando sus criterios asi como los de los dem\u00e1s.<br><br>* Usa herramientas para facilitar la comunicaci\u00f3n y expresi\u00f3n de sus ideas de manera positiva. *Demuestra capacidad para integrar las diversas ideas y criterios de los integrantes del equipo de trabajo.<\/p>\n<\/div>\n\n\n\n<div class=\"wp-block-column is-layout-flow wp-block-column-is-layout-flow\">\n<h4 class=\"wp-block-heading has-text-align-center has-white-color has-text-color\">Habilidades<\/h4>\n\n\n\n<p class=\"has-black-color has-text-color has-small-font-size\">* Genera asertividad y empat\u00eda con la audiencia demostrando coherencia entre la emoci\u00f3n y el mensaje divulgado.<\/p>\n\n\n\n<p class=\"has-black-color has-text-color has-small-font-size\">* Utiliza un lenguaje adecuado y claro seg\u00fan el contexto y la audicencia.<\/p>\n\n\n\n<p class=\"has-black-color has-text-color has-small-font-size\">* Propicia un buen clima comunicacional adoptando la perspectica del otro, logrando as\u00ed una comunicaci\u00f3n efectiva y respetuosa.<\/p>\n<\/div>\n\n\n\n<div class=\"wp-block-column is-layout-flow wp-block-column-is-layout-flow\">\n<h4 class=\"wp-block-heading has-text-align-center has-white-color has-text-color\">Responsabilidades<\/h4>\n\n\n\n<p class=\"has-black-color has-text-color has-small-font-size\">* Expresa los pensamientos, conocimientos y opiniones de manera honesta, directa y respetuosa, gestionando la informaci\u00f3n \u00e9ticamente.<\/p>\n<\/div>\n<\/div>\n\n\n\n<div class=\"wp-block-group has-background\" style=\"background-color:#f8edff\"><div class=\"wp-block-group__inner-container is-layout-constrained wp-block-group-is-layout-constrained\">\n<div style=\"height:23px\" aria-hidden=\"true\" class=\"wp-block-spacer\"><\/div>\n\n\n\n<h6 class=\"wp-block-heading has-text-align-center has-black-color has-text-color\">Archivos para descargar<br><\/h6>\n\n\n\n<div class=\"wp-block-buttons is-content-justification-center is-layout-flex wp-container-core-buttons-is-layout-16018d1d wp-block-buttons-is-layout-flex\">\n<div class=\"wp-block-button has-custom-width wp-block-button__width-25\"><a class=\"wp-block-button__link has-vivid-purple-background-color has-background wp-element-button\" href=\"https:\/\/erasmus-ace.com\/medioambiente\/wp-content\/uploads\/2023\/10\/Dimension-5-subdimension-5.1.pdf\" target=\"_blank\" rel=\"noreferrer noopener\">Actividad 1<\/a><\/div>\n<\/div>\n\n\n\n<div style=\"height:36px\" aria-hidden=\"true\" class=\"wp-block-spacer\"><\/div>\n<\/div><\/div>\n\n<\/div><\/div>\n\n<div class=\"wp-block-ub-content-toggle-accordion\" style=\"border-color: #dec7fa;\">\n                <div class=\"wp-block-ub-content-toggle-accordion-title-wrap\" style=\"background-color: #dec7fa;\" aria-expanded=\"false\" aria-controls=\"ub-content-toggle-panel-1-\" tabindex=\"0\">\n                    <h4 class=\"wp-block-ub-content-toggle-accordion-title ub-content-toggle-title-\" style=\"color:#000000;\">5.2 Gesti\u00f3n de la Comunicaci\u00f3n pro-activa<\/h4><div class=\"wp-block-ub-content-toggle-accordion-toggle-wrap right\"><span class=\"wp-block-ub-content-toggle-accordion-state-indicator wp-block-ub-chevron-down\"><\/span>\n                    <\/div><\/div><div role=\"region\" class=\"wp-block-ub-content-toggle-accordion-content-wrap ub-hide\" id=\"ub-content-toggle-panel-1-\">\n\n<div class=\"wp-block-columns bloco5 bloco is-layout-flex wp-container-core-columns-is-layout-9d6595d7 wp-block-columns-is-layout-flex\">\n<div class=\"wp-block-column is-layout-flow wp-block-column-is-layout-flow\">\n<h4 class=\"wp-block-heading has-text-align-center has-white-color has-text-color\">Conocimientos<\/h4>\n\n\n\n<p class=\"has-black-color has-text-color has-small-font-size\">* Se comunica efectivamente a trav\u00e9s del env\u00edo de documentos de gesti\u00f3n a favor de la soluci\u00f3n de situaciones sostenibles en su comunidad a nivel local, regional o global.<br><br>* Investiga las diferentes formas escritas y orales de comunicaci\u00f3n en la persecuci\u00f3n de la viabilidad de hechos concretos.<\/p>\n<\/div>\n\n\n\n<div class=\"wp-block-column is-layout-flow wp-block-column-is-layout-flow\">\n<h4 class=\"wp-block-heading has-text-align-center has-white-color has-text-color\">Habilidades<\/h4>\n\n\n\n<p class=\"has-black-color has-text-color has-small-font-size\">* Usa adecuadamente los diversos modelos y formatos con redacci\u00f3n inteligente y convincente para presentar, ante las instancias correspondientes, los resultados de la resoluci\u00f3n de problemas relacionados con la comunidad.<\/p>\n<\/div>\n\n\n\n<div class=\"wp-block-column is-layout-flow wp-block-column-is-layout-flow\">\n<h4 class=\"wp-block-heading has-text-align-center has-white-color has-text-color\">Responsabilidades<\/h4>\n\n\n\n<p class=\"has-black-color has-text-color has-small-font-size\">* Demuestra sus aportes pro-activos y de sensibildad social frente a la resoluci\u00f3n de problemas del entorno a trav\u00e9s de comunicaci\u00f3n escrita y oral eficiente.<\/p>\n<\/div>\n<\/div>\n\n\n\n<div class=\"wp-block-group has-background\" style=\"background-color:#f8edff\"><div class=\"wp-block-group__inner-container is-layout-constrained wp-block-group-is-layout-constrained\">\n<div style=\"height:23px\" aria-hidden=\"true\" class=\"wp-block-spacer\"><\/div>\n\n\n\n<h6 class=\"wp-block-heading has-text-align-center has-black-color has-text-color\">Archivos para descargar<br><\/h6>\n\n\n\n<div class=\"wp-block-buttons is-content-justification-center is-layout-flex wp-container-core-buttons-is-layout-16018d1d wp-block-buttons-is-layout-flex\">\n<div class=\"wp-block-button has-custom-width wp-block-button__width-25\"><a class=\"wp-block-button__link has-vivid-purple-background-color has-background wp-element-button\" href=\"https:\/\/erasmus-ace.com\/medioambiente\/wp-content\/uploads\/2023\/10\/Dimension-5.-Subdimension-5.2.pdf\" target=\"_blank\" rel=\"noreferrer noopener\">Actividad 1<\/a><\/div>\n<\/div>\n\n\n\n<div style=\"height:36px\" aria-hidden=\"true\" class=\"wp-block-spacer\"><\/div>\n<\/div><\/div>\n\n<\/div><\/div>\n\n<div class=\"wp-block-ub-content-toggle-accordion\" style=\"border-color: #dec7fa;\">\n                <div class=\"wp-block-ub-content-toggle-accordion-title-wrap\" style=\"background-color: #dec7fa;\" aria-expanded=\"false\" aria-controls=\"ub-content-toggle-panel-2-\" tabindex=\"0\">\n                    <h4 class=\"wp-block-ub-content-toggle-accordion-title ub-content-toggle-title-\" style=\"color:#000000;\">5.3 Trabajo Colaborativo y en equipo<\/h4><div class=\"wp-block-ub-content-toggle-accordion-toggle-wrap right\"><span class=\"wp-block-ub-content-toggle-accordion-state-indicator wp-block-ub-chevron-down\"><\/span>\n                    <\/div><\/div><div role=\"region\" class=\"wp-block-ub-content-toggle-accordion-content-wrap ub-hide\" id=\"ub-content-toggle-panel-2-\">\n\n<div class=\"wp-block-columns bloco5B bloco is-layout-flex wp-container-core-columns-is-layout-9d6595d7 wp-block-columns-is-layout-flex\">\n<div class=\"wp-block-column is-layout-flow wp-block-column-is-layout-flow\">\n<h4 class=\"wp-block-heading has-text-align-center has-white-color has-text-color\">Conocimientos<\/h4>\n\n\n\n<p class=\"has-black-color has-text-color has-small-font-size\">* Demuestra conocimiento de estrategias para trabajar colaborativamente y alcanzar metas comunes.<br><br>*Integra las capacidades de cada uno de los integrantes del equipo para lograr una sinergia.<\/p>\n\n\n\n<p class=\"has-black-color has-text-color has-small-font-size\">* Demuestra capacidad de negociaci\u00f3n de las diferentes posturas dentro del equipo de trabajo.<\/p>\n\n\n\n<p class=\"has-black-color has-text-color has-small-font-size\">* Identifica las caracter\u00edsticas de cada integrante de su equipo asignando el rol que compete a cada uno para la realizaci\u00f3n de un proyecto exitoso.<\/p>\n<\/div>\n\n\n\n<div class=\"wp-block-column is-layout-flow wp-block-column-is-layout-flow\">\n<h4 class=\"wp-block-heading has-text-align-center has-white-color has-text-color\">Habilidades<\/h4>\n\n\n\n<p class=\"has-black-color has-text-color has-small-font-size\">* Lidera equipos de trabajo empleando estrategias que maximicen la participaci\u00f3n de los integrantes del equipo y permitan la resoluci\u00f3n colectiva de un problema o el avance hacia un objetivo com\u00fan.<\/p>\n\n\n\n<p class=\"has-black-color has-text-color has-small-font-size\">* Gestiona la distribuci\u00f3n de tareas para aumentar la eficiencia y eficacia en el funcionamiento del equipo.<\/p>\n<\/div>\n\n\n\n<div class=\"wp-block-column is-layout-flow wp-block-column-is-layout-flow\">\n<h4 class=\"wp-block-heading has-text-align-center has-white-color has-text-color\">Responsabilidades<\/h4>\n\n\n\n<p class=\"has-black-color has-text-color has-small-font-size\">* Logra un ambiente adecuado para el trabajo colaborativo generando respeto entre todos los integrantes del equipo y reconociendo la participaci\u00f3n efectiva de cada miembro.<\/p>\n<\/div>\n<\/div>\n\n<\/div><\/div>\n<\/div>","protected":false},"excerpt":{"rendered":"<p>COMUNICACI\u00d3N ASERTIVA Y TRABAJO COLABORATIVO Conocimientos * Demuestra conocimientos de elementos necesarios para la comunicaci\u00f3n oral y escrita asertivas asi como la recepci\u00f3n de informaci\u00f3n que le permita el establecimiento de conexiones interpersonales y multidisciplinarias en distintos idiomas, apoyadas en las TICs. Habilidades * Desarrolla una cultura de respeto, empat\u00eda y honestidad desde el uso de la planificaci\u00f3n, la cual contribuye a la coordinaci\u00f3n del trabajo colaborativo. Responsabilidades * Demuestra compromiso a asumir un trabajo colaborativo retroalimentado por los otros actores y respetando la multiculturalidad. Subdimensiones<\/p>\n","protected":false},"author":1,"featured_media":0,"parent":0,"menu_order":0,"comment_status":"closed","ping_status":"closed","template":"","meta":{"ub_ctt_via":"","footnotes":""},"class_list":["post-374","page","type-page","status-publish","hentry"],"featured_image_src":null,"_links":{"self":[{"href":"https:\/\/erasmus-ace.com\/medioambiente\/wp-json\/wp\/v2\/pages\/374","targetHints":{"allow":["GET"]}}],"collection":[{"href":"https:\/\/erasmus-ace.com\/medioambiente\/wp-json\/wp\/v2\/pages"}],"about":[{"href":"https:\/\/erasmus-ace.com\/medioambiente\/wp-json\/wp\/v2\/types\/page"}],"author":[{"embeddable":true,"href":"https:\/\/erasmus-ace.com\/medioambiente\/wp-json\/wp\/v2\/users\/1"}],"replies":[{"embeddable":true,"href":"https:\/\/erasmus-ace.com\/medioambiente\/wp-json\/wp\/v2\/comments?post=374"}],"version-history":[{"count":11,"href":"https:\/\/erasmus-ace.com\/medioambiente\/wp-json\/wp\/v2\/pages\/374\/revisions"}],"predecessor-version":[{"id":633,"href":"https:\/\/erasmus-ace.com\/medioambiente\/wp-json\/wp\/v2\/pages\/374\/revisions\/633"}],"wp:attachment":[{"href":"https:\/\/erasmus-ace.com\/medioambiente\/wp-json\/wp\/v2\/media?parent=374"}],"curies":[{"name":"wp","href":"https:\/\/api.w.org\/{rel}","templated":true}]}}