{"id":372,"date":"2023-10-10T20:37:25","date_gmt":"2023-10-10T23:37:25","guid":{"rendered":"https:\/\/erasmus-ace.com\/medioambiente\/?page_id=372"},"modified":"2024-01-04T20:20:43","modified_gmt":"2024-01-04T23:20:43","slug":"dimension4","status":"publish","type":"page","link":"https:\/\/erasmus-ace.com\/medioambiente\/dimension4\/","title":{"rendered":"Dimensi\u00f3n 4"},"content":{"rendered":"\n<div class=\"wp-block-columns afastar is-layout-flex wp-container-core-columns-is-layout-9d6595d7 wp-block-columns-is-layout-flex\">\n<div class=\"wp-block-column is-layout-flow wp-block-column-is-layout-flow\">\n<figure class=\"wp-block-image size-full\"><a href=\"https:\/\/erasmus-ace.com\/medioambiente\/repositorio\/\"><img loading=\"lazy\" decoding=\"async\" width=\"320\" height=\"520\" src=\"https:\/\/erasmus-ace.com\/medioambiente\/wp-content\/uploads\/2023\/09\/01.png\" alt=\"\" class=\"wp-image-212\" srcset=\"https:\/\/erasmus-ace.com\/medioambiente\/wp-content\/uploads\/2023\/09\/01.png 320w, https:\/\/erasmus-ace.com\/medioambiente\/wp-content\/uploads\/2023\/09\/01-185x300.png 185w\" sizes=\"auto, (max-width: 320px) 100vw, 320px\" \/><\/a><\/figure>\n<\/div>\n\n\n\n<div class=\"wp-block-column is-layout-flow wp-block-column-is-layout-flow\">\n<figure class=\"wp-block-image size-full\"><a href=\"https:\/\/erasmus-ace.com\/medioambiente\/dimension2\/\"><img loading=\"lazy\" decoding=\"async\" width=\"320\" height=\"520\" src=\"https:\/\/erasmus-ace.com\/medioambiente\/wp-content\/uploads\/2023\/09\/02.png\" alt=\"\" class=\"wp-image-213\" srcset=\"https:\/\/erasmus-ace.com\/medioambiente\/wp-content\/uploads\/2023\/09\/02.png 320w, https:\/\/erasmus-ace.com\/medioambiente\/wp-content\/uploads\/2023\/09\/02-185x300.png 185w\" sizes=\"auto, (max-width: 320px) 100vw, 320px\" \/><\/a><\/figure>\n<\/div>\n\n\n\n<div class=\"wp-block-column is-layout-flow wp-block-column-is-layout-flow\">\n<figure class=\"wp-block-image size-full\"><a href=\"https:\/\/erasmus-ace.com\/medioambiente\/dimension3\/\"><img loading=\"lazy\" decoding=\"async\" width=\"320\" height=\"520\" src=\"https:\/\/erasmus-ace.com\/medioambiente\/wp-content\/uploads\/2023\/09\/03.png\" alt=\"\" class=\"wp-image-214\" srcset=\"https:\/\/erasmus-ace.com\/medioambiente\/wp-content\/uploads\/2023\/09\/03.png 320w, https:\/\/erasmus-ace.com\/medioambiente\/wp-content\/uploads\/2023\/09\/03-185x300.png 185w\" sizes=\"auto, (max-width: 320px) 100vw, 320px\" \/><\/a><\/figure>\n<\/div>\n\n\n\n<div class=\"wp-block-column is-layout-flow wp-block-column-is-layout-flow\">\n<figure class=\"wp-block-image size-full jump\"><a href=\"https:\/\/erasmus-ace.com\/medioambiente\/dimension4\/\"><img loading=\"lazy\" decoding=\"async\" width=\"320\" height=\"520\" src=\"https:\/\/erasmus-ace.com\/medioambiente\/wp-content\/uploads\/2023\/09\/04.png\" alt=\"\" class=\"wp-image-215\" srcset=\"https:\/\/erasmus-ace.com\/medioambiente\/wp-content\/uploads\/2023\/09\/04.png 320w, https:\/\/erasmus-ace.com\/medioambiente\/wp-content\/uploads\/2023\/09\/04-185x300.png 185w\" sizes=\"auto, (max-width: 320px) 100vw, 320px\" \/><\/a><\/figure>\n<\/div>\n\n\n\n<div class=\"wp-block-column is-layout-flow wp-block-column-is-layout-flow\">\n<figure class=\"wp-block-image size-full\"><a href=\"https:\/\/erasmus-ace.com\/medioambiente\/dimension5\/\"><img loading=\"lazy\" decoding=\"async\" width=\"322\" height=\"520\" src=\"https:\/\/erasmus-ace.com\/medioambiente\/wp-content\/uploads\/2023\/09\/05.png\" alt=\"\" class=\"wp-image-216\" srcset=\"https:\/\/erasmus-ace.com\/medioambiente\/wp-content\/uploads\/2023\/09\/05.png 322w, https:\/\/erasmus-ace.com\/medioambiente\/wp-content\/uploads\/2023\/09\/05-186x300.png 186w\" sizes=\"auto, (max-width: 322px) 100vw, 322px\" \/><\/a><\/figure>\n<\/div>\n\n\n\n<div class=\"wp-block-column is-layout-flow wp-block-column-is-layout-flow\">\n<figure class=\"wp-block-image size-full\"><a href=\"https:\/\/erasmus-ace.com\/medioambiente\/dimension6\/\"><img loading=\"lazy\" decoding=\"async\" width=\"320\" height=\"520\" src=\"https:\/\/erasmus-ace.com\/medioambiente\/wp-content\/uploads\/2023\/09\/06.png\" alt=\"\" class=\"wp-image-217\" srcset=\"https:\/\/erasmus-ace.com\/medioambiente\/wp-content\/uploads\/2023\/09\/06.png 320w, https:\/\/erasmus-ace.com\/medioambiente\/wp-content\/uploads\/2023\/09\/06-185x300.png 185w\" sizes=\"auto, (max-width: 320px) 100vw, 320px\" \/><\/a><\/figure>\n<\/div>\n\n\n\n<div class=\"wp-block-column is-layout-flow wp-block-column-is-layout-flow\">\n<figure class=\"wp-block-image size-full\"><a href=\"https:\/\/erasmus-ace.com\/medioambiente\/dimension7\/\"><img loading=\"lazy\" decoding=\"async\" width=\"320\" height=\"520\" src=\"https:\/\/erasmus-ace.com\/medioambiente\/wp-content\/uploads\/2023\/09\/07.png\" alt=\"\" class=\"wp-image-218\" srcset=\"https:\/\/erasmus-ace.com\/medioambiente\/wp-content\/uploads\/2023\/09\/07.png 320w, https:\/\/erasmus-ace.com\/medioambiente\/wp-content\/uploads\/2023\/09\/07-185x300.png 185w\" sizes=\"auto, (max-width: 320px) 100vw, 320px\" \/><\/a><\/figure>\n<\/div>\n<\/div>\n\n\n\n<h3 class=\"wp-block-heading has-text-align-center has-black-color has-text-color has-background\" style=\"background-color:#fee9e9\"><strong><strong>DISE\u00d1O Y TECNOLOG\u00cdAS APLICADOS AL AMBIENTE<\/strong><\/strong><\/h3>\n\n\n\n<div class=\"wp-block-columns bloco4 bloco is-layout-flex wp-container-core-columns-is-layout-9d6595d7 wp-block-columns-is-layout-flex\">\n<div class=\"wp-block-column is-layout-flow wp-block-column-is-layout-flow\">\n<h4 class=\"wp-block-heading has-text-align-center has-white-color has-text-color\">Conocimientos<\/h4>\n\n\n\n<p class=\"has-black-color has-text-color has-small-font-size\">* Identifica fundamentos, as\u00ed como los diferentes componentes y herramientas para el dise\u00f1o de sistemas y medidas de manejo integral de los recursos naturales y el control de la contaminaci\u00f3n en un contexto de sostenibilidad.<\/p>\n<\/div>\n\n\n\n<div class=\"wp-block-column is-layout-flow wp-block-column-is-layout-flow\">\n<h4 class=\"wp-block-heading has-text-align-center has-white-color has-text-color\">Habilidades<\/h4>\n\n\n\n<p class=\"has-black-color has-text-color has-small-font-size\">* Lidera soluciones tecnol\u00f3gicas y de gesti\u00f3n a partir del dise\u00f1o y uso de herramientas cient\u00edficas, t\u00e9cnicas e innovadoras ajustadas a contextos y necesidades particulares.<\/p>\n<\/div>\n\n\n\n<div class=\"wp-block-column is-layout-flow wp-block-column-is-layout-flow\">\n<h4 class=\"wp-block-heading has-text-align-center has-white-color has-text-color\">Responsabilidades<\/h4>\n\n\n\n<p class=\"has-black-color has-text-color has-small-font-size\">* Garantiza los m\u00e9todos de dise\u00f1o y sus implicaciones no t\u00e9cnicas (sociales, de salud y seguridad, ambientales, econ\u00f3micas, laborales e industriales) atendiendo los c\u00f3digos de \u00e9tica profesional y respetando las disposiciones legales aplicables.<\/p>\n<\/div>\n<\/div>\n\n\n\n<h3 class=\"wp-block-heading has-black-color has-text-color has-background\" style=\"background-color:#fee9e9\">Subdimensiones<\/h3>\n\n\n<div class=\"wp-block-ub-content-toggle\" id=\"ub-content-toggle-3df722b6-a60a-4db6-8042-e915b7a4eb07\" data-mobilecollapse=\"true\" data-desktopcollapse=\"true\">\n<div class=\"wp-block-ub-content-toggle-accordion\" style=\"border-color: #f9cdcd;\">\n                <div class=\"wp-block-ub-content-toggle-accordion-title-wrap\" style=\"background-color: #f9cdcd;\" aria-expanded=\"false\" aria-controls=\"ub-content-toggle-panel-0-\" tabindex=\"0\">\n                    <h4 class=\"wp-block-ub-content-toggle-accordion-title ub-content-toggle-title-\" style=\"color:#000000;\">4.1 Desarrollo y aplicaci\u00f3n de tecnolog\u00cdas para la gesti\u00f3n integral de los recursos naturales<\/h4><div class=\"wp-block-ub-content-toggle-accordion-toggle-wrap right\"><span class=\"wp-block-ub-content-toggle-accordion-state-indicator wp-block-ub-chevron-down\"><\/span>\n                    <\/div><\/div><div role=\"region\" class=\"wp-block-ub-content-toggle-accordion-content-wrap ub-hide\" id=\"ub-content-toggle-panel-0-\">\n\n<div class=\"wp-block-columns bloco4 bloco is-layout-flex wp-container-core-columns-is-layout-9d6595d7 wp-block-columns-is-layout-flex\">\n<div class=\"wp-block-column is-layout-flow wp-block-column-is-layout-flow\">\n<h4 class=\"wp-block-heading has-text-align-center has-white-color has-text-color\">Conocimientos<\/h4>\n\n\n\n<p class=\"has-black-color has-text-color has-small-font-size\">* Analiza las din\u00e1micas e interacciones relacionadas con recursos naturales: Agua, suelo, aire, energ\u00eda y servicios ecosist\u00e9micos.<br><br>* Aplica los par\u00e1metros de dise\u00f1o de ingenier\u00eda para el control del da\u00f1o y la contaminacion ambiental en los diferentes recursos naturales.<\/p>\n<\/div>\n\n\n\n<div class=\"wp-block-column is-layout-flow wp-block-column-is-layout-flow\">\n<h4 class=\"wp-block-heading has-text-align-center has-white-color has-text-color\">Habilidades<\/h4>\n\n\n\n<p class=\"has-black-color has-text-color has-small-font-size\">* Dise\u00f1a estrategias para el ahorro y uso eficiente de los recursos naturales y servicios ecosist\u00e9micos.<\/p>\n\n\n\n<p class=\"has-black-color has-text-color has-small-font-size\">* Desarrolla tecnolog\u00edas innovadoras aplicando las existentes para la prevenci\u00f3n y control de la contaminaci\u00f3n ambiental.<\/p>\n<\/div>\n\n\n\n<div class=\"wp-block-column is-layout-flow wp-block-column-is-layout-flow\">\n<h4 class=\"wp-block-heading has-text-align-center has-white-color has-text-color\">Responsabilidades<\/h4>\n\n\n\n<p class=\"has-black-color has-text-color has-small-font-size\">* Propone dise\u00f1os de sistemas de seguimiento, control y tratamiento, con criterios de sostenibilidad, respondiendo a las necesidades de las comunidades, las empresas y las dem\u00e1s \u00e1reas de desempe\u00f1o; atendiendo c\u00f3digos de \u00e9tica profesional y disposiciones legales.<\/p>\n<\/div>\n<\/div>\n\n<\/div><\/div>\n\n<div class=\"wp-block-ub-content-toggle-accordion\" style=\"border-color: #f9cdcd;\">\n                <div class=\"wp-block-ub-content-toggle-accordion-title-wrap\" style=\"background-color: #f9cdcd;\" aria-expanded=\"false\" aria-controls=\"ub-content-toggle-panel-1-\" tabindex=\"0\">\n                    <h4 class=\"wp-block-ub-content-toggle-accordion-title ub-content-toggle-title-\" style=\"color:#000000;\">4.2 Aplicaci\u00f3n de tecnolog\u00edas para mitigaci\u00f3n y adaptaci\u00f3n al cambio clim\u00e1tico<\/h4><div class=\"wp-block-ub-content-toggle-accordion-toggle-wrap right\"><span class=\"wp-block-ub-content-toggle-accordion-state-indicator wp-block-ub-chevron-down\"><\/span>\n                    <\/div><\/div><div role=\"region\" class=\"wp-block-ub-content-toggle-accordion-content-wrap ub-hide\" id=\"ub-content-toggle-panel-1-\">\n\n<div class=\"wp-block-columns bloco4 bloco is-layout-flex wp-container-core-columns-is-layout-9d6595d7 wp-block-columns-is-layout-flex\">\n<div class=\"wp-block-column is-layout-flow wp-block-column-is-layout-flow\">\n<h4 class=\"wp-block-heading has-text-align-center has-white-color has-text-color\">Conocimientos<\/h4>\n\n\n\n<p class=\"has-black-color has-text-color has-small-font-size\">* Pronostica los fen\u00f3menos del cambio clim\u00e1tico a partir de las causas, recopilaci\u00f3n, an\u00e1lisis y evaluaci\u00f3n de informaci\u00f3n relevante.<\/p>\n<\/div>\n\n\n\n<div class=\"wp-block-column is-layout-flow wp-block-column-is-layout-flow\">\n<h4 class=\"wp-block-heading has-text-align-center has-white-color has-text-color\">Habilidades<\/h4>\n\n\n\n<p class=\"has-black-color has-text-color has-small-font-size\">* Simula diferentes escenarios asociados a los efectos del cambio clim\u00e1tico.<\/p>\n\n\n\n<p class=\"has-black-color has-text-color has-small-font-size\">* Propone estrategias para la toma de<br>decisiones en la prevenci\u00f3n, soluci\u00f3n y adaptaci\u00f3n al cambio clim\u00e1tico.<\/p>\n<\/div>\n\n\n\n<div class=\"wp-block-column is-layout-flow wp-block-column-is-layout-flow\">\n<h4 class=\"wp-block-heading has-text-align-center has-white-color has-text-color\">Responsabilidades<\/h4>\n\n\n\n<p class=\"has-black-color has-text-color has-small-font-size\">* Implementa planes de prevenci\u00f3n, mitigaci\u00f3n y adaptaci\u00f3n al cambio clim\u00e1tico articul\u00e1ndolos con las necesidades de las comunidades.<\/p>\n<\/div>\n<\/div>\n\n<\/div><\/div>\n\n<div class=\"wp-block-ub-content-toggle-accordion\" style=\"border-color: #f9cdcd;\">\n                <div class=\"wp-block-ub-content-toggle-accordion-title-wrap\" style=\"background-color: #f9cdcd;\" aria-expanded=\"false\" aria-controls=\"ub-content-toggle-panel-2-\" tabindex=\"0\">\n                    <h4 class=\"wp-block-ub-content-toggle-accordion-title ub-content-toggle-title-\" style=\"color:#000000;\">4.3 An\u00e1lisis de riesgos de desastres<\/h4><div class=\"wp-block-ub-content-toggle-accordion-toggle-wrap right\"><span class=\"wp-block-ub-content-toggle-accordion-state-indicator wp-block-ub-chevron-down\"><\/span>\n                    <\/div><\/div><div role=\"region\" class=\"wp-block-ub-content-toggle-accordion-content-wrap ub-hide\" id=\"ub-content-toggle-panel-2-\">\n\n<div class=\"wp-block-columns bloco4 bloco is-layout-flex wp-container-core-columns-is-layout-9d6595d7 wp-block-columns-is-layout-flex\">\n<div class=\"wp-block-column is-layout-flow wp-block-column-is-layout-flow\">\n<h4 class=\"wp-block-heading has-text-align-center has-white-color has-text-color\">Conocimientos<\/h4>\n\n\n\n<p class=\"has-black-color has-text-color has-small-font-size\">* Reconoce las metodolog\u00edas de evaluaci\u00f3n, percepci\u00f3n, comunicaci\u00f3n, gesti\u00f3n, gobernanza y pol\u00edticas de riesgos.<\/p>\n<\/div>\n\n\n\n<div class=\"wp-block-column is-layout-flow wp-block-column-is-layout-flow\">\n<h4 class=\"wp-block-heading has-text-align-center has-white-color has-text-color\">Habilidades<\/h4>\n\n\n\n<p class=\"has-black-color has-text-color has-small-font-size\">* Aplica el an\u00e1lisis de riesgo frente a los peligros y amenazas tomando en cuenta la vulnerabilidad de las personas y las organizaciones, del sector p\u00fablico y privado y la sociedad a nivel local, regional, nacional o mundial.<\/p>\n<\/div>\n\n\n\n<div class=\"wp-block-column is-layout-flow wp-block-column-is-layout-flow\">\n<h4 class=\"wp-block-heading has-text-align-center has-white-color has-text-color\">Responsabilidades<\/h4>\n\n\n\n<p class=\"has-black-color has-text-color has-small-font-size\">* Toma decisiones basadas en el an\u00e1lisis de riesgos de desastres a nivel local, regional, nacional o mundial.<\/p>\n<\/div>\n<\/div>\n\n<\/div><\/div>\n\n<div class=\"wp-block-ub-content-toggle-accordion\" style=\"border-color: #f9cdcd;\">\n                <div class=\"wp-block-ub-content-toggle-accordion-title-wrap\" style=\"background-color: #f9cdcd;\" aria-expanded=\"false\" aria-controls=\"ub-content-toggle-panel-3-\" tabindex=\"0\">\n                    <h4 class=\"wp-block-ub-content-toggle-accordion-title ub-content-toggle-title-\" style=\"color:#000000;\">4.4 Gesti\u00f3n sustentable de la energ\u00eda, dise\u00f1o e implementaci\u00f3n de energ\u00edas renovables<\/h4><div class=\"wp-block-ub-content-toggle-accordion-toggle-wrap right\"><span class=\"wp-block-ub-content-toggle-accordion-state-indicator wp-block-ub-chevron-down\"><\/span>\n                    <\/div><\/div><div role=\"region\" class=\"wp-block-ub-content-toggle-accordion-content-wrap ub-hide\" id=\"ub-content-toggle-panel-3-\">\n\n<div class=\"wp-block-columns bloco4 bloco is-layout-flex wp-container-core-columns-is-layout-9d6595d7 wp-block-columns-is-layout-flex\">\n<div class=\"wp-block-column is-layout-flow wp-block-column-is-layout-flow\">\n<h4 class=\"wp-block-heading has-text-align-center has-white-color has-text-color\">Conocimientos<\/h4>\n\n\n\n<p class=\"has-black-color has-text-color has-small-font-size\">* Demuestra comprensi\u00f3n de las nuevas tecnolog\u00edas relacionadas con las energ\u00edas renovables para la generaci\u00f3n de energ\u00edas sostenibles.<\/p>\n<\/div>\n\n\n\n<div class=\"wp-block-column is-layout-flow wp-block-column-is-layout-flow\">\n<h4 class=\"wp-block-heading has-text-align-center has-white-color has-text-color\">Habilidades<\/h4>\n\n\n\n<p class=\"has-black-color has-text-color has-small-font-size\">* Aplica los sistemas de energ\u00edas limpias en organizaciones del sector p\u00fablico y privado.<\/p>\n<\/div>\n\n\n\n<div class=\"wp-block-column is-layout-flow wp-block-column-is-layout-flow\">\n<h4 class=\"wp-block-heading has-text-align-center has-white-color has-text-color\">Responsabilidades<\/h4>\n\n\n\n<p class=\"has-black-color has-text-color has-small-font-size\">* Propone sistemas de energ\u00eda e\u00f3lica, solar, Biomasa, fotovoltaica, respondiendo a las necesidades de las comunidades, las empresas y las dem\u00e1s \u00e1reas de desempe\u00f1o.<\/p>\n<\/div>\n<\/div>\n\n<\/div><\/div>\n\n<div class=\"wp-block-ub-content-toggle-accordion\" style=\"border-color: #f9cdcd;\">\n                <div class=\"wp-block-ub-content-toggle-accordion-title-wrap\" style=\"background-color: #f9cdcd;\" aria-expanded=\"false\" aria-controls=\"ub-content-toggle-panel-4-\" tabindex=\"0\">\n                    <h4 class=\"wp-block-ub-content-toggle-accordion-title ub-content-toggle-title-\" style=\"color:#000000;\">4.5 Dise\u00f1o de sistemas de tratamiento y gesti\u00f3n de residuos<\/h4><div class=\"wp-block-ub-content-toggle-accordion-toggle-wrap right\"><span class=\"wp-block-ub-content-toggle-accordion-state-indicator wp-block-ub-chevron-down\"><\/span>\n                    <\/div><\/div><div role=\"region\" class=\"wp-block-ub-content-toggle-accordion-content-wrap ub-hide\" id=\"ub-content-toggle-panel-4-\">\n\n<div class=\"wp-block-columns bloco4 bloco is-layout-flex wp-container-core-columns-is-layout-9d6595d7 wp-block-columns-is-layout-flex\">\n<div class=\"wp-block-column is-layout-flow wp-block-column-is-layout-flow\">\n<h4 class=\"wp-block-heading has-text-align-center has-white-color has-text-color\">Conocimientos<\/h4>\n\n\n\n<p class=\"has-black-color has-text-color has-small-font-size\">* Identifica la problem\u00e1tica de la generaci\u00f3n de los residuos y la implementaci\u00f3n de soluciones de tratamiento, disposici\u00f3n y reciclado para evitar el da\u00f1o ambiental.<\/p>\n<\/div>\n\n\n\n<div class=\"wp-block-column is-layout-flow wp-block-column-is-layout-flow\">\n<h4 class=\"wp-block-heading has-text-align-center has-white-color has-text-color\">Habilidades<\/h4>\n\n\n\n<p class=\"has-black-color has-text-color has-small-font-size\">* Dise\u00f1a tecnolog\u00edas innovadoras de calidad ambiental para la gesti\u00f3n y tratamiento eficiente de los residuos s\u00f3lidos.<\/p>\n<\/div>\n\n\n\n<div class=\"wp-block-column is-layout-flow wp-block-column-is-layout-flow\">\n<h4 class=\"wp-block-heading has-text-align-center has-white-color has-text-color\">Responsabilidades<\/h4>\n\n\n\n<p class=\"has-black-color has-text-color has-small-font-size\">* Propone estrategias y directrices para la gesti\u00f3n y tratamiento de los residuos, en el marco del trabajo colaborativo.<\/p>\n<\/div>\n<\/div>\n\n<\/div><\/div>\n\n<div class=\"wp-block-ub-content-toggle-accordion\" style=\"border-color: #f9cdcd;\">\n                <div class=\"wp-block-ub-content-toggle-accordion-title-wrap\" style=\"background-color: #f9cdcd;\" aria-expanded=\"false\" aria-controls=\"ub-content-toggle-panel-5-\" tabindex=\"0\">\n                    <h4 class=\"wp-block-ub-content-toggle-accordion-title ub-content-toggle-title-\" style=\"color:#000000;\">4.6 Dise\u00f1o de Produccion Sostenible<\/h4><div class=\"wp-block-ub-content-toggle-accordion-toggle-wrap right\"><span class=\"wp-block-ub-content-toggle-accordion-state-indicator wp-block-ub-chevron-down\"><\/span>\n                    <\/div><\/div><div role=\"region\" class=\"wp-block-ub-content-toggle-accordion-content-wrap ub-hide\" id=\"ub-content-toggle-panel-5-\">\n\n<div class=\"wp-block-columns bloco4B bloco is-layout-flex wp-container-core-columns-is-layout-9d6595d7 wp-block-columns-is-layout-flex\">\n<div class=\"wp-block-column is-layout-flow wp-block-column-is-layout-flow\">\n<h4 class=\"wp-block-heading has-text-align-center has-white-color has-text-color\">Conocimientos<\/h4>\n\n\n\n<p class=\"has-black-color has-text-color has-small-font-size\">* Identifica cada proceso productivo en base a fundamentos y conceptos elementales relacionados al dise\u00f1o de producci\u00f3n sostenible como t\u00e9rminos ambientales, econom\u00eda, tecnolog\u00edas sostenibles, procesos industriales, balance de materia y energ\u00eda, entre otros.<\/p>\n\n\n\n<p class=\"has-black-color has-text-color has-small-font-size\">* Realiza el an\u00e1lisis de ciclo de vida de productos y servicios, proponiendo la gesti\u00f3n de procesos productivos sostenibles.<\/p>\n\n\n\n<p class=\"has-black-color has-text-color has-small-font-size\">* Evalua el impacto de los procesos productivos midiendo el desempe\u00f1o ambiental y social de una organizaci\u00f3n, utilizando indicadores clave y herramientas de evaluaci\u00f3n.<\/p>\n<\/div>\n\n\n\n<div class=\"wp-block-column is-layout-flow wp-block-column-is-layout-flow\">\n<h4 class=\"wp-block-heading has-text-align-center has-white-color has-text-color\">Habilidades<\/h4>\n\n\n\n<p class=\"has-black-color has-text-color has-small-font-size\">* Aplica metodolog\u00eda de an\u00e1lisis de procesos productivos, identificando los flujos de entrada y salida representados en el balance de materia y energ\u00eda.<\/p>\n\n\n\n<p class=\"has-black-color has-text-color has-small-font-size\">* Desarrolla propuestas de mejoramiento productivo ambientalmente sostenibles.<\/p>\n<\/div>\n\n\n\n<div class=\"wp-block-column is-layout-flow wp-block-column-is-layout-flow\">\n<h4 class=\"wp-block-heading has-text-align-center has-white-color has-text-color\">Responsabilidades<\/h4>\n\n\n\n<p class=\"has-black-color has-text-color has-small-font-size\">* Garantiza eficiencia y eficacia de los procesos productivos propuestos manteniendo su compromiso con el ambiente y la responsabilidad social.<\/p>\n\n\n\n<p class=\"has-black-color has-text-color has-small-font-size\">* Fomenta la innovaci\u00f3n y el desarrollo de tecnolog\u00edas, productos y pr\u00e1cticas mediante una cultura organizacional basada en la sostenibilidad.<\/p>\n<\/div>\n<\/div>\n\n<\/div><\/div>\n<\/div>","protected":false},"excerpt":{"rendered":"<p>DISE\u00d1O Y TECNOLOG\u00cdAS APLICADOS AL AMBIENTE Conocimientos * Identifica fundamentos, as\u00ed como los diferentes componentes y herramientas para el dise\u00f1o de sistemas y medidas de manejo integral de los recursos naturales y el control de la contaminaci\u00f3n en un contexto de sostenibilidad. Habilidades * Lidera soluciones tecnol\u00f3gicas y de gesti\u00f3n a partir del dise\u00f1o y uso de herramientas cient\u00edficas, t\u00e9cnicas e innovadoras ajustadas a contextos y necesidades particulares. Responsabilidades * Garantiza los m\u00e9todos de dise\u00f1o y sus implicaciones no t\u00e9cnicas (sociales, de salud y seguridad, ambientales, econ\u00f3micas, laborales e industriales) atendiendo los c\u00f3digos de \u00e9tica profesional y respetando las disposiciones legales aplicables. Subdimensiones<\/p>\n","protected":false},"author":1,"featured_media":0,"parent":0,"menu_order":0,"comment_status":"closed","ping_status":"closed","template":"","meta":{"ub_ctt_via":"","footnotes":""},"class_list":["post-372","page","type-page","status-publish","hentry"],"featured_image_src":null,"_links":{"self":[{"href":"https:\/\/erasmus-ace.com\/medioambiente\/wp-json\/wp\/v2\/pages\/372","targetHints":{"allow":["GET"]}}],"collection":[{"href":"https:\/\/erasmus-ace.com\/medioambiente\/wp-json\/wp\/v2\/pages"}],"about":[{"href":"https:\/\/erasmus-ace.com\/medioambiente\/wp-json\/wp\/v2\/types\/page"}],"author":[{"embeddable":true,"href":"https:\/\/erasmus-ace.com\/medioambiente\/wp-json\/wp\/v2\/users\/1"}],"replies":[{"embeddable":true,"href":"https:\/\/erasmus-ace.com\/medioambiente\/wp-json\/wp\/v2\/comments?post=372"}],"version-history":[{"count":12,"href":"https:\/\/erasmus-ace.com\/medioambiente\/wp-json\/wp\/v2\/pages\/372\/revisions"}],"predecessor-version":[{"id":629,"href":"https:\/\/erasmus-ace.com\/medioambiente\/wp-json\/wp\/v2\/pages\/372\/revisions\/629"}],"wp:attachment":[{"href":"https:\/\/erasmus-ace.com\/medioambiente\/wp-json\/wp\/v2\/media?parent=372"}],"curies":[{"name":"wp","href":"https:\/\/api.w.org\/{rel}","templated":true}]}}