{"id":203,"date":"2023-09-14T20:28:56","date_gmt":"2023-09-14T23:28:56","guid":{"rendered":"https:\/\/erasmus-ace.com\/medioambiente\/?page_id=203"},"modified":"2023-09-14T20:30:19","modified_gmt":"2023-09-14T23:30:19","slug":"objetivos-y-resultados","status":"publish","type":"page","link":"https:\/\/erasmus-ace.com\/medioambiente\/objetivos-y-resultados\/","title":{"rendered":"OBJETIVOS y RESULTADOS"},"content":{"rendered":"\n<p>Los marcos de referencia internacionales propuestos pretenden guiar e inspirar la revisi\u00f3n de planes de estudio y la mejora de los procesos al interior de las instituciones de educaci\u00f3n superior que forman en el componente ambiental<\/p>\n\n\n<div class=\"wp-block-image\">\n<figure class=\"aligncenter size-full is-resized\"><img decoding=\"async\" src=\"https:\/\/erasmus-ace.com\/medioambiente\/wp-content\/uploads\/2023\/09\/image.png\" alt=\"\" class=\"wp-image-204\" style=\"width:500px\" width=\"500\" srcset=\"https:\/\/erasmus-ace.com\/medioambiente\/wp-content\/uploads\/2023\/09\/image.png 800w, https:\/\/erasmus-ace.com\/medioambiente\/wp-content\/uploads\/2023\/09\/image-300x133.png 300w, https:\/\/erasmus-ace.com\/medioambiente\/wp-content\/uploads\/2023\/09\/image-768x340.png 768w\" sizes=\"(max-width: 800px) 100vw, 800px\" \/><\/figure>\n<\/div>\n\n\n<p>Los resultados est\u00e1n constituidos por marcos de referencia a escala regional y disciplinar y por un repositorio de buenas pr\u00e1cticas de aprendizaje, ense\u00f1anza y evaluaci\u00f3n centrada en el estudiante. El primer producto est\u00e1 conformado por 7 dimensiones y sus respectivas subdimensiones. El repositorio pretende ejemplificar actividades de ense\u00f1anza-aprendizaje, con la respectiva metodolog\u00eda y evaluaci\u00f3n en el marco de algunas de las subdimensiones propuestas.<\/p>\n","protected":false},"excerpt":{"rendered":"<p>Los marcos de referencia internacionales propuestos pretenden guiar e inspirar la revisi\u00f3n de planes de estudio y la mejora de los procesos al interior de las instituciones de educaci\u00f3n superior que forman en el componente ambiental Los resultados est\u00e1n constituidos por marcos de referencia a escala regional y disciplinar y por un repositorio de buenas pr\u00e1cticas de aprendizaje, ense\u00f1anza y evaluaci\u00f3n centrada en el estudiante. El primer producto est\u00e1 conformado por 7 dimensiones y sus respectivas subdimensiones. El repositorio pretende ejemplificar actividades de ense\u00f1anza-aprendizaje, con la respectiva metodolog\u00eda y evaluaci\u00f3n en el marco de algunas de las subdimensiones propuestas.<\/p>\n","protected":false},"author":1,"featured_media":0,"parent":0,"menu_order":0,"comment_status":"closed","ping_status":"closed","template":"","meta":{"ub_ctt_via":"","footnotes":""},"class_list":["post-203","page","type-page","status-publish","hentry"],"featured_image_src":null,"_links":{"self":[{"href":"https:\/\/erasmus-ace.com\/medioambiente\/wp-json\/wp\/v2\/pages\/203","targetHints":{"allow":["GET"]}}],"collection":[{"href":"https:\/\/erasmus-ace.com\/medioambiente\/wp-json\/wp\/v2\/pages"}],"about":[{"href":"https:\/\/erasmus-ace.com\/medioambiente\/wp-json\/wp\/v2\/types\/page"}],"author":[{"embeddable":true,"href":"https:\/\/erasmus-ace.com\/medioambiente\/wp-json\/wp\/v2\/users\/1"}],"replies":[{"embeddable":true,"href":"https:\/\/erasmus-ace.com\/medioambiente\/wp-json\/wp\/v2\/comments?post=203"}],"version-history":[{"count":4,"href":"https:\/\/erasmus-ace.com\/medioambiente\/wp-json\/wp\/v2\/pages\/203\/revisions"}],"predecessor-version":[{"id":209,"href":"https:\/\/erasmus-ace.com\/medioambiente\/wp-json\/wp\/v2\/pages\/203\/revisions\/209"}],"wp:attachment":[{"href":"https:\/\/erasmus-ace.com\/medioambiente\/wp-json\/wp\/v2\/media?parent=203"}],"curies":[{"name":"wp","href":"https:\/\/api.w.org\/{rel}","templated":true}]}}