{"id":196,"date":"2023-09-14T19:56:22","date_gmt":"2023-09-14T22:56:22","guid":{"rendered":"https:\/\/erasmus-ace.com\/medioambiente\/?page_id=196"},"modified":"2024-01-05T16:54:49","modified_gmt":"2024-01-05T19:54:49","slug":"proyecto-ace","status":"publish","type":"page","link":"https:\/\/erasmus-ace.com\/medioambiente\/","title":{"rendered":"PROYECTO ACE UNIDAD DE MEDIO AMBIENTE"},"content":{"rendered":"\n<p class=\"has-background\" style=\"background-color:#fff7ed\">El proyecto ACE desde el \u00e1rea tem\u00e1tica ambiental ha desarrollado un marco de referencia regional de titulaci\u00f3n, resultado del trabajo colectivo de 4 a\u00f1os, en cuya construcci\u00f3n participaron universidades de Colombia, Per\u00fa, Paraguay, Argentina y Brasil. El marco de referencia regional o metaperfil est\u00e1 conformado por 7 dimensiones:\u00a0 Gesti\u00f3n del aprendizaje y del conocimiento, Soluci\u00f3n contextualizada de problemas ambientales, Investigaci\u00f3n y desarrollo, Dise\u00f1o y tecnolog\u00edas aplicados al ambiente, Comunicaci\u00f3n asertiva y trabajo colaborativo, Gesti\u00f3n tecnol\u00f3gica de la informaci\u00f3n y Formaci\u00f3n socioambiental. De cada una de las dimensiones se derivan subdimensiones las que conjuntamente se describen en t\u00e9rminos de resultados de aprendizaje desde los conocimientos, las habilidades y responsabilidades que contribuyen al proceso de formaci\u00f3n de un profesional en el campo ambiental.<\/p>\n\n\n\n<div style=\"height:44px\" aria-hidden=\"true\" class=\"wp-block-spacer\"><\/div>\n\n\n\n<div class=\"wp-block-buttons is-content-justification-center is-layout-flex wp-container-core-buttons-is-layout-16018d1d wp-block-buttons-is-layout-flex\">\n<div class=\"wp-block-button has-custom-width wp-block-button__width-75\"><a class=\"wp-block-button__link wp-element-button\" href=\"https:\/\/erasmus-ace.com\/medioambiente\/wp-content\/uploads\/2023\/11\/MARCO-DE-REFERENCIA-MEDIO-AMBIENTE.pdf\" target=\"_blank\" rel=\"noreferrer noopener\">Click aqu\u00ed para ver el documento completo de marco de referencia<\/a><\/div>\n\n\n\n<div class=\"wp-block-button has-custom-width wp-block-button__width-75\"><a class=\"wp-block-button__link wp-element-button\" href=\"https:\/\/erasmus-ace.com\/medioambiente\/wp-content\/uploads\/2023\/11\/REPOSITORIO-MEDIO-AMBIENTE.pdf\" target=\"_blank\" rel=\"noreferrer noopener\">Click aqu\u00ed para ver el documento de repositorio de buenas pr\u00e1cticas<\/a><\/div>\n\n\n\n<div class=\"wp-block-button has-custom-width wp-block-button__width-75\"><a class=\"wp-block-button__link wp-element-button\" href=\"https:\/\/erasmus-ace.com\/medioambiente\/wp-content\/uploads\/2023\/11\/MARCO-DE-REFERENCIA-MATRIZ.pdf\" target=\"_blank\" rel=\"noreferrer noopener\">Click aqu\u00ed para ver la matriz de dimensiones<\/a><\/div>\n<\/div>\n\n\n\n<div style=\"height:114px\" aria-hidden=\"true\" class=\"wp-block-spacer\"><\/div>\n","protected":false},"excerpt":{"rendered":"<p>El proyecto ACE desde el \u00e1rea tem\u00e1tica ambiental ha desarrollado un marco de referencia regional de titulaci\u00f3n, resultado del trabajo colectivo de 4 a\u00f1os, en cuya construcci\u00f3n participaron universidades de Colombia, Per\u00fa, Paraguay, Argentina y Brasil. El marco de referencia regional o metaperfil est\u00e1 conformado por 7 dimensiones:\u00a0 Gesti\u00f3n del aprendizaje y del conocimiento, Soluci\u00f3n contextualizada de problemas ambientales, Investigaci\u00f3n y desarrollo, Dise\u00f1o y tecnolog\u00edas aplicados al ambiente, Comunicaci\u00f3n asertiva y trabajo colaborativo, Gesti\u00f3n tecnol\u00f3gica de la informaci\u00f3n y Formaci\u00f3n socioambiental. De cada una de las dimensiones se derivan subdimensiones las que conjuntamente se describen en t\u00e9rminos de resultados de aprendizaje desde los conocimientos, las habilidades y responsabilidades que contribuyen al proceso de formaci\u00f3n de un profesional en el campo ambiental.<\/p>\n","protected":false},"author":1,"featured_media":0,"parent":0,"menu_order":0,"comment_status":"closed","ping_status":"closed","template":"","meta":{"ub_ctt_via":"","footnotes":""},"class_list":["post-196","page","type-page","status-publish","hentry"],"featured_image_src":null,"_links":{"self":[{"href":"https:\/\/erasmus-ace.com\/medioambiente\/wp-json\/wp\/v2\/pages\/196","targetHints":{"allow":["GET"]}}],"collection":[{"href":"https:\/\/erasmus-ace.com\/medioambiente\/wp-json\/wp\/v2\/pages"}],"about":[{"href":"https:\/\/erasmus-ace.com\/medioambiente\/wp-json\/wp\/v2\/types\/page"}],"author":[{"embeddable":true,"href":"https:\/\/erasmus-ace.com\/medioambiente\/wp-json\/wp\/v2\/users\/1"}],"replies":[{"embeddable":true,"href":"https:\/\/erasmus-ace.com\/medioambiente\/wp-json\/wp\/v2\/comments?post=196"}],"version-history":[{"count":12,"href":"https:\/\/erasmus-ace.com\/medioambiente\/wp-json\/wp\/v2\/pages\/196\/revisions"}],"predecessor-version":[{"id":686,"href":"https:\/\/erasmus-ace.com\/medioambiente\/wp-json\/wp\/v2\/pages\/196\/revisions\/686"}],"wp:attachment":[{"href":"https:\/\/erasmus-ace.com\/medioambiente\/wp-json\/wp\/v2\/media?parent=196"}],"curies":[{"name":"wp","href":"https:\/\/api.w.org\/{rel}","templated":true}]}}