{"id":103,"date":"2023-08-22T21:12:13","date_gmt":"2023-08-23T00:12:13","guid":{"rendered":"https:\/\/erasmus-ace.com\/medioambiente\/?page_id=103"},"modified":"2024-01-04T19:56:27","modified_gmt":"2024-01-04T22:56:27","slug":"repositorio","status":"publish","type":"page","link":"https:\/\/erasmus-ace.com\/medioambiente\/repositorio\/","title":{"rendered":"Dimensi\u00f3n 1"},"content":{"rendered":"\n<div class=\"wp-block-columns afastar is-layout-flex wp-container-core-columns-is-layout-9d6595d7 wp-block-columns-is-layout-flex\">\n<div class=\"wp-block-column is-layout-flow wp-block-column-is-layout-flow\">\n<figure class=\"wp-block-image size-full jump\"><a href=\"https:\/\/erasmus-ace.com\/medioambiente\/repositorio\/\"><img loading=\"lazy\" decoding=\"async\" width=\"320\" height=\"520\" src=\"https:\/\/erasmus-ace.com\/medioambiente\/wp-content\/uploads\/2023\/09\/01.png\" alt=\"\" class=\"wp-image-212\" srcset=\"https:\/\/erasmus-ace.com\/medioambiente\/wp-content\/uploads\/2023\/09\/01.png 320w, https:\/\/erasmus-ace.com\/medioambiente\/wp-content\/uploads\/2023\/09\/01-185x300.png 185w\" sizes=\"auto, (max-width: 320px) 100vw, 320px\" \/><\/a><\/figure>\n<\/div>\n\n\n\n<div class=\"wp-block-column is-layout-flow wp-block-column-is-layout-flow\">\n<figure class=\"wp-block-image size-full zoomimg\"><a href=\"https:\/\/erasmus-ace.com\/medioambiente\/dimension2\/\"><img loading=\"lazy\" decoding=\"async\" width=\"320\" height=\"520\" src=\"https:\/\/erasmus-ace.com\/medioambiente\/wp-content\/uploads\/2023\/09\/02.png\" alt=\"\" class=\"wp-image-213\" srcset=\"https:\/\/erasmus-ace.com\/medioambiente\/wp-content\/uploads\/2023\/09\/02.png 320w, https:\/\/erasmus-ace.com\/medioambiente\/wp-content\/uploads\/2023\/09\/02-185x300.png 185w\" sizes=\"auto, (max-width: 320px) 100vw, 320px\" \/><\/a><\/figure>\n<\/div>\n\n\n\n<div class=\"wp-block-column is-layout-flow wp-block-column-is-layout-flow\">\n<figure class=\"wp-block-image size-full\"><a href=\"https:\/\/erasmus-ace.com\/medioambiente\/dimension3\/\"><img loading=\"lazy\" decoding=\"async\" width=\"320\" height=\"520\" src=\"https:\/\/erasmus-ace.com\/medioambiente\/wp-content\/uploads\/2023\/09\/03.png\" alt=\"\" class=\"wp-image-214\" srcset=\"https:\/\/erasmus-ace.com\/medioambiente\/wp-content\/uploads\/2023\/09\/03.png 320w, https:\/\/erasmus-ace.com\/medioambiente\/wp-content\/uploads\/2023\/09\/03-185x300.png 185w\" sizes=\"auto, (max-width: 320px) 100vw, 320px\" \/><\/a><\/figure>\n<\/div>\n\n\n\n<div class=\"wp-block-column is-layout-flow wp-block-column-is-layout-flow\">\n<figure class=\"wp-block-image size-full\"><a href=\"https:\/\/erasmus-ace.com\/medioambiente\/dimension4\/\"><img loading=\"lazy\" decoding=\"async\" width=\"320\" height=\"520\" src=\"https:\/\/erasmus-ace.com\/medioambiente\/wp-content\/uploads\/2023\/09\/04.png\" alt=\"\" class=\"wp-image-215\" srcset=\"https:\/\/erasmus-ace.com\/medioambiente\/wp-content\/uploads\/2023\/09\/04.png 320w, https:\/\/erasmus-ace.com\/medioambiente\/wp-content\/uploads\/2023\/09\/04-185x300.png 185w\" sizes=\"auto, (max-width: 320px) 100vw, 320px\" \/><\/a><\/figure>\n<\/div>\n\n\n\n<div class=\"wp-block-column is-layout-flow wp-block-column-is-layout-flow\">\n<figure class=\"wp-block-image size-full\"><a href=\"https:\/\/erasmus-ace.com\/medioambiente\/dimension5\/\"><img loading=\"lazy\" decoding=\"async\" width=\"322\" height=\"520\" src=\"https:\/\/erasmus-ace.com\/medioambiente\/wp-content\/uploads\/2023\/09\/05.png\" alt=\"\" class=\"wp-image-216\" srcset=\"https:\/\/erasmus-ace.com\/medioambiente\/wp-content\/uploads\/2023\/09\/05.png 322w, https:\/\/erasmus-ace.com\/medioambiente\/wp-content\/uploads\/2023\/09\/05-186x300.png 186w\" sizes=\"auto, (max-width: 322px) 100vw, 322px\" \/><\/a><\/figure>\n<\/div>\n\n\n\n<div class=\"wp-block-column is-layout-flow wp-block-column-is-layout-flow\">\n<figure class=\"wp-block-image size-full\"><a href=\"https:\/\/erasmus-ace.com\/medioambiente\/dimension6\/\"><img loading=\"lazy\" decoding=\"async\" width=\"320\" height=\"520\" src=\"https:\/\/erasmus-ace.com\/medioambiente\/wp-content\/uploads\/2023\/09\/06.png\" alt=\"\" class=\"wp-image-217\" srcset=\"https:\/\/erasmus-ace.com\/medioambiente\/wp-content\/uploads\/2023\/09\/06.png 320w, https:\/\/erasmus-ace.com\/medioambiente\/wp-content\/uploads\/2023\/09\/06-185x300.png 185w\" sizes=\"auto, (max-width: 320px) 100vw, 320px\" \/><\/a><\/figure>\n<\/div>\n\n\n\n<div class=\"wp-block-column is-layout-flow wp-block-column-is-layout-flow\">\n<figure class=\"wp-block-image size-full\"><a href=\"https:\/\/erasmus-ace.com\/medioambiente\/dimension7\/\"><img loading=\"lazy\" decoding=\"async\" width=\"320\" height=\"520\" src=\"https:\/\/erasmus-ace.com\/medioambiente\/wp-content\/uploads\/2023\/09\/07.png\" alt=\"\" class=\"wp-image-218\" srcset=\"https:\/\/erasmus-ace.com\/medioambiente\/wp-content\/uploads\/2023\/09\/07.png 320w, https:\/\/erasmus-ace.com\/medioambiente\/wp-content\/uploads\/2023\/09\/07-185x300.png 185w\" sizes=\"auto, (max-width: 320px) 100vw, 320px\" \/><\/a><\/figure>\n<\/div>\n<\/div>\n\n\n\n<h3 class=\"wp-block-heading has-text-align-center has-black-color has-text-color has-background\" style=\"background-color:#d2ffed\">GESTI\u00d3N DEL APRENDIZAJE Y DEL CONOCIMIENTO<\/h3>\n\n\n\n<div class=\"wp-block-columns bloco1 bloco is-layout-flex wp-container-core-columns-is-layout-9d6595d7 wp-block-columns-is-layout-flex\">\n<div class=\"wp-block-column is-layout-flow wp-block-column-is-layout-flow\">\n<h4 class=\"wp-block-heading has-text-align-center has-black-color has-text-color\">Conocimientos<\/h4>\n\n\n\n<p class=\"has-black-color has-text-color has-small-font-size\">* Demuestra la cultura del aprendizaje y conocimiento continuo en ciencias b\u00e1sicas y ciencias ambientales, entre otras, y sus aplicaciones, utilizando m\u00e9todos y procesos amigables con el medio ambiente.<\/p>\n\n\n\n<p class=\"has-black-color has-text-color has-small-font-size\">* Desarrolla la capacidad de comprender los conocimientos en m\u00faltiples disciplinas, abstraerlos, analizarlos y sintetizarlos.<\/p>\n<\/div>\n\n\n\n<div class=\"wp-block-column is-layout-flow wp-block-column-is-layout-flow\">\n<h4 class=\"wp-block-heading has-text-align-center has-black-color has-text-color\">Habilidades<\/h4>\n\n\n\n<p class=\"has-black-color has-text-color has-small-font-size\">* Participa activamente de la gesti\u00f3n del aprendizaje y conocimiento de las ciencias b\u00e1sicas y de las ciencias ambientales, sus fundamentos cient\u00edficos, sus implicaciones y aplicabilidad.<br><br>* Desarrolla la habilidad de aplicar sus conocimientos y saberes para resolver situaciones problem\u00e1ticas y se comprometer\u00e1 a aprender y formarse profesionalmente para servir al contexto de las necesidades de la sociedad en la que convive.<\/p>\n<\/div>\n\n\n\n<div class=\"wp-block-column is-layout-flow wp-block-column-is-layout-flow\">\n<h4 class=\"wp-block-heading has-text-align-center has-black-color has-text-color\">Responsabilidades<\/h4>\n\n\n\n<p class=\"has-black-color has-text-color has-small-font-size\">* Demuestra compromiso en la actualizaci\u00f3n permanente y en la implementaci\u00f3n de los conocimientos para el desarrollo profesional.<\/p>\n\n\n\n<p class=\"has-black-color has-text-color has-small-font-size\">* Construye los conocimientos y saberes a partir de producci\u00f3n te\u00f3rica o procedimental sobre la gesti\u00f3n del ambiente.<\/p>\n<\/div>\n<\/div>\n\n\n\n<h3 class=\"wp-block-heading has-black-color has-text-color has-background\" style=\"background-color:#d2ffed\">Subdimensiones<\/h3>\n\n\n<div class=\"wp-block-ub-content-toggle\" id=\"ub-content-toggle-3df722b6-a60a-4db6-8042-e915b7a4eb07\" data-mobilecollapse=\"true\" data-desktopcollapse=\"true\">\n<div class=\"wp-block-ub-content-toggle-accordion\" style=\"border-color: #a5fad7;\">\n                <div class=\"wp-block-ub-content-toggle-accordion-title-wrap\" style=\"background-color: #a5fad7;\" aria-expanded=\"false\" aria-controls=\"ub-content-toggle-panel-0-\" tabindex=\"0\">\n                    <h4 class=\"wp-block-ub-content-toggle-accordion-title ub-content-toggle-title-\" style=\"color:#000000;\">1.1 Ciencias B\u00e1sicas<\/h4><div class=\"wp-block-ub-content-toggle-accordion-toggle-wrap right\"><span class=\"wp-block-ub-content-toggle-accordion-state-indicator wp-block-ub-chevron-down\"><\/span>\n                    <\/div><\/div><div role=\"region\" class=\"wp-block-ub-content-toggle-accordion-content-wrap ub-hide\" id=\"ub-content-toggle-panel-0-\">\n\n<div class=\"wp-block-columns bloco1 bloco is-layout-flex wp-container-core-columns-is-layout-9d6595d7 wp-block-columns-is-layout-flex\">\n<div class=\"wp-block-column is-layout-flow wp-block-column-is-layout-flow\">\n<h4 class=\"wp-block-heading has-text-align-center has-black-color has-text-color\">Conocimientos<\/h4>\n\n\n\n<p class=\"has-black-color has-text-color has-small-font-size\">* Demuestra comprensi\u00f3n de los fundamentos y conceptos de ciencias basicas en tem\u00e1ticas de Matem\u00e1ticas, F\u00edsica y Qu\u00edmica.<\/p>\n<\/div>\n\n\n\n<div class=\"wp-block-column is-layout-flow wp-block-column-is-layout-flow\">\n<h4 class=\"wp-block-heading has-text-align-center has-black-color has-text-color\">Habilidades<\/h4>\n\n\n\n<p class=\"has-black-color has-text-color has-small-font-size\">* Integra variables asociadas a ecuaciones matem\u00e1ticas, procesos de equilibrio qu\u00edmico, cin\u00e9tica, electricidad y magnetismo, balance de materia y energ\u00eda, termodin\u00e1mica, ecuaciones matem\u00e1ticas y representaciones gr\u00e1ficas para el futuro an\u00e1lisis de problem\u00e1ticas ambientales.<\/p>\n<\/div>\n\n\n\n<div class=\"wp-block-column is-layout-flow wp-block-column-is-layout-flow\">\n<h4 class=\"wp-block-heading has-text-align-center has-black-color has-text-color\">Responsabilidades<\/h4>\n\n\n\n<p class=\"has-black-color has-text-color has-small-font-size\">* Esta comprometido con la actualizaci\u00f3n y construccion de su conocimiento de ciencias b\u00e1sicas.<\/p>\n<\/div>\n<\/div>\n\n\n\n<div class=\"wp-block-group has-background\" style=\"background-color:#d2ffed\"><div class=\"wp-block-group__inner-container is-layout-constrained wp-block-group-is-layout-constrained\">\n<div style=\"height:23px\" aria-hidden=\"true\" class=\"wp-block-spacer\"><\/div>\n\n\n\n<h6 class=\"wp-block-heading has-text-align-center has-black-color has-text-color\">Archivos para descargar<br><\/h6>\n\n\n\n<div class=\"wp-block-buttons is-content-justification-center is-layout-flex wp-container-core-buttons-is-layout-16018d1d wp-block-buttons-is-layout-flex\">\n<div class=\"wp-block-button has-custom-width wp-block-button__width-25\"><a class=\"wp-block-button__link has-background wp-element-button\" href=\"https:\/\/erasmus-ace.com\/medioambiente\/wp-content\/uploads\/2024\/01\/Pestana-repositorio-Dimension-1-Subdimension-1.1-Actividad-1.docx.pdf\" style=\"background-color:#2d8e6a\" target=\"_blank\" rel=\"noreferrer noopener\">Actividad 1<\/a><\/div>\n\n\n\n<div class=\"wp-block-button has-custom-width wp-block-button__width-25\"><a class=\"wp-block-button__link has-background wp-element-button\" href=\"https:\/\/erasmus-ace.com\/medioambiente\/wp-content\/uploads\/2024\/01\/Pestana-repositorio-Dimension-1-Subdimension-1.1-Actividad-2.docx.pdf\" style=\"background-color:#2d8e6a\" target=\"_blank\" rel=\"noreferrer noopener\">Actividad 2<\/a><\/div>\n\n\n\n<div class=\"wp-block-button has-custom-width wp-block-button__width-25\"><a class=\"wp-block-button__link has-background wp-element-button\" href=\"https:\/\/erasmus-ace.com\/medioambiente\/wp-content\/uploads\/2023\/09\/Pestana-repositorio-Dimension-1-Subdimension-1.1-Actividad-3.pdf\" style=\"background-color:#2d8e6a\" target=\"_blank\" rel=\"noreferrer noopener\">Actividad 3<\/a><\/div>\n<\/div>\n\n\n\n<div style=\"height:36px\" aria-hidden=\"true\" class=\"wp-block-spacer\"><\/div>\n<\/div><\/div>\n\n\n\n<p><\/p>\n\n<\/div><\/div>\n\n<div class=\"wp-block-ub-content-toggle-accordion\" style=\"border-color: #a5fad7;\">\n                <div class=\"wp-block-ub-content-toggle-accordion-title-wrap\" style=\"background-color: #a5fad7;\" aria-expanded=\"false\" aria-controls=\"ub-content-toggle-panel-1-\" tabindex=\"0\">\n                    <h4 class=\"wp-block-ub-content-toggle-accordion-title ub-content-toggle-title-\" style=\"color:#000000;\">1.2 Ciencias Naturales<\/h4><div class=\"wp-block-ub-content-toggle-accordion-toggle-wrap right\"><span class=\"wp-block-ub-content-toggle-accordion-state-indicator wp-block-ub-chevron-down\"><\/span>\n                    <\/div><\/div><div role=\"region\" class=\"wp-block-ub-content-toggle-accordion-content-wrap ub-hide\" id=\"ub-content-toggle-panel-1-\">\n\n<div class=\"wp-block-columns bloco1 bloco is-layout-flex wp-container-core-columns-is-layout-9d6595d7 wp-block-columns-is-layout-flex\">\n<div class=\"wp-block-column is-layout-flow wp-block-column-is-layout-flow\">\n<h4 class=\"wp-block-heading has-text-align-center has-black-color has-text-color\">Conocimientos<\/h4>\n\n\n\n<p class=\"has-black-color has-text-color has-small-font-size\">* Apropia la simbolog\u00eda y conceptos sobre ciencias naturales: biol\u00f3gicas, geol\u00f3gicas, atmosf\u00e9ricas, hidrol\u00f3gicas, del suelo, edafol\u00f3gicas, qu\u00edmica (inorg\u00e1nica, org\u00e1nica y an\u00e1litica), y otras afines.<\/p>\n<\/div>\n\n\n\n<div class=\"wp-block-column is-layout-flow wp-block-column-is-layout-flow\">\n<h4 class=\"wp-block-heading has-text-align-center has-black-color has-text-color\">Habilidades<\/h4>\n\n\n\n<p class=\"has-black-color has-text-color has-small-font-size\">* Analiza los procesos y fen\u00f3menos naturales, la materia y energ\u00eda involucradas, para el estudio de los sistemas naturales.<\/p>\n<\/div>\n\n\n\n<div class=\"wp-block-column is-layout-flow wp-block-column-is-layout-flow\">\n<h4 class=\"wp-block-heading has-text-align-center has-black-color has-text-color\">Responsabilidades<\/h4>\n\n\n\n<p class=\"has-black-color has-text-color has-small-font-size\">* Est\u00e1 comprometido con la actualizaci\u00f3n y construcci\u00f3n de su conocimiento en ciencias naturales y con la interacci\u00f3n del medio natural.<\/p>\n<\/div>\n<\/div>\n\n<\/div><\/div>\n\n<div class=\"wp-block-ub-content-toggle-accordion\" style=\"border-color: #a5fad7;\">\n                <div class=\"wp-block-ub-content-toggle-accordion-title-wrap\" style=\"background-color: #a5fad7;\" aria-expanded=\"false\" aria-controls=\"ub-content-toggle-panel-2-\" tabindex=\"0\">\n                    <h4 class=\"wp-block-ub-content-toggle-accordion-title ub-content-toggle-title-\" style=\"color:#000000;\">1.3 Ciencias aplicadas al ambiente<\/h4><div class=\"wp-block-ub-content-toggle-accordion-toggle-wrap right\"><span class=\"wp-block-ub-content-toggle-accordion-state-indicator wp-block-ub-chevron-down\"><\/span>\n                    <\/div><\/div><div role=\"region\" class=\"wp-block-ub-content-toggle-accordion-content-wrap ub-hide\" id=\"ub-content-toggle-panel-2-\">\n\n<div class=\"wp-block-columns bloco1 bloco is-layout-flex wp-container-core-columns-is-layout-9d6595d7 wp-block-columns-is-layout-flex\">\n<div class=\"wp-block-column is-layout-flow wp-block-column-is-layout-flow\">\n<h4 class=\"wp-block-heading has-text-align-center has-black-color has-text-color\">Conocimientos<\/h4>\n\n\n\n<p class=\"has-black-color has-text-color has-small-font-size\">* Demuestra comprensi\u00f3n acerca de estad\u00edsticas, ciencias de la tierra, ciencias humanas, sociales y econ\u00f3micas, ecol\u00f3gicas, de la salud, geom\u00e1tica, qu\u00edmica y otras para el mejoramiento de la calidad ambiental.<\/p>\n<\/div>\n\n\n\n<div class=\"wp-block-column is-layout-flow wp-block-column-is-layout-flow\">\n<h4 class=\"wp-block-heading has-text-align-center has-black-color has-text-color\">Habilidades<\/h4>\n\n\n\n<p class=\"has-black-color has-text-color has-small-font-size\">* Aplica el aprendizaje en ciencias para la resoluci\u00f3n de problemas ambientales con una visi\u00f3n integral contextualizada.<\/p>\n<\/div>\n\n\n\n<div class=\"wp-block-column is-layout-flow wp-block-column-is-layout-flow\">\n<h4 class=\"wp-block-heading has-text-align-center has-black-color has-text-color\">Responsabilidades<\/h4>\n\n\n\n<p class=\"has-black-color has-text-color has-small-font-size\">* Implementa los conocimientos adquiridos cumpliendo las normas establecidas y bajo el enfoque de la sostenibilidad.<\/p>\n<\/div>\n<\/div>\n\n<\/div><\/div>\n\n<div class=\"wp-block-ub-content-toggle-accordion\" style=\"border-color: #a5fad7;\">\n                <div class=\"wp-block-ub-content-toggle-accordion-title-wrap\" style=\"background-color: #a5fad7;\" aria-expanded=\"false\" aria-controls=\"ub-content-toggle-panel-3-\" tabindex=\"0\">\n                    <h4 class=\"wp-block-ub-content-toggle-accordion-title ub-content-toggle-title-\" style=\"color:#000000;\">1.4 Ciencias aplicadas a la Ingenier\u00eda Ambiental<\/h4><div class=\"wp-block-ub-content-toggle-accordion-toggle-wrap right\"><span class=\"wp-block-ub-content-toggle-accordion-state-indicator wp-block-ub-chevron-down\"><\/span>\n                    <\/div><\/div><div role=\"region\" class=\"wp-block-ub-content-toggle-accordion-content-wrap ub-hide\" id=\"ub-content-toggle-panel-3-\">\n\n<div class=\"wp-block-columns bloco1B bloco is-layout-flex wp-container-core-columns-is-layout-9d6595d7 wp-block-columns-is-layout-flex\">\n<div class=\"wp-block-column is-layout-flow wp-block-column-is-layout-flow\">\n<h4 class=\"wp-block-heading has-text-align-center has-black-color has-text-color\">Conocimientos<\/h4>\n\n\n\n<p class=\"has-black-color has-text-color has-small-font-size\">* Identifica los sistemas h\u00eddricos, hidr\u00e1ulicos, cartogr\u00e1ficos y clim\u00e1ticos, que le permitir\u00e1n el desarrollo de obras de infraestructura ambiental (infraestructura verde) y las tecnolog\u00edas ambientales de calidad.<\/p>\n<\/div>\n\n\n\n<div class=\"wp-block-column is-layout-flow wp-block-column-is-layout-flow\">\n<h4 class=\"wp-block-heading has-text-align-center has-black-color has-text-color\">Habilidades<\/h4>\n\n\n\n<p class=\"has-black-color has-text-color has-small-font-size\">* Desarrolla balances h\u00eddricos, energ\u00e9ticos y los aplica en modelaciones cartogr\u00e1ficas y num\u00e9ricas. <br><br>* Proyecta y dise\u00f1a obras de infraestructura de Ingenier\u00eda Ambiental y de tecnolog\u00edas ambientales de calidad.<br><br>* Supervisa y eval\u00faa obras de infraestructura de Ingenier\u00eda Ambiental y de tecnolog\u00edas ambientales de calidad.<br>Dise\u00f1a sistemas de control que mitigan los impactos ambientales resultantes de procesos y operaciones productivas.<\/p>\n<\/div>\n\n\n\n<div class=\"wp-block-column is-layout-flow wp-block-column-is-layout-flow\">\n<h4 class=\"wp-block-heading has-text-align-center has-black-color has-text-color\">Responsabilidades<\/h4>\n\n\n\n<p class=\"has-black-color has-text-color has-small-font-size\">* Se actualiza continuamente en ciencia, tecnologia e ingenier\u00eda ambiental para la aplicaci\u00f3n de su conocimiento en el mejoramiento de la calidad de vida y el favorecimineto de la sostenibilidad.<\/p>\n<\/div>\n<\/div>\n\n<\/div><\/div>\n\n<div class=\"wp-block-ub-content-toggle-accordion\" style=\"border-color: #a5fad7;\">\n                <div class=\"wp-block-ub-content-toggle-accordion-title-wrap\" style=\"background-color: #a5fad7;\" aria-expanded=\"false\" aria-controls=\"ub-content-toggle-panel-4-\" tabindex=\"0\">\n                    <h4 class=\"wp-block-ub-content-toggle-accordion-title ub-content-toggle-title-\" style=\"color:#000000;\">1.5 Procesos Productivos Sustentables<\/h4><div class=\"wp-block-ub-content-toggle-accordion-toggle-wrap right\"><span class=\"wp-block-ub-content-toggle-accordion-state-indicator wp-block-ub-chevron-down\"><\/span>\n                    <\/div><\/div><div role=\"region\" class=\"wp-block-ub-content-toggle-accordion-content-wrap ub-hide\" id=\"ub-content-toggle-panel-4-\">\n\n<div class=\"wp-block-columns bloco1 bloco is-layout-flex wp-container-core-columns-is-layout-9d6595d7 wp-block-columns-is-layout-flex\">\n<div class=\"wp-block-column is-layout-flow wp-block-column-is-layout-flow\">\n<h4 class=\"wp-block-heading has-text-align-center has-black-color has-text-color\">Conocimientos<\/h4>\n\n\n\n<p class=\"has-black-color has-text-color has-small-font-size\">* Reconoce las operaciones unitarias, los flujos de entrada y salida representados en el balance de materia y el an\u00e1lisis de ciclo de vida de productos y servicios.<\/p>\n<\/div>\n\n\n\n<div class=\"wp-block-column is-layout-flow wp-block-column-is-layout-flow\">\n<h4 class=\"wp-block-heading has-text-align-center has-black-color has-text-color\">Habilidades<\/h4>\n\n\n\n<p class=\"has-black-color has-text-color has-small-font-size\">* Integra la metodolog\u00eda de an\u00e1lisis de procesos unitarios a las mejoras productivas ambientalmante amigables. <br><br>* Desarrolla eco balances para la formulaci\u00f3n de mecanismos de desarrollo limpio.<\/p>\n<\/div>\n\n\n\n<div class=\"wp-block-column is-layout-flow wp-block-column-is-layout-flow\">\n<h4 class=\"wp-block-heading has-text-align-center has-black-color has-text-color\">Responsabilidades<\/h4>\n\n\n\n<p class=\"has-black-color has-text-color has-small-font-size\">* Garantiza eficiencia y eficacia de los procesos manteniendo su compromiso con el ambiente y la responsabilidad social.<\/p>\n<\/div>\n<\/div>\n\n<\/div><\/div>\n\n<div class=\"wp-block-ub-content-toggle-accordion\" style=\"border-color: #a5fad7;\">\n                <div class=\"wp-block-ub-content-toggle-accordion-title-wrap\" style=\"background-color: #a5fad7;\" aria-expanded=\"false\" aria-controls=\"ub-content-toggle-panel-5-\" tabindex=\"0\">\n                    <h4 class=\"wp-block-ub-content-toggle-accordion-title ub-content-toggle-title-\" style=\"color:#000000;\">1.6 Econom\u00eda y Ambiente<\/h4><div class=\"wp-block-ub-content-toggle-accordion-toggle-wrap right\"><span class=\"wp-block-ub-content-toggle-accordion-state-indicator wp-block-ub-chevron-down\"><\/span>\n                    <\/div><\/div><div role=\"region\" class=\"wp-block-ub-content-toggle-accordion-content-wrap ub-hide\" id=\"ub-content-toggle-panel-5-\">\n\n<div class=\"wp-block-columns bloco1 bloco is-layout-flex wp-container-core-columns-is-layout-9d6595d7 wp-block-columns-is-layout-flex\">\n<div class=\"wp-block-column is-layout-flow wp-block-column-is-layout-flow\">\n<h4 class=\"wp-block-heading has-text-align-center has-black-color has-text-color\">Conocimientos<\/h4>\n\n\n\n<p class=\"has-black-color has-text-color has-small-font-size\">* Reconoce principios de econom\u00eda ambiental, econom\u00eda ecol\u00f3gica, econom\u00eda circular y econom\u00eda para el desarrollo sostenible en la planeaci\u00f3n estrat\u00e9gica, instrumentos e indicadores.<\/p>\n<\/div>\n\n\n\n<div class=\"wp-block-column is-layout-flow wp-block-column-is-layout-flow\">\n<h4 class=\"wp-block-heading has-text-align-center has-black-color has-text-color\">Habilidades<\/h4>\n\n\n\n<p class=\"has-black-color has-text-color has-small-font-size\">* Gestiona econom\u00edas circulares a nivel local o regional aplicando los conocimientos en el campo ambiental.<\/p>\n<\/div>\n\n\n\n<div class=\"wp-block-column is-layout-flow wp-block-column-is-layout-flow\">\n<h4 class=\"wp-block-heading has-text-align-center has-black-color has-text-color\">Responsabilidades<\/h4>\n\n\n\n<p class=\"has-black-color has-text-color has-small-font-size\">* Asume compromiso por la protecci\u00f3n de los recursos naturales.<\/p>\n<\/div>\n<\/div>\n\n<\/div><\/div>\n<\/div>","protected":false},"excerpt":{"rendered":"<p>GESTI\u00d3N DEL APRENDIZAJE Y DEL CONOCIMIENTO Conocimientos * Demuestra la cultura del aprendizaje y conocimiento continuo en ciencias b\u00e1sicas y ciencias ambientales, entre otras, y sus aplicaciones, utilizando m\u00e9todos y procesos amigables con el medio ambiente. * Desarrolla la capacidad de comprender los conocimientos en m\u00faltiples disciplinas, abstraerlos, analizarlos y sintetizarlos. Habilidades * Participa activamente de la gesti\u00f3n del aprendizaje y conocimiento de las ciencias b\u00e1sicas y de las ciencias ambientales, sus fundamentos cient\u00edficos, sus implicaciones y aplicabilidad. * Desarrolla la habilidad de aplicar sus conocimientos y saberes para resolver situaciones problem\u00e1ticas y se comprometer\u00e1 a aprender y formarse profesionalmente para servir al contexto de las necesidades de la sociedad en la que convive. Responsabilidades * Demuestra compromiso en la actualizaci\u00f3n permanente y en la implementaci\u00f3n de los conocimientos para el desarrollo profesional. * Construye los conocimientos y saberes a partir de producci\u00f3n te\u00f3rica o procedimental sobre la gesti\u00f3n del ambiente. Subdimensiones<\/p>\n","protected":false},"author":1,"featured_media":0,"parent":0,"menu_order":0,"comment_status":"closed","ping_status":"closed","template":"","meta":{"ub_ctt_via":"","footnotes":""},"class_list":["post-103","page","type-page","status-publish","hentry"],"featured_image_src":null,"_links":{"self":[{"href":"https:\/\/erasmus-ace.com\/medioambiente\/wp-json\/wp\/v2\/pages\/103","targetHints":{"allow":["GET"]}}],"collection":[{"href":"https:\/\/erasmus-ace.com\/medioambiente\/wp-json\/wp\/v2\/pages"}],"about":[{"href":"https:\/\/erasmus-ace.com\/medioambiente\/wp-json\/wp\/v2\/types\/page"}],"author":[{"embeddable":true,"href":"https:\/\/erasmus-ace.com\/medioambiente\/wp-json\/wp\/v2\/users\/1"}],"replies":[{"embeddable":true,"href":"https:\/\/erasmus-ace.com\/medioambiente\/wp-json\/wp\/v2\/comments?post=103"}],"version-history":[{"count":68,"href":"https:\/\/erasmus-ace.com\/medioambiente\/wp-json\/wp\/v2\/pages\/103\/revisions"}],"predecessor-version":[{"id":622,"href":"https:\/\/erasmus-ace.com\/medioambiente\/wp-json\/wp\/v2\/pages\/103\/revisions\/622"}],"wp:attachment":[{"href":"https:\/\/erasmus-ace.com\/medioambiente\/wp-json\/wp\/v2\/media?parent=103"}],"curies":[{"name":"wp","href":"https:\/\/api.w.org\/{rel}","templated":true}]}}