{"id":43,"date":"2023-09-13T20:02:05","date_gmt":"2023-09-13T23:02:05","guid":{"rendered":"https:\/\/erasmus-ace.com\/historia\/?page_id=43"},"modified":"2023-10-06T16:12:16","modified_gmt":"2023-10-06T19:12:16","slug":"dimension-humanistica-y-social","status":"publish","type":"page","link":"https:\/\/erasmus-ace.com\/historia\/dimension-humanistica-y-social\/","title":{"rendered":"Buenas Pr\u00e1cticas"},"content":{"rendered":"\n<div class=\"wp-block-media-text is-stacked-on-mobile is-vertically-aligned-top is-image-fill\"><figure class=\"wp-block-media-text__media\" style=\"background-image:url(https:\/\/erasmus-ace.com\/educacion\/wp-content\/uploads\/2023\/08\/diversidade800px.jpg);background-position:50% 50%\"><img decoding=\"async\" src=\"https:\/\/erasmus-ace.com\/educacion\/wp-content\/uploads\/2023\/08\/diversidade800px.jpg\" alt=\"\" class=\"wp-image-137 size-full\"\/><\/figure><div class=\"wp-block-media-text__content\">\n<p>Consideramos que toda buena pr\u00e1ctica educativa puede ser dise\u00f1ada a partir de una <strong>secuencia did\u00e1ctica<\/strong>, entendida como un conjunto de tareas dise\u00f1adas por el docente para promover la actividad de los estudiantes, de forma tal que el proceso contribuya a la formaci\u00f3n de competencias did\u00e1cticas.<\/p>\n<\/div><\/div>\n\n\n\n<div style=\"height:36px\" aria-hidden=\"true\" class=\"wp-block-spacer\"><\/div>\n\n\n<div class=\"wp-block-ub-content-toggle\" id=\"ub-content-toggle-8327127d-4bce-4862-aeef-9fdf010666cc\" data-mobilecollapse=\"false\" data-desktopcollapse=\"true\">\n<div class=\"wp-block-ub-content-toggle-accordion\">\n                <div class=\"wp-block-ub-content-toggle-accordion-title-wrap\" aria-expanded=\"false\" aria-controls=\"ub-content-toggle-panel-0-8327127d-4bce-4862-aeef-9fdf010666cc\" tabindex=\"0\">\n                    <h2 class=\"wp-block-ub-content-toggle-accordion-title ub-content-toggle-title-8327127d-4bce-4862-aeef-9fdf010666cc\">1. \u00bfQu\u00e9 son las buenas pr\u00e1cticas?<\/h2><div class=\"wp-block-ub-content-toggle-accordion-toggle-wrap right\"><span class=\"wp-block-ub-content-toggle-accordion-state-indicator wp-block-ub-chevron-down\"><\/span>\n                    <\/div><\/div><div role=\"region\" class=\"wp-block-ub-content-toggle-accordion-content-wrap ub-hide\" id=\"ub-content-toggle-panel-0-8327127d-4bce-4862-aeef-9fdf010666cc\">\n\n<p>En educaci\u00f3n , una buena pr\u00e1ctica es una iniciativa, una pol\u00edtica o un modelo de actuaci\u00f3n exitoso que mejora los procesos y resultados educativos de los estudiantes.<\/p>\n\n\n\n<p>Seg\u00fan la UNESCO, una buena pr\u00e1ctica debe ser:<\/p>\n\n\n\n<ul class=\"wp-block-list\">\n<li>Innovadora: desarrolla soluciones nuevas o creativas.<\/li>\n\n\n\n<li>Efectiva: demuestra un impacto positivo y tangible sobre la mejora.<\/li>\n\n\n\n<li>Sostenible: por sus exigencias sociales, econ\u00f3micas y medioambientales pueden mantenerse en el tiempo y producir efectos duraderos.<\/li>\n\n\n\n<li>Replicable: sirve como modelo para desarrollar pol\u00edticas, iniciativas y actuaciones en otros lugares.<\/li>\n<\/ul>\n\n<\/div><\/div>\n\n<div class=\"wp-block-ub-content-toggle-accordion\">\n                <div class=\"wp-block-ub-content-toggle-accordion-title-wrap\" aria-expanded=\"false\" aria-controls=\"ub-content-toggle-panel-1-8327127d-4bce-4862-aeef-9fdf010666cc\" tabindex=\"0\">\n                    <h2 class=\"wp-block-ub-content-toggle-accordion-title ub-content-toggle-title-8327127d-4bce-4862-aeef-9fdf010666cc\">2. \u00bfC\u00f3mo se dise\u00f1a una buena pr\u00e1ctica?<\/h2><div class=\"wp-block-ub-content-toggle-accordion-toggle-wrap right\"><span class=\"wp-block-ub-content-toggle-accordion-state-indicator wp-block-ub-chevron-down\"><\/span>\n                    <\/div><\/div><div role=\"region\" class=\"wp-block-ub-content-toggle-accordion-content-wrap ub-hide\" id=\"ub-content-toggle-panel-1-8327127d-4bce-4862-aeef-9fdf010666cc\">\n\n<div class=\"wp-block-media-text is-stacked-on-mobile\" style=\"grid-template-columns:57% auto\"><figure class=\"wp-block-media-text__media\"><img loading=\"lazy\" decoding=\"async\" width=\"999\" height=\"648\" src=\"https:\/\/erasmus-ace.com\/historia\/wp-content\/uploads\/2023\/10\/sequenciaDidadica.jpg\" alt=\"\" class=\"wp-image-95 size-full\" srcset=\"https:\/\/erasmus-ace.com\/historia\/wp-content\/uploads\/2023\/10\/sequenciaDidadica.jpg 999w, https:\/\/erasmus-ace.com\/historia\/wp-content\/uploads\/2023\/10\/sequenciaDidadica-300x195.jpg 300w, https:\/\/erasmus-ace.com\/historia\/wp-content\/uploads\/2023\/10\/sequenciaDidadica-768x498.jpg 768w\" sizes=\"auto, (max-width: 999px) 100vw, 999px\" \/><\/figure><div class=\"wp-block-media-text__content\">\n<p>Una Buena Pr\u00e1ctica puede dise\u00f1arse siguiendo el modelo de la secuencia did\u00e1ctica.<br>La secuencia did\u00e1ctica tiene un \u00f3rden interno, donde cada parte est\u00e1 relacionada con el conjunto y funciona como un sistema integrado.<\/p>\n\n\n\n<h3 class=\"wp-block-heading\"><strong>Secuencia did\u00e1ctica<\/strong><\/h3>\n\n\n\n<p>Parte del planteamiento de un problema profesional en contexto real. El egresado, deber\u00eda tener las competencias necesarias para resolver dicho problema.<\/p>\n<\/div><\/div>\n\n\n\n<div style=\"height:29px\" aria-hidden=\"true\" class=\"wp-block-spacer\"><\/div>\n\n\n\n<p>A continuaci\u00f3n podr\u00e1n encontrar una infograf\u00eda donde se enumeran las fases del dise\u00f1o de una secuencia did\u00e1ctica y todas las tareas que deben realizar tanto docentes como estudiantes. Ese proceso requerir\u00e1 la utilizaci\u00f3n de recursos y un proceso de evaluaci\u00f3n de los resultados de aprendizaje. El proceso debe estar acompa\u00f1ado de un ejercicio de metacognici\u00f3n.<\/p>\n\n\n\n<div class=\"wp-block-columns is-layout-flex wp-container-core-columns-is-layout-9d6595d7 wp-block-columns-is-layout-flex\">\n<div class=\"wp-block-column is-layout-flow wp-block-column-is-layout-flow\" style=\"flex-basis:15%\">\n<p><\/p>\n<\/div>\n\n\n\n<div class=\"wp-block-column is-layout-flow wp-block-column-is-layout-flow\" style=\"flex-basis:50%\">\n<div style=\"width: 100%;\"><div style=\"position: relative; padding-bottom: 200%; padding-top: 0; height: 0;\"><iframe loading=\"lazy\" title=\"BP como se dise\u00f1an\" frameborder=\"0\" width=\"800px\" height=\"1600px\" style=\"position: absolute; top: 0; left: 0; width: 100%; height: 100%;\" src=\"https:\/\/view.genial.ly\/64ff0f0a5cc6860018ea148d\" type=\"text\/html\" allowscriptaccess=\"always\" allowfullscreen=\"true\" scrolling=\"yes\" allownetworking=\"all\"><\/iframe> <\/div> <\/div>\n<\/div>\n\n\n\n<div class=\"wp-block-column is-layout-flow wp-block-column-is-layout-flow\" style=\"flex-basis:15%\">\n<p><\/p>\n<\/div>\n<\/div>\n\n<\/div><\/div>\n\n<div class=\"wp-block-ub-content-toggle-accordion\">\n                <div class=\"wp-block-ub-content-toggle-accordion-title-wrap\" aria-expanded=\"false\" aria-controls=\"ub-content-toggle-panel-2-8327127d-4bce-4862-aeef-9fdf010666cc\" tabindex=\"0\">\n                    <h2 class=\"wp-block-ub-content-toggle-accordion-title ub-content-toggle-title-8327127d-4bce-4862-aeef-9fdf010666cc\">3. \u00bfC\u00f3mo se valida una buena pr\u00e1ctica?<\/h2><div class=\"wp-block-ub-content-toggle-accordion-toggle-wrap right\"><span class=\"wp-block-ub-content-toggle-accordion-state-indicator wp-block-ub-chevron-down\"><\/span>\n                    <\/div><\/div><div role=\"region\" class=\"wp-block-ub-content-toggle-accordion-content-wrap ub-hide\" id=\"ub-content-toggle-panel-2-8327127d-4bce-4862-aeef-9fdf010666cc\">\n\n<p>El dise\u00f1o de toda buena pr\u00e1ctica debe finalizar por un proceso de validaci\u00f3n que ayude a integrar cada una de las fases en una secuencia coherente.&nbsp;<\/p>\n\n\n\n<p>Para realizar este proceso, a continuaci\u00f3n pueden encontrar una infograf\u00eda que lo sintetiza:<\/p>\n\n\n\n<div class=\"wp-block-columns is-layout-flex wp-container-core-columns-is-layout-9d6595d7 wp-block-columns-is-layout-flex\">\n<div class=\"wp-block-column is-layout-flow wp-block-column-is-layout-flow\" style=\"flex-basis:15%\">\n<p><\/p>\n<\/div>\n\n\n\n<div class=\"wp-block-column is-layout-flow wp-block-column-is-layout-flow\">\n<div style=\"width: 100%;\"><div style=\"position: relative; padding-bottom: 200%; padding-top: 0; height: 0;\"><iframe loading=\"lazy\" title=\"BP validaci\u00f3n\" frameborder=\"0\" width=\"800px\" height=\"1600px\" style=\"position: absolute; top: 0; left: 0; width: 100%; height: 100%;\" src=\"https:\/\/view.genial.ly\/64ff0fb92f317c00119e919d\" type=\"text\/html\" allowscriptaccess=\"always\" allowfullscreen=\"true\" scrolling=\"yes\" allownetworking=\"all\"><\/iframe> <\/div> <\/div>\n<\/div>\n\n\n\n<div class=\"wp-block-column is-layout-flow wp-block-column-is-layout-flow\" style=\"flex-basis:15%\">\n<p><\/p>\n<\/div>\n<\/div>\n\n<\/div><\/div>\n<\/div>","protected":false},"excerpt":{"rendered":"<p>Consideramos que toda buena pr\u00e1ctica educativa puede ser dise\u00f1ada a partir de una secuencia did\u00e1ctica, entendida como un conjunto de tareas dise\u00f1adas por el docente para promover la actividad de los estudiantes, de forma tal que el proceso contribuya a la formaci\u00f3n de competencias did\u00e1cticas.<\/p>\n","protected":false},"author":1,"featured_media":0,"parent":0,"menu_order":0,"comment_status":"closed","ping_status":"closed","template":"","meta":{"ub_ctt_via":"","footnotes":""},"class_list":["post-43","page","type-page","status-publish","hentry"],"featured_image_src":null,"_links":{"self":[{"href":"https:\/\/erasmus-ace.com\/historia\/wp-json\/wp\/v2\/pages\/43","targetHints":{"allow":["GET"]}}],"collection":[{"href":"https:\/\/erasmus-ace.com\/historia\/wp-json\/wp\/v2\/pages"}],"about":[{"href":"https:\/\/erasmus-ace.com\/historia\/wp-json\/wp\/v2\/types\/page"}],"author":[{"embeddable":true,"href":"https:\/\/erasmus-ace.com\/historia\/wp-json\/wp\/v2\/users\/1"}],"replies":[{"embeddable":true,"href":"https:\/\/erasmus-ace.com\/historia\/wp-json\/wp\/v2\/comments?post=43"}],"version-history":[{"count":16,"href":"https:\/\/erasmus-ace.com\/historia\/wp-json\/wp\/v2\/pages\/43\/revisions"}],"predecessor-version":[{"id":107,"href":"https:\/\/erasmus-ace.com\/historia\/wp-json\/wp\/v2\/pages\/43\/revisions\/107"}],"wp:attachment":[{"href":"https:\/\/erasmus-ace.com\/historia\/wp-json\/wp\/v2\/media?parent=43"}],"curies":[{"name":"wp","href":"https:\/\/api.w.org\/{rel}","templated":true}]}}