{"id":2,"date":"2023-08-07T18:22:34","date_gmt":"2023-08-07T21:22:34","guid":{"rendered":"https:\/\/erasmus-ace.com\/historia\/?page_id=2"},"modified":"2024-01-04T16:53:31","modified_gmt":"2024-01-04T19:53:31","slug":"pagina-exemplo","status":"publish","type":"page","link":"https:\/\/erasmus-ace.com\/historia\/","title":{"rendered":"El aprendizaje y la evaluaci\u00f3n centrados en el estudiante"},"content":{"rendered":"\n<div class=\"wp-block-media-text is-stacked-on-mobile is-vertically-aligned-top has-white-background-color has-background\" style=\"grid-template-columns:32% auto\"><figure class=\"wp-block-media-text__media\"><img loading=\"lazy\" decoding=\"async\" width=\"405\" height=\"814\" src=\"https:\/\/erasmus-ace.com\/historia\/wp-content\/uploads\/2023\/09\/historia.png\" alt=\"\" class=\"wp-image-76 size-full\" srcset=\"https:\/\/erasmus-ace.com\/historia\/wp-content\/uploads\/2023\/09\/historia.png 405w, https:\/\/erasmus-ace.com\/historia\/wp-content\/uploads\/2023\/09\/historia-149x300.png 149w\" sizes=\"auto, (max-width: 405px) 100vw, 405px\" \/><\/figure><div class=\"wp-block-media-text__content\">\n<h2 class=\"wp-block-heading\"><strong>Repositorio de buenas pr\u00e1cticas<\/strong><\/h2>\n\n\n\n<p>Consideramos que toda buena pr\u00e1ctica en educaci\u00f3n puede ser dise\u00f1ada a partir de una secuencia did\u00e1ctica, entendida como un conjunto de tareas dise\u00f1adas por el docente para promover la actividad de los estudiantes, de forma tal que el proceso contribuya a la formaci\u00f3n de las competencias. deseadas.<\/p>\n\n\n\n<div style=\"height:11px\" aria-hidden=\"true\" class=\"wp-block-spacer\"><\/div>\n\n\n\n<h2 class=\"wp-block-heading\"><strong>\u00bfC\u00f3mo navegar?<\/strong><\/h2>\n\n\n\n<p>La secuencia did\u00e1ctica tiene un orden interno, en donde cada parte est\u00e1 relacionada con el conjunto y funcionan como un sistema integrado.<\/p>\n\n\n\n<div style=\"height:11px\" aria-hidden=\"true\" class=\"wp-block-spacer\"><\/div>\n\n\n\n<h2 class=\"wp-block-heading\"><strong>Dise\u00f1o y validaci\u00f3n de una Buena Pr\u00e1ctica<\/strong><\/h2>\n\n\n\n<p>Cada una de sus partes y el modo en que se integran t validan se pueden explorar a continuaci\u00f3n.<\/p>\n\n\n\n<div style=\"height:11px\" aria-hidden=\"true\" class=\"wp-block-spacer\"><\/div>\n\n\n\n<h2 class=\"wp-block-heading\"><strong>Ejemplos de Buenas Pr\u00e1cticas<\/strong><\/h2>\n\n\n\n<p>Buenas pr\u00e1cticas en Historia: el desaf\u00edo de dise\u00f1ar tareas complejas centradas en las y los estudiantes.<\/p>\n<\/div><\/div>\n\n\n\n<div style=\"height:17px\" aria-hidden=\"true\" class=\"wp-block-spacer\"><\/div>\n\n\n\n<h4 class=\"wp-block-heading has-text-align-center has-white-color has-text-color has-background\" style=\"background-color:#503434\"><strong>El equipo ERASMUS ACE &#8211; HISTORIA<\/strong><\/h4>\n\n\n\n<p>En el a\u00f1o 2020, tres universidades fueron convocadas por el Proyecto Erasmus ACE para integrar la unidad de Historia. <\/p>\n\n\n<div class=\"wp-block-ub-content-toggle\" id=\"ub-content-toggle-c34167f9-4c6e-4dee-94e0-63f2b8d111f4\" data-mobilecollapse=\"false\" data-desktopcollapse=\"true\">\n<div class=\"wp-block-ub-content-toggle-accordion\">\n                <div class=\"wp-block-ub-content-toggle-accordion-title-wrap\" aria-expanded=\"false\" aria-controls=\"ub-content-toggle-panel-0-c34167f9-4c6e-4dee-94e0-63f2b8d111f4\" tabindex=\"0\">\n                    <p class=\"wp-block-ub-content-toggle-accordion-title ub-content-toggle-title-c34167f9-4c6e-4dee-94e0-63f2b8d111f4\"><strong> Las universidades <\/strong><\/p><div class=\"wp-block-ub-content-toggle-accordion-toggle-wrap right\"><span class=\"wp-block-ub-content-toggle-accordion-state-indicator wp-block-ub-chevron-down\"><\/span>\n                    <\/div><\/div><div role=\"region\" class=\"wp-block-ub-content-toggle-accordion-content-wrap ub-hide\" id=\"ub-content-toggle-panel-0-c34167f9-4c6e-4dee-94e0-63f2b8d111f4\">\n\n<figure class=\"wp-block-image size-large\"><img loading=\"lazy\" decoding=\"async\" width=\"1024\" height=\"793\" src=\"https:\/\/erasmus-ace.com\/historia\/wp-content\/uploads\/2023\/10\/mapa-1024x793.jpg\" alt=\"\" class=\"wp-image-90\" srcset=\"https:\/\/erasmus-ace.com\/historia\/wp-content\/uploads\/2023\/10\/mapa-1024x793.jpg 1024w, https:\/\/erasmus-ace.com\/historia\/wp-content\/uploads\/2023\/10\/mapa-300x232.jpg 300w, https:\/\/erasmus-ace.com\/historia\/wp-content\/uploads\/2023\/10\/mapa-768x595.jpg 768w, https:\/\/erasmus-ace.com\/historia\/wp-content\/uploads\/2023\/10\/mapa.jpg 1073w\" sizes=\"auto, (max-width: 1024px) 100vw, 1024px\" \/><\/figure>\n\n<\/div><\/div>\n\n<div class=\"wp-block-ub-content-toggle-accordion\">\n                <div class=\"wp-block-ub-content-toggle-accordion-title-wrap\" aria-expanded=\"false\" aria-controls=\"ub-content-toggle-panel-1-c34167f9-4c6e-4dee-94e0-63f2b8d111f4\" tabindex=\"0\">\n                    <p class=\"wp-block-ub-content-toggle-accordion-title ub-content-toggle-title-c34167f9-4c6e-4dee-94e0-63f2b8d111f4\"><strong>Los equipos de trabajo<\/strong><\/p><div class=\"wp-block-ub-content-toggle-accordion-toggle-wrap right\"><span class=\"wp-block-ub-content-toggle-accordion-state-indicator wp-block-ub-chevron-down\"><\/span>\n                    <\/div><\/div><div role=\"region\" class=\"wp-block-ub-content-toggle-accordion-content-wrap ub-hide\" id=\"ub-content-toggle-panel-1-c34167f9-4c6e-4dee-94e0-63f2b8d111f4\">\n\n<h3 class=\"wp-block-heading\"><strong>UNCUYO- ARGENTINA<\/strong><\/h3>\n\n\n\n<p><strong>Docentes<\/strong><\/p>\n\n\n\n<ul class=\"wp-block-list\">\n<li>Coord: Dr. Adolfo Omar Cueto<\/li>\n\n\n\n<li>Mgter. Viviana Ceverino<\/li>\n\n\n\n<li>Mgter. Ana Mar\u00eda Verstraete<\/li>\n\n\n\n<li>Prof. Esp. Adriana A\u00edda Garc\u00eda<\/li>\n\n\n\n<li>Prof. Esp. Leonardo Castillo<\/li>\n\n\n\n<li>Prof. Esp. Mar\u00eda Fernanda Sams\u00f3<\/li>\n<\/ul>\n\n\n\n<p><strong>Estudiantes<\/strong><\/p>\n\n\n\n<ul class=\"wp-block-list\">\n<li>Anabella Parra<\/li>\n\n\n\n<li>Agust\u00edn Silvestri<\/li>\n\n\n\n<li>Valent\u00edn Videla<\/li>\n<\/ul>\n\n\n\n<h3 class=\"wp-block-heading\"><strong>UMSA- BOLIVIA<\/strong><\/h3>\n\n\n\n<p><strong>Docentes<\/strong><\/p>\n\n\n\n<ul class=\"wp-block-list\">\n<li>Coord: Dra. Esther Aill\u00f3n<\/li>\n\n\n\n<li>Mgter. Ana Mar\u00eda del Pilar Garc\u00eda Guzm\u00e1n<\/li>\n<\/ul>\n\n\n\n<p><strong>Estudiantes<\/strong><\/p>\n\n\n\n<ul class=\"wp-block-list\">\n<li>Univ. Facundo Vargas&nbsp;<\/li>\n\n\n\n<li>Univ. Mauricio Nu\u00f1ez Calasich&nbsp;<\/li>\n\n\n\n<li>Univ. Nayra Cardozo&nbsp;<\/li>\n\n\n\n<li>Univ. Roc\u00edo Poma<\/li>\n\n\n\n<li>Univ. Solangel Bernal<\/li>\n<\/ul>\n\n\n\n<h3 class=\"wp-block-heading\"><strong>UNA- PARAGUAY<\/strong><\/h3>\n\n\n\n<p><strong>Docentes:&nbsp;<\/strong><\/p>\n\n\n\n<ul class=\"wp-block-list\">\n<li>Coord: Lic. Nilda Pereira<\/li>\n\n\n\n<li>Lic. Mariela del Pilar Cogorno,&nbsp;<\/li>\n\n\n\n<li>Lic. Jazmin Qui\u00f1onez,&nbsp;<\/li>\n\n\n\n<li>Lic. Jorge Rodas,<\/li>\n\n\n\n<li>Lic. Rodrigo Iba\u00f1ez<\/li>\n<\/ul>\n\n\n\n<p><strong>Estudiantes:&nbsp;<\/strong><\/p>\n\n\n\n<ul class=\"wp-block-list\">\n<li>Camila Bogado,&nbsp;<\/li>\n\n\n\n<li>Luz Medina,&nbsp;<\/li>\n\n\n\n<li>Cesar Ramos,&nbsp;<\/li>\n\n\n\n<li>Eudes Gonzalez<\/li>\n<\/ul>\n\n<\/div><\/div>\n<\/div>\n\n<div class=\"ub_image_slider swiper-container\" id=\"ub_image_slider_1e0e9e71-b7fb-485c-81fc-97cdb1abb6b4\" data-swiper-data='{\"loop\":true,\"pagination\":{\"el\": \".swiper-pagination\" , \"type\": \"bullets\", \"clickable\":true}\n            ,\"navigation\": {\"nextEl\": \".swiper-button-next\", \"prevEl\": \".swiper-button-prev\"},  \"keyboard\": { \"enabled\": true },\n            \"effect\": \"slide\",\"autoplay\":{\"delay\": 3000},\"simulateTouch\":false}'><div class=\"swiper-wrapper\"><figure class=\"swiper-slide\">\n        <img decoding=\"async\" src=\"https:\/\/erasmus-ace.com\/historia\/wp-content\/uploads\/2023\/10\/WhatsApp-Image-2023-09-11-at-12.11.59.jpeg\" alt=\"\"><figcaption class=\"ub_image_slider_image_caption\"> <\/figcaption><\/figure><figure class=\"swiper-slide\">\n        <img decoding=\"async\" src=\"https:\/\/erasmus-ace.com\/historia\/wp-content\/uploads\/2023\/10\/WhatsApp-Image-2023-09-11-at-12.11.28.jpeg\" alt=\"\"><figcaption class=\"ub_image_slider_image_caption\"> <\/figcaption><\/figure><figure class=\"swiper-slide\">\n        <img decoding=\"async\" src=\"https:\/\/erasmus-ace.com\/historia\/wp-content\/uploads\/2023\/10\/WhatsApp-Image-2023-09-11-at-12.10.50.jpeg\" alt=\"\"><figcaption class=\"ub_image_slider_image_caption\"> <\/figcaption><\/figure><figure class=\"swiper-slide\">\n        <img decoding=\"async\" src=\"https:\/\/erasmus-ace.com\/historia\/wp-content\/uploads\/2023\/10\/WhatsApp-Image-2023-09-11-at-12.10.34.jpeg\" alt=\"\"><figcaption class=\"ub_image_slider_image_caption\"> <\/figcaption><\/figure><\/div><div class=\"swiper-pagination\"><\/div>\n        <div class=\"swiper-button-prev\"><\/div> <div class=\"swiper-button-next\"><\/div>\n        <\/div>\n\n\n<div style=\"height:60px\" aria-hidden=\"true\" class=\"wp-block-spacer\"><\/div>\n\n\n\n<h4 class=\"wp-block-heading has-text-align-center has-white-color has-text-color has-background\" style=\"background-color:#503434\"><strong><strong>Buenas Pr\u00e1cticas<\/strong><\/strong><\/h4>\n\n\n\n<div class=\"wp-block-media-text is-stacked-on-mobile is-vertically-aligned-top is-image-fill\"><figure class=\"wp-block-media-text__media\" style=\"background-image:url(https:\/\/erasmus-ace.com\/educacion\/wp-content\/uploads\/2023\/08\/diversidade800px.jpg);background-position:50% 50%\"><img decoding=\"async\" src=\"https:\/\/erasmus-ace.com\/educacion\/wp-content\/uploads\/2023\/08\/diversidade800px.jpg\" alt=\"\" class=\"wp-image-137 size-full\"\/><\/figure><div class=\"wp-block-media-text__content\">\n<p>Consideramos que toda buena pr\u00e1ctica educativa puede ser dise\u00f1ada a partir de una <strong>secuencia did\u00e1ctica<\/strong>, entendida como un conjunto de tareas dise\u00f1adas por el docente para promover la actividad de los estudiantes, de forma tal que el proceso contribuya a la formaci\u00f3n de competencias did\u00e1cticas.<\/p>\n<\/div><\/div>\n\n\n\n<div style=\"height:36px\" aria-hidden=\"true\" class=\"wp-block-spacer\"><\/div>\n\n\n<div class=\"wp-block-ub-content-toggle\" id=\"ub-content-toggle-8523163a-7194-4395-9559-dd9666238294\" data-mobilecollapse=\"false\" data-desktopcollapse=\"true\">\n<div class=\"wp-block-ub-content-toggle-accordion\">\n                <div class=\"wp-block-ub-content-toggle-accordion-title-wrap\" aria-expanded=\"false\" aria-controls=\"ub-content-toggle-panel-0-8523163a-7194-4395-9559-dd9666238294\" tabindex=\"0\">\n                    <h2 class=\"wp-block-ub-content-toggle-accordion-title ub-content-toggle-title-8523163a-7194-4395-9559-dd9666238294\">1. \u00bfQu\u00e9 son las buenas pr\u00e1cticas?<\/h2><div class=\"wp-block-ub-content-toggle-accordion-toggle-wrap right\"><span class=\"wp-block-ub-content-toggle-accordion-state-indicator wp-block-ub-chevron-down\"><\/span>\n                    <\/div><\/div><div role=\"region\" class=\"wp-block-ub-content-toggle-accordion-content-wrap ub-hide\" id=\"ub-content-toggle-panel-0-8523163a-7194-4395-9559-dd9666238294\">\n\n<p>En educaci\u00f3n , una buena pr\u00e1ctica es una iniciativa, una pol\u00edtica o un modelo de actuaci\u00f3n exitoso que mejora los procesos y resultados educativos de los estudiantes.<\/p>\n\n\n\n<p>Seg\u00fan la UNESCO, una buena pr\u00e1ctica debe ser:<\/p>\n\n\n\n<ul class=\"wp-block-list\">\n<li>Innovadora: desarrolla soluciones nuevas o creativas.<\/li>\n\n\n\n<li>Efectiva: demuestra un impacto positivo y tangible sobre la mejora.<\/li>\n\n\n\n<li>Sostenible: por sus exigencias sociales, econ\u00f3micas y medioambientales pueden mantenerse en el tiempo y producir efectos duraderos.<\/li>\n\n\n\n<li>Replicable: sirve como modelo para desarrollar pol\u00edticas, iniciativas y actuaciones en otros lugares.<\/li>\n<\/ul>\n\n<\/div><\/div>\n\n<div class=\"wp-block-ub-content-toggle-accordion\">\n                <div class=\"wp-block-ub-content-toggle-accordion-title-wrap\" aria-expanded=\"false\" aria-controls=\"ub-content-toggle-panel-1-8523163a-7194-4395-9559-dd9666238294\" tabindex=\"0\">\n                    <h2 class=\"wp-block-ub-content-toggle-accordion-title ub-content-toggle-title-8523163a-7194-4395-9559-dd9666238294\">2. \u00bfC\u00f3mo se dise\u00f1a una buena pr\u00e1ctica?<\/h2><div class=\"wp-block-ub-content-toggle-accordion-toggle-wrap right\"><span class=\"wp-block-ub-content-toggle-accordion-state-indicator wp-block-ub-chevron-down\"><\/span>\n                    <\/div><\/div><div role=\"region\" class=\"wp-block-ub-content-toggle-accordion-content-wrap ub-hide\" id=\"ub-content-toggle-panel-1-8523163a-7194-4395-9559-dd9666238294\">\n\n<div class=\"wp-block-media-text is-stacked-on-mobile\" style=\"grid-template-columns:57% auto\"><figure class=\"wp-block-media-text__media\"><img loading=\"lazy\" decoding=\"async\" width=\"999\" height=\"648\" src=\"https:\/\/erasmus-ace.com\/historia\/wp-content\/uploads\/2023\/10\/sequenciaDidadica.jpg\" alt=\"\" class=\"wp-image-95 size-full\" srcset=\"https:\/\/erasmus-ace.com\/historia\/wp-content\/uploads\/2023\/10\/sequenciaDidadica.jpg 999w, https:\/\/erasmus-ace.com\/historia\/wp-content\/uploads\/2023\/10\/sequenciaDidadica-300x195.jpg 300w, https:\/\/erasmus-ace.com\/historia\/wp-content\/uploads\/2023\/10\/sequenciaDidadica-768x498.jpg 768w\" sizes=\"auto, (max-width: 999px) 100vw, 999px\" \/><\/figure><div class=\"wp-block-media-text__content\">\n<p>Una Buena Pr\u00e1ctica puede dise\u00f1arse siguiendo el modelo de la secuencia did\u00e1ctica.<br>La secuencia did\u00e1ctica tiene un \u00f3rden interno, donde cada parte est\u00e1 relacionada con el conjunto y funciona como un sistema integrado.<\/p>\n\n\n\n<h3 class=\"wp-block-heading\"><strong>Secuencia did\u00e1ctica<\/strong><\/h3>\n\n\n\n<p>Parte del planteamiento de un problema profesional en contexto real. El egresado, deber\u00eda tener las competencias necesarias para resolver dicho problema.<\/p>\n<\/div><\/div>\n\n\n\n<div style=\"height:29px\" aria-hidden=\"true\" class=\"wp-block-spacer\"><\/div>\n\n\n\n<p>A continuaci\u00f3n podr\u00e1n encontrar una infograf\u00eda donde se enumeran las fases del dise\u00f1o de una secuencia did\u00e1ctica y todas las tareas que deben realizar tanto docentes como estudiantes. Ese proceso requerir\u00e1 la utilizaci\u00f3n de recursos y un proceso de evaluaci\u00f3n de los resultados de aprendizaje. El proceso debe estar acompa\u00f1ado de un ejercicio de metacognici\u00f3n.<\/p>\n\n\n\n<div class=\"wp-block-columns is-layout-flex wp-container-core-columns-is-layout-9d6595d7 wp-block-columns-is-layout-flex\">\n<div class=\"wp-block-column is-layout-flow wp-block-column-is-layout-flow\" style=\"flex-basis:15%\">\n<p><\/p>\n<\/div>\n\n\n\n<div class=\"wp-block-column is-layout-flow wp-block-column-is-layout-flow\" style=\"flex-basis:50%\">\n<div style=\"width: 100%;\"><div style=\"position: relative; padding-bottom: 200%; padding-top: 0; height: 0;\"><iframe loading=\"lazy\" title=\"BP como se dise\u00f1an\" frameborder=\"0\" width=\"800px\" height=\"1600px\" style=\"position: absolute; top: 0; left: 0; width: 100%; height: 100%;\" src=\"https:\/\/view.genial.ly\/64ff0f0a5cc6860018ea148d\" type=\"text\/html\" allowscriptaccess=\"always\" allowfullscreen=\"true\" scrolling=\"yes\" allownetworking=\"all\"><\/iframe> <\/div> <\/div>\n<\/div>\n\n\n\n<div class=\"wp-block-column is-layout-flow wp-block-column-is-layout-flow\" style=\"flex-basis:15%\">\n<p><\/p>\n<\/div>\n<\/div>\n\n<\/div><\/div>\n\n<div class=\"wp-block-ub-content-toggle-accordion\">\n                <div class=\"wp-block-ub-content-toggle-accordion-title-wrap\" aria-expanded=\"false\" aria-controls=\"ub-content-toggle-panel-2-8523163a-7194-4395-9559-dd9666238294\" tabindex=\"0\">\n                    <h2 class=\"wp-block-ub-content-toggle-accordion-title ub-content-toggle-title-8523163a-7194-4395-9559-dd9666238294\">3. \u00bfC\u00f3mo se valida una buena pr\u00e1ctica?<\/h2><div class=\"wp-block-ub-content-toggle-accordion-toggle-wrap right\"><span class=\"wp-block-ub-content-toggle-accordion-state-indicator wp-block-ub-chevron-down\"><\/span>\n                    <\/div><\/div><div role=\"region\" class=\"wp-block-ub-content-toggle-accordion-content-wrap ub-hide\" id=\"ub-content-toggle-panel-2-8523163a-7194-4395-9559-dd9666238294\">\n\n<p>El dise\u00f1o de toda buena pr\u00e1ctica debe finalizar por un proceso de validaci\u00f3n que ayude a integrar cada una de las fases en una secuencia coherente.&nbsp;<\/p>\n\n\n\n<p>Para realizar este proceso, a continuaci\u00f3n pueden encontrar una infograf\u00eda que lo sintetiza:<\/p>\n\n\n\n<div class=\"wp-block-columns is-layout-flex wp-container-core-columns-is-layout-9d6595d7 wp-block-columns-is-layout-flex\">\n<div class=\"wp-block-column is-layout-flow wp-block-column-is-layout-flow\" style=\"flex-basis:15%\">\n<p><\/p>\n<\/div>\n\n\n\n<div class=\"wp-block-column is-layout-flow wp-block-column-is-layout-flow\">\n<div style=\"width: 100%;\"><div style=\"position: relative; padding-bottom: 200%; padding-top: 0; height: 0;\"><iframe loading=\"lazy\" title=\"BP validaci\u00f3n\" frameborder=\"0\" width=\"800px\" height=\"1600px\" style=\"position: absolute; top: 0; left: 0; width: 100%; height: 100%;\" src=\"https:\/\/view.genial.ly\/64ff0fb92f317c00119e919d\" type=\"text\/html\" allowscriptaccess=\"always\" allowfullscreen=\"true\" scrolling=\"yes\" allownetworking=\"all\"><\/iframe> <\/div> <\/div>\n<\/div>\n\n\n\n<div class=\"wp-block-column is-layout-flow wp-block-column-is-layout-flow\" style=\"flex-basis:15%\">\n<p><\/p>\n<\/div>\n<\/div>\n\n<\/div><\/div>\n<\/div>\n\n\n<div style=\"height:60px\" aria-hidden=\"true\" class=\"wp-block-spacer\"><\/div>\n\n\n\n<h4 class=\"wp-block-heading has-text-align-center has-white-color has-text-color has-background\" style=\"background-color:#503434\"><strong><strong>Meta perfil del Egresado de Historia<\/strong><\/strong><\/h4>\n\n\n\n<p>Desde el a\u00f1o 2020 hemos trabajado en el desarrollo y puesta en com\u00fan de Meta Perfiles para las\/los graduadas\/os en Historia de Am\u00e9rica del Sur.<\/p>\n\n\n\n<p>El objetivo fue construir titulaciones compatibles, comparables, y relevantes para nuestras sociedades, con niveles de calidad y excelencia acordes.&nbsp;<\/p>\n\n\n\n<p>De acuerdo a lo anterior, nos propusimos las y los miembros de las tres unidades ACE Historia elaborar una propuesta de dimensiones que reflejen los perfiles de egreso. Cada dimensi\u00f3n tiene descriptores que se sustentan en tres saberes perseguidos en la formaci\u00f3n superior de nuestras\/os estudiantes: saber (conocimientos), saber hacer (habilidades) y saber ser (basado en la actitud de responsabilidad sobre aquello que se aprende).<\/p>\n\n\n\n<p>A continuaci\u00f3n podr\u00e1n explorar cada dimensi\u00f3n del Perfil del Egresado\/a de Historia de Am\u00e9rica del Sur.<\/p>\n\n\n\n<div class=\"wp-block-columns is-layout-flex wp-container-core-columns-is-layout-9d6595d7 wp-block-columns-is-layout-flex\">\n<div class=\"wp-block-column is-layout-flow wp-block-column-is-layout-flow\">\n<figure class=\"wp-block-image size-full\"><a href=\"https:\/\/erasmus-ace.com\/historia\/dimension1\/\"><img loading=\"lazy\" decoding=\"async\" width=\"320\" height=\"520\" src=\"https:\/\/erasmus-ace.com\/historia\/wp-content\/uploads\/2023\/10\/d1.png\" alt=\"\" class=\"wp-image-109\" srcset=\"https:\/\/erasmus-ace.com\/historia\/wp-content\/uploads\/2023\/10\/d1.png 320w, https:\/\/erasmus-ace.com\/historia\/wp-content\/uploads\/2023\/10\/d1-185x300.png 185w\" sizes=\"auto, (max-width: 320px) 100vw, 320px\" \/><\/a><\/figure>\n<\/div>\n\n\n\n<div class=\"wp-block-column is-layout-flow wp-block-column-is-layout-flow\">\n<figure class=\"wp-block-image size-full\"><a href=\"https:\/\/erasmus-ace.com\/historia\/dimension2\/\"><img loading=\"lazy\" decoding=\"async\" width=\"320\" height=\"520\" src=\"https:\/\/erasmus-ace.com\/historia\/wp-content\/uploads\/2023\/10\/d2.png\" alt=\"\" class=\"wp-image-110\" srcset=\"https:\/\/erasmus-ace.com\/historia\/wp-content\/uploads\/2023\/10\/d2.png 320w, https:\/\/erasmus-ace.com\/historia\/wp-content\/uploads\/2023\/10\/d2-185x300.png 185w\" sizes=\"auto, (max-width: 320px) 100vw, 320px\" \/><\/a><\/figure>\n<\/div>\n\n\n\n<div class=\"wp-block-column is-layout-flow wp-block-column-is-layout-flow\">\n<figure class=\"wp-block-image size-full\"><a href=\"https:\/\/erasmus-ace.com\/historia\/dimension3\/\"><img loading=\"lazy\" decoding=\"async\" width=\"320\" height=\"520\" src=\"https:\/\/erasmus-ace.com\/historia\/wp-content\/uploads\/2023\/10\/d3.png\" alt=\"\" class=\"wp-image-111\" srcset=\"https:\/\/erasmus-ace.com\/historia\/wp-content\/uploads\/2023\/10\/d3.png 320w, https:\/\/erasmus-ace.com\/historia\/wp-content\/uploads\/2023\/10\/d3-185x300.png 185w\" sizes=\"auto, (max-width: 320px) 100vw, 320px\" \/><\/a><\/figure>\n<\/div>\n\n\n\n<div class=\"wp-block-column is-layout-flow wp-block-column-is-layout-flow\">\n<figure class=\"wp-block-image size-full\"><a href=\"https:\/\/erasmus-ace.com\/historia\/dimension4\/\"><img loading=\"lazy\" decoding=\"async\" width=\"320\" height=\"520\" src=\"https:\/\/erasmus-ace.com\/historia\/wp-content\/uploads\/2023\/10\/d4.png\" alt=\"\" class=\"wp-image-112\" srcset=\"https:\/\/erasmus-ace.com\/historia\/wp-content\/uploads\/2023\/10\/d4.png 320w, https:\/\/erasmus-ace.com\/historia\/wp-content\/uploads\/2023\/10\/d4-185x300.png 185w\" sizes=\"auto, (max-width: 320px) 100vw, 320px\" \/><\/a><\/figure>\n<\/div>\n<\/div>\n","protected":false},"excerpt":{"rendered":"<p>El equipo ERASMUS ACE &#8211; HISTORIA En el a\u00f1o 2020, tres universidades fueron convocadas por el Proyecto Erasmus ACE para integrar la unidad de Historia. Buenas Pr\u00e1cticas Consideramos que toda buena pr\u00e1ctica educativa puede ser dise\u00f1ada a partir de una secuencia did\u00e1ctica, entendida como un conjunto de tareas dise\u00f1adas por el docente para promover la [&hellip;]<\/p>\n","protected":false},"author":1,"featured_media":0,"parent":0,"menu_order":0,"comment_status":"closed","ping_status":"open","template":"","meta":{"ub_ctt_via":"","footnotes":""},"class_list":["post-2","page","type-page","status-publish","hentry"],"featured_image_src":null,"_links":{"self":[{"href":"https:\/\/erasmus-ace.com\/historia\/wp-json\/wp\/v2\/pages\/2","targetHints":{"allow":["GET"]}}],"collection":[{"href":"https:\/\/erasmus-ace.com\/historia\/wp-json\/wp\/v2\/pages"}],"about":[{"href":"https:\/\/erasmus-ace.com\/historia\/wp-json\/wp\/v2\/types\/page"}],"author":[{"embeddable":true,"href":"https:\/\/erasmus-ace.com\/historia\/wp-json\/wp\/v2\/users\/1"}],"replies":[{"embeddable":true,"href":"https:\/\/erasmus-ace.com\/historia\/wp-json\/wp\/v2\/comments?post=2"}],"version-history":[{"count":14,"href":"https:\/\/erasmus-ace.com\/historia\/wp-json\/wp\/v2\/pages\/2\/revisions"}],"predecessor-version":[{"id":237,"href":"https:\/\/erasmus-ace.com\/historia\/wp-json\/wp\/v2\/pages\/2\/revisions\/237"}],"wp:attachment":[{"href":"https:\/\/erasmus-ace.com\/historia\/wp-json\/wp\/v2\/media?parent=2"}],"curies":[{"name":"wp","href":"https:\/\/api.w.org\/{rel}","templated":true}]}}