{"id":149,"date":"2023-10-06T18:22:35","date_gmt":"2023-10-06T21:22:35","guid":{"rendered":"https:\/\/erasmus-ace.com\/historia\/?page_id=149"},"modified":"2023-10-17T16:59:28","modified_gmt":"2023-10-17T19:59:28","slug":"dimension4","status":"publish","type":"page","link":"https:\/\/erasmus-ace.com\/historia\/dimension4\/","title":{"rendered":"DIMENSI\u00d3N 4"},"content":{"rendered":"\n<h3 class=\"wp-block-heading has-text-align-center has-background\" style=\"background-color:#fdcccf\">Gesti\u00f3n del Patrimonio Hist\u00f3rico-cultural<\/h3>\n\n\n\n<div style=\"height:35px\" aria-hidden=\"true\" class=\"wp-block-spacer\"><\/div>\n\n\n\n<div class=\"wp-block-columns bloco4 bloco is-layout-flex wp-container-core-columns-is-layout-9d6595d7 wp-block-columns-is-layout-flex\">\n<div class=\"wp-block-column is-layout-flow wp-block-column-is-layout-flow\">\n<h4 class=\"wp-block-heading has-text-align-center\">Conocimientos<\/h4>\n\n\n\n<p>Conoce la legislaci\u00f3n internacional, nacional, regional y local acerca de la concepci\u00f3n, cuidado y preservaci\u00f3n del patrimonio cultural en todas sus dimensiones.<\/p>\n<\/div>\n\n\n\n<div class=\"wp-block-column is-layout-flow wp-block-column-is-layout-flow\">\n<h4 class=\"wp-block-heading has-text-align-center\">Habilidades<\/h4>\n\n\n\n<p>Interpreta las necesidades locales en relaci\u00f3n con las problem\u00e1ticas coyunturales de legislaci\u00f3n, presupuesto y pol\u00edtica cultural.<\/p>\n<\/div>\n\n\n\n<div class=\"wp-block-column is-layout-flow wp-block-column-is-layout-flow\">\n<h4 class=\"wp-block-heading has-text-align-center\">Responsabilidades<\/h4>\n\n\n\n<p>Brega por la defensa del patrimonio cultural desde enfoques cient\u00edficos transdisciplinarios que no afecten el derecho y el respeto a la diversidad cultural \u2013 identitaria y los valores democr\u00e1ticos.<\/p>\n<\/div>\n<\/div>\n\n\n\n<h3 class=\"wp-block-heading has-background\" style=\"background-color:#fdcccf\">Subdimensiones<\/h3>\n\n\n<div class=\"wp-block-ub-content-toggle\" id=\"ub-content-toggle-b60c2463-099a-4223-8a85-da5fea9bbc7e\" data-mobilecollapse=\"true\" data-desktopcollapse=\"true\">\n<div class=\"wp-block-ub-content-toggle-accordion\">\n                <div class=\"wp-block-ub-content-toggle-accordion-title-wrap\" aria-expanded=\"false\" aria-controls=\"ub-content-toggle-panel-0-b60c2463-099a-4223-8a85-da5fea9bbc7e\" tabindex=\"0\">\n                    <p class=\"wp-block-ub-content-toggle-accordion-title ub-content-toggle-title-b60c2463-099a-4223-8a85-da5fea9bbc7e\"><strong><strong><strong><strong>4.1.: Legislaci\u00f3n y patrimonio<\/strong><\/strong><\/strong><\/strong><\/p><div class=\"wp-block-ub-content-toggle-accordion-toggle-wrap right\"><span class=\"wp-block-ub-content-toggle-accordion-state-indicator wp-block-ub-chevron-down\"><\/span>\n                    <\/div><\/div><div role=\"region\" class=\"wp-block-ub-content-toggle-accordion-content-wrap ub-hide\" id=\"ub-content-toggle-panel-0-b60c2463-099a-4223-8a85-da5fea9bbc7e\">\n\n<div class=\"wp-block-columns bloco4 bloco is-layout-flex wp-container-core-columns-is-layout-9d6595d7 wp-block-columns-is-layout-flex\">\n<div class=\"wp-block-column is-layout-flow wp-block-column-is-layout-flow\">\n<h4 class=\"wp-block-heading has-text-align-center\">Conocimientos<\/h4>\n\n\n\n<p>Conoce la legislaci\u00f3n nacional e internacional sobre la salvaguarda del patrimonio cultural y los procedimientos administrativos para su aplicaci\u00f3n.<\/p>\n<\/div>\n\n\n\n<div class=\"wp-block-column is-layout-flow wp-block-column-is-layout-flow\">\n<h4 class=\"wp-block-heading has-text-align-center\">Habilidades<\/h4>\n\n\n\n<p>Identifica la legislaci\u00f3n particular que protege los bienes declarados de inter\u00e9s hist\u00f3rico patrimonial, a nivel local y regional.<\/p>\n<\/div>\n\n\n\n<div class=\"wp-block-column is-layout-flow wp-block-column-is-layout-flow\">\n<h4 class=\"wp-block-heading has-text-align-center\">Responsabilidades<\/h4>\n\n\n\n<p>Preserva la memoria hist\u00f3rica en todas sus formas como parte del compromiso social con la ciencia hist\u00f3rica.<\/p>\n<\/div>\n<\/div>\n\n\n\n<div class=\"wp-block-columns is-layout-flex wp-container-core-columns-is-layout-9d6595d7 wp-block-columns-is-layout-flex\">\n<div class=\"wp-block-column is-layout-flow wp-block-column-is-layout-flow\" style=\"flex-basis:15%\">\n<p><\/p>\n<\/div>\n\n\n\n<div class=\"wp-block-column is-layout-flow wp-block-column-is-layout-flow\">\n<div style=\"width: 100%;\"><div style=\"position: relative; padding-bottom: 200%; padding-top: 0; height: 0;\"><iframe loading=\"lazy\" title=\"BP 4.1 - 4.3\" frameborder=\"0\" width=\"800px\" height=\"1600px\" style=\"position: absolute; top: 0; left: 0; width: 100%; height: 100%;\" src=\"https:\/\/view.genial.ly\/651433fcd932330011c81c84\" type=\"text\/html\" allowscriptaccess=\"always\" allowfullscreen=\"true\" scrolling=\"yes\" allownetworking=\"all\"><\/iframe> <\/div> <\/div>\n<\/div>\n\n\n\n<div class=\"wp-block-column is-layout-flow wp-block-column-is-layout-flow\" style=\"flex-basis:15%\">\n<p><\/p>\n<\/div>\n<\/div>\n\n\n\n<div class=\"wp-block-group has-background\" style=\"background-color:#fdcccf\"><div class=\"wp-block-group__inner-container is-layout-constrained wp-block-group-is-layout-constrained\">\n<h4 class=\"wp-block-heading\"><strong>Archivos para descargar<\/strong><\/h4>\n\n\n\n<div class=\"wp-block-buttons is-layout-flex wp-block-buttons-is-layout-flex\">\n<div class=\"wp-block-button has-custom-width wp-block-button__width-25\"><a class=\"wp-block-button__link has-white-color has-text-color has-background wp-element-button\" href=\"https:\/\/erasmus-ace.com\/historia\/wp-content\/uploads\/2023\/10\/Buena-Practica-en-4.1-4.3.docx-1.pdf\" style=\"background-color:#e24956\" target=\"_blank\" rel=\"noreferrer noopener\">Acceder<\/a><\/div>\n<\/div>\n\n\n\n<div style=\"height:22px\" aria-hidden=\"true\" class=\"wp-block-spacer\"><\/div>\n<\/div><\/div>\n\n\n\n<div style=\"height:36px\" aria-hidden=\"true\" class=\"wp-block-spacer\"><\/div>\n\n\n\n<p><\/p>\n\n<\/div><\/div>\n\n<div class=\"wp-block-ub-content-toggle-accordion\">\n                <div class=\"wp-block-ub-content-toggle-accordion-title-wrap\" aria-expanded=\"false\" aria-controls=\"ub-content-toggle-panel-1-b60c2463-099a-4223-8a85-da5fea9bbc7e\" tabindex=\"0\">\n                    <p class=\"wp-block-ub-content-toggle-accordion-title ub-content-toggle-title-b60c2463-099a-4223-8a85-da5fea9bbc7e\"><strong><strong><strong><strong>4.2. Gesti\u00f3n del Patrimonio hist\u00f3rico &#8211; cultural<\/strong><\/strong><\/strong><\/strong><\/p><div class=\"wp-block-ub-content-toggle-accordion-toggle-wrap right\"><span class=\"wp-block-ub-content-toggle-accordion-state-indicator wp-block-ub-chevron-down\"><\/span>\n                    <\/div><\/div><div role=\"region\" class=\"wp-block-ub-content-toggle-accordion-content-wrap ub-hide\" id=\"ub-content-toggle-panel-1-b60c2463-099a-4223-8a85-da5fea9bbc7e\">\n\n<div class=\"wp-block-columns bloco4L bloco is-layout-flex wp-container-core-columns-is-layout-9d6595d7 wp-block-columns-is-layout-flex\">\n<div class=\"wp-block-column is-layout-flow wp-block-column-is-layout-flow\">\n<h4 class=\"wp-block-heading has-text-align-center\">Conocimientos<\/h4>\n\n\n\n<p>&#8211; Reconoce los fundamentos te\u00f3ricos que definen las categor\u00edas de bienes y sitios patrimoniales con valor hist\u00f3rico, tanto como lo referido a su administraci\u00f3n y puesta en valor para el uso y el disfrute de la comunidad.<\/p>\n<\/div>\n\n\n\n<div class=\"wp-block-column is-layout-flow wp-block-column-is-layout-flow\">\n<h4 class=\"wp-block-heading has-text-align-center\">Habilidades<\/h4>\n\n\n\n<p>-Analiza la aplicaci\u00f3n de estrategias de pol\u00edticas p\u00fablicas y privadas para la salvaguarda, investigaci\u00f3n y difusi\u00f3n del patrimonio hist\u00f3rico cultural.-<\/p>\n\n\n\n<p>&#8211; Elabora una narrativa hist\u00f3rica de car\u00e1cter p\u00fablico, dirigida a un amplio espectro de audiencia, y comprometida con el contexto actual y los diversos actores sociales involucrados.<\/p>\n<\/div>\n\n\n\n<div class=\"wp-block-column is-layout-flow wp-block-column-is-layout-flow\">\n<h4 class=\"wp-block-heading has-text-align-center\">Responsabilidades<\/h4>\n\n\n\n<p>&#8211; Genera pol\u00edticas colaborativas e interdisciplinarias para resguardar y difundir las identidades, la diversidad cultural y orientar la pr\u00e1ctica de la interculturalidad, con creatividad y&nbsp; tolerancia, con el fin de colaborar en la construcci\u00f3n de la ciudadan\u00eda.<\/p>\n\n\n\n<p>&#8211; Promueve la investigaci\u00f3n y producci\u00f3n en el campo de la Historia p\u00fablica atendiendo a los diversos actores y memorias subalternas y\/o relegadas.<\/p>\n<\/div>\n<\/div>\n\n\n\n<div class=\"wp-block-columns is-layout-flex wp-container-core-columns-is-layout-9d6595d7 wp-block-columns-is-layout-flex\">\n<div class=\"wp-block-column is-layout-flow wp-block-column-is-layout-flow\" style=\"flex-basis:15%\">\n<p><\/p>\n<\/div>\n\n\n\n<div class=\"wp-block-column is-layout-flow wp-block-column-is-layout-flow\">\n<div style=\"width: 100%;\"><div style=\"position: relative; padding-bottom: 200%; padding-top: 0; height: 0;\"><iframe loading=\"lazy\" title=\"BP 4.2\" frameborder=\"0\" width=\"800px\" height=\"1600px\" style=\"position: absolute; top: 0; left: 0; width: 100%; height: 100%;\" src=\"https:\/\/view.genial.ly\/651436ab7e5f71001182b57a\" type=\"text\/html\" allowscriptaccess=\"always\" allowfullscreen=\"true\" scrolling=\"yes\" allownetworking=\"all\"><\/iframe> <\/div> <\/div>\n<\/div>\n\n\n\n<div class=\"wp-block-column is-layout-flow wp-block-column-is-layout-flow\" style=\"flex-basis:15%\">\n<p><\/p>\n<\/div>\n<\/div>\n\n\n\n<div class=\"wp-block-group has-background\" style=\"background-color:#fdcccf\"><div class=\"wp-block-group__inner-container is-layout-constrained wp-block-group-is-layout-constrained\">\n<h4 class=\"wp-block-heading\"><strong>Archivos para descargar<\/strong><\/h4>\n\n\n\n<div class=\"wp-block-buttons is-layout-flex wp-block-buttons-is-layout-flex\">\n<div class=\"wp-block-button has-custom-width wp-block-button__width-25\"><a class=\"wp-block-button__link has-white-color has-text-color has-background wp-element-button\" href=\"https:\/\/erasmus-ace.com\/historia\/wp-content\/uploads\/2023\/10\/Buena-Practica-en-4.2-1.pdf\" style=\"background-color:#e24956\" target=\"_blank\" rel=\"noreferrer noopener\">Acceder<\/a><\/div>\n<\/div>\n\n\n\n<div style=\"height:22px\" aria-hidden=\"true\" class=\"wp-block-spacer\"><\/div>\n<\/div><\/div>\n\n\n\n<p><\/p>\n\n<\/div><\/div>\n\n<div class=\"wp-block-ub-content-toggle-accordion\">\n                <div class=\"wp-block-ub-content-toggle-accordion-title-wrap\" aria-expanded=\"false\" aria-controls=\"ub-content-toggle-panel-2-b60c2463-099a-4223-8a85-da5fea9bbc7e\" tabindex=\"0\">\n                    <p class=\"wp-block-ub-content-toggle-accordion-title ub-content-toggle-title-b60c2463-099a-4223-8a85-da5fea9bbc7e\"><strong><strong>4.3.: Prevenci\u00f3n, conservaci\u00f3n y restauraci\u00f3n del patrimonio<\/strong><\/strong><\/p><div class=\"wp-block-ub-content-toggle-accordion-toggle-wrap right\"><span class=\"wp-block-ub-content-toggle-accordion-state-indicator wp-block-ub-chevron-down\"><\/span>\n                    <\/div><\/div><div role=\"region\" class=\"wp-block-ub-content-toggle-accordion-content-wrap ub-hide\" id=\"ub-content-toggle-panel-2-b60c2463-099a-4223-8a85-da5fea9bbc7e\">\n\n<div class=\"wp-block-columns bloco4L bloco is-layout-flex wp-container-core-columns-is-layout-9d6595d7 wp-block-columns-is-layout-flex\">\n<div class=\"wp-block-column is-layout-flow wp-block-column-is-layout-flow\">\n<h4 class=\"wp-block-heading has-text-align-center\">Conocimientos<\/h4>\n\n\n\n<p>-Reconoce la diversidad patrimonial y los procesos de construcci\u00f3n del patrimonio.&nbsp;<\/p>\n\n\n\n<p>&#8211; Conoce los paradigmas de la preservaci\u00f3n, conservaci\u00f3n, sostenibilidad y sustentabilidad del patrimonio hist\u00f3rico cultural.<\/p>\n<\/div>\n\n\n\n<div class=\"wp-block-column is-layout-flow wp-block-column-is-layout-flow\">\n<h4 class=\"wp-block-heading has-text-align-center\">Habilidades<\/h4>\n\n\n\n<p>&#8211; Planifica pol\u00edticas culturales p\u00fablicas y privadas que apoyen la salvaguarda, investigaci\u00f3n y difusi\u00f3n del patrimonio hist\u00f3rico cultural en todas sus dimensiones.<\/p>\n\n\n\n<p>&#8211; Problematiza la relaci\u00f3n entre patrimonio y turismo regulando su impacto y consecuencias con el fin de afianzar la memoria y la identidad cultural.<\/p>\n<\/div>\n\n\n\n<div class=\"wp-block-column is-layout-flow wp-block-column-is-layout-flow\">\n<h4 class=\"wp-block-heading has-text-align-center\">Responsabilidades<\/h4>\n\n\n\n<p>-Promueve la prevenci\u00f3n, conservaci\u00f3n y restauraci\u00f3n del patrimonio hist\u00f3rico-cultural como herramienta de afianzamiento de la memoria e identidad cultural.&nbsp;<\/p>\n\n\n\n<p>&#8211; Trabaja por los derechos de las personas a conocer, interpretar y disfrutar del patrimonio cultural sin que esto afecte los derechos identitarios ni atente contra los valores democr\u00e1ticos.<\/p>\n<\/div>\n<\/div>\n\n\n\n<div class=\"wp-block-columns is-layout-flex wp-container-core-columns-is-layout-9d6595d7 wp-block-columns-is-layout-flex\">\n<div class=\"wp-block-column is-layout-flow wp-block-column-is-layout-flow\" style=\"flex-basis:15%\">\n<p><\/p>\n<\/div>\n\n\n\n<div class=\"wp-block-column is-layout-flow wp-block-column-is-layout-flow\">\n<div style=\"width: 100%;\"><div style=\"position: relative; padding-bottom: 200%; padding-top: 0; height: 0;\"><iframe loading=\"lazy\" title=\"BP 4.1 - 4.3\" frameborder=\"0\" width=\"800px\" height=\"1600px\" style=\"position: absolute; top: 0; left: 0; width: 100%; height: 100%;\" src=\"https:\/\/view.genial.ly\/651433fcd932330011c81c84\" type=\"text\/html\" allowscriptaccess=\"always\" allowfullscreen=\"true\" scrolling=\"yes\" allownetworking=\"all\"><\/iframe> <\/div> <\/div>\n<\/div>\n\n\n\n<div class=\"wp-block-column is-layout-flow wp-block-column-is-layout-flow\" style=\"flex-basis:15%\">\n<p><\/p>\n<\/div>\n<\/div>\n\n\n\n<div class=\"wp-block-group has-background\" style=\"background-color:#fdcccf\"><div class=\"wp-block-group__inner-container is-layout-constrained wp-block-group-is-layout-constrained\">\n<h4 class=\"wp-block-heading\"><strong>Archivos para descargar<\/strong><\/h4>\n\n\n\n<div class=\"wp-block-buttons is-layout-flex wp-block-buttons-is-layout-flex\">\n<div class=\"wp-block-button has-custom-width wp-block-button__width-25\"><a class=\"wp-block-button__link has-white-color has-text-color has-background wp-element-button\" href=\"https:\/\/erasmus-ace.com\/historia\/wp-content\/uploads\/2023\/10\/Buena-Practica-en-4.1-4.3.docx-1.pdf\" style=\"background-color:#e24956\" target=\"_blank\" rel=\"noreferrer noopener\">Acceder<\/a><\/div>\n<\/div>\n\n\n\n<div style=\"height:22px\" aria-hidden=\"true\" class=\"wp-block-spacer\"><\/div>\n<\/div><\/div>\n\n<\/div><\/div>\n<\/div>","protected":false},"excerpt":{"rendered":"<p>Gesti\u00f3n del Patrimonio Hist\u00f3rico-cultural Conocimientos Conoce la legislaci\u00f3n internacional, nacional, regional y local acerca de la concepci\u00f3n, cuidado y preservaci\u00f3n del patrimonio cultural en todas sus dimensiones. Habilidades Interpreta las necesidades locales en relaci\u00f3n con las problem\u00e1ticas coyunturales de legislaci\u00f3n, presupuesto y pol\u00edtica cultural. Responsabilidades Brega por la defensa del patrimonio cultural desde enfoques cient\u00edficos [&hellip;]<\/p>\n","protected":false},"author":1,"featured_media":0,"parent":0,"menu_order":0,"comment_status":"closed","ping_status":"closed","template":"","meta":{"ub_ctt_via":"","footnotes":""},"class_list":["post-149","page","type-page","status-publish","hentry"],"featured_image_src":null,"_links":{"self":[{"href":"https:\/\/erasmus-ace.com\/historia\/wp-json\/wp\/v2\/pages\/149","targetHints":{"allow":["GET"]}}],"collection":[{"href":"https:\/\/erasmus-ace.com\/historia\/wp-json\/wp\/v2\/pages"}],"about":[{"href":"https:\/\/erasmus-ace.com\/historia\/wp-json\/wp\/v2\/types\/page"}],"author":[{"embeddable":true,"href":"https:\/\/erasmus-ace.com\/historia\/wp-json\/wp\/v2\/users\/1"}],"replies":[{"embeddable":true,"href":"https:\/\/erasmus-ace.com\/historia\/wp-json\/wp\/v2\/comments?post=149"}],"version-history":[{"count":4,"href":"https:\/\/erasmus-ace.com\/historia\/wp-json\/wp\/v2\/pages\/149\/revisions"}],"predecessor-version":[{"id":231,"href":"https:\/\/erasmus-ace.com\/historia\/wp-json\/wp\/v2\/pages\/149\/revisions\/231"}],"wp:attachment":[{"href":"https:\/\/erasmus-ace.com\/historia\/wp-json\/wp\/v2\/media?parent=149"}],"curies":[{"name":"wp","href":"https:\/\/api.w.org\/{rel}","templated":true}]}}