{"id":142,"date":"2023-10-06T18:07:55","date_gmt":"2023-10-06T21:07:55","guid":{"rendered":"https:\/\/erasmus-ace.com\/historia\/?page_id=142"},"modified":"2023-10-17T16:58:42","modified_gmt":"2023-10-17T19:58:42","slug":"dimension3","status":"publish","type":"page","link":"https:\/\/erasmus-ace.com\/historia\/dimension3\/","title":{"rendered":"DIMENSI\u00d3N 3"},"content":{"rendered":"\n<h3 class=\"wp-block-heading has-text-align-center has-background\" style=\"background-color:#ffca99\">Comunicaci\u00f3n, divulgaci\u00f3n y difusi\u00f3n del conocimiento hist\u00f3rico cient\u00edfico<\/h3>\n\n\n\n<div style=\"height:35px\" aria-hidden=\"true\" class=\"wp-block-spacer\"><\/div>\n\n\n\n<div class=\"wp-block-columns bloco3 bloco is-layout-flex wp-container-core-columns-is-layout-9d6595d7 wp-block-columns-is-layout-flex\">\n<div class=\"wp-block-column is-layout-flow wp-block-column-is-layout-flow\">\n<h4 class=\"wp-block-heading has-text-align-center\">Conocimientos<\/h4>\n\n\n\n<p>Conoce el lenguaje apropiado para los diferentes medios y \u00e1mbitos de comunicaci\u00f3n, adecuados a la intencionalidad y a la situaci\u00f3n comunicativa local y regional.<\/p>\n<\/div>\n\n\n\n<div class=\"wp-block-column is-layout-flow wp-block-column-is-layout-flow\">\n<h4 class=\"wp-block-heading has-text-align-center\">Habilidades<\/h4>\n\n\n\n<p>Establece v\u00ednculos y relaciones inter y transdisciplinarios en el proceso de investigaci\u00f3n hist\u00f3rica para lograr la producci\u00f3n de conocimiento y la resoluci\u00f3n de problemas profesionales de manera aut\u00f3noma y colaborativa.<\/p>\n<\/div>\n\n\n\n<div class=\"wp-block-column is-layout-flow wp-block-column-is-layout-flow\">\n<h4 class=\"wp-block-heading has-text-align-center\">Responsabilidades<\/h4>\n\n\n\n<p>Produce y comunica adecuadamente los resultados de los aprendizajes a trav\u00e9s de diversos registros de forma oral, escrita y multimedial.<\/p>\n<\/div>\n<\/div>\n\n\n\n<h3 class=\"wp-block-heading has-background\" style=\"background-color:#ffca99\">Subdimensiones<\/h3>\n\n\n<div class=\"wp-block-ub-content-toggle\" id=\"ub-content-toggle-d9117daa-98e8-4101-b78b-765c28c15d79\" data-mobilecollapse=\"true\" data-desktopcollapse=\"true\">\n<div class=\"wp-block-ub-content-toggle-accordion\">\n                <div class=\"wp-block-ub-content-toggle-accordion-title-wrap\" aria-expanded=\"false\" aria-controls=\"ub-content-toggle-panel-0-d9117daa-98e8-4101-b78b-765c28c15d79\" tabindex=\"0\">\n                    <p class=\"wp-block-ub-content-toggle-accordion-title ub-content-toggle-title-d9117daa-98e8-4101-b78b-765c28c15d79\"><strong><strong><strong>3.1.: Producci\u00f3n de conocimiento hist\u00f3rico<\/strong><\/strong><\/strong><\/p><div class=\"wp-block-ub-content-toggle-accordion-toggle-wrap right\"><span class=\"wp-block-ub-content-toggle-accordion-state-indicator wp-block-ub-chevron-down\"><\/span>\n                    <\/div><\/div><div role=\"region\" class=\"wp-block-ub-content-toggle-accordion-content-wrap ub-hide\" id=\"ub-content-toggle-panel-0-d9117daa-98e8-4101-b78b-765c28c15d79\">\n\n<div class=\"wp-block-columns bloco3L bloco is-layout-flex wp-container-core-columns-is-layout-9d6595d7 wp-block-columns-is-layout-flex\">\n<div class=\"wp-block-column is-layout-flow wp-block-column-is-layout-flow\">\n<h4 class=\"wp-block-heading has-text-align-center\">Conocimientos<\/h4>\n\n\n\n<p>-Conoce las t\u00e9cnicas y m\u00e9todos de producci\u00f3n de materiales, recursos y textos acad\u00e9micos en sus diversos formatos, normativamente correctos&nbsp; para la comunicaci\u00f3n cient\u00edfica.<br>&#8211; Conoce las t\u00e9cnicas y m\u00e9todos de producci\u00f3n y divulgaci\u00f3n de materiales y textos acad\u00e9micos en medio formales y no formales, en sus diversos formatos, de manera coherente y normativamente correctos para ser presentados mediante el uso de recursos hiper y multimediales (divulgaci\u00f3n cient\u00edfica).<\/p>\n<\/div>\n\n\n\n<div class=\"wp-block-column is-layout-flow wp-block-column-is-layout-flow\">\n<h4 class=\"wp-block-heading has-text-align-center\">Habilidades<\/h4>\n\n\n\n<p>-Selecciona recursos apropiados para la construcci\u00f3n de narrativas de tipo hist\u00f3ricas en base a principios propios del conocimiento cient\u00edfico y normas editoriales adecuadas al medio donde se publica.<\/p>\n\n\n\n<p>&#8211; Desarrolla habilidades discursivas y del manejo del lenguaje que contemplen la diversidad de audiencias, con rigor cient\u00edfico y adecuados al contexto local, regional e internacional.<\/p>\n<\/div>\n\n\n\n<div class=\"wp-block-column is-layout-flow wp-block-column-is-layout-flow\">\n<h4 class=\"wp-block-heading has-text-align-center\">Responsabilidades<\/h4>\n\n\n\n<p>-Se compromete en la publicaci\u00f3n de los resultados de investigaciones propias individuales y\/o colectivas, respetando las normas requeridas por los diferentes medios en donde se publica.<br>&#8211; Demuestra responsabilidad en la producci\u00f3n de conocimiento hist\u00f3rico especializado por medio de diferentes formatos y estilos apropiados para audiencias diversas, sobre la base de principios cient\u00edficos, \u00e9ticos y de accesibilidad.<\/p>\n<\/div>\n<\/div>\n\n\n\n<div class=\"wp-block-columns is-layout-flex wp-container-core-columns-is-layout-9d6595d7 wp-block-columns-is-layout-flex\">\n<div class=\"wp-block-column is-layout-flow wp-block-column-is-layout-flow\" style=\"flex-basis:15%\">\n<p><\/p>\n<\/div>\n\n\n\n<div class=\"wp-block-column is-layout-flow wp-block-column-is-layout-flow\">\n<div style=\"width: 100%;\"><div style=\"position: relative; padding-bottom: 200%; padding-top: 0; height: 0;\"><iframe loading=\"lazy\" title=\"Genially sin t\u00edtulo\" frameborder=\"0\" width=\"800px\" height=\"1600px\" style=\"position: absolute; top: 0; left: 0; width: 100%; height: 100%;\" src=\"https:\/\/view.genial.ly\/65085f0b1cae7e0011bb91dc\" type=\"text\/html\" allowscriptaccess=\"always\" allowfullscreen=\"true\" scrolling=\"yes\" allownetworking=\"all\"><\/iframe> <\/div> <\/div>\n<\/div>\n\n\n\n<div class=\"wp-block-column is-layout-flow wp-block-column-is-layout-flow\" style=\"flex-basis:15%\">\n<p><\/p>\n<\/div>\n<\/div>\n\n\n\n<div class=\"wp-block-group has-background\" style=\"background-color:#ffca99\"><div class=\"wp-block-group__inner-container is-layout-constrained wp-block-group-is-layout-constrained\">\n<h4 class=\"wp-block-heading\"><strong>Archivos para descargar<\/strong><\/h4>\n\n\n\n<div class=\"wp-block-buttons is-layout-flex wp-block-buttons-is-layout-flex\">\n<div class=\"wp-block-button has-custom-width wp-block-button__width-25\"><a class=\"wp-block-button__link has-white-color has-text-color has-background wp-element-button\" href=\"https:\/\/erasmus-ace.com\/historia\/wp-content\/uploads\/2023\/10\/Buena-Practica-en-3.1.docx-1.pdf\" style=\"background-color:#fe8d23\" target=\"_blank\" rel=\"noreferrer noopener\">Acceder<\/a><\/div>\n<\/div>\n\n\n\n<div style=\"height:22px\" aria-hidden=\"true\" class=\"wp-block-spacer\"><\/div>\n<\/div><\/div>\n\n\n\n<div style=\"height:36px\" aria-hidden=\"true\" class=\"wp-block-spacer\"><\/div>\n\n\n\n<p><\/p>\n\n<\/div><\/div>\n\n<div class=\"wp-block-ub-content-toggle-accordion\">\n                <div class=\"wp-block-ub-content-toggle-accordion-title-wrap\" aria-expanded=\"false\" aria-controls=\"ub-content-toggle-panel-1-d9117daa-98e8-4101-b78b-765c28c15d79\" tabindex=\"0\">\n                    <p class=\"wp-block-ub-content-toggle-accordion-title ub-content-toggle-title-d9117daa-98e8-4101-b78b-765c28c15d79\"><strong><strong><strong>3.2.: Comunicaci\u00f3n y divulgaci\u00f3n del conocimiento hist\u00f3rico<\/strong><\/strong><\/strong><\/p><div class=\"wp-block-ub-content-toggle-accordion-toggle-wrap right\"><span class=\"wp-block-ub-content-toggle-accordion-state-indicator wp-block-ub-chevron-down\"><\/span>\n                    <\/div><\/div><div role=\"region\" class=\"wp-block-ub-content-toggle-accordion-content-wrap ub-hide\" id=\"ub-content-toggle-panel-1-d9117daa-98e8-4101-b78b-765c28c15d79\">\n\n<div class=\"wp-block-columns bloco3L bloco is-layout-flex wp-container-core-columns-is-layout-9d6595d7 wp-block-columns-is-layout-flex\">\n<div class=\"wp-block-column is-layout-flow wp-block-column-is-layout-flow\">\n<h4 class=\"wp-block-heading has-text-align-center\">Conocimientos<\/h4>\n\n\n\n<p>Reconoce los espacios y redes de comunicaci\u00f3n para la circulaci\u00f3n y divulgaci\u00f3n del conocimiento hist\u00f3rico como as\u00ed tambi\u00e9n las normas vigentes nacionales e internacionales de derechos de autor guiadas por los principios deontol\u00f3gicos.<\/p>\n<\/div>\n\n\n\n<div class=\"wp-block-column is-layout-flow wp-block-column-is-layout-flow\">\n<h4 class=\"wp-block-heading has-text-align-center\">Habilidades<\/h4>\n\n\n\n<p>Selecciona y aplica diversos recursos multimediales apropiados para la divulgaci\u00f3n de narrativas hist\u00f3ricas dirigida a diversos p\u00fablicos y a trav\u00e9s de diversos formatos.<\/p>\n<\/div>\n\n\n\n<div class=\"wp-block-column is-layout-flow wp-block-column-is-layout-flow\">\n<h4 class=\"wp-block-heading has-text-align-center\">Responsabilidades<\/h4>\n\n\n\n<p>Cuidado de la \u00e9tica profesional en la difusi\u00f3n del conocimiento hist\u00f3rico seleccionando diversos formatos y lenguajes hipermediales para su comunicaci\u00f3n.<\/p>\n<\/div>\n<\/div>\n\n\n\n<div class=\"wp-block-columns is-layout-flex wp-container-core-columns-is-layout-9d6595d7 wp-block-columns-is-layout-flex\">\n<div class=\"wp-block-column is-layout-flow wp-block-column-is-layout-flow\" style=\"flex-basis:15%\">\n<p><\/p>\n<\/div>\n\n\n\n<div class=\"wp-block-column is-layout-flow wp-block-column-is-layout-flow\">\n<div style=\"width: 100%;\"><div style=\"position: relative; padding-bottom: 200%; padding-top: 0; height: 0;\"><iframe loading=\"lazy\" title=\"BP 3.2\" frameborder=\"0\" width=\"800px\" height=\"1600px\" style=\"position: absolute; top: 0; left: 0; width: 100%; height: 100%;\" src=\"https:\/\/view.genial.ly\/651429717e5f710011827fc0\" type=\"text\/html\" allowscriptaccess=\"always\" allowfullscreen=\"true\" scrolling=\"yes\" allownetworking=\"all\"><\/iframe> <\/div> <\/div>\n<\/div>\n\n\n\n<div class=\"wp-block-column is-layout-flow wp-block-column-is-layout-flow\" style=\"flex-basis:15%\">\n<p><\/p>\n<\/div>\n<\/div>\n\n\n\n<div class=\"wp-block-group has-background\" style=\"background-color:#ffca99\"><div class=\"wp-block-group__inner-container is-layout-constrained wp-block-group-is-layout-constrained\">\n<h4 class=\"wp-block-heading\"><strong>Archivos para descargar<\/strong><\/h4>\n\n\n\n<div class=\"wp-block-buttons is-layout-flex wp-block-buttons-is-layout-flex\">\n<div class=\"wp-block-button has-custom-width wp-block-button__width-25\"><a class=\"wp-block-button__link has-white-color has-text-color has-background wp-element-button\" href=\"https:\/\/erasmus-ace.com\/historia\/wp-content\/uploads\/2023\/10\/Buena-Practica-3.2.docx-1.pdf\" style=\"background-color:#fe8d23\" target=\"_blank\" rel=\"noreferrer noopener\">Acceder<\/a><\/div>\n<\/div>\n\n\n\n<div style=\"height:22px\" aria-hidden=\"true\" class=\"wp-block-spacer\"><\/div>\n<\/div><\/div>\n\n\n\n<p><\/p>\n\n<\/div><\/div>\n\n<div class=\"wp-block-ub-content-toggle-accordion\">\n                <div class=\"wp-block-ub-content-toggle-accordion-title-wrap\" aria-expanded=\"false\" aria-controls=\"ub-content-toggle-panel-2-d9117daa-98e8-4101-b78b-765c28c15d79\" tabindex=\"0\">\n                    <p class=\"wp-block-ub-content-toggle-accordion-title ub-content-toggle-title-d9117daa-98e8-4101-b78b-765c28c15d79\"><strong>3.3.: Habilidades ling\u00fc\u00edsticas y comprensi\u00f3n de textos.<\/strong><\/p><div class=\"wp-block-ub-content-toggle-accordion-toggle-wrap right\"><span class=\"wp-block-ub-content-toggle-accordion-state-indicator wp-block-ub-chevron-down\"><\/span>\n                    <\/div><\/div><div role=\"region\" class=\"wp-block-ub-content-toggle-accordion-content-wrap ub-hide\" id=\"ub-content-toggle-panel-2-d9117daa-98e8-4101-b78b-765c28c15d79\">\n\n<div class=\"wp-block-columns bloco3L bloco is-layout-flex wp-container-core-columns-is-layout-9d6595d7 wp-block-columns-is-layout-flex\">\n<div class=\"wp-block-column is-layout-flow wp-block-column-is-layout-flow\">\n<h4 class=\"wp-block-heading has-text-align-center\">Conocimientos<\/h4>\n\n\n\n<p>Lee&nbsp; en otro idioma apropiado para el campo de estudio, adem\u00e1s de conocer las principales caracter\u00edsticas ortogr\u00e1ficas, gramaticales y sem\u00e1nticas de la primera lengua.<\/p>\n<\/div>\n\n\n\n<div class=\"wp-block-column is-layout-flow wp-block-column-is-layout-flow\">\n<h4 class=\"wp-block-heading has-text-align-center\">Habilidades<\/h4>\n\n\n\n<p>Asimila informaci\u00f3n sobre el campo de la Historia en otro idioma seg\u00fan corresponda al campo de estudio, adem\u00e1s del manejo del primer idioma, para expresarlo y graficarlo en diversos formatos: l\u00edneas de tiempo; ejes y bandas temporales; controles e informes de lectura; cuadros sin\u00f3pticos, mapas conceptuales.<\/p>\n<\/div>\n\n\n\n<div class=\"wp-block-column is-layout-flow wp-block-column-is-layout-flow\">\n<h4 class=\"wp-block-heading has-text-align-center\">Responsabilidades<\/h4>\n\n\n\n<p>Participa y propicia la participaci\u00f3n en investigaciones y proyectos conformados por grupos heterog\u00e9neos en otro lenguaje, apropiado para posibilitar el intercambio de ideas, demandas y debates que contribuyan al campo de estudio.<\/p>\n<\/div>\n<\/div>\n\n\n\n<div class=\"wp-block-columns is-layout-flex wp-container-core-columns-is-layout-9d6595d7 wp-block-columns-is-layout-flex\">\n<div class=\"wp-block-column is-layout-flow wp-block-column-is-layout-flow\" style=\"flex-basis:15%\">\n<p><\/p>\n<\/div>\n\n\n\n<div class=\"wp-block-column is-layout-flow wp-block-column-is-layout-flow\">\n<div style=\"width: 100%;\"><div style=\"position: relative; padding-bottom: 200%; padding-top: 0; height: 0;\"><iframe loading=\"lazy\" title=\"BP 3.3\" frameborder=\"0\" width=\"800px\" height=\"1600px\" style=\"position: absolute; top: 0; left: 0; width: 100%; height: 100%;\" src=\"https:\/\/view.genial.ly\/651452aad932330011c8b516\" type=\"text\/html\" allowscriptaccess=\"always\" allowfullscreen=\"true\" scrolling=\"yes\" allownetworking=\"all\"><\/iframe> <\/div> <\/div>\n<\/div>\n\n\n\n<div class=\"wp-block-column is-layout-flow wp-block-column-is-layout-flow\" style=\"flex-basis:15%\">\n<p><\/p>\n<\/div>\n<\/div>\n\n\n\n<div class=\"wp-block-group has-background\" style=\"background-color:#ffca99\"><div class=\"wp-block-group__inner-container is-layout-constrained wp-block-group-is-layout-constrained\">\n<h4 class=\"wp-block-heading\"><strong>Archivos para descargar<\/strong><\/h4>\n\n\n\n<div class=\"wp-block-buttons is-layout-flex wp-block-buttons-is-layout-flex\">\n<div class=\"wp-block-button has-custom-width wp-block-button__width-25\"><a class=\"wp-block-button__link has-white-color has-text-color has-background wp-element-button\" href=\"https:\/\/erasmus-ace.com\/historia\/wp-content\/uploads\/2023\/10\/Buena-Practica-en-3.3.docx-1.pdf\" style=\"background-color:#fe8d23\" target=\"_blank\" rel=\"noreferrer noopener\">Acceder<\/a><\/div>\n<\/div>\n\n\n\n<div style=\"height:22px\" aria-hidden=\"true\" class=\"wp-block-spacer\"><\/div>\n<\/div><\/div>\n\n<\/div><\/div>\n<\/div>","protected":false},"excerpt":{"rendered":"<p>Comunicaci\u00f3n, divulgaci\u00f3n y difusi\u00f3n del conocimiento hist\u00f3rico cient\u00edfico Conocimientos Conoce el lenguaje apropiado para los diferentes medios y \u00e1mbitos de comunicaci\u00f3n, adecuados a la intencionalidad y a la situaci\u00f3n comunicativa local y regional. Habilidades Establece v\u00ednculos y relaciones inter y transdisciplinarios en el proceso de investigaci\u00f3n hist\u00f3rica para lograr la producci\u00f3n de conocimiento y la [&hellip;]<\/p>\n","protected":false},"author":1,"featured_media":0,"parent":0,"menu_order":0,"comment_status":"closed","ping_status":"closed","template":"","meta":{"ub_ctt_via":"","footnotes":""},"class_list":["post-142","page","type-page","status-publish","hentry"],"featured_image_src":null,"_links":{"self":[{"href":"https:\/\/erasmus-ace.com\/historia\/wp-json\/wp\/v2\/pages\/142","targetHints":{"allow":["GET"]}}],"collection":[{"href":"https:\/\/erasmus-ace.com\/historia\/wp-json\/wp\/v2\/pages"}],"about":[{"href":"https:\/\/erasmus-ace.com\/historia\/wp-json\/wp\/v2\/types\/page"}],"author":[{"embeddable":true,"href":"https:\/\/erasmus-ace.com\/historia\/wp-json\/wp\/v2\/users\/1"}],"replies":[{"embeddable":true,"href":"https:\/\/erasmus-ace.com\/historia\/wp-json\/wp\/v2\/comments?post=142"}],"version-history":[{"count":7,"href":"https:\/\/erasmus-ace.com\/historia\/wp-json\/wp\/v2\/pages\/142\/revisions"}],"predecessor-version":[{"id":230,"href":"https:\/\/erasmus-ace.com\/historia\/wp-json\/wp\/v2\/pages\/142\/revisions\/230"}],"wp:attachment":[{"href":"https:\/\/erasmus-ace.com\/historia\/wp-json\/wp\/v2\/media?parent=142"}],"curies":[{"name":"wp","href":"https:\/\/api.w.org\/{rel}","templated":true}]}}