{"id":137,"date":"2023-10-06T17:55:43","date_gmt":"2023-10-06T20:55:43","guid":{"rendered":"https:\/\/erasmus-ace.com\/historia\/?page_id=137"},"modified":"2023-10-17T16:57:52","modified_gmt":"2023-10-17T19:57:52","slug":"dimension2","status":"publish","type":"page","link":"https:\/\/erasmus-ace.com\/historia\/dimension2\/","title":{"rendered":"DIMENSI\u00d3N 2"},"content":{"rendered":"\n<h3 class=\"wp-block-heading has-text-align-center has-background\" style=\"background-color:#c1ecfe\">Investigaci\u00f3n Hist\u00f3rica<\/h3>\n\n\n\n<div style=\"height:35px\" aria-hidden=\"true\" class=\"wp-block-spacer\"><\/div>\n\n\n\n<div class=\"wp-block-columns bloco2 bloco is-layout-flex wp-container-core-columns-is-layout-9d6595d7 wp-block-columns-is-layout-flex\">\n<div class=\"wp-block-column is-layout-flow wp-block-column-is-layout-flow\">\n<h4 class=\"wp-block-heading has-text-align-center\">Conocimientos<\/h4>\n\n\n\n<p>Comprende el proceso te\u00f3rico-metodol\u00f3gico de investigaci\u00f3n cient\u00edfica propio de la Historia.<\/p>\n<\/div>\n\n\n\n<div class=\"wp-block-column is-layout-flow wp-block-column-is-layout-flow\">\n<h4 class=\"wp-block-heading has-text-align-center\">Habilidades<\/h4>\n\n\n\n<p>Establece v\u00ednculos y relaciones inter y transdisciplinarios en el proceso de investigaci\u00f3n hist\u00f3rica para lograr la producci\u00f3n de conocimiento y la resoluci\u00f3n de problemas profesionales de manera aut\u00f3noma y colaborativa.<\/p>\n<\/div>\n\n\n\n<div class=\"wp-block-column is-layout-flow wp-block-column-is-layout-flow\">\n<h4 class=\"wp-block-heading has-text-align-center\">Responsabilidades<\/h4>\n\n\n\n<p>Produce textos acad\u00e9mico-cient\u00edficos procurando el desarrollo de tem\u00e1ticas de investigaci\u00f3n relevantes para el contexto social y cultural, local, nacional, regional e internacional.&nbsp;<\/p>\n<\/div>\n<\/div>\n\n\n\n<h3 class=\"wp-block-heading has-background\" style=\"background-color:#c1ecfe\">Subdimensiones<\/h3>\n\n\n<div class=\"wp-block-ub-content-toggle\" id=\"ub-content-toggle-a369d5c9-de4a-4be3-a19d-57657647c1ef\" data-mobilecollapse=\"true\" data-desktopcollapse=\"true\">\n<div class=\"wp-block-ub-content-toggle-accordion\">\n                <div class=\"wp-block-ub-content-toggle-accordion-title-wrap\" aria-expanded=\"false\" aria-controls=\"ub-content-toggle-panel-0-a369d5c9-de4a-4be3-a19d-57657647c1ef\" tabindex=\"0\">\n                    <p class=\"wp-block-ub-content-toggle-accordion-title ub-content-toggle-title-a369d5c9-de4a-4be3-a19d-57657647c1ef\"><strong><strong>2.1.: Manejo y cr\u00edtica de fuentes<\/strong><\/strong><\/p><div class=\"wp-block-ub-content-toggle-accordion-toggle-wrap right\"><span class=\"wp-block-ub-content-toggle-accordion-state-indicator wp-block-ub-chevron-down\"><\/span>\n                    <\/div><\/div><div role=\"region\" class=\"wp-block-ub-content-toggle-accordion-content-wrap ub-hide\" id=\"ub-content-toggle-panel-0-a369d5c9-de4a-4be3-a19d-57657647c1ef\">\n\n<div class=\"wp-block-columns bloco2L bloco is-layout-flex wp-container-core-columns-is-layout-9d6595d7 wp-block-columns-is-layout-flex\">\n<div class=\"wp-block-column is-layout-flow wp-block-column-is-layout-flow\">\n<h4 class=\"wp-block-heading has-text-align-center\">Conocimientos<\/h4>\n\n\n\n<p>Identifica las diversas fuentes a las que el\/la historiador\/historiadora puede acceder para realizar una investigaci\u00f3n hist\u00f3rica.<\/p>\n<\/div>\n\n\n\n<div class=\"wp-block-column is-layout-flow wp-block-column-is-layout-flow\">\n<h4 class=\"wp-block-heading has-text-align-center\">Habilidades<\/h4>\n\n\n\n<p>Desarrolla estrategias para la b\u00fasqueda, interpretaci\u00f3n y sistematizaci\u00f3n de la informaci\u00f3n obtenida en diversos repositorios para su uso en la investigaci\u00f3n hist\u00f3rica.<\/p>\n<\/div>\n\n\n\n<div class=\"wp-block-column is-layout-flow wp-block-column-is-layout-flow\">\n<h4 class=\"wp-block-heading has-text-align-center\">Responsabilidades<\/h4>\n\n\n\n<p>Se compromete a resguardar a las fuentes documentales como patrimonio social y cultural y reconocer su originalidad y procedencia, con el fin de generar cat\u00e1logos de consulta que sean de utilidad para una investigaci\u00f3n hist\u00f3rica mediante sistema de citas reconocidas.<\/p>\n<\/div>\n<\/div>\n\n\n\n<div class=\"wp-block-columns is-layout-flex wp-container-core-columns-is-layout-9d6595d7 wp-block-columns-is-layout-flex\">\n<div class=\"wp-block-column is-layout-flow wp-block-column-is-layout-flow\" style=\"flex-basis:15%\">\n<p><\/p>\n<\/div>\n\n\n\n<div class=\"wp-block-column is-layout-flow wp-block-column-is-layout-flow\">\n<div style=\"width: 100%;\"><div style=\"position: relative; padding-bottom: 200%; padding-top: 0; height: 0;\"><iframe loading=\"lazy\" title=\"BP 2.1\" frameborder=\"0\" width=\"800px\" height=\"1600px\" style=\"position: absolute; top: 0; left: 0; width: 100%; height: 100%;\" src=\"https:\/\/view.genial.ly\/65141c57c72df80010658ab2\" type=\"text\/html\" allowscriptaccess=\"always\" allowfullscreen=\"true\" scrolling=\"yes\" allownetworking=\"all\"><\/iframe> <\/div> <\/div>\n<\/div>\n\n\n\n<div class=\"wp-block-column is-layout-flow wp-block-column-is-layout-flow\" style=\"flex-basis:15%\">\n<p><\/p>\n<\/div>\n<\/div>\n\n\n\n<div class=\"wp-block-group has-background\" style=\"background-color:#c1ecfe\"><div class=\"wp-block-group__inner-container is-layout-constrained wp-block-group-is-layout-constrained\">\n<h4 class=\"wp-block-heading\"><strong>Archivos para descargar<\/strong><\/h4>\n\n\n\n<div class=\"wp-block-buttons is-layout-flex wp-block-buttons-is-layout-flex\">\n<div class=\"wp-block-button has-custom-width wp-block-button__width-25\"><a class=\"wp-block-button__link has-white-color has-text-color has-background wp-element-button\" href=\"https:\/\/erasmus-ace.com\/historia\/wp-content\/uploads\/2023\/10\/Buena-Practica-2.1.docx-1.pdf\" style=\"background-color:#467499\" target=\"_blank\" rel=\"noreferrer noopener\">Acceder<\/a><\/div>\n<\/div>\n\n\n\n<div style=\"height:22px\" aria-hidden=\"true\" class=\"wp-block-spacer\"><\/div>\n<\/div><\/div>\n\n\n\n<div style=\"height:36px\" aria-hidden=\"true\" class=\"wp-block-spacer\"><\/div>\n\n\n\n<p><\/p>\n\n<\/div><\/div>\n\n<div class=\"wp-block-ub-content-toggle-accordion\">\n                <div class=\"wp-block-ub-content-toggle-accordion-title-wrap\" aria-expanded=\"false\" aria-controls=\"ub-content-toggle-panel-1-a369d5c9-de4a-4be3-a19d-57657647c1ef\" tabindex=\"0\">\n                    <p class=\"wp-block-ub-content-toggle-accordion-title ub-content-toggle-title-a369d5c9-de4a-4be3-a19d-57657647c1ef\"><strong><strong>2.2.: Archiv\u00edstica<\/strong><\/strong><\/p><div class=\"wp-block-ub-content-toggle-accordion-toggle-wrap right\"><span class=\"wp-block-ub-content-toggle-accordion-state-indicator wp-block-ub-chevron-down\"><\/span>\n                    <\/div><\/div><div role=\"region\" class=\"wp-block-ub-content-toggle-accordion-content-wrap ub-hide\" id=\"ub-content-toggle-panel-1-a369d5c9-de4a-4be3-a19d-57657647c1ef\">\n\n<div class=\"wp-block-columns bloco2 bloco is-layout-flex wp-container-core-columns-is-layout-9d6595d7 wp-block-columns-is-layout-flex\">\n<div class=\"wp-block-column is-layout-flow wp-block-column-is-layout-flow\">\n<h4 class=\"wp-block-heading has-text-align-center\">Conocimientos<\/h4>\n\n\n\n<p>Reconoce la diversidad de repositorios documentales que albergan las fuentes donde se nutre la investigaci\u00f3n hist\u00f3rica.<\/p>\n<\/div>\n\n\n\n<div class=\"wp-block-column is-layout-flow wp-block-column-is-layout-flow\">\n<h4 class=\"wp-block-heading has-text-align-center\">Habilidades<\/h4>\n\n\n\n<p>Identifica y eval\u00faa diferentes tipos de repositorios seg\u00fan su origen y prop\u00f3sito, considerando c\u00f3mo las fuentes han sido preservadas, clasificadas y puestas a disposici\u00f3n del p\u00fablico.<\/p>\n<\/div>\n\n\n\n<div class=\"wp-block-column is-layout-flow wp-block-column-is-layout-flow\">\n<h4 class=\"wp-block-heading has-text-align-center\">Responsabilidades<\/h4>\n\n\n\n<p>Se compromete al&nbsp; uso responsable y \u00e9tico de los acervos documentales con el&nbsp; fin de resguardarlos y favorecer el acceso a los mismos por parte de la comunidad interesada.<\/p>\n<\/div>\n<\/div>\n\n\n\n<div class=\"wp-block-columns is-layout-flex wp-container-core-columns-is-layout-9d6595d7 wp-block-columns-is-layout-flex\">\n<div class=\"wp-block-column is-layout-flow wp-block-column-is-layout-flow\" style=\"flex-basis:15%\">\n<p><\/p>\n<\/div>\n\n\n\n<div class=\"wp-block-column is-layout-flow wp-block-column-is-layout-flow\">\n<div style=\"width: 100%;\"><div style=\"position: relative; padding-bottom: 200%; padding-top: 0; height: 0;\"><iframe loading=\"lazy\" title=\"BP 2.2\" frameborder=\"0\" width=\"800px\" height=\"1600px\" style=\"position: absolute; top: 0; left: 0; width: 100%; height: 100%;\" src=\"https:\/\/view.genial.ly\/6514214444af3f0011befdb0\" type=\"text\/html\" allowscriptaccess=\"always\" allowfullscreen=\"true\" scrolling=\"yes\" allownetworking=\"all\"><\/iframe> <\/div> <\/div>\n<\/div>\n\n\n\n<div class=\"wp-block-column is-layout-flow wp-block-column-is-layout-flow\" style=\"flex-basis:15%\">\n<p><\/p>\n<\/div>\n<\/div>\n\n\n\n<div class=\"wp-block-group has-background\" style=\"background-color:#c1ecfe\"><div class=\"wp-block-group__inner-container is-layout-constrained wp-block-group-is-layout-constrained\">\n<h4 class=\"wp-block-heading\"><strong>Archivos para descargar<\/strong><\/h4>\n\n\n\n<div class=\"wp-block-buttons is-layout-flex wp-block-buttons-is-layout-flex\">\n<div class=\"wp-block-button has-custom-width wp-block-button__width-25\"><a class=\"wp-block-button__link has-white-color has-text-color has-background wp-element-button\" href=\"https:\/\/erasmus-ace.com\/historia\/wp-content\/uploads\/2023\/10\/Buena-Practica-2.2.docx-1.pdf\" style=\"background-color:#467499\" target=\"_blank\" rel=\"noreferrer noopener\">Acceder<\/a><\/div>\n<\/div>\n\n\n\n<div style=\"height:22px\" aria-hidden=\"true\" class=\"wp-block-spacer\"><\/div>\n<\/div><\/div>\n\n\n\n<p><\/p>\n\n<\/div><\/div>\n\n<div class=\"wp-block-ub-content-toggle-accordion\">\n                <div class=\"wp-block-ub-content-toggle-accordion-title-wrap\" aria-expanded=\"false\" aria-controls=\"ub-content-toggle-panel-2-a369d5c9-de4a-4be3-a19d-57657647c1ef\" tabindex=\"0\">\n                    <p class=\"wp-block-ub-content-toggle-accordion-title ub-content-toggle-title-a369d5c9-de4a-4be3-a19d-57657647c1ef\"><strong><strong>2.3. Epistemolog\u00eda, historiograf\u00eda y metodolog\u00eda<\/strong><\/strong><\/p><div class=\"wp-block-ub-content-toggle-accordion-toggle-wrap right\"><span class=\"wp-block-ub-content-toggle-accordion-state-indicator wp-block-ub-chevron-down\"><\/span>\n                    <\/div><\/div><div role=\"region\" class=\"wp-block-ub-content-toggle-accordion-content-wrap ub-hide\" id=\"ub-content-toggle-panel-2-a369d5c9-de4a-4be3-a19d-57657647c1ef\">\n\n<div class=\"wp-block-columns bloco2L bloco is-layout-flex wp-container-core-columns-is-layout-9d6595d7 wp-block-columns-is-layout-flex\">\n<div class=\"wp-block-column is-layout-flow wp-block-column-is-layout-flow\">\n<h4 class=\"wp-block-heading has-text-align-center\">Conocimientos<\/h4>\n\n\n\n<p>&#8211; Conoce las diferentes corrientes te\u00f3ricas y metodol\u00f3gicas del pensamiento hist\u00f3rico que han nutrido en el pasado y enriquecen en el presente el campo disciplinar.<\/p>\n\n\n\n<p>&#8211; Interpreta procesos hist\u00f3ricos, desde diferentes niveles de temporalidad y espacialidad, estableciendo relaciones sincr\u00f3nicas y diacr\u00f3nicas.<\/p>\n<\/div>\n\n\n\n<div class=\"wp-block-column is-layout-flow wp-block-column-is-layout-flow\">\n<h4 class=\"wp-block-heading has-text-align-center\">Habilidades<\/h4>\n\n\n\n<p>&#8211; Realiza investigaciones hist\u00f3ricas aplicando herramientas te\u00f3ricas y metodol\u00f3gicas acordes con la innovaci\u00f3n y necesidad de la investigaci\u00f3n.<\/p>\n\n\n\n<p>&#8211; Analiza, desde una perspectiva cr\u00edtica, el alcance y abordaje de las propuestas te\u00f3ricas en la Historia, reconociendo las posibilidades de un entorno en constante cambio y diversidad cultural.<\/p>\n<\/div>\n\n\n\n<div class=\"wp-block-column is-layout-flow wp-block-column-is-layout-flow\">\n<h4 class=\"wp-block-heading has-text-align-center\">Responsabilidades<\/h4>\n\n\n\n<p>&#8211; Genera conocimiento hist\u00f3rico fundamentado en la revisi\u00f3n de investigaci\u00f3n realizada con rigor y honestidad intelectual.<\/p>\n\n\n\n<p>&#8211; Actualiza en forma aut\u00f3noma y permanente los conocimientos historiogr\u00e1ficos, te\u00f3ricos y metodol\u00f3gicos adquiridos durante su formaci\u00f3n de grado, para incorporarlos en la investigaci\u00f3n y en la ense\u00f1anza de la historia.<\/p>\n<\/div>\n<\/div>\n\n\n\n<div class=\"wp-block-columns is-layout-flex wp-container-core-columns-is-layout-9d6595d7 wp-block-columns-is-layout-flex\">\n<div class=\"wp-block-column is-layout-flow wp-block-column-is-layout-flow\" style=\"flex-basis:15%\">\n<p><\/p>\n<\/div>\n\n\n\n<div class=\"wp-block-column is-layout-flow wp-block-column-is-layout-flow\">\n<div style=\"width: 100%;\"><div style=\"position: relative; padding-bottom: 200%; padding-top: 0; height: 0;\"><iframe loading=\"lazy\" title=\"BP 2.3\" frameborder=\"0\" width=\"800px\" height=\"1600px\" style=\"position: absolute; top: 0; left: 0; width: 100%; height: 100%;\" src=\"https:\/\/view.genial.ly\/65030df33e0765001110c09d\" type=\"text\/html\" allowscriptaccess=\"always\" allowfullscreen=\"true\" scrolling=\"yes\" allownetworking=\"all\"><\/iframe> <\/div> <\/div>\n<\/div>\n\n\n\n<div class=\"wp-block-column is-layout-flow wp-block-column-is-layout-flow\" style=\"flex-basis:15%\">\n<p><\/p>\n<\/div>\n<\/div>\n\n\n\n<div class=\"wp-block-group has-background\" style=\"background-color:#c1ecfe\"><div class=\"wp-block-group__inner-container is-layout-constrained wp-block-group-is-layout-constrained\">\n<h4 class=\"wp-block-heading\"><strong>Archivos para descargar<\/strong><\/h4>\n\n\n\n<div class=\"wp-block-buttons is-layout-flex wp-block-buttons-is-layout-flex\">\n<div class=\"wp-block-button has-custom-width wp-block-button__width-25\"><a class=\"wp-block-button__link has-white-color has-text-color has-background wp-element-button\" href=\"https:\/\/erasmus-ace.com\/historia\/wp-content\/uploads\/2023\/10\/Buena-Practica-en-2.3.docx-1.pdf\" style=\"background-color:#467499\" target=\"_blank\" rel=\"noreferrer noopener\">Acceder<\/a><\/div>\n<\/div>\n\n\n\n<div style=\"height:22px\" aria-hidden=\"true\" class=\"wp-block-spacer\"><\/div>\n<\/div><\/div>\n\n<\/div><\/div>\n\n<div class=\"wp-block-ub-content-toggle-accordion\">\n                <div class=\"wp-block-ub-content-toggle-accordion-title-wrap\" aria-expanded=\"false\" aria-controls=\"ub-content-toggle-panel-3-a369d5c9-de4a-4be3-a19d-57657647c1ef\" tabindex=\"0\">\n                    <p class=\"wp-block-ub-content-toggle-accordion-title ub-content-toggle-title-a369d5c9-de4a-4be3-a19d-57657647c1ef\"><strong>2.4. Procesos hist\u00f3ricos globales con \u00e9nfasis en lo\u00a0 local nacional y latinoamericano<\/strong><\/p><div class=\"wp-block-ub-content-toggle-accordion-toggle-wrap right\"><span class=\"wp-block-ub-content-toggle-accordion-state-indicator wp-block-ub-chevron-down\"><\/span>\n                    <\/div><\/div><div role=\"region\" class=\"wp-block-ub-content-toggle-accordion-content-wrap ub-hide\" id=\"ub-content-toggle-panel-3-a369d5c9-de4a-4be3-a19d-57657647c1ef\">\n\n<div class=\"wp-block-columns bloco2 bloco is-layout-flex wp-container-core-columns-is-layout-9d6595d7 wp-block-columns-is-layout-flex\">\n<div class=\"wp-block-column is-layout-flow wp-block-column-is-layout-flow\">\n<h4 class=\"wp-block-heading has-text-align-center\">Conocimientos<\/h4>\n\n\n\n<p>Comprende los procesos hist\u00f3ricos locales, nacionales, regionales y latinoamericanos relacionados con el contexto mundial mundial en el que adquieren sentido global.<\/p>\n<\/div>\n\n\n\n<div class=\"wp-block-column is-layout-flow wp-block-column-is-layout-flow\">\n<h4 class=\"wp-block-heading has-text-align-center\">Habilidades<\/h4>\n\n\n\n<p>Es capaz de desarrollar estudios socio-hist\u00f3ricos en perspectiva &nbsp; latinoamericana atendiendo a la variabilidad de la naturaleza de las fuentes y de acuerdo a las necesidades del sujeto o grupo social analizado.<\/p>\n<\/div>\n\n\n\n<div class=\"wp-block-column is-layout-flow wp-block-column-is-layout-flow\">\n<h4 class=\"wp-block-heading has-text-align-center\">Responsabilidades<\/h4>\n\n\n\n<p>Se compromete con los problemas reales de la sociedad local y regional para producir conocimientos que contribuyan a su an\u00e1lisis y resoluci\u00f3n.<\/p>\n<\/div>\n<\/div>\n\n\n\n<div class=\"wp-block-columns is-layout-flex wp-container-core-columns-is-layout-9d6595d7 wp-block-columns-is-layout-flex\">\n<div class=\"wp-block-column is-layout-flow wp-block-column-is-layout-flow\" style=\"flex-basis:15%\">\n<p><\/p>\n<\/div>\n\n\n\n<div class=\"wp-block-column is-layout-flow wp-block-column-is-layout-flow\">\n<div style=\"width: 100%;\"><div style=\"position: relative; padding-bottom: 200%; padding-top: 0; height: 0;\"><iframe loading=\"lazy\" title=\"BP 2.4\" frameborder=\"0\" width=\"800px\" height=\"1600px\" style=\"position: absolute; top: 0; left: 0; width: 100%; height: 100%;\" src=\"https:\/\/view.genial.ly\/6514227c39878e0011631606\" type=\"text\/html\" allowscriptaccess=\"always\" allowfullscreen=\"true\" scrolling=\"yes\" allownetworking=\"all\"><\/iframe> <\/div> <\/div>\n<\/div>\n\n\n\n<div class=\"wp-block-column is-layout-flow wp-block-column-is-layout-flow\" style=\"flex-basis:15%\">\n<p><\/p>\n<\/div>\n<\/div>\n\n\n\n<div class=\"wp-block-group has-background\" style=\"background-color:#c1ecfe\"><div class=\"wp-block-group__inner-container is-layout-constrained wp-block-group-is-layout-constrained\">\n<h4 class=\"wp-block-heading\"><strong>Archivos para descargar<\/strong><\/h4>\n\n\n\n<div class=\"wp-block-buttons is-layout-flex wp-block-buttons-is-layout-flex\">\n<div class=\"wp-block-button has-custom-width wp-block-button__width-25\"><a class=\"wp-block-button__link has-white-color has-text-color has-background wp-element-button\" href=\"https:\/\/erasmus-ace.com\/historia\/wp-content\/uploads\/2023\/10\/Buena-Practica-en-2.4.docx-1.pdf\" style=\"background-color:#467499\" target=\"_blank\" rel=\"noreferrer noopener\">Acceder<\/a><\/div>\n<\/div>\n\n\n\n<div style=\"height:22px\" aria-hidden=\"true\" class=\"wp-block-spacer\"><\/div>\n<\/div><\/div>\n\n<\/div><\/div>\n\n<div class=\"wp-block-ub-content-toggle-accordion\">\n                <div class=\"wp-block-ub-content-toggle-accordion-title-wrap\" aria-expanded=\"false\" aria-controls=\"ub-content-toggle-panel-4-a369d5c9-de4a-4be3-a19d-57657647c1ef\" tabindex=\"0\">\n                    <p class=\"wp-block-ub-content-toggle-accordion-title ub-content-toggle-title-a369d5c9-de4a-4be3-a19d-57657647c1ef\"><strong>2.5.:\u00a0 Transdisciplinariedad<\/strong><\/p><div class=\"wp-block-ub-content-toggle-accordion-toggle-wrap right\"><span class=\"wp-block-ub-content-toggle-accordion-state-indicator wp-block-ub-chevron-down\"><\/span>\n                    <\/div><\/div><div role=\"region\" class=\"wp-block-ub-content-toggle-accordion-content-wrap ub-hide\" id=\"ub-content-toggle-panel-4-a369d5c9-de4a-4be3-a19d-57657647c1ef\">\n\n<div class=\"wp-block-columns bloco2 bloco is-layout-flex wp-container-core-columns-is-layout-9d6595d7 wp-block-columns-is-layout-flex\">\n<div class=\"wp-block-column is-layout-flow wp-block-column-is-layout-flow\">\n<h4 class=\"wp-block-heading has-text-align-center\">Conocimientos<\/h4>\n\n\n\n<p>Comprende la importancia de la trans, inter y multidisciplinariedad para el enriquecimiento del conocimiento y&nbsp; pensamiento hist\u00f3rico.<\/p>\n<\/div>\n\n\n\n<div class=\"wp-block-column is-layout-flow wp-block-column-is-layout-flow\">\n<h4 class=\"wp-block-heading has-text-align-center\">Habilidades<\/h4>\n\n\n\n<p>Participa de equipos de investigaci\u00f3n trans, inter y multidisciplinarios utilizando diversos tipos de repositorios que pueden enriquecer la investigaci\u00f3n hist\u00f3rica (documentales, fotogr\u00e1ficas, audiovisuales, cartogr\u00e1ficas, etnohist\u00f3ricas, etnogr\u00e1ficas, etc.).<\/p>\n<\/div>\n\n\n\n<div class=\"wp-block-column is-layout-flow wp-block-column-is-layout-flow\">\n<h4 class=\"wp-block-heading has-text-align-center\">Responsabilidades<\/h4>\n\n\n\n<p>Gestiona la producci\u00f3n de conocimientos y la resoluci\u00f3n de problemas cient\u00edficos, sociales y culturales de manera aut\u00f3noma y colaborativa, guiado por una actitud tolerante.<\/p>\n<\/div>\n<\/div>\n\n\n\n<div class=\"wp-block-columns is-layout-flex wp-container-core-columns-is-layout-9d6595d7 wp-block-columns-is-layout-flex\">\n<div class=\"wp-block-column is-layout-flow wp-block-column-is-layout-flow\" style=\"flex-basis:15%\">\n<p><\/p>\n<\/div>\n\n\n\n<div class=\"wp-block-column is-layout-flow wp-block-column-is-layout-flow\">\n<div style=\"width: 100%;\"><div style=\"position: relative; padding-bottom: 200%; padding-top: 0; height: 0;\"><iframe loading=\"lazy\" title=\"BP 2.5\" frameborder=\"0\" width=\"800px\" height=\"1600px\" style=\"position: absolute; top: 0; left: 0; width: 100%; height: 100%;\" src=\"https:\/\/view.genial.ly\/651acd62ba651b00113c89eb\" type=\"text\/html\" allowscriptaccess=\"always\" allowfullscreen=\"true\" scrolling=\"yes\" allownetworking=\"all\"><\/iframe> <\/div> <\/div>\n<\/div>\n\n\n\n<div class=\"wp-block-column is-layout-flow wp-block-column-is-layout-flow\" style=\"flex-basis:15%\">\n<p><\/p>\n<\/div>\n<\/div>\n\n\n\n<div class=\"wp-block-group has-background\" style=\"background-color:#c1ecfe\"><div class=\"wp-block-group__inner-container is-layout-constrained wp-block-group-is-layout-constrained\">\n<h4 class=\"wp-block-heading\"><strong>Archivos para descargar<\/strong><\/h4>\n\n\n\n<div class=\"wp-block-buttons is-layout-flex wp-block-buttons-is-layout-flex\">\n<div class=\"wp-block-button has-custom-width wp-block-button__width-25\"><a class=\"wp-block-button__link has-white-color has-text-color has-background wp-element-button\" href=\"https:\/\/erasmus-ace.com\/historia\/wp-content\/uploads\/2023\/10\/Buena-Practica-en-2.5.docx-1.pdf\" style=\"background-color:#467499\" target=\"_blank\" rel=\"noreferrer noopener\">Acceder<\/a><\/div>\n<\/div>\n\n\n\n<div style=\"height:22px\" aria-hidden=\"true\" class=\"wp-block-spacer\"><\/div>\n<\/div><\/div>\n\n<\/div><\/div>\n<\/div>","protected":false},"excerpt":{"rendered":"<p>Investigaci\u00f3n Hist\u00f3rica Conocimientos Comprende el proceso te\u00f3rico-metodol\u00f3gico de investigaci\u00f3n cient\u00edfica propio de la Historia. Habilidades Establece v\u00ednculos y relaciones inter y transdisciplinarios en el proceso de investigaci\u00f3n hist\u00f3rica para lograr la producci\u00f3n de conocimiento y la resoluci\u00f3n de problemas profesionales de manera aut\u00f3noma y colaborativa. Responsabilidades Produce textos acad\u00e9mico-cient\u00edficos procurando el desarrollo de tem\u00e1ticas de [&hellip;]<\/p>\n","protected":false},"author":1,"featured_media":0,"parent":0,"menu_order":0,"comment_status":"closed","ping_status":"closed","template":"","meta":{"ub_ctt_via":"","footnotes":""},"class_list":["post-137","page","type-page","status-publish","hentry"],"featured_image_src":null,"_links":{"self":[{"href":"https:\/\/erasmus-ace.com\/historia\/wp-json\/wp\/v2\/pages\/137","targetHints":{"allow":["GET"]}}],"collection":[{"href":"https:\/\/erasmus-ace.com\/historia\/wp-json\/wp\/v2\/pages"}],"about":[{"href":"https:\/\/erasmus-ace.com\/historia\/wp-json\/wp\/v2\/types\/page"}],"author":[{"embeddable":true,"href":"https:\/\/erasmus-ace.com\/historia\/wp-json\/wp\/v2\/users\/1"}],"replies":[{"embeddable":true,"href":"https:\/\/erasmus-ace.com\/historia\/wp-json\/wp\/v2\/comments?post=137"}],"version-history":[{"count":6,"href":"https:\/\/erasmus-ace.com\/historia\/wp-json\/wp\/v2\/pages\/137\/revisions"}],"predecessor-version":[{"id":229,"href":"https:\/\/erasmus-ace.com\/historia\/wp-json\/wp\/v2\/pages\/137\/revisions\/229"}],"wp:attachment":[{"href":"https:\/\/erasmus-ace.com\/historia\/wp-json\/wp\/v2\/media?parent=137"}],"curies":[{"name":"wp","href":"https:\/\/api.w.org\/{rel}","templated":true}]}}