{"id":116,"date":"2023-10-06T17:05:43","date_gmt":"2023-10-06T20:05:43","guid":{"rendered":"https:\/\/erasmus-ace.com\/historia\/?page_id=116"},"modified":"2023-10-26T14:22:22","modified_gmt":"2023-10-26T17:22:22","slug":"dimension1","status":"publish","type":"page","link":"https:\/\/erasmus-ace.com\/historia\/dimension1\/","title":{"rendered":"DIMENSI\u00d3N 1"},"content":{"rendered":"\n<h3 class=\"wp-block-heading has-text-align-center has-background\" style=\"background-color:#d2ffed\">Formaci\u00f3n pedag\u00f3gico &#8211; social para la ense\u00f1anza y el aprendizaje de la Historia<\/h3>\n\n\n\n<div style=\"height:35px\" aria-hidden=\"true\" class=\"wp-block-spacer\"><\/div>\n\n\n\n<div class=\"wp-block-columns bloco1 bloco is-layout-flex wp-container-core-columns-is-layout-9d6595d7 wp-block-columns-is-layout-flex\">\n<div class=\"wp-block-column is-layout-flow wp-block-column-is-layout-flow\">\n<h4 class=\"wp-block-heading has-text-align-center\">Conocimientos<\/h4>\n\n\n\n<p>Comprensi\u00f3n de los diferentes elementos cr\u00edtico-pedag\u00f3gicos y t\u00e9cnico-metodol\u00f3gicos para la ense\u00f1anza de la historia, considerando la heterogeneidad del contexto local, regional e internacional.<\/p>\n<\/div>\n\n\n\n<div class=\"wp-block-column is-layout-flow wp-block-column-is-layout-flow\">\n<h4 class=\"wp-block-heading has-text-align-center\">Habilidades<\/h4>\n\n\n\n<p>Dise\u00f1o y ejecuci\u00f3n de propuestas pedag\u00f3gico-did\u00e1cticas \u00e1ulicas e institucionales adecuadas al contexto socio &#8211; educativo y cultural en el que se desempe\u00f1a.<\/p>\n<\/div>\n\n\n\n<div class=\"wp-block-column is-layout-flow wp-block-column-is-layout-flow\">\n<h4 class=\"wp-block-heading has-text-align-center\">Responsabilidades<\/h4>\n\n\n\n<p>Fomenta el pensamiento cr\u00edtico as\u00ed como valores \u00e9ticos-morales en la ense\u00f1anza de la historia que contribuyan a promover sociedades m\u00e1s justas, pac\u00edficas y tolerantes.<\/p>\n<\/div>\n<\/div>\n\n\n\n<h3 class=\"wp-block-heading has-background\" style=\"background-color:#d2ffed\">Subdimensiones<\/h3>\n\n\n<div class=\"wp-block-ub-content-toggle\" id=\"ub-content-toggle-630bf2ec-dd23-4198-a6d6-017e807816bf\" data-mobilecollapse=\"true\" data-desktopcollapse=\"true\">\n<div class=\"wp-block-ub-content-toggle-accordion\">\n                <div class=\"wp-block-ub-content-toggle-accordion-title-wrap\" aria-expanded=\"false\" aria-controls=\"ub-content-toggle-panel-0-630bf2ec-dd23-4198-a6d6-017e807816bf\" tabindex=\"0\">\n                    <p class=\"wp-block-ub-content-toggle-accordion-title ub-content-toggle-title-630bf2ec-dd23-4198-a6d6-017e807816bf\"><strong>1.1: Pensamiento cr\u00edtico y teor\u00edas educativas para la ense\u00f1anza de la Historia<\/strong><\/p><div class=\"wp-block-ub-content-toggle-accordion-toggle-wrap right\"><span class=\"wp-block-ub-content-toggle-accordion-state-indicator wp-block-ub-chevron-down\"><\/span>\n                    <\/div><\/div><div role=\"region\" class=\"wp-block-ub-content-toggle-accordion-content-wrap ub-hide\" id=\"ub-content-toggle-panel-0-630bf2ec-dd23-4198-a6d6-017e807816bf\">\n\n<div class=\"wp-block-columns bloco1 bloco is-layout-flex wp-container-core-columns-is-layout-9d6595d7 wp-block-columns-is-layout-flex\">\n<div class=\"wp-block-column is-layout-flow wp-block-column-is-layout-flow\">\n<h4 class=\"wp-block-heading has-text-align-center\">Conocimientos<\/h4>\n\n\n\n<p>Reconoce los principales marcos te\u00f3ricos \u2013 metodol\u00f3gicos que sustentan la toma decisiones que requiere la pr\u00e1ctica de ense\u00f1anza y que explican el contexto hist\u00f3rico, socio-educativo y cultural de la comunidad donde se desempe\u00f1a.<\/p>\n<\/div>\n\n\n\n<div class=\"wp-block-column is-layout-flow wp-block-column-is-layout-flow\">\n<h4 class=\"wp-block-heading has-text-align-center\">Habilidades<\/h4>\n\n\n\n<p>Aplica fundamentos te\u00f3ricos en el an\u00e1lisis de problem\u00e1ticas y de proyectos educativos sobre la ense\u00f1anza de la historia.<\/p>\n<\/div>\n\n\n\n<div class=\"wp-block-column is-layout-flow wp-block-column-is-layout-flow\">\n<h4 class=\"wp-block-heading has-text-align-center\">Responsabilidades<\/h4>\n\n\n\n<p>Se compromete con la realidad socio-educativa y cultural en la que se desempe\u00f1a con el fin de dise\u00f1ar y desarrollar proyectos que impacten significativamente en el contexto donde participa.<\/p>\n<\/div>\n<\/div>\n\n\n\n<div class=\"wp-block-columns is-layout-flex wp-container-core-columns-is-layout-9d6595d7 wp-block-columns-is-layout-flex\">\n<div class=\"wp-block-column is-layout-flow wp-block-column-is-layout-flow\" style=\"flex-basis:15%\">\n<p><\/p>\n<\/div>\n\n\n\n<div class=\"wp-block-column is-layout-flow wp-block-column-is-layout-flow\">\n<div style=\"width: 100%;\"><div style=\"position: relative; padding-bottom: 200%; padding-top: 0; height: 0;\"><iframe loading=\"lazy\" title=\"BP 1.1\" frameborder=\"0\" width=\"800px\" height=\"1600px\" style=\"position: absolute; top: 0; left: 0; width: 100%; height: 100%;\" src=\"https:\/\/view.genial.ly\/65197173572e410011536f70\" type=\"text\/html\" allowscriptaccess=\"always\" allowfullscreen=\"true\" scrolling=\"yes\" allownetworking=\"all\"><\/iframe> <\/div> <\/div>\n<\/div>\n\n\n\n<div class=\"wp-block-column is-layout-flow wp-block-column-is-layout-flow\" style=\"flex-basis:15%\">\n<p><\/p>\n<\/div>\n<\/div>\n\n\n\n<div class=\"wp-block-group has-background\" style=\"background-color:#d2ffed\"><div class=\"wp-block-group__inner-container is-layout-constrained wp-block-group-is-layout-constrained\">\n<h4 class=\"wp-block-heading\"><strong>Archivos para descargar<\/strong><\/h4>\n\n\n\n<div class=\"wp-block-buttons is-layout-flex wp-block-buttons-is-layout-flex\">\n<div class=\"wp-block-button has-custom-width wp-block-button__width-25\"><a class=\"wp-block-button__link has-background wp-element-button\" href=\"https:\/\/erasmus-ace.com\/historia\/wp-content\/uploads\/2023\/10\/Buena-Practica-en-1.1.docx-1.pdf\" style=\"background-color:#2d8e6a\" target=\"_blank\" rel=\"noreferrer noopener\">Acceder<\/a><\/div>\n<\/div>\n\n\n\n<div style=\"height:22px\" aria-hidden=\"true\" class=\"wp-block-spacer\"><\/div>\n<\/div><\/div>\n\n\n\n<div style=\"height:36px\" aria-hidden=\"true\" class=\"wp-block-spacer\"><\/div>\n\n\n\n<p><\/p>\n\n<\/div><\/div>\n\n<div class=\"wp-block-ub-content-toggle-accordion\">\n                <div class=\"wp-block-ub-content-toggle-accordion-title-wrap\" aria-expanded=\"false\" aria-controls=\"ub-content-toggle-panel-1-630bf2ec-dd23-4198-a6d6-017e807816bf\" tabindex=\"0\">\n                    <p class=\"wp-block-ub-content-toggle-accordion-title ub-content-toggle-title-630bf2ec-dd23-4198-a6d6-017e807816bf\"><strong>1.2.: Dise\u00f1o y gesti\u00f3n de procesos de ense\u00f1anza, aprendizaje y evaluaci\u00f3n de la disciplina hist\u00f3rica<\/strong><\/p><div class=\"wp-block-ub-content-toggle-accordion-toggle-wrap right\"><span class=\"wp-block-ub-content-toggle-accordion-state-indicator wp-block-ub-chevron-down\"><\/span>\n                    <\/div><\/div><div role=\"region\" class=\"wp-block-ub-content-toggle-accordion-content-wrap ub-hide\" id=\"ub-content-toggle-panel-1-630bf2ec-dd23-4198-a6d6-017e807816bf\">\n\n<div class=\"wp-block-columns bloco1 bloco is-layout-flex wp-container-core-columns-is-layout-9d6595d7 wp-block-columns-is-layout-flex\">\n<div class=\"wp-block-column is-layout-flow wp-block-column-is-layout-flow\">\n<h4 class=\"wp-block-heading has-text-align-center\">Conocimientos<\/h4>\n\n\n\n<p>Conoce la teor\u00eda y fundamentaci\u00f3n de las metodolog\u00edas activas de ense\u00f1anza &#8211; aprendizaje y evaluaci\u00f3n, en el marco jur\u00eddico institucional que contextualizan los proyectos curriculares de diferentes niveles en la pr\u00e1ctica docente.<\/p>\n<\/div>\n\n\n\n<div class=\"wp-block-column is-layout-flow wp-block-column-is-layout-flow\">\n<h4 class=\"wp-block-heading has-text-align-center\">Habilidades<\/h4>\n\n\n\n<p>Aplica dise\u00f1os pedag\u00f3gicos innovadores, en el marco de la&nbsp; ense\u00f1anza y el aprendizaje de la historia en diferentes niveles de complejidad y contextos considerando la dimensi\u00f3n internacional del curr\u00edculum.<\/p>\n<\/div>\n\n\n\n<div class=\"wp-block-column is-layout-flow wp-block-column-is-layout-flow\">\n<h4 class=\"wp-block-heading has-text-align-center\">Responsabilidades<\/h4>\n\n\n\n<p>Gestiona el curr\u00edculum de diferentes \u00e1mbitos, promoviendo la actualizaci\u00f3n tanto en materia did\u00e1ctica como pedag\u00f3gica referidas a la ense\u00f1anza y aprendizaje de la Historia.<\/p>\n<\/div>\n<\/div>\n\n\n\n<div class=\"wp-block-columns is-layout-flex wp-container-core-columns-is-layout-9d6595d7 wp-block-columns-is-layout-flex\">\n<div class=\"wp-block-column is-layout-flow wp-block-column-is-layout-flow\" style=\"flex-basis:15%\">\n<p><\/p>\n<\/div>\n\n\n\n<div class=\"wp-block-column is-layout-flow wp-block-column-is-layout-flow\">\n<div style=\"width: 100%;\"><div style=\"position: relative; padding-bottom: 200%; padding-top: 0; height: 0;\"><iframe loading=\"lazy\" title=\"BP 1.2\" frameborder=\"0\" width=\"800\" height=\"1600\" style=\"position: absolute; top: 0; left: 0; width: 100%; height: 100%;\" src=\"https:\/\/view.genial.ly\/652a975dbba50d0010137a9d\" type=\"text\/html\" allowscriptaccess=\"always\" allowfullscreen=\"true\" scrolling=\"yes\" allownetworking=\"all\"><\/iframe> <\/div> <\/div>\n<\/div>\n\n\n\n<div class=\"wp-block-column is-layout-flow wp-block-column-is-layout-flow\" style=\"flex-basis:15%\">\n<p><\/p>\n<\/div>\n<\/div>\n\n\n\n<div class=\"wp-block-group has-background\" style=\"background-color:#d2ffed\"><div class=\"wp-block-group__inner-container is-layout-constrained wp-block-group-is-layout-constrained\">\n<h4 class=\"wp-block-heading\"><strong>Archivos para descargar<\/strong><\/h4>\n\n\n\n<div class=\"wp-block-buttons is-layout-flex wp-block-buttons-is-layout-flex\">\n<div class=\"wp-block-button has-custom-width wp-block-button__width-25\"><a class=\"wp-block-button__link has-background wp-element-button\" href=\"https:\/\/erasmus-ace.com\/historia\/wp-content\/uploads\/2023\/10\/Buena-Practica-en-1.2.docx.pdf\" style=\"background-color:#2d8e6a\" target=\"_blank\" rel=\"noreferrer noopener\">Acceder<\/a><\/div>\n<\/div>\n\n\n\n<div style=\"height:22px\" aria-hidden=\"true\" class=\"wp-block-spacer\"><\/div>\n<\/div><\/div>\n\n<\/div><\/div>\n\n<div class=\"wp-block-ub-content-toggle-accordion\">\n                <div class=\"wp-block-ub-content-toggle-accordion-title-wrap\" aria-expanded=\"false\" aria-controls=\"ub-content-toggle-panel-2-630bf2ec-dd23-4198-a6d6-017e807816bf\" tabindex=\"0\">\n                    <p class=\"wp-block-ub-content-toggle-accordion-title ub-content-toggle-title-630bf2ec-dd23-4198-a6d6-017e807816bf\"><strong>1.3.: Compromiso socio \u2013 educativo y cultura<\/strong><\/p><div class=\"wp-block-ub-content-toggle-accordion-toggle-wrap right\"><span class=\"wp-block-ub-content-toggle-accordion-state-indicator wp-block-ub-chevron-down\"><\/span>\n                    <\/div><\/div><div role=\"region\" class=\"wp-block-ub-content-toggle-accordion-content-wrap ub-hide\" id=\"ub-content-toggle-panel-2-630bf2ec-dd23-4198-a6d6-017e807816bf\">\n\n<div class=\"wp-block-columns bloco1L bloco is-layout-flex wp-container-core-columns-is-layout-9d6595d7 wp-block-columns-is-layout-flex\">\n<div class=\"wp-block-column is-layout-flow wp-block-column-is-layout-flow\">\n<h4 class=\"wp-block-heading has-text-align-center\">Conocimientos<\/h4>\n\n\n\n<p>Reconoce la realidad hist\u00f3rica&nbsp; nacional, regional e&nbsp; internacional con el fin de analizar cr\u00edticamente la sociedad, la educaci\u00f3n y la cultura.<\/p>\n<\/div>\n\n\n\n<div class=\"wp-block-column is-layout-flow wp-block-column-is-layout-flow\">\n<h4 class=\"wp-block-heading has-text-align-center\">Habilidades<\/h4>\n\n\n\n<p>Aplica metodolog\u00edas de acci\u00f3n participativa&nbsp; e investigaci\u00f3n en \u00e1mbitos p\u00fablicos, privados,&nbsp; formales e informales, vinculados a diferentes actividades formativas, cient\u00edficas, acad\u00e9micas y socio culturales.<\/p>\n<\/div>\n\n\n\n<div class=\"wp-block-column is-layout-flow wp-block-column-is-layout-flow\">\n<h4 class=\"wp-block-heading has-text-align-center\">Responsabilidades<\/h4>\n\n\n\n<p>Demuestra compromiso&nbsp; \u00e9tico con la realidad socio-educativa-cultural, a partir de la implementaci\u00f3n y evaluaci\u00f3n de propuestas de intervenci\u00f3n vinculadas a las demandas del contexto inmediato,&nbsp; tanto en el \u00e1mbito no formal (museos, barrios, clubes, uniones vecinales, centros culturales, etc.) como en el formal (instituciones educativas).<\/p>\n<\/div>\n<\/div>\n\n\n\n<div class=\"wp-block-columns is-layout-flex wp-container-core-columns-is-layout-9d6595d7 wp-block-columns-is-layout-flex\">\n<div class=\"wp-block-column is-layout-flow wp-block-column-is-layout-flow\" style=\"flex-basis:15%\">\n<p><\/p>\n<\/div>\n\n\n\n<div class=\"wp-block-column is-layout-flow wp-block-column-is-layout-flow\">\n<div style=\"width: 100%;\"><div style=\"position: relative; padding-bottom: 200%; padding-top: 0; height: 0;\"><iframe loading=\"lazy\" title=\"BP 1.3\" frameborder=\"0\" width=\"800px\" height=\"1600px\" style=\"position: absolute; top: 0; left: 0; width: 100%; height: 100%;\" src=\"https:\/\/view.genial.ly\/651d729c6f0617001179fb19\" type=\"text\/html\" allowscriptaccess=\"always\" allowfullscreen=\"true\" scrolling=\"yes\" allownetworking=\"all\"><\/iframe> <\/div> <\/div>\n<\/div>\n\n\n\n<div class=\"wp-block-column is-layout-flow wp-block-column-is-layout-flow\" style=\"flex-basis:15%\">\n<p><\/p>\n<\/div>\n<\/div>\n\n\n\n<div class=\"wp-block-group has-background\" style=\"background-color:#d2ffed\"><div class=\"wp-block-group__inner-container is-layout-constrained wp-block-group-is-layout-constrained\">\n<h4 class=\"wp-block-heading\"><strong>Archivos para descargar<\/strong><\/h4>\n\n\n\n<div class=\"wp-block-buttons is-layout-flex wp-block-buttons-is-layout-flex\">\n<div class=\"wp-block-button has-custom-width wp-block-button__width-25\"><a class=\"wp-block-button__link has-background wp-element-button\" href=\"https:\/\/erasmus-ace.com\/historia\/wp-content\/uploads\/2023\/10\/BP-en-Historia-1.3.-Compromiso-Soc-Educ-y-Cult.pdf\" style=\"background-color:#2d8e6a\" target=\"_blank\" rel=\"noreferrer noopener\">Acceder<\/a><\/div>\n<\/div>\n\n\n\n<div style=\"height:22px\" aria-hidden=\"true\" class=\"wp-block-spacer\"><\/div>\n<\/div><\/div>\n\n<\/div><\/div>\n<\/div>","protected":false},"excerpt":{"rendered":"<p>Formaci\u00f3n pedag\u00f3gico &#8211; social para la ense\u00f1anza y el aprendizaje de la Historia Conocimientos Comprensi\u00f3n de los diferentes elementos cr\u00edtico-pedag\u00f3gicos y t\u00e9cnico-metodol\u00f3gicos para la ense\u00f1anza de la historia, considerando la heterogeneidad del contexto local, regional e internacional. Habilidades Dise\u00f1o y ejecuci\u00f3n de propuestas pedag\u00f3gico-did\u00e1cticas \u00e1ulicas e institucionales adecuadas al contexto socio &#8211; educativo y cultural [&hellip;]<\/p>\n","protected":false},"author":1,"featured_media":0,"parent":0,"menu_order":0,"comment_status":"closed","ping_status":"closed","template":"","meta":{"ub_ctt_via":"","footnotes":""},"class_list":["post-116","page","type-page","status-publish","hentry"],"featured_image_src":null,"_links":{"self":[{"href":"https:\/\/erasmus-ace.com\/historia\/wp-json\/wp\/v2\/pages\/116","targetHints":{"allow":["GET"]}}],"collection":[{"href":"https:\/\/erasmus-ace.com\/historia\/wp-json\/wp\/v2\/pages"}],"about":[{"href":"https:\/\/erasmus-ace.com\/historia\/wp-json\/wp\/v2\/types\/page"}],"author":[{"embeddable":true,"href":"https:\/\/erasmus-ace.com\/historia\/wp-json\/wp\/v2\/users\/1"}],"replies":[{"embeddable":true,"href":"https:\/\/erasmus-ace.com\/historia\/wp-json\/wp\/v2\/comments?post=116"}],"version-history":[{"count":19,"href":"https:\/\/erasmus-ace.com\/historia\/wp-json\/wp\/v2\/pages\/116\/revisions"}],"predecessor-version":[{"id":235,"href":"https:\/\/erasmus-ace.com\/historia\/wp-json\/wp\/v2\/pages\/116\/revisions\/235"}],"wp:attachment":[{"href":"https:\/\/erasmus-ace.com\/historia\/wp-json\/wp\/v2\/media?parent=116"}],"curies":[{"name":"wp","href":"https:\/\/api.w.org\/{rel}","templated":true}]}}