{"id":108,"date":"2023-10-06T16:54:06","date_gmt":"2023-10-06T19:54:06","guid":{"rendered":"https:\/\/erasmus-ace.com\/historia\/?page_id=108"},"modified":"2023-10-17T16:38:48","modified_gmt":"2023-10-17T19:38:48","slug":"meta-perfil-del-licenciado-en-historia","status":"publish","type":"page","link":"https:\/\/erasmus-ace.com\/historia\/meta-perfil-del-licenciado-en-historia\/","title":{"rendered":"Meta Perfil del Licenciado en Historia"},"content":{"rendered":"\n<p>Desde el a\u00f1o 2020 hemos trabajado en el desarrollo y puesta en com\u00fan de Meta Perfiles para las\/los graduadas\/os en Historia de Am\u00e9rica del Sur.<\/p>\n\n\n\n<p>El objetivo fue construir titulaciones compatibles, comparables, y relevantes para nuestras sociedades, con niveles de calidad y excelencia acordes.&nbsp;<\/p>\n\n\n\n<p>De acuerdo con lo anterior, nos propusimos las y los miembros de las tres unidades ACE Historia elaborar una propuesta de dimensiones que reflejen los perfiles de egreso. Cada dimensi\u00f3n tiene descriptores que se sustentan en tres saberes perseguidos en la formaci\u00f3n superior de nuestras\/os estudiantes: saber (conocimientos), saber hacer (habilidades) y saber ser (basado en la actitud de responsabilidad sobre aquello que se aprende).<\/p>\n\n\n\n<p>A continuaci\u00f3n podr\u00e1n explorar cada dimensi\u00f3n del Perfil del Egresado\/a de Historia de Am\u00e9rica del Sur.<\/p>\n\n\n\n<div class=\"wp-block-columns is-layout-flex wp-container-core-columns-is-layout-9d6595d7 wp-block-columns-is-layout-flex\">\n<div class=\"wp-block-column is-layout-flow wp-block-column-is-layout-flow\">\n<figure class=\"wp-block-image size-full\"><a href=\"https:\/\/erasmus-ace.com\/historia\/dimension1\/\"><img loading=\"lazy\" decoding=\"async\" width=\"320\" height=\"520\" src=\"https:\/\/erasmus-ace.com\/historia\/wp-content\/uploads\/2023\/10\/d1.png\" alt=\"\" class=\"wp-image-109\" srcset=\"https:\/\/erasmus-ace.com\/historia\/wp-content\/uploads\/2023\/10\/d1.png 320w, https:\/\/erasmus-ace.com\/historia\/wp-content\/uploads\/2023\/10\/d1-185x300.png 185w\" sizes=\"auto, (max-width: 320px) 100vw, 320px\" \/><\/a><\/figure>\n<\/div>\n\n\n\n<div class=\"wp-block-column is-layout-flow wp-block-column-is-layout-flow\">\n<figure class=\"wp-block-image size-full\"><a href=\"https:\/\/erasmus-ace.com\/historia\/dimension2\/\"><img loading=\"lazy\" decoding=\"async\" width=\"320\" height=\"520\" src=\"https:\/\/erasmus-ace.com\/historia\/wp-content\/uploads\/2023\/10\/d2.png\" alt=\"\" class=\"wp-image-110\" srcset=\"https:\/\/erasmus-ace.com\/historia\/wp-content\/uploads\/2023\/10\/d2.png 320w, https:\/\/erasmus-ace.com\/historia\/wp-content\/uploads\/2023\/10\/d2-185x300.png 185w\" sizes=\"auto, (max-width: 320px) 100vw, 320px\" \/><\/a><\/figure>\n<\/div>\n\n\n\n<div class=\"wp-block-column is-layout-flow wp-block-column-is-layout-flow\">\n<figure class=\"wp-block-image size-full\"><a href=\"https:\/\/erasmus-ace.com\/historia\/dimension3\/\"><img loading=\"lazy\" decoding=\"async\" width=\"320\" height=\"520\" src=\"https:\/\/erasmus-ace.com\/historia\/wp-content\/uploads\/2023\/10\/d3.png\" alt=\"\" class=\"wp-image-111\" srcset=\"https:\/\/erasmus-ace.com\/historia\/wp-content\/uploads\/2023\/10\/d3.png 320w, https:\/\/erasmus-ace.com\/historia\/wp-content\/uploads\/2023\/10\/d3-185x300.png 185w\" sizes=\"auto, (max-width: 320px) 100vw, 320px\" \/><\/a><\/figure>\n<\/div>\n\n\n\n<div class=\"wp-block-column is-layout-flow wp-block-column-is-layout-flow\">\n<figure class=\"wp-block-image size-full\"><a href=\"https:\/\/erasmus-ace.com\/historia\/dimension4\/\"><img loading=\"lazy\" decoding=\"async\" width=\"320\" height=\"520\" src=\"https:\/\/erasmus-ace.com\/historia\/wp-content\/uploads\/2023\/10\/d4.png\" alt=\"\" class=\"wp-image-112\" srcset=\"https:\/\/erasmus-ace.com\/historia\/wp-content\/uploads\/2023\/10\/d4.png 320w, https:\/\/erasmus-ace.com\/historia\/wp-content\/uploads\/2023\/10\/d4-185x300.png 185w\" sizes=\"auto, (max-width: 320px) 100vw, 320px\" \/><\/a><\/figure>\n<\/div>\n<\/div>\n","protected":false},"excerpt":{"rendered":"<p>Desde el a\u00f1o 2020 hemos trabajado en el desarrollo y puesta en com\u00fan de Meta Perfiles para las\/los graduadas\/os en Historia de Am\u00e9rica del Sur. El objetivo fue construir titulaciones compatibles, comparables, y relevantes para nuestras sociedades, con niveles de calidad y excelencia acordes.&nbsp; De acuerdo con lo anterior, nos propusimos las y los miembros [&hellip;]<\/p>\n","protected":false},"author":1,"featured_media":0,"parent":0,"menu_order":0,"comment_status":"closed","ping_status":"closed","template":"","meta":{"ub_ctt_via":"","footnotes":""},"class_list":["post-108","page","type-page","status-publish","hentry"],"featured_image_src":null,"_links":{"self":[{"href":"https:\/\/erasmus-ace.com\/historia\/wp-json\/wp\/v2\/pages\/108","targetHints":{"allow":["GET"]}}],"collection":[{"href":"https:\/\/erasmus-ace.com\/historia\/wp-json\/wp\/v2\/pages"}],"about":[{"href":"https:\/\/erasmus-ace.com\/historia\/wp-json\/wp\/v2\/types\/page"}],"author":[{"embeddable":true,"href":"https:\/\/erasmus-ace.com\/historia\/wp-json\/wp\/v2\/users\/1"}],"replies":[{"embeddable":true,"href":"https:\/\/erasmus-ace.com\/historia\/wp-json\/wp\/v2\/comments?post=108"}],"version-history":[{"count":3,"href":"https:\/\/erasmus-ace.com\/historia\/wp-json\/wp\/v2\/pages\/108\/revisions"}],"predecessor-version":[{"id":212,"href":"https:\/\/erasmus-ace.com\/historia\/wp-json\/wp\/v2\/pages\/108\/revisions\/212"}],"wp:attachment":[{"href":"https:\/\/erasmus-ace.com\/historia\/wp-json\/wp\/v2\/media?parent=108"}],"curies":[{"name":"wp","href":"https:\/\/api.w.org\/{rel}","templated":true}]}}