{"id":86,"date":"2020-06-03T14:40:31","date_gmt":"2020-06-03T17:40:31","guid":{"rendered":"https:\/\/erasmus-ace.com\/?page_id=86"},"modified":"2024-04-24T11:14:09","modified_gmt":"2024-04-24T14:14:09","slug":"ace-project","status":"publish","type":"page","link":"https:\/\/erasmus-ace.com\/es\/","title":{"rendered":"Proyecto ACE"},"content":{"rendered":"\n<div class=\"wp-block-media-text alignwide is-stacked-on-mobile has-background is-style-rounded borda-cima-arred\" style=\"background-color:#f7f7f7;grid-template-columns:35% auto\"><figure class=\"wp-block-media-text__media\"><img decoding=\"async\" loading=\"lazy\" width=\"847\" height=\"565\" src=\"https:\/\/erasmus-ace.com\/wp-content\/uploads\/2020\/06\/46246648_s.jpg\" alt=\"\" class=\"wp-image-87 size-full\" srcset=\"https:\/\/erasmus-ace.com\/es\/wp-content\/uploads\/2020\/06\/46246648_s.jpg 847w, https:\/\/erasmus-ace.com\/es\/wp-content\/uploads\/2020\/06\/46246648_s-300x200.jpg 300w, https:\/\/erasmus-ace.com\/es\/wp-content\/uploads\/2020\/06\/46246648_s-768x512.jpg 768w\" sizes=\"(max-width: 709px) 85vw, (max-width: 909px) 67vw, (max-width: 1362px) 62vw, 840px\" \/><\/figure><div class=\"wp-block-media-text__content\">\n<p>Objetivo General: Fomentar la reforma curricular basada en el enfoque centrado en el estudiante en 6 pa\u00edses de Am\u00e9rica del Sur, con impacto en otros, cubriendo 4 \u00e1reas tem\u00e1ticas que representan 4 sectores educativos e involucrando directamente 20 programas.<\/p>\n\n\n\n<p>Para lograr el objetivo deseado, los Participantes del Proyecto ACE trabajaron en la creaci\u00f3n de las condiciones y los instrumentos necesarios para la implementaci\u00f3n efectiva del Enfoque Centrado en el Estudiante.<\/p>\n<\/div><\/div>\n\n\n\n<h2 class=\"wp-block-heading\"><strong>Informe Acad\u00e9mico Final<\/strong><\/h2>\n\n\n\n<figure class=\"wp-block-gallery has-nested-images columns-default is-cropped wp-block-gallery-1 is-layout-flex wp-block-gallery-is-layout-flex\">\n<figure class=\"wp-block-image size-large\"><a href=\"https:\/\/drive.google.com\/file\/d\/1P8XGg-6VaD9e0lOjDpATqXHIrWM-Z6Q1\/view?usp=sharing\" target=\"_blank\" rel=\"noreferrer noopener\"><img decoding=\"async\" data-id=\"889\" src=\"https:\/\/erasmus-ace.com\/es\/wp-content\/uploads\/2024\/04\/EN.png\" alt=\"\" class=\"wp-image-889\"\/><\/a><\/figure>\n\n\n\n<figure class=\"wp-block-image size-large\"><a href=\"https:\/\/drive.google.com\/file\/d\/1PGqW3DlRgtvg2RcIa3BWdCRURuXvpitY\/view?usp=sharing\" target=\"_blank\" rel=\"noreferrer noopener\"><img decoding=\"async\" data-id=\"891\" src=\"https:\/\/erasmus-ace.com\/es\/wp-content\/uploads\/2024\/04\/ES.png\" alt=\"\" class=\"wp-image-891\"\/><\/a><\/figure>\n\n\n\n<figure class=\"wp-block-image size-large\"><a href=\"https:\/\/drive.google.com\/file\/d\/1P9n-Zj7QQLSVU_IOHwEkCA224Pf7zyGv\/view?usp=sharing\" target=\"_blank\" rel=\"noreferrer noopener\"><img decoding=\"async\" data-id=\"890\" src=\"https:\/\/erasmus-ace.com\/es\/wp-content\/uploads\/2024\/04\/PT.png\" alt=\"\" class=\"wp-image-890\"\/><\/a><\/figure>\n<\/figure>\n\n\n\n<h4 class=\"wp-block-heading has-text-color\" style=\"color:#1c8238\">LAS INSTITUCIONES SOCIAS MUESTRAN:<\/h4>\n\n\n\n<div class=\"wp-block-columns is-layout-flex wp-container-5 wp-block-columns-is-layout-flex\">\n<div class=\"wp-block-column is-layout-flow wp-block-column-is-layout-flow\">\n<div class=\"wp-block-media-text alignwide is-stacked-on-mobile is-vertically-aligned-center is-style-rounded\" style=\"grid-template-columns:15% auto\"><figure class=\"wp-block-media-text__media\"><img decoding=\"async\" src=\"https:\/\/erasmus-ace.com\/wp-content\/uploads\/2021\/11\/iconStudent-2.png\" alt=\"\" class=\"wp-image-444 size-full\"\/><\/figure><div class=\"wp-block-media-text__content\">\n<p class=\"pad-menor has-text-color\" style=\"color:#3d3d3e;font-size:15px\">1) c\u00f3mo pueden verse los Programas Centrados en el Estudiante en 4 \u00e1reas tem\u00e1ticas diferentes: Educaci\u00f3n, Enfermer\u00eda, Historia y Medioambiente<\/p>\n<\/div><\/div>\n<\/div>\n\n\n\n<div class=\"wp-block-column is-layout-flow wp-block-column-is-layout-flow\">\n<div class=\"wp-block-media-text alignwide is-stacked-on-mobile is-style-rounded\" style=\"grid-template-columns:15% auto\"><figure class=\"wp-block-media-text__media\"><img decoding=\"async\" src=\"https:\/\/erasmus-ace.com\/wp-content\/uploads\/2021\/11\/iconInstitution-2.png\" alt=\"\" class=\"wp-image-445 size-full\"\/><\/figure><div class=\"wp-block-media-text__content\">\n<p class=\"pad-menor has-text-color\" style=\"color:#3d3d3e;font-size:15px\">2) c\u00f3mo las instituciones pueden aprovechar los recursos que tienen y unir los esfuerzos de los estudiantes y acad\u00e9micos para garantizar que tanto el dise\u00f1o como la ejecuci\u00f3n del programa est\u00e9n en consonancia con el enfoque centrado en el estudiante<\/p>\n<\/div><\/div>\n<\/div>\n<\/div>\n\n\n\n<div class=\"wp-block-media-text alignwide has-media-on-the-right is-stacked-on-mobile has-background is-style-rounded borda-cima-arred\" style=\"background-color:#f7f7f7;grid-template-columns:auto 38%\"><div class=\"wp-block-media-text__content\">\n<p>El proyecto aplic\u00f3 un enfoque de abajo hacia arriba, pero al mismo tiempo tuvo la intenci\u00f3n de informar e influir en un nivel superior de gesti\u00f3n y formulaci\u00f3n de pol\u00edticas. Por eso tambi\u00e9n involucr\u00f3 a tres miembros estrat\u00e9gicos no universitarios de Am\u00e9rica del Sur.<\/p>\n\n\n\n<p>El Proyecto ACE fue \u00fanico en varios aspectos, pero si hubiera que elegir uno, este ser\u00eda la <strong>participaci\u00f3n activa de los estudiantes en todas las actividades del proyecto y la construcci\u00f3n de equipos institucionales compuestos por acad\u00e9micos y estudiantes \u2013 equipos en los que los estudiantes<\/strong> y los acad\u00e9micos trabajaron juntos para promover la adopci\u00f3n exitosa del Enfoque Centrado en el Estudiante.<\/p>\n<\/div><figure class=\"wp-block-media-text__media\"><img decoding=\"async\" loading=\"lazy\" width=\"847\" height=\"565\" src=\"https:\/\/erasmus-ace.com\/wp-content\/uploads\/2020\/06\/42907984_s.jpg\" alt=\"\" class=\"wp-image-92 size-full\" srcset=\"https:\/\/erasmus-ace.com\/es\/wp-content\/uploads\/2020\/06\/42907984_s.jpg 847w, https:\/\/erasmus-ace.com\/es\/wp-content\/uploads\/2020\/06\/42907984_s-300x200.jpg 300w, https:\/\/erasmus-ace.com\/es\/wp-content\/uploads\/2020\/06\/42907984_s-768x512.jpg 768w\" sizes=\"(max-width: 709px) 85vw, (max-width: 909px) 67vw, (max-width: 1362px) 62vw, 840px\" \/><\/figure><\/div>\n\n\n\n<p><\/p>\n","protected":false},"excerpt":{"rendered":"<p>Objetivo General: Fomentar la reforma curricular basada en el enfoque centrado en el estudiante en 6 pa\u00edses de Am\u00e9rica del Sur, con impacto en otros, cubriendo 4 \u00e1reas tem\u00e1ticas que representan 4 sectores educativos e involucrando directamente 20 programas. Para lograr el objetivo deseado, los Participantes del Proyecto ACE trabajaron en la creaci\u00f3n de las &hellip; <a href=\"https:\/\/erasmus-ace.com\/es\/\" class=\"more-link\">Continue reading<span class=\"screen-reader-text\"> &#8220;Proyecto ACE&#8221;<\/span><\/a><\/p>\n","protected":false},"author":1,"featured_media":0,"parent":0,"menu_order":0,"comment_status":"closed","ping_status":"closed","template":"","meta":{"ub_ctt_via":"","footnotes":""},"featured_image_src":null,"_links":{"self":[{"href":"https:\/\/erasmus-ace.com\/es\/wp-json\/wp\/v2\/pages\/86"}],"collection":[{"href":"https:\/\/erasmus-ace.com\/es\/wp-json\/wp\/v2\/pages"}],"about":[{"href":"https:\/\/erasmus-ace.com\/es\/wp-json\/wp\/v2\/types\/page"}],"author":[{"embeddable":true,"href":"https:\/\/erasmus-ace.com\/es\/wp-json\/wp\/v2\/users\/1"}],"replies":[{"embeddable":true,"href":"https:\/\/erasmus-ace.com\/es\/wp-json\/wp\/v2\/comments?post=86"}],"version-history":[{"count":16,"href":"https:\/\/erasmus-ace.com\/es\/wp-json\/wp\/v2\/pages\/86\/revisions"}],"predecessor-version":[{"id":892,"href":"https:\/\/erasmus-ace.com\/es\/wp-json\/wp\/v2\/pages\/86\/revisions\/892"}],"wp:attachment":[{"href":"https:\/\/erasmus-ace.com\/es\/wp-json\/wp\/v2\/media?parent=86"}],"curies":[{"name":"wp","href":"https:\/\/api.w.org\/{rel}","templated":true}]}}