{"id":608,"date":"2022-02-04T12:08:21","date_gmt":"2022-02-04T15:08:21","guid":{"rendered":"https:\/\/erasmus-ace.com\/es\/?page_id=608"},"modified":"2024-03-12T09:50:04","modified_gmt":"2024-03-12T12:50:04","slug":"linea-3-resultados-alcanzados","status":"publish","type":"page","link":"https:\/\/erasmus-ace.com\/es\/linea-3-resultados-alcanzados\/","title":{"rendered":"L\u00cdNEA 3 &#8211; Resultados alcanzados"},"content":{"rendered":"\n<h3 class=\"wp-block-heading\"><strong>L\u00cdNEA 3: Desarrollar planes de Estudio modelo centrados en el estudiante<\/strong><\/h3>\n\n\n\n<p>En la L\u00ednea 3 del proyecto, las Unidades ACE \u2013 estudiantes y docentes \u2013 han trabajado en revisi\u00f3n de algunos aspectos clave del curr\u00edculum para mostrar c\u00f3mo alinear los programas existentes con los Marcos de Referencia internacionales acordados en la L\u00ednea 1 y garantizar que los programas incorporen caracter\u00edsticas del Enfoque Centrado en el Estudiante tanto en su dise\u00f1o como en su implementaci\u00f3n.&nbsp;<\/p>\n\n\n\n<p>M\u00e1s abajo se podr\u00e1n consultar las propuestas creadas por los equipos de trabajo de las 13 Universidades de Am\u00e9rica del Sur.&nbsp;<\/p>\n\n\n\n<p>No son modelos a \u2018copiar\u2019, ya que cada programa debe (re)dise\u00f1arse en funci\u00f3n de un perfil de egreso contextualizado que refleje adem\u00e1s \u2018el sello\u2019 de la instituci\u00f3n de educaci\u00f3n superior que ofrece dicho programa. Sin embargo, son ejemplos concretos que se pueden usar como puntos de partida para<\/p>\n\n\n\n<ul>\n<li>redactar resultados de aprendizaje a nivel del programa\/de la carrera \u2013 expresar el perfil de egreso en resultados de aprendizaje;<\/li>\n\n\n\n<li>facilitar reconocimiento de t\u00edtulo mapeando el perfil de egreso contra el Marco de Referencia de Titulaciones para Am\u00e9rica del Sur;<\/li>\n\n\n\n<li>expresar el volumen de trabajo de estudiantes en un formato que facilite reconocimiento a nivel de toda la Am\u00e9rica Latina y con universidades del Espacio de Educaci\u00f3n Superior Europeo;<\/li>\n\n\n\n<li>redactar resultados de aprendizaje de asignaturas, claramente vinculados a los resultados de aprendizaje del programa;<\/li>\n\n\n\n<li>avanzar hacia una adopci\u00f3n completa del Enfoque Centrado en el Estudiante en las actividades de evaluaci\u00f3n, aprendizaje y ense\u00f1anza; y, de manera m\u00e1s hol\u00edstica,&nbsp;<\/li>\n\n\n\n<li>llevar a cabo una revisi\u00f3n del curr\u00edculum en un equipo conjunto de profesores y estudiantes, e identificar otras acciones necesarias para llegar a hacer realidad el Enfoque Centrado en Estudiantes<\/li>\n<\/ul>\n\n\n\n<figure class=\"wp-block-table\"><table><tbody><tr><td><strong><em>Pa\u00eds<\/em><\/strong><\/td><td><strong><em>Universidad<\/em><\/strong><\/td><td><strong><em>Programa para el que se ha trabajado en el curr\u00edculum modelo<\/em><\/strong><em>&nbsp;<\/em><\/td><td><strong><em>\u00c1rea tem\u00e1tica<\/em><\/strong><\/td><\/tr><tr><td rowspan=\"4\"><br><br>Argentina<\/td><td rowspan=\"2\">Universidad Nacional de Cuyo<\/td><td><a href=\"https:\/\/erasmus-ace.com\/wp-content\/uploads\/2024\/03\/UNCUYO-Educacion_Curriculum-Modelo.pdf\" target=\"_blank\" rel=\"noreferrer noopener\">Profesorado Universitario de Educaci\u00f3n Primaria<\/a><\/td><td>Educaci\u00f3n<\/td><\/tr><tr><td><a href=\"https:\/\/erasmus-ace.com\/wp-content\/uploads\/2024\/03\/Licenciatura-en-Historia.pdf\" target=\"_blank\" rel=\"noreferrer noopener\">Licenciatura en Historia<\/a><\/td><td>Historia<\/td><\/tr><tr><td rowspan=\"2\">Universidad Nacional de Lan\u00fas<\/td><td><a href=\"https:\/\/erasmus-ace.com\/wp-content\/uploads\/2024\/03\/Licenciatura-en-Educacion.pdf\" target=\"_blank\" rel=\"noreferrer noopener\">Licenciatura en Educaci\u00f3n<\/a><\/td><td>Educaci\u00f3n<\/td><\/tr><tr><td><a href=\"https:\/\/erasmus-ace.com\/wp-content\/uploads\/2024\/03\/Licenciatura-en-Gestion-Ambiental-Urbana.pdf\" target=\"_blank\" rel=\"noreferrer noopener\">Licenciatura en Gesti\u00f3n Ambiental Urbana<\/a><\/td><td>Medioambiente<\/td><\/tr><tr><td rowspan=\"4\"><br>Bolivia<\/td><td rowspan=\"2\">Universidad Mayor de San Andr\u00e9s<\/td><td><a href=\"https:\/\/erasmus-ace.com\/wp-content\/uploads\/2024\/03\/Licenciatura-en-Ciencias-de-la-Educacion.pdf\" target=\"_blank\" rel=\"noreferrer noopener\">Licenciatura en Ciencias de la Educaci\u00f3n<\/a><\/td><td>Educaci\u00f3n<\/td><\/tr><tr><td><a href=\"https:\/\/erasmus-ace.com\/wp-content\/uploads\/2024\/03\/Licenciatura-en-Historia-Bolivia.pdf\" target=\"_blank\" rel=\"noreferrer noopener\">Licenciatura en Historia<\/a><\/td><td>Historia<\/td><\/tr><tr><td rowspan=\"2\">Universidad Mayor de San Sim\u00f3n<\/td><td><a href=\"https:\/\/erasmus-ace.com\/wp-content\/uploads\/2024\/03\/Licenciatura-en-Ciencias-de-la-Educacion-Simon.pdf\" target=\"_blank\" rel=\"noreferrer noopener\">Licenciatura en Ciencias de la Educaci\u00f3n<\/a><\/td><td>Educaci\u00f3n<\/td><\/tr><tr><td><a href=\"https:\/\/erasmus-ace.com\/wp-content\/uploads\/2024\/03\/Licenciatura-en-Enfermeria-Simon.pdf\" target=\"_blank\" rel=\"noreferrer noopener\">Licenciatura en Enfermer\u00eda<\/a><\/td><td>Enfermer\u00eda<\/td><\/tr><tr><td rowspan=\"3\"><br><br>Brasil<\/td><td>Universidade Federal do Rio Grande do Sul<\/td><td><a href=\"https:\/\/erasmus-ace.com\/wp-content\/uploads\/2024\/03\/UFRGS-Curso-de-Bacharelado-em-Enfermagem.pdf\" target=\"_blank\" rel=\"noreferrer noopener\">Curso de Bacharelado em Enfermagem<\/a><\/td><td>Enfermer\u00eda<\/td><\/tr><tr><td rowspan=\"2\">Universidade Estadual Julio de Mesquita Filho<\/td><td><a href=\"https:\/\/erasmus-ace.com\/wp-content\/uploads\/2024\/03\/UNESP-Licenciaturas-en-Quimica.pdf\" target=\"_blank\" rel=\"noreferrer noopener\">Licenciatura em Qu\u00edmica<\/a><\/td><td>Educaci\u00f3n<\/td><\/tr><tr><td><a href=\"https:\/\/erasmus-ace.com\/wp-content\/uploads\/2024\/03\/UNESP-Engenharia-Ambiental.pdf\" target=\"_blank\" rel=\"noreferrer noopener\">Engenharia Ambiental<\/a><\/td><td>Medioambiente<\/td><\/tr><tr><td rowspan=\"3\"><br><br>Colombia<\/td><td rowspan=\"2\">Universidad Libre<\/td><td><a href=\"https:\/\/erasmus-ace.com\/wp-content\/uploads\/2024\/03\/UNILIBRE-Educacion_Curriculum-Modelo.pdf\" target=\"_blank\" rel=\"noreferrer noopener\">Licenciatura en Educaci\u00f3n<\/a><\/td><td>Educaci\u00f3n<\/td><\/tr><tr><td><a href=\"https:\/\/erasmus-ace.com\/wp-content\/uploads\/2024\/03\/UNILIBRE-Ingenieria-Ambiental.pdf\" target=\"_blank\" rel=\"noreferrer noopener\">Ingenier\u00eda Ambiental<\/a><\/td><td>Medioambiente<\/td><\/tr><tr><td>Universidad de la Sabana<\/td><td><a href=\"https:\/\/erasmus-ace.com\/wp-content\/uploads\/2024\/03\/UNISABANA-Programa-de-Enfermeria.pdf\" target=\"_blank\" rel=\"noreferrer noopener\">Programa de Enfermer\u00eda<\/a><\/td><td>Enfermer\u00eda<\/td><\/tr><tr><td rowspan=\"5\"><br><br>Paraguay<\/td><td>Universidad del Cono Sur de las Am\u00e9ricas<\/td><td><a href=\"https:\/\/erasmus-ace.com\/wp-content\/uploads\/2024\/03\/UCSA-Ingenieria-Industrial.pdf\" target=\"_blank\" rel=\"noreferrer noopener\">Ingenier\u00eda Industrial<\/a><\/td><td>Medioambiente<\/td><\/tr><tr><td rowspan=\"2\">Universidad Nacional de Asunci\u00f3n<\/td><td><a href=\"https:\/\/erasmus-ace.com\/wp-content\/uploads\/2024\/03\/UNA-Licenciatura-en-Historia.pdf\" target=\"_blank\" rel=\"noreferrer noopener\">Licenciatura en Historia<\/a><\/td><td>Historia<\/td><\/tr><tr><td><a href=\"https:\/\/erasmus-ace.com\/wp-content\/uploads\/2024\/03\/UNA-Carrera-de-Ingenieria-Ambiental.pdf\" target=\"_blank\" rel=\"noreferrer noopener\">Carrera de Ingenier\u00eda Ambiental<\/a><\/td><td>Medioambiente<\/td><\/tr><tr><td rowspan=\"2\">Universidad Iberoamericana<\/td><td><a href=\"https:\/\/erasmus-ace.com\/wp-content\/uploads\/2024\/03\/UNIBE-Licenciatura-en-Enfermeria.pdf\" target=\"_blank\" rel=\"noreferrer noopener\">Licenciatura en Enfermer\u00eda<\/a><\/td><td>Enfermer\u00eda<\/td><\/tr><tr><td><a href=\"https:\/\/erasmus-ace.com\/wp-content\/uploads\/2024\/03\/UNIBE-Licenciatura-en-Ciencias-de-la-Educacion.pdf\" target=\"_blank\" rel=\"noreferrer noopener\">Licenciatura en Ciencias de la Educaci\u00f3n<\/a><\/td><td>Educaci\u00f3n<\/td><\/tr><tr><td rowspan=\"2\"><br>Per\u00fa<\/td><td>Universidad Nacional de Ingenier\u00eda<\/td><td><a href=\"https:\/\/erasmus-ace.com\/wp-content\/uploads\/2024\/03\/UNI-Ingenieria-Ambiental.pdf\" target=\"_blank\" rel=\"noreferrer noopener\">Ingenier\u00eda Ambiental<\/a><\/td><td>Medioambiente<\/td><\/tr><tr><td>Universidad Nacional Mayor de San Marcos<\/td><td><a href=\"https:\/\/erasmus-ace.com\/wp-content\/uploads\/2024\/03\/UNMSM-Ingenieria-Ambiental.pdf\" target=\"_blank\" rel=\"noreferrer noopener\">Ingenier\u00eda Ambiental<\/a><\/td><td>Medioambiente<\/td><\/tr><\/tbody><\/table><\/figure>\n","protected":false},"excerpt":{"rendered":"<p>L\u00cdNEA 3: Desarrollar planes de Estudio modelo centrados en el estudiante En la L\u00ednea 3 del proyecto, las Unidades ACE \u2013 estudiantes y docentes \u2013 han trabajado en revisi\u00f3n de algunos aspectos clave del curr\u00edculum para mostrar c\u00f3mo alinear los programas existentes con los Marcos de Referencia internacionales acordados en la L\u00ednea 1 y garantizar &hellip; <a href=\"https:\/\/erasmus-ace.com\/es\/linea-3-resultados-alcanzados\/\" class=\"more-link\">Continue reading<span class=\"screen-reader-text\"> &#8220;L\u00cdNEA 3 &#8211; Resultados alcanzados&#8221;<\/span><\/a><\/p>\n","protected":false},"author":2,"featured_media":0,"parent":0,"menu_order":0,"comment_status":"closed","ping_status":"closed","template":"","meta":{"ub_ctt_via":"","footnotes":""},"featured_image_src":null,"_links":{"self":[{"href":"https:\/\/erasmus-ace.com\/es\/wp-json\/wp\/v2\/pages\/608"}],"collection":[{"href":"https:\/\/erasmus-ace.com\/es\/wp-json\/wp\/v2\/pages"}],"about":[{"href":"https:\/\/erasmus-ace.com\/es\/wp-json\/wp\/v2\/types\/page"}],"author":[{"embeddable":true,"href":"https:\/\/erasmus-ace.com\/es\/wp-json\/wp\/v2\/users\/2"}],"replies":[{"embeddable":true,"href":"https:\/\/erasmus-ace.com\/es\/wp-json\/wp\/v2\/comments?post=608"}],"version-history":[{"count":4,"href":"https:\/\/erasmus-ace.com\/es\/wp-json\/wp\/v2\/pages\/608\/revisions"}],"predecessor-version":[{"id":882,"href":"https:\/\/erasmus-ace.com\/es\/wp-json\/wp\/v2\/pages\/608\/revisions\/882"}],"wp:attachment":[{"href":"https:\/\/erasmus-ace.com\/es\/wp-json\/wp\/v2\/media?parent=608"}],"curies":[{"name":"wp","href":"https:\/\/api.w.org\/{rel}","templated":true}]}}