{"id":602,"date":"2022-02-04T11:38:04","date_gmt":"2022-02-04T14:38:04","guid":{"rendered":"https:\/\/erasmus-ace.com\/es\/?page_id=602"},"modified":"2024-02-22T17:56:39","modified_gmt":"2024-02-22T20:56:39","slug":"linea-1-resultados-alcanzados","status":"publish","type":"page","link":"https:\/\/erasmus-ace.com\/es\/linea-1-resultados-alcanzados\/","title":{"rendered":"L\u00cdNEA 1 &#8211; Resultados alcanzados"},"content":{"rendered":"\n<h3 class=\"wp-block-heading\"><strong><strong>L\u00cdNEA 1: Creando Referencias Internacionales para Guiar e Inspirar la Revisi\u00f3n de los Planes de Estudio y la Mejora de los Procesos<\/strong><\/strong><\/h3>\n\n\n<div class=\"wp-block-ub-content-toggle\" id=\"ub-content-toggle-1e470adf-299c-4351-88cc-b2423b669a60\" data-mobilecollapse=\"false\" data-desktopcollapse=\"true\">\n<div class=\"wp-block-ub-content-toggle-accordion\">\n                <div class=\"wp-block-ub-content-toggle-accordion-title-wrap\" aria-expanded=\"false\" aria-controls=\"ub-content-toggle-panel-0-1e470adf-299c-4351-88cc-b2423b669a60\" tabindex=\"0\">\n                    <p class=\"wp-block-ub-content-toggle-accordion-title ub-content-toggle-title-1e470adf-299c-4351-88cc-b2423b669a60\"><strong>1.<\/strong> <strong>Marcos de Referencia Regional de Titulaciones<\/strong><\/p><div class=\"wp-block-ub-content-toggle-accordion-toggle-wrap right\"><span class=\"wp-block-ub-content-toggle-accordion-state-indicator wp-block-ub-chevron-down\"><\/span>\n                    <\/div><\/div><div role=\"region\" class=\"wp-block-ub-content-toggle-accordion-content-wrap ub-hide\" id=\"ub-content-toggle-panel-0-1e470adf-299c-4351-88cc-b2423b669a60\">\n\n<p>En los Marcos de Referencia se puede ver qu\u00e9 elementos del perfil de egreso se consideran los m\u00e1s importantes por los estudiantes, egresados, empleadores, acad\u00e9micos y otros actores clave de la regi\u00f3n de Am\u00e9rica del Sur. El (re)dise\u00f1o de cada programa\/curr\u00edculum centrados en estudiante empieza por definir el perfil de egreso al que se quiere llegar, por responder a las siguientes preguntas: \u00bfqu\u00e9 responsabilidades se quiere que est\u00e9n preparados para asumir las personas que terminen con \u00e9xito la carrera en cuesti\u00f3n? \u00bfqu\u00e9 habilidades se pretende que puedan demostrar los estudiantes una vez terminen los estudios o incluso antes de terminar la carrera (para poder luego llegar a asumir las responsabilidades clave para este perfil de egreso)? \u00bfqu\u00e9 conocimientos necesitan adquirir y aprender a aplicar los estudiantes a lo largo o antes de terminar la carrera?&nbsp;<\/p>\n\n\n\n<p>En el Enfoque Centrado en Estudiantes responder bien a estas preguntas es fundamental, ya que las respuestas van a guiar todo el proceso de (re)dise\u00f1o curricular y de aprendizaje, evaluaci\u00f3n y ense\u00f1anza. En base a estas respuestas se redactan los resultados de aprendizaje a nivel del programa\/de la carrera, y la relevancia y reconocimiento a nivel internacional de un programa de estudios se determina por las decisiones que se toman en esta fase del (re)dise\u00f1o curricular.<\/p>\n\n\n\n<p>Los Marcos de Referencia que se han creado en el proyecto ACE son fruto de discusiones entre y consultas con m\u00faltiples actores clave de diferentes pa\u00edses de Am\u00e9rica del Sur sobre lo que se espera de un futuro egresado como profesional y ciudadano responsable, sobre lo que se valora y sobre los elementos del perfil de egreso cuya presencia facilitar\u00e1 reconocimiento de t\u00edtulos, movilidad y empleo de egresados.&nbsp; Asimismo representan la diversidad y riqueza de miradas sobre cada uno de los \u00e1reas de estudios en los que se trabaj\u00f3 en el proyecto ACE.<\/p>\n\n\n\n<p>Se han creado cuatro Marcos de Referencia Regional de Titulaciones: uno para Educaci\u00f3n, uno para Enfermer\u00eda, uno para Historia y uno para Medioambiente. Se ofrecen a continuaci\u00f3n, junto con sus textos explicativos, para guiar e inspirar la revisi\u00f3n de los planes de estudio en los cuatro \u00e1reas tem\u00e1ticas \u2013 para ser usados por instituciones de educaci\u00f3n superior que quieren mejorar sus programas en uno o varios de los cuatro \u00e1reas tem\u00e1ticas, y\/o para agencias de calidad y acreditaci\u00f3n que busquen referencias internacionales que puedan facilitar el reconocimiento, promover internacionalizaci\u00f3n y mejorar la calidad de programas de educaci\u00f3n superior.<\/p>\n\n\n\n<ul>\n<li><a href=\"https:\/\/erasmus-ace.com\/wp-content\/uploads\/2024\/02\/Marco-de-Referencia-Regional-de-Titulaciones-de-Educacion-para-America-del-Sur.pdf\" target=\"_blank\" rel=\"noreferrer noopener\">Marco de Referencia Regional de Titulaciones de <strong>Educaci\u00f3n<\/strong> para Am\u00e9rica del Sur<\/a><\/li>\n\n\n\n<li><a href=\"https:\/\/erasmus-ace.com\/wp-content\/uploads\/2024\/02\/Marco-de-Referencia-Regional-de-Titulaciones-de-Enfermeria-para-America-del-Sur.pdf\" target=\"_blank\" rel=\"noreferrer noopener\">Marco de Referencia Regional de Titulaciones de <strong>Enfermer\u00eda<\/strong> para Am\u00e9rica del Sur<\/a><\/li>\n\n\n\n<li><a href=\"https:\/\/erasmus-ace.com\/wp-content\/uploads\/2024\/02\/Marco-de-Referencia-Regional-de-Titulaciones-de-Historia-para-America-del-Sur.pdf\" target=\"_blank\" rel=\"noreferrer noopener\">Marco de Referencia Regional de Titulaciones de <strong>Historia<\/strong> para Am\u00e9rica del Sur<\/a><\/li>\n\n\n\n<li><a href=\"https:\/\/erasmus-ace.com\/wp-content\/uploads\/2024\/02\/Marco-de-Referencia-Regional-de-Titulaciones-de-Medio-Ambiente-para-America-del-Sur.pdf\" target=\"_blank\" rel=\"noreferrer noopener\">Marco de Referencia Regional de Titulaciones de <strong>Medioambiente<\/strong> para Am\u00e9rica del Sur<\/a><\/li>\n<\/ul>\n\n<\/div><\/div>\n\n<div class=\"wp-block-ub-content-toggle-accordion\">\n                <div class=\"wp-block-ub-content-toggle-accordion-title-wrap\" aria-expanded=\"false\" aria-controls=\"ub-content-toggle-panel-1-1e470adf-299c-4351-88cc-b2423b669a60\" tabindex=\"0\">\n                    <p class=\"wp-block-ub-content-toggle-accordion-title ub-content-toggle-title-1e470adf-299c-4351-88cc-b2423b669a60\"><strong>2.<\/strong> <strong>Repositorios de buenas pr\u00e1cticas en la ense\u00f1anza, el aprendizaje y la evaluaci\u00f3n centrados en el estudiante<\/strong><\/p><div class=\"wp-block-ub-content-toggle-accordion-toggle-wrap right\"><span class=\"wp-block-ub-content-toggle-accordion-state-indicator wp-block-ub-chevron-down\"><\/span>\n                    <\/div><\/div><div role=\"region\" class=\"wp-block-ub-content-toggle-accordion-content-wrap ub-hide\" id=\"ub-content-toggle-panel-1-1e470adf-299c-4351-88cc-b2423b669a60\">\n\n<p>Si los Marcos de Referencia son herramientas que pueden guiar e inspirar la revisi\u00f3n de los perfiles de egreso y la revisi\u00f3n o redacci\u00f3n de los resultados de aprendizaje a nivel de una carrera\/del plan de estudios, los Repositorios de Buenas Pr\u00e1cticas en la Ense\u00f1anza, el Aprendizaje y la Evaluaci\u00f3n centrados en el Estudiante pretenden guiar a inspirar revisiones de los procesos de evaluaci\u00f3n, aprendizaje y ense\u00f1anza, una vez establecidos los resultados de aprendizaje a los que se quiere que lleguen los estudiantes.<\/p>\n\n\n\n<p>Los Marcos invitan a identificar elementos a incluir o reforzar en el perfil de egreso para que responde a lo que se quiere que los egresados puedan llegar a demostrar \u2013 a las expectativas de la sociedad y mercado laboral a nivel nacional e internacional; permiten dar una respuesta mejor a la pregunta \u00bfqu\u00e9 necesitan aprender nuestros estudiantes?<\/p>\n\n\n\n<p>Los Repositorios sugieren algunas respuestas posibles a las siguientes preguntas<\/p>\n\n\n\n<ul>\n<li>\u00bfc\u00f3mo lo pueden llegar a aprender?<\/li>\n\n\n\n<li>\u00bfc\u00f3mo los docentes y los estudiantes pueden saber si los estudiantes han alcanzado las metas deseadas o si est\u00e1n avanzando en la direcci\u00f3n correcta? (evaluaci\u00f3n) \u00bfqu\u00e9 actividades de aprendizaje y ense\u00f1anza pueden permitir a los estudiantes avanzar hacia estas metas?<\/li>\n\n\n\n<li>\u00bfqu\u00e9 tenemos que tener en cuenta si queremos que nuestras actividades de evaluaci\u00f3n, aprendizaje y ense\u00f1anza se basen en los principios clave del Enfoque Centrado en Estudiantes?<\/li>\n<\/ul>\n\n\n\n<p>Los ejemplos de buenas pr\u00e1cticas incluidos en los Repositorios han sido elegidos por los estudiantes y profesores que han trabajado en el proyecto ACE para inspirar a cada vez m\u00e1s docentes y programas de educaci\u00f3n superior a adoptar el Enfoque Centrado en Estudiantes. Los cuatro Repositorios creados se pueden consultar a trav\u00e9s de los enlaces siguientes:<\/p>\n\n\n\n<ul>\n<li><a href=\"https:\/\/erasmus-ace.com\/educacion\/\" target=\"_blank\" rel=\"noreferrer noopener\">Repositorio de buenas pr\u00e1cticas en la ense\u00f1anza, el aprendizaje y la evaluaci\u00f3n centrados en el estudiante \u2013 para carreras de EDUCACI\u00d3N<\/a><\/li>\n\n\n\n<li><a href=\"https:\/\/erasmus-ace.com\/enfermeria\/\" target=\"_blank\" rel=\"noreferrer noopener\">Repositorio de buenas pr\u00e1cticas en la ense\u00f1anza, el aprendizaje y la evaluaci\u00f3n centrados en el estudiante \u2013 para carreras de ENFERMER\u00cdA<\/a><\/li>\n\n\n\n<li><a href=\"https:\/\/erasmus-ace.com\/historia\/\" target=\"_blank\" rel=\"noreferrer noopener\">Repositorio de buenas pr\u00e1cticas en la ense\u00f1anza, el aprendizaje y la evaluaci\u00f3n centrados en el estudiante \u2013 para carreras de HISTORIA<\/a><\/li>\n\n\n\n<li><a href=\"https:\/\/erasmus-ace.com\/medioambiente\/\" target=\"_blank\" rel=\"noreferrer noopener\">Repositorio de buenas pr\u00e1cticas en la ense\u00f1anza, el aprendizaje y la evaluaci\u00f3n centrados en el estudiante \u2013 para carreras de MEDIOAMBIENTE<\/a><\/li>\n<\/ul>\n\n<\/div><\/div>\n<\/div>","protected":false},"excerpt":{"rendered":"<p>L\u00cdNEA 1: Creando Referencias Internacionales para Guiar e Inspirar la Revisi\u00f3n de los Planes de Estudio y la Mejora de los Procesos<\/p>\n","protected":false},"author":2,"featured_media":0,"parent":0,"menu_order":0,"comment_status":"closed","ping_status":"closed","template":"","meta":{"ub_ctt_via":"","footnotes":""},"featured_image_src":null,"_links":{"self":[{"href":"https:\/\/erasmus-ace.com\/es\/wp-json\/wp\/v2\/pages\/602"}],"collection":[{"href":"https:\/\/erasmus-ace.com\/es\/wp-json\/wp\/v2\/pages"}],"about":[{"href":"https:\/\/erasmus-ace.com\/es\/wp-json\/wp\/v2\/types\/page"}],"author":[{"embeddable":true,"href":"https:\/\/erasmus-ace.com\/es\/wp-json\/wp\/v2\/users\/2"}],"replies":[{"embeddable":true,"href":"https:\/\/erasmus-ace.com\/es\/wp-json\/wp\/v2\/comments?post=602"}],"version-history":[{"count":12,"href":"https:\/\/erasmus-ace.com\/es\/wp-json\/wp\/v2\/pages\/602\/revisions"}],"predecessor-version":[{"id":851,"href":"https:\/\/erasmus-ace.com\/es\/wp-json\/wp\/v2\/pages\/602\/revisions\/851"}],"wp:attachment":[{"href":"https:\/\/erasmus-ace.com\/es\/wp-json\/wp\/v2\/media?parent=602"}],"curies":[{"name":"wp","href":"https:\/\/api.w.org\/{rel}","templated":true}]}}