{"id":599,"date":"2022-02-03T22:13:57","date_gmt":"2022-02-04T01:13:57","guid":{"rendered":"https:\/\/erasmus-ace.com\/es\/?page_id=599"},"modified":"2024-04-24T11:16:48","modified_gmt":"2024-04-24T14:16:48","slug":"resultados-alcanzados","status":"publish","type":"page","link":"https:\/\/erasmus-ace.com\/es\/resultados-alcanzados\/","title":{"rendered":"Resultados alcanzados"},"content":{"rendered":"\n<hr class=\"wp-block-separator has-css-opacity\"\/>\n\n\n\n<h2 class=\"wp-block-heading\">Informe acad\u00e9mico final<\/h2>\n\n\n\n<figure class=\"wp-block-image size-full\"><a href=\"https:\/\/drive.google.com\/file\/d\/1PGqW3DlRgtvg2RcIa3BWdCRURuXvpitY\/view?usp=sharing\" target=\"_blank\" rel=\"noreferrer noopener\"><img decoding=\"async\" loading=\"lazy\" width=\"963\" height=\"689\" src=\"https:\/\/erasmus-ace.com\/es\/wp-content\/uploads\/2024\/04\/ES-1.png\" alt=\"\" class=\"wp-image-893\" srcset=\"https:\/\/erasmus-ace.com\/es\/wp-content\/uploads\/2024\/04\/ES-1.png 963w, https:\/\/erasmus-ace.com\/es\/wp-content\/uploads\/2024\/04\/ES-1-300x215.png 300w, https:\/\/erasmus-ace.com\/es\/wp-content\/uploads\/2024\/04\/ES-1-768x549.png 768w\" sizes=\"(max-width: 709px) 85vw, (max-width: 909px) 67vw, (max-width: 1362px) 62vw, 840px\" \/><\/a><\/figure>\n\n\n\n<p>Cliquear sobre la(s) L\u00ednea(s) que les interesa(n) para acceder a los productos creados en el proyecto ACE.<\/p>\n\n\n\n<div class=\"wp-block-button is-style-fill caixa-tamanho\"><a class=\"wp-block-button__link has-text-color has-blue-gray-color has-background has-light-gray-background-color\" href=\"https:\/\/erasmus-ace.com\/es\/linea-1-resultados-alcanzados\/\" style=\"border-radius:15px\" rel=\"https:\/\/erasmus-ace.com\/es\/linea-1-resultados-alcanzados\/\"><img decoding=\"async\" loading=\"lazy\" width=\"75\" height=\"75\" class=\"wp-image-134\" style=\"width: 75px;\" src=\"https:\/\/erasmus-ace.com\/wp-content\/uploads\/2020\/10\/international-4.png\" alt=\"\"><br>ACE L\u00cdneA 1<br><span style=\"font-size:10px\">Creando Referencias Internacionales para Guiar e Inspirar la Revisi\u00f3n de los Planes de Estudio y la Mejora de los Procesos<\/span><\/a><\/div>\n\n\n\n<div class=\"wp-block-button is-style-fill caixa-tamanho\"><a class=\"wp-block-button__link has-text-color has-blue-gray-color has-background has-light-gray-background-color\" href=\"https:\/\/erasmus-ace.com\/es\/linea-2-resultados-alcanzados\/\" style=\"border-radius:15px\"><img decoding=\"async\" loading=\"lazy\" width=\"75\" height=\"75\" class=\"wp-image-128\" style=\"width: 75px;\" src=\"https:\/\/erasmus-ace.com\/wp-content\/uploads\/2020\/10\/colab-1.png\" alt=\"\"><br>ACE L\u00edneA 2<br><span style=\"font-size:10px\">Involucrando a los Estudiantes y a los Profesores en la Construcci\u00f3n Conjunta de la Educaci\u00f3n Superior Centrada en el Estudiante<\/span><br><br><\/a><\/div>\n\n\n\n<div class=\"wp-block-button is-style-fill caixa-tamanho\"><a class=\"wp-block-button__link has-text-color has-blue-gray-color has-background has-light-gray-background-color\" href=\"https:\/\/erasmus-ace.com\/es\/linea-3-resultados-alcanzados\/\" style=\"border-radius:15px\"><img decoding=\"async\" loading=\"lazy\" width=\"75\" height=\"75\" class=\"wp-image-129\" style=\"width: 75px;\" src=\"https:\/\/erasmus-ace.com\/wp-content\/uploads\/2020\/10\/student-1.png\" alt=\"\"><br>ACE L\u00edneA 3<br><span style=\"font-size:10px\">Desarrollar planes de estudios con el modelo centrado en el estudiante<\/span><br><br><br><br><\/a><\/div>\n","protected":false},"excerpt":{"rendered":"<p>Informe acad\u00e9mico final Cliquear sobre la(s) L\u00ednea(s) que les interesa(n) para acceder a los productos creados en el proyecto ACE. ACE L\u00cdneA 1Creando Referencias Internacionales para Guiar e Inspirar la Revisi\u00f3n de los Planes de Estudio y la Mejora de los Procesos ACE L\u00edneA 2Involucrando a los Estudiantes y a los Profesores en la Construcci\u00f3n &hellip; <a href=\"https:\/\/erasmus-ace.com\/es\/resultados-alcanzados\/\" class=\"more-link\">Continue reading<span class=\"screen-reader-text\"> &#8220;Resultados alcanzados&#8221;<\/span><\/a><\/p>\n","protected":false},"author":2,"featured_media":0,"parent":0,"menu_order":0,"comment_status":"closed","ping_status":"closed","template":"","meta":{"ub_ctt_via":"","footnotes":""},"featured_image_src":null,"_links":{"self":[{"href":"https:\/\/erasmus-ace.com\/es\/wp-json\/wp\/v2\/pages\/599"}],"collection":[{"href":"https:\/\/erasmus-ace.com\/es\/wp-json\/wp\/v2\/pages"}],"about":[{"href":"https:\/\/erasmus-ace.com\/es\/wp-json\/wp\/v2\/types\/page"}],"author":[{"embeddable":true,"href":"https:\/\/erasmus-ace.com\/es\/wp-json\/wp\/v2\/users\/2"}],"replies":[{"embeddable":true,"href":"https:\/\/erasmus-ace.com\/es\/wp-json\/wp\/v2\/comments?post=599"}],"version-history":[{"count":6,"href":"https:\/\/erasmus-ace.com\/es\/wp-json\/wp\/v2\/pages\/599\/revisions"}],"predecessor-version":[{"id":895,"href":"https:\/\/erasmus-ace.com\/es\/wp-json\/wp\/v2\/pages\/599\/revisions\/895"}],"wp:attachment":[{"href":"https:\/\/erasmus-ace.com\/es\/wp-json\/wp\/v2\/media?parent=599"}],"curies":[{"name":"wp","href":"https:\/\/api.w.org\/{rel}","templated":true}]}}