{"id":536,"date":"2021-10-23T20:47:12","date_gmt":"2021-10-23T23:47:12","guid":{"rendered":"https:\/\/erasmus-ace.com\/es\/?page_id=536"},"modified":"2021-10-23T20:47:12","modified_gmt":"2021-10-23T23:47:12","slug":"webinario-porto-aprendizaje-centrado-en-el-estudiante-en-america-del-sur-26-de-maio-2021","status":"publish","type":"page","link":"https:\/\/erasmus-ace.com\/es\/webinario-porto-aprendizaje-centrado-en-el-estudiante-en-america-del-sur-26-de-maio-2021\/","title":{"rendered":"WEBINARIO PORTO &#8211; Aprendizaje Centrado en el Estudiante en Am\u00e9rica del Sur  26 de maio, 2021"},"content":{"rendered":"\n<ul><li><a href=\"https:\/\/drive.google.com\/file\/d\/1EK0eDBNKlwqXBNVZiEtXsAu6iP98YExj\/view?usp=sharing\" target=\"_blank\" rel=\"noreferrer noopener\">Agenda<\/a>\u00a0<a href=\"https:\/\/nestor.rug.nl\/webapps\/blackboard\/content\/listContentEditable.jsp?content_id=_11488739_1&amp;course_id=_397858_1&amp;mode=reset#contextMenu\"><\/a><\/li><li>Presentaciones<ol><li><a href=\"https:\/\/drive.google.com\/file\/d\/1EIi_Zeh99qVjAsSrRt9B9_jL1uflMJsx\/view?usp=sharing\" target=\"_blank\" rel=\"noreferrer noopener\">Apresenta\u00e7\u00e3o do Projeto ACE (Prof. Paulo Rosa Santos &#8211; Projeto ACE, Docente do DEC &#8211; FEUP)\u00a0<\/a><a href=\"https:\/\/nestor.rug.nl\/webapps\/blackboard\/content\/listContentEditable.jsp?content_id=_11488739_1&amp;course_id=_397858_1&amp;mode=reset#contextMenu\"><\/a><\/li><li><a href=\"https:\/\/drive.google.com\/file\/d\/1EBomYqgccX2ji1PDvwrEQj3POfp6BqQL\/view?usp=sharing\" target=\"_blank\" rel=\"noreferrer noopener\">Academia Tunning (Prof. Alfredo Soeiro &#8211; Coordenador FEUP do Projeto ACE, Docente do DEC &#8211; FEUP)<\/a>\u00a0<a href=\"https:\/\/nestor.rug.nl\/webapps\/blackboard\/content\/listContentEditable.jsp?content_id=_11488739_1&amp;course_id=_397858_1&amp;mode=reset#contextMenu\"><\/a><\/li><li><a href=\"https:\/\/drive.google.com\/file\/d\/1EB6K-Qxx9F5ACfHs8xzuP7t4yJSLCttH\/view?usp=sharing\" target=\"_blank\" rel=\"noreferrer noopener\">Iniciativa Nova Gera\u00e7\u00e3o FEUP (Comiss\u00e3o Organizadora de Novos Paradigmas, Debates e Iniciativas na FEUP (CO-NPdiFEUP))<\/a>\u00a0<a href=\"https:\/\/nestor.rug.nl\/webapps\/blackboard\/content\/listContentEditable.jsp?content_id=_11488739_1&amp;course_id=_397858_1&amp;mode=reset#contextMenu\"><\/a><\/li><\/ol><\/li><li><a rel=\"noreferrer noopener\" href=\"https:\/\/drive.google.com\/file\/d\/1EM-ExAsQXLPkrcchTY8tjZuhoRD_-VVr\/view?usp=sharing\" target=\"_blank\">Grabaci\u00f3n del WEBINARIO<\/a><\/li><li><a rel=\"noreferrer noopener\" href=\"https:\/\/drive.google.com\/file\/d\/1ELcNkqU7DIAgsV0Y2VQMcpYdRmIorD4e\/view?usp=sharing\" target=\"_blank\">Video de Debates e iniciativas<\/a><\/li><\/ul>\n\n\n\n<p><\/p>\n","protected":false},"excerpt":{"rendered":"<p>Agenda\u00a0 Presentaciones Apresenta\u00e7\u00e3o do Projeto ACE (Prof. Paulo Rosa Santos &#8211; Projeto ACE, Docente do DEC &#8211; FEUP)\u00a0 Academia Tunning (Prof. Alfredo Soeiro &#8211; Coordenador FEUP do Projeto ACE, Docente do DEC &#8211; FEUP)\u00a0 Iniciativa Nova Gera\u00e7\u00e3o FEUP (Comiss\u00e3o Organizadora de Novos Paradigmas, Debates e Iniciativas na FEUP (CO-NPdiFEUP))\u00a0 Grabaci\u00f3n del WEBINARIO Video de Debates &hellip; <a href=\"https:\/\/erasmus-ace.com\/es\/webinario-porto-aprendizaje-centrado-en-el-estudiante-en-america-del-sur-26-de-maio-2021\/\" class=\"more-link\">Continue reading<span class=\"screen-reader-text\"> &#8220;WEBINARIO PORTO &#8211; Aprendizaje Centrado en el Estudiante en Am\u00e9rica del Sur  26 de maio, 2021&#8221;<\/span><\/a><\/p>\n","protected":false},"author":2,"featured_media":0,"parent":0,"menu_order":0,"comment_status":"closed","ping_status":"closed","template":"","meta":{"ub_ctt_via":"","footnotes":""},"featured_image_src":null,"_links":{"self":[{"href":"https:\/\/erasmus-ace.com\/es\/wp-json\/wp\/v2\/pages\/536"}],"collection":[{"href":"https:\/\/erasmus-ace.com\/es\/wp-json\/wp\/v2\/pages"}],"about":[{"href":"https:\/\/erasmus-ace.com\/es\/wp-json\/wp\/v2\/types\/page"}],"author":[{"embeddable":true,"href":"https:\/\/erasmus-ace.com\/es\/wp-json\/wp\/v2\/users\/2"}],"replies":[{"embeddable":true,"href":"https:\/\/erasmus-ace.com\/es\/wp-json\/wp\/v2\/comments?post=536"}],"version-history":[{"count":2,"href":"https:\/\/erasmus-ace.com\/es\/wp-json\/wp\/v2\/pages\/536\/revisions"}],"predecessor-version":[{"id":546,"href":"https:\/\/erasmus-ace.com\/es\/wp-json\/wp\/v2\/pages\/536\/revisions\/546"}],"wp:attachment":[{"href":"https:\/\/erasmus-ace.com\/es\/wp-json\/wp\/v2\/media?parent=536"}],"curies":[{"name":"wp","href":"https:\/\/api.w.org\/{rel}","templated":true}]}}