{"id":61,"date":"2023-09-05T16:47:40","date_gmt":"2023-09-05T19:47:40","guid":{"rendered":"https:\/\/erasmus-ace.com\/enfermeria\/?page_id=61"},"modified":"2023-09-05T16:47:40","modified_gmt":"2023-09-05T19:47:40","slug":"como-puedo-utilizarlo","status":"publish","type":"page","link":"https:\/\/erasmus-ace.com\/enfermeria\/como-puedo-utilizarlo\/","title":{"rendered":"\u00bfC\u00f3mo puedo utilizarlo?\u200b"},"content":{"rendered":"\n<p>Las pr\u00e1cticas en este Repositorio pueden ser utilizadas tanto como insumo para la reflexi\u00f3n sobre la pr\u00e1ctica educativa, como para la intervenci\u00f3n en la planificaci\u00f3n, desarrollo, y reformulaci\u00f3n de estrategias de ense\u00f1anza.&nbsp;\u200b<\/p>\n\n\n\n<p>\u00c9stas son algunas de nuestras propuestas.<\/p>\n\n\n\n<p>&#8230;<\/p>\n\n\n\n<p>&#8230;<\/p>\n\n\n\n<p>&#8230;<\/p>\n","protected":false},"excerpt":{"rendered":"<p>Las pr\u00e1cticas en este Repositorio pueden ser utilizadas tanto como insumo para la reflexi\u00f3n sobre la pr\u00e1ctica educativa, como para la intervenci\u00f3n en la planificaci\u00f3n, desarrollo, y reformulaci\u00f3n de estrategias de ense\u00f1anza.&nbsp;\u200b \u00c9stas son algunas de nuestras propuestas. &#8230; &#8230; &#8230;<\/p>\n","protected":false},"author":1,"featured_media":0,"parent":0,"menu_order":0,"comment_status":"closed","ping_status":"closed","template":"","meta":{"ub_ctt_via":"","footnotes":""},"class_list":["post-61","page","type-page","status-publish","hentry"],"featured_image_src":null,"_links":{"self":[{"href":"https:\/\/erasmus-ace.com\/enfermeria\/wp-json\/wp\/v2\/pages\/61","targetHints":{"allow":["GET"]}}],"collection":[{"href":"https:\/\/erasmus-ace.com\/enfermeria\/wp-json\/wp\/v2\/pages"}],"about":[{"href":"https:\/\/erasmus-ace.com\/enfermeria\/wp-json\/wp\/v2\/types\/page"}],"author":[{"embeddable":true,"href":"https:\/\/erasmus-ace.com\/enfermeria\/wp-json\/wp\/v2\/users\/1"}],"replies":[{"embeddable":true,"href":"https:\/\/erasmus-ace.com\/enfermeria\/wp-json\/wp\/v2\/comments?post=61"}],"version-history":[{"count":1,"href":"https:\/\/erasmus-ace.com\/enfermeria\/wp-json\/wp\/v2\/pages\/61\/revisions"}],"predecessor-version":[{"id":62,"href":"https:\/\/erasmus-ace.com\/enfermeria\/wp-json\/wp\/v2\/pages\/61\/revisions\/62"}],"wp:attachment":[{"href":"https:\/\/erasmus-ace.com\/enfermeria\/wp-json\/wp\/v2\/media?parent=61"}],"curies":[{"name":"wp","href":"https:\/\/api.w.org\/{rel}","templated":true}]}}