{"id":2,"date":"2023-08-07T18:14:45","date_gmt":"2023-08-07T21:14:45","guid":{"rendered":"https:\/\/erasmus-ace.com\/enfermeria\/?page_id=2"},"modified":"2024-01-04T10:11:49","modified_gmt":"2024-01-04T13:11:49","slug":"pagina-exemplo","status":"publish","type":"page","link":"https:\/\/erasmus-ace.com\/enfermeria\/","title":{"rendered":"Aprendizaje centrada en el estudiante"},"content":{"rendered":"\n<div class=\"wp-block-media-text is-stacked-on-mobile is-vertically-aligned-top is-image-fill\"><figure class=\"wp-block-media-text__media\" style=\"background-image:url(https:\/\/erasmus-ace.com\/enfermeria\/wp-content\/uploads\/2023\/08\/3estudantesP.jpg);background-position:50% 50%\"><img loading=\"lazy\" decoding=\"async\" width=\"627\" height=\"418\" src=\"https:\/\/erasmus-ace.com\/enfermeria\/wp-content\/uploads\/2023\/08\/3estudantesP.jpg\" alt=\"\" class=\"wp-image-17 size-full\" srcset=\"https:\/\/erasmus-ace.com\/enfermeria\/wp-content\/uploads\/2023\/08\/3estudantesP.jpg 627w, https:\/\/erasmus-ace.com\/enfermeria\/wp-content\/uploads\/2023\/08\/3estudantesP-300x200.jpg 300w\" sizes=\"auto, (max-width: 627px) 100vw, 627px\" \/><\/figure><div class=\"wp-block-media-text__content\">\n<p>El proyecto Aprendizaje Centrado en el Estudiante (ACE) es desarrollado por docentes y estudiantes de cuatro universidades de Am\u00e9rica Latina, en representaci\u00f3n de los pa\u00edses: Bolivia, Brasil, Colombia y Paraguay. Este es liderado por la Universidad de Groningen (Pa\u00edses Bajos), apoyado por la Uni\u00f3n Europea y por ACE Tuning Am\u00e9rica Latina, propone avanzar en su apartir de modelos, buenas pr\u00e1cticas y ejemplos que propicien el desarrollo de la comunidad acad\u00e9mica, ajust\u00e1ndose a las necesidades institucionales y de cada pa\u00eds; ha sido desarrollado entre el mes de enero de 2020 a enero de 2024.&nbsp;<\/p>\n\n\n\n<p>Busca construir un marco de referencia regional consensuado para la formaci\u00f3n profesional en Enfermer\u00eda. Esto se logr\u00f3 mediante la identificaci\u00f3n de competencias clave a trav\u00e9s de la consulta de directrices, normativas y leyes relacionadas con la profesi\u00f3n en cada pa\u00eds.&nbsp;<\/p>\n<\/div><\/div>\n\n\n\n<p>Desde esta perspectiva, se consideraron las necesidades sociales y econ\u00f3micas de la regi\u00f3n, las tendencias futuras de la profesi\u00f3n y la sociedad y la misi\u00f3n espec\u00edfica de la respectiva universidad.&nbsp;<\/p>\n\n\n\n<p>En este marco las cuatro universidades trabajaron de forma colaborativa, en modalidad virtual y presencial a trav\u00e9s de encuentros realizados en Argentina, Brasil, Colombia, Finlandia, Paraguay y Per\u00fa, analizando las similitudes y diferencias entre sus propuestas y buscando consensos para crear referencias internacionales que inspiren y orienten la revisi\u00f3n y armonizaci\u00f3n de los planes de estudio, con el enfoque centrado en el alumno. A partir de los elementos acordados como centrales para la pr\u00e1ctica profesional \u2013conocimiento cient\u00edfico y t\u00e9cnico, creatividad e innovaci\u00f3n, competencia y calidad en la atenci\u00f3n a las personas, voluntad de trabajar de forma aut\u00f3noma en grupos multi e interdisciplinarios y conciencia ciudadana\u2013 se definieron seis dimensiones como pilares del curr\u00edculo modelo propuesto:\u00a0<\/p>\n\n\n\n<div class=\"wp-block-columns afastar is-layout-flex wp-container-core-columns-is-layout-9d6595d7 wp-block-columns-is-layout-flex\">\n<div class=\"wp-block-column is-layout-flow wp-block-column-is-layout-flow\">\n<figure class=\"wp-block-image size-full\"><a href=\"https:\/\/erasmus-ace.com\/enfermeria\/dimension1\/\"><img loading=\"lazy\" decoding=\"async\" width=\"320\" height=\"520\" src=\"https:\/\/erasmus-ace.com\/enfermeria\/wp-content\/uploads\/2023\/11\/d1.png\" alt=\"\" class=\"wp-image-127\" srcset=\"https:\/\/erasmus-ace.com\/enfermeria\/wp-content\/uploads\/2023\/11\/d1.png 320w, https:\/\/erasmus-ace.com\/enfermeria\/wp-content\/uploads\/2023\/11\/d1-185x300.png 185w\" sizes=\"auto, (max-width: 320px) 100vw, 320px\" \/><\/a><\/figure>\n<\/div>\n\n\n\n<div class=\"wp-block-column is-layout-flow wp-block-column-is-layout-flow\">\n<figure class=\"wp-block-image size-full\"><a href=\"https:\/\/erasmus-ace.com\/enfermeria\/dimension2\/\"><img loading=\"lazy\" decoding=\"async\" width=\"320\" height=\"520\" src=\"https:\/\/erasmus-ace.com\/enfermeria\/wp-content\/uploads\/2023\/11\/d2.png\" alt=\"\" class=\"wp-image-128\" srcset=\"https:\/\/erasmus-ace.com\/enfermeria\/wp-content\/uploads\/2023\/11\/d2.png 320w, https:\/\/erasmus-ace.com\/enfermeria\/wp-content\/uploads\/2023\/11\/d2-185x300.png 185w\" sizes=\"auto, (max-width: 320px) 100vw, 320px\" \/><\/a><\/figure>\n<\/div>\n\n\n\n<div class=\"wp-block-column is-layout-flow wp-block-column-is-layout-flow\">\n<figure class=\"wp-block-image size-full\"><a href=\"https:\/\/erasmus-ace.com\/enfermeria\/dimension3\/\"><img loading=\"lazy\" decoding=\"async\" width=\"320\" height=\"520\" src=\"https:\/\/erasmus-ace.com\/enfermeria\/wp-content\/uploads\/2023\/11\/d3.png\" alt=\"\" class=\"wp-image-129\" srcset=\"https:\/\/erasmus-ace.com\/enfermeria\/wp-content\/uploads\/2023\/11\/d3.png 320w, https:\/\/erasmus-ace.com\/enfermeria\/wp-content\/uploads\/2023\/11\/d3-185x300.png 185w\" sizes=\"auto, (max-width: 320px) 100vw, 320px\" \/><\/a><\/figure>\n<\/div>\n\n\n\n<div class=\"wp-block-column is-layout-flow wp-block-column-is-layout-flow\">\n<figure class=\"wp-block-image size-full\"><a href=\"https:\/\/erasmus-ace.com\/enfermeria\/dimension4\/\"><img loading=\"lazy\" decoding=\"async\" width=\"320\" height=\"520\" src=\"https:\/\/erasmus-ace.com\/enfermeria\/wp-content\/uploads\/2023\/11\/d4.png\" alt=\"\" class=\"wp-image-130\" srcset=\"https:\/\/erasmus-ace.com\/enfermeria\/wp-content\/uploads\/2023\/11\/d4.png 320w, https:\/\/erasmus-ace.com\/enfermeria\/wp-content\/uploads\/2023\/11\/d4-185x300.png 185w\" sizes=\"auto, (max-width: 320px) 100vw, 320px\" \/><\/a><\/figure>\n<\/div>\n\n\n\n<div class=\"wp-block-column is-layout-flow wp-block-column-is-layout-flow\">\n<figure class=\"wp-block-image size-full\"><a href=\"https:\/\/erasmus-ace.com\/enfermeria\/dimension5\/\"><img loading=\"lazy\" decoding=\"async\" width=\"322\" height=\"520\" src=\"https:\/\/erasmus-ace.com\/enfermeria\/wp-content\/uploads\/2023\/11\/d5.png\" alt=\"\" class=\"wp-image-131\" srcset=\"https:\/\/erasmus-ace.com\/enfermeria\/wp-content\/uploads\/2023\/11\/d5.png 322w, https:\/\/erasmus-ace.com\/enfermeria\/wp-content\/uploads\/2023\/11\/d5-186x300.png 186w\" sizes=\"auto, (max-width: 322px) 100vw, 322px\" \/><\/a><\/figure>\n<\/div>\n\n\n\n<div class=\"wp-block-column is-layout-flow wp-block-column-is-layout-flow\">\n<figure class=\"wp-block-image size-full\"><a href=\"https:\/\/erasmus-ace.com\/enfermeria\/dimension6\/\"><img loading=\"lazy\" decoding=\"async\" width=\"320\" height=\"520\" src=\"https:\/\/erasmus-ace.com\/enfermeria\/wp-content\/uploads\/2023\/11\/d6.png\" alt=\"\" class=\"wp-image-132\" srcset=\"https:\/\/erasmus-ace.com\/enfermeria\/wp-content\/uploads\/2023\/11\/d6.png 320w, https:\/\/erasmus-ace.com\/enfermeria\/wp-content\/uploads\/2023\/11\/d6-185x300.png 185w\" sizes=\"auto, (max-width: 320px) 100vw, 320px\" \/><\/a><\/figure>\n<\/div>\n<\/div>\n","protected":false},"excerpt":{"rendered":"<p>El proyecto Aprendizaje Centrado en el Estudiante (ACE) es desarrollado por docentes y estudiantes de cuatro universidades de Am\u00e9rica Latina, en representaci\u00f3n de los pa\u00edses: Bolivia, Brasil, Colombia y Paraguay. Este es liderado por la Universidad de Groningen (Pa\u00edses Bajos), apoyado por la Uni\u00f3n Europea y por ACE Tuning Am\u00e9rica Latina, propone avanzar en su [&hellip;]<\/p>\n","protected":false},"author":1,"featured_media":0,"parent":0,"menu_order":0,"comment_status":"closed","ping_status":"open","template":"","meta":{"ub_ctt_via":"","footnotes":""},"class_list":["post-2","page","type-page","status-publish","hentry"],"featured_image_src":null,"_links":{"self":[{"href":"https:\/\/erasmus-ace.com\/enfermeria\/wp-json\/wp\/v2\/pages\/2","targetHints":{"allow":["GET"]}}],"collection":[{"href":"https:\/\/erasmus-ace.com\/enfermeria\/wp-json\/wp\/v2\/pages"}],"about":[{"href":"https:\/\/erasmus-ace.com\/enfermeria\/wp-json\/wp\/v2\/types\/page"}],"author":[{"embeddable":true,"href":"https:\/\/erasmus-ace.com\/enfermeria\/wp-json\/wp\/v2\/users\/1"}],"replies":[{"embeddable":true,"href":"https:\/\/erasmus-ace.com\/enfermeria\/wp-json\/wp\/v2\/comments?post=2"}],"version-history":[{"count":24,"href":"https:\/\/erasmus-ace.com\/enfermeria\/wp-json\/wp\/v2\/pages\/2\/revisions"}],"predecessor-version":[{"id":187,"href":"https:\/\/erasmus-ace.com\/enfermeria\/wp-json\/wp\/v2\/pages\/2\/revisions\/187"}],"wp:attachment":[{"href":"https:\/\/erasmus-ace.com\/enfermeria\/wp-json\/wp\/v2\/media?parent=2"}],"curies":[{"name":"wp","href":"https:\/\/api.w.org\/{rel}","templated":true}]}}