{"id":147,"date":"2023-11-03T17:21:16","date_gmt":"2023-11-03T20:21:16","guid":{"rendered":"https:\/\/erasmus-ace.com\/enfermeria\/?page_id=147"},"modified":"2023-11-03T17:45:35","modified_gmt":"2023-11-03T20:45:35","slug":"dimension6","status":"publish","type":"page","link":"https:\/\/erasmus-ace.com\/enfermeria\/dimension6\/","title":{"rendered":"6. Educaci\u00f3n y uso de las TIC&#8217;s"},"content":{"rendered":"\n<div class=\"wp-block-columns afastar is-layout-flex wp-container-core-columns-is-layout-9d6595d7 wp-block-columns-is-layout-flex\">\n<div class=\"wp-block-column is-layout-flow wp-block-column-is-layout-flow\">\n<figure class=\"wp-block-image size-full\"><a href=\"https:\/\/erasmus-ace.com\/enfermeria\/dimension1\/\"><img loading=\"lazy\" decoding=\"async\" width=\"320\" height=\"520\" src=\"https:\/\/erasmus-ace.com\/enfermeria\/wp-content\/uploads\/2023\/11\/d1.png\" alt=\"\" class=\"wp-image-127\" srcset=\"https:\/\/erasmus-ace.com\/enfermeria\/wp-content\/uploads\/2023\/11\/d1.png 320w, https:\/\/erasmus-ace.com\/enfermeria\/wp-content\/uploads\/2023\/11\/d1-185x300.png 185w\" sizes=\"auto, (max-width: 320px) 100vw, 320px\" \/><\/a><\/figure>\n<\/div>\n\n\n\n<div class=\"wp-block-column is-layout-flow wp-block-column-is-layout-flow\">\n<figure class=\"wp-block-image size-full\"><a href=\"https:\/\/erasmus-ace.com\/enfermeria\/dimension2\/\"><img loading=\"lazy\" decoding=\"async\" width=\"320\" height=\"520\" src=\"https:\/\/erasmus-ace.com\/enfermeria\/wp-content\/uploads\/2023\/11\/d2.png\" alt=\"\" class=\"wp-image-128\" srcset=\"https:\/\/erasmus-ace.com\/enfermeria\/wp-content\/uploads\/2023\/11\/d2.png 320w, https:\/\/erasmus-ace.com\/enfermeria\/wp-content\/uploads\/2023\/11\/d2-185x300.png 185w\" sizes=\"auto, (max-width: 320px) 100vw, 320px\" \/><\/a><\/figure>\n<\/div>\n\n\n\n<div class=\"wp-block-column is-layout-flow wp-block-column-is-layout-flow\">\n<figure class=\"wp-block-image size-full\"><a href=\"https:\/\/erasmus-ace.com\/enfermeria\/dimension3\/\"><img loading=\"lazy\" decoding=\"async\" width=\"320\" height=\"520\" src=\"https:\/\/erasmus-ace.com\/enfermeria\/wp-content\/uploads\/2023\/11\/d3.png\" alt=\"\" class=\"wp-image-129\" srcset=\"https:\/\/erasmus-ace.com\/enfermeria\/wp-content\/uploads\/2023\/11\/d3.png 320w, https:\/\/erasmus-ace.com\/enfermeria\/wp-content\/uploads\/2023\/11\/d3-185x300.png 185w\" sizes=\"auto, (max-width: 320px) 100vw, 320px\" \/><\/a><\/figure>\n<\/div>\n\n\n\n<div class=\"wp-block-column is-layout-flow wp-block-column-is-layout-flow\">\n<figure class=\"wp-block-image size-full\"><a href=\"https:\/\/erasmus-ace.com\/enfermeria\/dimension4\/\"><img loading=\"lazy\" decoding=\"async\" width=\"320\" height=\"520\" src=\"https:\/\/erasmus-ace.com\/enfermeria\/wp-content\/uploads\/2023\/11\/d4.png\" alt=\"\" class=\"wp-image-130\" srcset=\"https:\/\/erasmus-ace.com\/enfermeria\/wp-content\/uploads\/2023\/11\/d4.png 320w, https:\/\/erasmus-ace.com\/enfermeria\/wp-content\/uploads\/2023\/11\/d4-185x300.png 185w\" sizes=\"auto, (max-width: 320px) 100vw, 320px\" \/><\/a><\/figure>\n<\/div>\n\n\n\n<div class=\"wp-block-column is-layout-flow wp-block-column-is-layout-flow\">\n<figure class=\"wp-block-image size-full\"><a href=\"https:\/\/erasmus-ace.com\/enfermeria\/dimension5\/\"><img loading=\"lazy\" decoding=\"async\" width=\"322\" height=\"520\" src=\"https:\/\/erasmus-ace.com\/enfermeria\/wp-content\/uploads\/2023\/11\/d5.png\" alt=\"\" class=\"wp-image-131\" srcset=\"https:\/\/erasmus-ace.com\/enfermeria\/wp-content\/uploads\/2023\/11\/d5.png 322w, https:\/\/erasmus-ace.com\/enfermeria\/wp-content\/uploads\/2023\/11\/d5-186x300.png 186w\" sizes=\"auto, (max-width: 322px) 100vw, 322px\" \/><\/a><\/figure>\n<\/div>\n\n\n\n<div class=\"wp-block-column is-layout-flow wp-block-column-is-layout-flow\">\n<figure class=\"wp-block-image size-full jump\"><a href=\"https:\/\/erasmus-ace.com\/enfermeria\/dimension6\/\"><img loading=\"lazy\" decoding=\"async\" width=\"320\" height=\"520\" src=\"https:\/\/erasmus-ace.com\/enfermeria\/wp-content\/uploads\/2023\/11\/d6.png\" alt=\"\" class=\"wp-image-132\" srcset=\"https:\/\/erasmus-ace.com\/enfermeria\/wp-content\/uploads\/2023\/11\/d6.png 320w, https:\/\/erasmus-ace.com\/enfermeria\/wp-content\/uploads\/2023\/11\/d6-185x300.png 185w\" sizes=\"auto, (max-width: 320px) 100vw, 320px\" \/><\/a><\/figure>\n<\/div>\n<\/div>\n\n\n\n<div class=\"wp-block-media-text is-stacked-on-mobile is-vertically-aligned-top is-image-fill\" style=\"grid-template-columns:46% auto\"><figure class=\"wp-block-media-text__media\" style=\"background-image:url(https:\/\/erasmus-ace.com\/enfermeria\/wp-content\/uploads\/2023\/09\/rusty-watson-yIGinlYA6t8-unsplash-1.jpg);background-position:50% 50%\"><img loading=\"lazy\" decoding=\"async\" width=\"640\" height=\"400\" src=\"https:\/\/erasmus-ace.com\/enfermeria\/wp-content\/uploads\/2023\/09\/rusty-watson-yIGinlYA6t8-unsplash-1.jpg\" alt=\"\" class=\"wp-image-68 size-full\" srcset=\"https:\/\/erasmus-ace.com\/enfermeria\/wp-content\/uploads\/2023\/09\/rusty-watson-yIGinlYA6t8-unsplash-1.jpg 640w, https:\/\/erasmus-ace.com\/enfermeria\/wp-content\/uploads\/2023\/09\/rusty-watson-yIGinlYA6t8-unsplash-1-300x188.jpg 300w\" sizes=\"auto, (max-width: 640px) 100vw, 640px\" \/><\/figure><div class=\"wp-block-media-text__content\">\n<p>La dimensi\u00f3n Educaci\u00f3n y uso de las TIC&#8217;s en enfermer\u00eda se refiere a la utilizaci\u00f3n de tecnolog\u00edas de la informaci\u00f3n y la comunicaci\u00f3n para mejorar la educaci\u00f3n y la promoci\u00f3n de la salud en la poblaci\u00f3n. Esto implica el conocimiento y aplicaci\u00f3n de diferentes estrategias educativas que se adec\u00faen a los m\u00e9todos y estilos de aprendizaje de las personas, familias y grupos, con el objetivo de promover la salud y prevenir la enfermedad.<\/p>\n\n\n\n<p>La utilizaci\u00f3n de las TIC&#8217;s permite una educaci\u00f3n m\u00e1s flexible y personalizada, con acceso r\u00e1pido a la informaci\u00f3n y generaci\u00f3n de actividades complementarias para el aprendizaje. Adem\u00e1s, la creatividad e innovaci\u00f3n en la dinamizaci\u00f3n de programas educativos, mediante la aplicaci\u00f3n de diversas estrategias l\u00fadicas y formales que se adecuen a los m\u00e9todos de aprendizaje de las poblaciones, se logran resultados mucho m\u00e1s efectivos.<\/p>\n<\/div><\/div>\n\n\n\n<p>En este sentido, el papel del profesional de enfermer\u00eda es fundamental en la identificaci\u00f3n de las necesidades de educaci\u00f3n, factores de riesgo y oportunidades de mejora en el entorno, partiendo de los alcances de cada persona, familia y grupos, adecu\u00e1ndose a los recursos disponibles. Es decir, debe brindar conocimientos actualizados, validados, y \u00fatiles a la poblaci\u00f3n, de manera pr\u00e1ctica, entendible y aplicada, con el compromiso \u00e9tico y responsable, a trav\u00e9s del uso de las nuevas tecnolog\u00edas de la informaci\u00f3n y la comunicaci\u00f3n, garantizando el bienestar de las personas, familias y\/o grupos.<\/p>\n\n\n\n<div style=\"height:36px\" aria-hidden=\"true\" class=\"wp-block-spacer\"><\/div>\n\n\n\n<div class=\"wp-block-columns is-layout-flex wp-container-core-columns-is-layout-9d6595d7 wp-block-columns-is-layout-flex\">\n<div class=\"wp-block-column has-background is-layout-flow wp-block-column-is-layout-flow\" style=\"background-color:#ffdd0333\">\n<h4 class=\"wp-block-heading has-text-align-center\"><strong>CONOCIMIENTOS<\/strong><\/h4>\n\n\n\n<p>Reconoce los m\u00e9todos y estilos de aprendizaje de las personas, familias y grupos, con el fin de aplicar estrategias para la promoci\u00f3n de la salud y prevenci\u00f3n de la enfermedad por medio uso de las nuevas tecnolog\u00edas de la informaci\u00f3n y la comunicaci\u00f3n; transversales a los diferentes niveles de atenci\u00f3n y de complejidad, as\u00ed como los factores de riesgo asociados al desarrollo de diferentes situaciones de salud.<\/p>\n<\/div>\n\n\n\n<div class=\"wp-block-column has-background is-layout-flow wp-block-column-is-layout-flow\" style=\"background-color:#cf2d2d08\">\n<h4 class=\"wp-block-heading has-text-align-center\"><strong>HABILIDADES<\/strong><\/h4>\n\n\n\n<p>Identifica las necesidades de educaci\u00f3n, factores de riesgo, oportunidades de mejora en el entorno, partiendo de los alcances de cada persona, familia y grupos, adecu\u00e1ndose a los recursos disponibles. Demuestra creatividad e innovaci\u00f3n para dinamizar los programas educativos, haci\u00e9ndolos interactivos, variados, con la aplicaci\u00f3n de diversas estrategias l\u00fadicas y formales que se adecuen a los m\u00e9todos de aprendizaje de las poblaciones, a trav\u00e9s del uso de las nuevas tecnolog\u00edas de la informaci\u00f3n y la comunicaci\u00f3n.<\/p>\n<\/div>\n\n\n\n<div class=\"wp-block-column has-background is-layout-flow wp-block-column-is-layout-flow\" style=\"background-color:#7bdbb51a\">\n<h4 class=\"wp-block-heading has-text-align-center\"><strong>RESPONSABILIDADES<\/strong><\/h4>\n\n\n\n<p>Desarrolla actividades educativas basadas en conocimientos actualizados, validados y \u00fatiles para la poblaci\u00f3n, de forma pr\u00e1ctica, comprensible y aplicable. Desarrolla planes que contribuyen a la promoci\u00f3n de la salud y prevenci\u00f3n de la enfermedad, asumiendo un compromiso \u00e9tico y responsable, empleando las nuevas tecnolog\u00edas de la informaci\u00f3n y la comunicaci\u00f3n para garantizar el bienestar de personas, familias y grupos.<\/p>\n<\/div>\n<\/div>\n","protected":false},"excerpt":{"rendered":"<p>La dimensi\u00f3n Educaci\u00f3n y uso de las TIC&#8217;s en enfermer\u00eda se refiere a la utilizaci\u00f3n de tecnolog\u00edas de la informaci\u00f3n y la comunicaci\u00f3n para mejorar la educaci\u00f3n y la promoci\u00f3n de la salud en la poblaci\u00f3n. Esto implica el conocimiento y aplicaci\u00f3n de diferentes estrategias educativas que se adec\u00faen a los m\u00e9todos y estilos de [&hellip;]<\/p>\n","protected":false},"author":1,"featured_media":0,"parent":0,"menu_order":0,"comment_status":"closed","ping_status":"closed","template":"","meta":{"ub_ctt_via":"","footnotes":""},"class_list":["post-147","page","type-page","status-publish","hentry"],"featured_image_src":null,"_links":{"self":[{"href":"https:\/\/erasmus-ace.com\/enfermeria\/wp-json\/wp\/v2\/pages\/147","targetHints":{"allow":["GET"]}}],"collection":[{"href":"https:\/\/erasmus-ace.com\/enfermeria\/wp-json\/wp\/v2\/pages"}],"about":[{"href":"https:\/\/erasmus-ace.com\/enfermeria\/wp-json\/wp\/v2\/types\/page"}],"author":[{"embeddable":true,"href":"https:\/\/erasmus-ace.com\/enfermeria\/wp-json\/wp\/v2\/users\/1"}],"replies":[{"embeddable":true,"href":"https:\/\/erasmus-ace.com\/enfermeria\/wp-json\/wp\/v2\/comments?post=147"}],"version-history":[{"count":3,"href":"https:\/\/erasmus-ace.com\/enfermeria\/wp-json\/wp\/v2\/pages\/147\/revisions"}],"predecessor-version":[{"id":170,"href":"https:\/\/erasmus-ace.com\/enfermeria\/wp-json\/wp\/v2\/pages\/147\/revisions\/170"}],"wp:attachment":[{"href":"https:\/\/erasmus-ace.com\/enfermeria\/wp-json\/wp\/v2\/media?parent=147"}],"curies":[{"name":"wp","href":"https:\/\/api.w.org\/{rel}","templated":true}]}}