{"id":143,"date":"2023-11-03T17:20:42","date_gmt":"2023-11-03T20:20:42","guid":{"rendered":"https:\/\/erasmus-ace.com\/enfermeria\/?page_id=143"},"modified":"2023-11-03T17:43:04","modified_gmt":"2023-11-03T20:43:04","slug":"dimension4","status":"publish","type":"page","link":"https:\/\/erasmus-ace.com\/enfermeria\/dimension4\/","title":{"rendered":"4. Gesti\u00f3n y liderazgo en enfermer\u00eda"},"content":{"rendered":"\n<div class=\"wp-block-columns afastar is-layout-flex wp-container-core-columns-is-layout-9d6595d7 wp-block-columns-is-layout-flex\">\n<div class=\"wp-block-column is-layout-flow wp-block-column-is-layout-flow\">\n<figure class=\"wp-block-image size-full\"><a href=\"https:\/\/erasmus-ace.com\/enfermeria\/dimension1\/\"><img loading=\"lazy\" decoding=\"async\" width=\"320\" height=\"520\" src=\"https:\/\/erasmus-ace.com\/enfermeria\/wp-content\/uploads\/2023\/11\/d1.png\" alt=\"\" class=\"wp-image-127\" srcset=\"https:\/\/erasmus-ace.com\/enfermeria\/wp-content\/uploads\/2023\/11\/d1.png 320w, https:\/\/erasmus-ace.com\/enfermeria\/wp-content\/uploads\/2023\/11\/d1-185x300.png 185w\" sizes=\"auto, (max-width: 320px) 100vw, 320px\" \/><\/a><\/figure>\n<\/div>\n\n\n\n<div class=\"wp-block-column is-layout-flow wp-block-column-is-layout-flow\">\n<figure class=\"wp-block-image size-full\"><a href=\"https:\/\/erasmus-ace.com\/enfermeria\/dimension2\/\"><img loading=\"lazy\" decoding=\"async\" width=\"320\" height=\"520\" src=\"https:\/\/erasmus-ace.com\/enfermeria\/wp-content\/uploads\/2023\/11\/d2.png\" alt=\"\" class=\"wp-image-128\" srcset=\"https:\/\/erasmus-ace.com\/enfermeria\/wp-content\/uploads\/2023\/11\/d2.png 320w, https:\/\/erasmus-ace.com\/enfermeria\/wp-content\/uploads\/2023\/11\/d2-185x300.png 185w\" sizes=\"auto, (max-width: 320px) 100vw, 320px\" \/><\/a><\/figure>\n<\/div>\n\n\n\n<div class=\"wp-block-column is-layout-flow wp-block-column-is-layout-flow\">\n<figure class=\"wp-block-image size-full\"><a href=\"https:\/\/erasmus-ace.com\/enfermeria\/dimension3\/\"><img loading=\"lazy\" decoding=\"async\" width=\"320\" height=\"520\" src=\"https:\/\/erasmus-ace.com\/enfermeria\/wp-content\/uploads\/2023\/11\/d3.png\" alt=\"\" class=\"wp-image-129\" srcset=\"https:\/\/erasmus-ace.com\/enfermeria\/wp-content\/uploads\/2023\/11\/d3.png 320w, https:\/\/erasmus-ace.com\/enfermeria\/wp-content\/uploads\/2023\/11\/d3-185x300.png 185w\" sizes=\"auto, (max-width: 320px) 100vw, 320px\" \/><\/a><\/figure>\n<\/div>\n\n\n\n<div class=\"wp-block-column is-layout-flow wp-block-column-is-layout-flow\">\n<figure class=\"wp-block-image size-full jump\"><a href=\"https:\/\/erasmus-ace.com\/enfermeria\/dimension4\/\"><img loading=\"lazy\" decoding=\"async\" width=\"320\" height=\"520\" src=\"https:\/\/erasmus-ace.com\/enfermeria\/wp-content\/uploads\/2023\/11\/d4.png\" alt=\"\" class=\"wp-image-130\" srcset=\"https:\/\/erasmus-ace.com\/enfermeria\/wp-content\/uploads\/2023\/11\/d4.png 320w, https:\/\/erasmus-ace.com\/enfermeria\/wp-content\/uploads\/2023\/11\/d4-185x300.png 185w\" sizes=\"auto, (max-width: 320px) 100vw, 320px\" \/><\/a><\/figure>\n<\/div>\n\n\n\n<div class=\"wp-block-column is-layout-flow wp-block-column-is-layout-flow\">\n<figure class=\"wp-block-image size-full\"><a href=\"https:\/\/erasmus-ace.com\/enfermeria\/dimension5\/\"><img loading=\"lazy\" decoding=\"async\" width=\"322\" height=\"520\" src=\"https:\/\/erasmus-ace.com\/enfermeria\/wp-content\/uploads\/2023\/11\/d5.png\" alt=\"\" class=\"wp-image-131\" srcset=\"https:\/\/erasmus-ace.com\/enfermeria\/wp-content\/uploads\/2023\/11\/d5.png 322w, https:\/\/erasmus-ace.com\/enfermeria\/wp-content\/uploads\/2023\/11\/d5-186x300.png 186w\" sizes=\"auto, (max-width: 322px) 100vw, 322px\" \/><\/a><\/figure>\n<\/div>\n\n\n\n<div class=\"wp-block-column is-layout-flow wp-block-column-is-layout-flow\">\n<figure class=\"wp-block-image size-full\"><a href=\"https:\/\/erasmus-ace.com\/enfermeria\/dimension6\/\"><img loading=\"lazy\" decoding=\"async\" width=\"320\" height=\"520\" src=\"https:\/\/erasmus-ace.com\/enfermeria\/wp-content\/uploads\/2023\/11\/d6.png\" alt=\"\" class=\"wp-image-132\" srcset=\"https:\/\/erasmus-ace.com\/enfermeria\/wp-content\/uploads\/2023\/11\/d6.png 320w, https:\/\/erasmus-ace.com\/enfermeria\/wp-content\/uploads\/2023\/11\/d6-185x300.png 185w\" sizes=\"auto, (max-width: 320px) 100vw, 320px\" \/><\/a><\/figure>\n<\/div>\n<\/div>\n\n\n\n<div class=\"wp-block-media-text is-stacked-on-mobile is-vertically-aligned-top is-image-fill\" style=\"grid-template-columns:46% auto\"><figure class=\"wp-block-media-text__media\" style=\"background-image:url(https:\/\/erasmus-ace.com\/enfermeria\/wp-content\/uploads\/2023\/11\/enfermagem3.png);background-position:50% 50%\"><img loading=\"lazy\" decoding=\"async\" width=\"955\" height=\"561\" src=\"https:\/\/erasmus-ace.com\/enfermeria\/wp-content\/uploads\/2023\/11\/enfermagem3.png\" alt=\"\" class=\"wp-image-161 size-full\" srcset=\"https:\/\/erasmus-ace.com\/enfermeria\/wp-content\/uploads\/2023\/11\/enfermagem3.png 955w, https:\/\/erasmus-ace.com\/enfermeria\/wp-content\/uploads\/2023\/11\/enfermagem3-300x176.png 300w, https:\/\/erasmus-ace.com\/enfermeria\/wp-content\/uploads\/2023\/11\/enfermagem3-768x451.png 768w\" sizes=\"auto, (max-width: 955px) 100vw, 955px\" \/><\/figure><div class=\"wp-block-media-text__content\">\n<p>La dimensi\u00f3n de Gesti\u00f3n y liderazgo en enfermer\u00eda se enfoca en desarrollar habilidades y conocimientos para la gesti\u00f3n de personas, recursos y procesos con enfoque de servicio en sociedades y entornos cambiantes, a fin de influir en equipos de trabajo, pacientes, cuidadores, colectivos y dem\u00e1s personas con quien se relacione profesionalmente, para alcanzar los resultados esperados con caracter transformacional.<\/p>\n\n\n\n<p>Esta dimensi\u00f3n implica la apropiaci\u00f3n de modelos de direcci\u00f3n y liderazgo en las diferentes teor\u00edas de las ciencias administrativas y econ\u00f3micas, que permiten la planificaci\u00f3n, organizaci\u00f3n, coordinaci\u00f3n, control y evaluaci\u00f3n de los servicios de enfermer\u00eda, con los m\u00e1s altos est\u00e1ndares de calidad en los contextos sociales donde interactue. Tambi\u00e9n es importante conocer la legislaci\u00f3n nacional e internacional que regula y delimita el ejercicio de la Enfermer\u00eda, as\u00ed como los acuerdos o principios \u00e9ticos, de derechos humanos y jur\u00eddicos.<\/p>\n\n\n\n<p><\/p>\n<\/div><\/div>\n\n\n\n<p>Adem\u00e1s, se deben aplicar las etapas del proceso administrativo en la gesti\u00f3n del cuidado mediante la innovaci\u00f3n, las habilidades gerenciales, herramientas administrativas, trabajo en equipo y principios \u00e9ticos, que permiten la toma de decisiones basadas en la informaci\u00f3n y evidencia cient\u00edfica para la resoluci\u00f3n de problemas en la pr\u00e1ctica cuando se refiere al desempe\u00f1o en campos de direcci\u00f3n en diversas organizaciones. Tambi\u00e9n se debe demostrar capacidad de aprender, integrar y adaptar conceptos, metodolog\u00edas o estrategias de pol\u00edticas internacionales a modelos y contextos nacionales propios, y aplicar modelos de gesti\u00f3n para el desarrollo de proyectos de emprendimiento e innovaci\u00f3n, que impulsen la sulud y el bienestar de las personas y el desarrollo social.<\/p>\n\n\n\n<p>Otras habilidades importantes en esta dimensi\u00f3n incluyen manejar de forma responsable y \u00e9tica la informaci\u00f3n, el talento humano, los recursos f\u00edsicos, materiales y financieros en los diferentes contextos de desempe\u00f1o, participar de forma anal\u00edtica y con criterio en la formulaci\u00f3n o reestructuraci\u00f3n de lineamientos, normas o pol\u00edticas, que generen impacto en las necesidades sociales, organizacionales y de la profesi\u00f3n, y asumir una actitud proactiva, creativa y de respeto ante los diferentes contextos y situaciones con compromiso de colaboraci\u00f3n y trabajo en equipo.<\/p>\n\n\n\n<div style=\"height:36px\" aria-hidden=\"true\" class=\"wp-block-spacer\"><\/div>\n\n\n\n<div class=\"wp-block-columns is-layout-flex wp-container-core-columns-is-layout-9d6595d7 wp-block-columns-is-layout-flex\">\n<div class=\"wp-block-column has-background is-layout-flow wp-block-column-is-layout-flow\" style=\"background-color:#ffdd0333\">\n<h4 class=\"wp-block-heading has-text-align-center\"><strong>CONOCIMIENTOS<\/strong><\/h4>\n\n\n\n<p>Implementa los modelos de direcci\u00f3n y liderazgo en las diferentes teor\u00edas de las ciencias administrativas y econ\u00f3micas, que permiten la planificaci\u00f3n, organizaci\u00f3n, coordinaci\u00f3n, control y evaluaci\u00f3n de los servicios de enfermer\u00eda, con los m\u00e1s altos est\u00e1ndares de calidad en los contextos sociales donde interactue.<\/p>\n\n\n\n<p>Conoce la legislaci\u00f3n nacional e internacional que regula y delimita el ejercicio de la Enfermer\u00eda, as\u00ed como los acuerdos o principios \u00e9ticos, de derechos humanos y jur\u00eddicos. De igual modo, los procedimientos, mecanismos, documentos y procesos relacionados con la formulaci\u00f3n, apelaci\u00f3n, an\u00e1lisis, veedur\u00eda de pol\u00edticas y leyes en salud.<\/p>\n<\/div>\n\n\n\n<div class=\"wp-block-column has-background is-layout-flow wp-block-column-is-layout-flow\" style=\"background-color:#cf2d2d08\">\n<h4 class=\"wp-block-heading has-text-align-center\"><strong>HABILIDADES<\/strong><\/h4>\n\n\n\n<p>Aplica las etapas del proceso administrativo en la gesti\u00f3n del cuidado mediante la innovaci\u00f3n, las habilidades gerenciales, herramientas administrativas, trabajo en equipo y principios \u00e9ticos, que permiten la toma de decisiones basadas en la informaci\u00f3n y evidencia cient\u00edfica para la resoluci\u00f3n de problemas en la pr\u00e1ctica cuando se refiere al desempe\u00f1o en campos de direcci\u00f3n en diversas organizaciones.<\/p>\n\n\n\n<p>Demuestra capacidad de aprender, integrar y adaptar conceptos, metodolog\u00edas o estrategias de pol\u00edticas internacionales a modelos y contextos nacionales propios.<\/p>\n\n\n\n<p>Demuestra an\u00e1lisis cr\u00edtico, reflexivo y de formulaci\u00f3n constructiva en dict\u00e1menes que aporten al ejercicio de la pr\u00e1ctica.<\/p>\n\n\n\n<p>Aplica modelos de gesti\u00f3n para el desarrollo de proyectos de emprendimiento e innovaci\u00f3n, que impulsen la sulud y el bienestar de las personas y el desarrollo social.<\/p>\n<\/div>\n\n\n\n<div class=\"wp-block-column has-background is-layout-flow wp-block-column-is-layout-flow\" style=\"background-color:#7bdbb51a\">\n<h4 class=\"wp-block-heading has-text-align-center\"><strong>RESPONSABILIDADES<\/strong><\/h4>\n\n\n\n<p>Demuestra de forma responsable y \u00e9tica el uso de la informaci\u00f3n, el talento humano, los recursos f\u00edsicos, materiales y financieros en los diferentes contextos de desempe\u00f1o, construyendo evidencia de la gesti\u00f3n del cuidado de enfermer\u00eda que soporte el proceso de cuidado y su registro. Participa de forma anal\u00edtica y con criterio en la formulaci\u00f3n o reestructuraci\u00f3n de lineamintos , normas o pol\u00edticas, que generen impacto en las necesidades sociales, organizacionales y de la profesi\u00f3n. Actua de manera proactiva, creativa y respetuosa en diversos contextos, demostrando un compromiso con la colaboraci\u00f3n y el trabajo en equipo.<\/p>\n\n\n\n<p>Demuestra capacidad de aprender, integrar y adaptar conceptos, metodolog\u00edas o estrategias de pol\u00edticas internacionales a modelos y contextos nacionales propios.<\/p>\n\n\n\n<p>Demuestra an\u00e1lisis cr\u00edtico, reflexivo y de formulaci\u00f3n constructiva en dict\u00e1menes que aporten al ejercicio de la pr\u00e1ctica.<\/p>\n\n\n\n<p>Aplica modelos de gesti\u00f3n para el desarrollo de proyectos de emprendimiento e innovaci\u00f3n, que impulsen la sulud y el bienestar de las personas y el desarrollo social.<\/p>\n<\/div>\n<\/div>\n","protected":false},"excerpt":{"rendered":"<p>La dimensi\u00f3n de Gesti\u00f3n y liderazgo en enfermer\u00eda se enfoca en desarrollar habilidades y conocimientos para la gesti\u00f3n de personas, recursos y procesos con enfoque de servicio en sociedades y entornos cambiantes, a fin de influir en equipos de trabajo, pacientes, cuidadores, colectivos y dem\u00e1s personas con quien se relacione profesionalmente, para alcanzar los resultados [&hellip;]<\/p>\n","protected":false},"author":1,"featured_media":0,"parent":0,"menu_order":0,"comment_status":"closed","ping_status":"closed","template":"","meta":{"ub_ctt_via":"","footnotes":""},"class_list":["post-143","page","type-page","status-publish","hentry"],"featured_image_src":null,"_links":{"self":[{"href":"https:\/\/erasmus-ace.com\/enfermeria\/wp-json\/wp\/v2\/pages\/143","targetHints":{"allow":["GET"]}}],"collection":[{"href":"https:\/\/erasmus-ace.com\/enfermeria\/wp-json\/wp\/v2\/pages"}],"about":[{"href":"https:\/\/erasmus-ace.com\/enfermeria\/wp-json\/wp\/v2\/types\/page"}],"author":[{"embeddable":true,"href":"https:\/\/erasmus-ace.com\/enfermeria\/wp-json\/wp\/v2\/users\/1"}],"replies":[{"embeddable":true,"href":"https:\/\/erasmus-ace.com\/enfermeria\/wp-json\/wp\/v2\/comments?post=143"}],"version-history":[{"count":5,"href":"https:\/\/erasmus-ace.com\/enfermeria\/wp-json\/wp\/v2\/pages\/143\/revisions"}],"predecessor-version":[{"id":168,"href":"https:\/\/erasmus-ace.com\/enfermeria\/wp-json\/wp\/v2\/pages\/143\/revisions\/168"}],"wp:attachment":[{"href":"https:\/\/erasmus-ace.com\/enfermeria\/wp-json\/wp\/v2\/media?parent=143"}],"curies":[{"name":"wp","href":"https:\/\/api.w.org\/{rel}","templated":true}]}}