{"id":141,"date":"2023-11-03T17:20:19","date_gmt":"2023-11-03T20:20:19","guid":{"rendered":"https:\/\/erasmus-ace.com\/enfermeria\/?page_id=141"},"modified":"2023-11-03T17:42:48","modified_gmt":"2023-11-03T20:42:48","slug":"dimension3","status":"publish","type":"page","link":"https:\/\/erasmus-ace.com\/enfermeria\/dimension3\/","title":{"rendered":"3. Conocimiento e investigaci\u00f3n en enfermer\u00eda"},"content":{"rendered":"\n<h1 class=\"wp-block-heading\">3.1. Emprendimiento, innovaci\u00f3n y proyecci\u00f3n social<\/h1>\n\n\n\n<div class=\"wp-block-columns afastar is-layout-flex wp-container-core-columns-is-layout-9d6595d7 wp-block-columns-is-layout-flex\">\n<div class=\"wp-block-column is-layout-flow wp-block-column-is-layout-flow\">\n<figure class=\"wp-block-image size-full\"><a href=\"https:\/\/erasmus-ace.com\/enfermeria\/dimension1\/\"><img loading=\"lazy\" decoding=\"async\" width=\"320\" height=\"520\" src=\"https:\/\/erasmus-ace.com\/enfermeria\/wp-content\/uploads\/2023\/11\/d1.png\" alt=\"\" class=\"wp-image-127\" srcset=\"https:\/\/erasmus-ace.com\/enfermeria\/wp-content\/uploads\/2023\/11\/d1.png 320w, https:\/\/erasmus-ace.com\/enfermeria\/wp-content\/uploads\/2023\/11\/d1-185x300.png 185w\" sizes=\"auto, (max-width: 320px) 100vw, 320px\" \/><\/a><\/figure>\n<\/div>\n\n\n\n<div class=\"wp-block-column is-layout-flow wp-block-column-is-layout-flow\">\n<figure class=\"wp-block-image size-full\"><a href=\"https:\/\/erasmus-ace.com\/enfermeria\/dimension2\/\"><img loading=\"lazy\" decoding=\"async\" width=\"320\" height=\"520\" src=\"https:\/\/erasmus-ace.com\/enfermeria\/wp-content\/uploads\/2023\/11\/d2.png\" alt=\"\" class=\"wp-image-128\" srcset=\"https:\/\/erasmus-ace.com\/enfermeria\/wp-content\/uploads\/2023\/11\/d2.png 320w, https:\/\/erasmus-ace.com\/enfermeria\/wp-content\/uploads\/2023\/11\/d2-185x300.png 185w\" sizes=\"auto, (max-width: 320px) 100vw, 320px\" \/><\/a><\/figure>\n<\/div>\n\n\n\n<div class=\"wp-block-column is-layout-flow wp-block-column-is-layout-flow\">\n<figure class=\"wp-block-image size-full jump\"><a href=\"https:\/\/erasmus-ace.com\/enfermeria\/dimension3\/\"><img loading=\"lazy\" decoding=\"async\" width=\"320\" height=\"520\" src=\"https:\/\/erasmus-ace.com\/enfermeria\/wp-content\/uploads\/2023\/11\/d3.png\" alt=\"\" class=\"wp-image-129\" srcset=\"https:\/\/erasmus-ace.com\/enfermeria\/wp-content\/uploads\/2023\/11\/d3.png 320w, https:\/\/erasmus-ace.com\/enfermeria\/wp-content\/uploads\/2023\/11\/d3-185x300.png 185w\" sizes=\"auto, (max-width: 320px) 100vw, 320px\" \/><\/a><\/figure>\n<\/div>\n\n\n\n<div class=\"wp-block-column is-layout-flow wp-block-column-is-layout-flow\">\n<figure class=\"wp-block-image size-full\"><a href=\"https:\/\/erasmus-ace.com\/enfermeria\/dimension4\/\"><img loading=\"lazy\" decoding=\"async\" width=\"320\" height=\"520\" src=\"https:\/\/erasmus-ace.com\/enfermeria\/wp-content\/uploads\/2023\/11\/d4.png\" alt=\"\" class=\"wp-image-130\" srcset=\"https:\/\/erasmus-ace.com\/enfermeria\/wp-content\/uploads\/2023\/11\/d4.png 320w, https:\/\/erasmus-ace.com\/enfermeria\/wp-content\/uploads\/2023\/11\/d4-185x300.png 185w\" sizes=\"auto, (max-width: 320px) 100vw, 320px\" \/><\/a><\/figure>\n<\/div>\n\n\n\n<div class=\"wp-block-column is-layout-flow wp-block-column-is-layout-flow\">\n<figure class=\"wp-block-image size-full\"><a href=\"https:\/\/erasmus-ace.com\/enfermeria\/dimension5\/\"><img loading=\"lazy\" decoding=\"async\" width=\"322\" height=\"520\" src=\"https:\/\/erasmus-ace.com\/enfermeria\/wp-content\/uploads\/2023\/11\/d5.png\" alt=\"\" class=\"wp-image-131\" srcset=\"https:\/\/erasmus-ace.com\/enfermeria\/wp-content\/uploads\/2023\/11\/d5.png 322w, https:\/\/erasmus-ace.com\/enfermeria\/wp-content\/uploads\/2023\/11\/d5-186x300.png 186w\" sizes=\"auto, (max-width: 322px) 100vw, 322px\" \/><\/a><\/figure>\n<\/div>\n\n\n\n<div class=\"wp-block-column is-layout-flow wp-block-column-is-layout-flow\">\n<figure class=\"wp-block-image size-full\"><a href=\"https:\/\/erasmus-ace.com\/enfermeria\/dimension6\/\"><img loading=\"lazy\" decoding=\"async\" width=\"320\" height=\"520\" src=\"https:\/\/erasmus-ace.com\/enfermeria\/wp-content\/uploads\/2023\/11\/d6.png\" alt=\"\" class=\"wp-image-132\" srcset=\"https:\/\/erasmus-ace.com\/enfermeria\/wp-content\/uploads\/2023\/11\/d6.png 320w, https:\/\/erasmus-ace.com\/enfermeria\/wp-content\/uploads\/2023\/11\/d6-185x300.png 185w\" sizes=\"auto, (max-width: 320px) 100vw, 320px\" \/><\/a><\/figure>\n<\/div>\n<\/div>\n\n\n\n<div class=\"wp-block-media-text is-stacked-on-mobile is-vertically-aligned-top is-image-fill\" style=\"grid-template-columns:46% auto\"><figure class=\"wp-block-media-text__media\" style=\"background-image:url(https:\/\/erasmus-ace.com\/enfermeria\/wp-content\/uploads\/2023\/11\/enfermagem2.png);background-position:50% 50%\"><img loading=\"lazy\" decoding=\"async\" width=\"946\" height=\"619\" src=\"https:\/\/erasmus-ace.com\/enfermeria\/wp-content\/uploads\/2023\/11\/enfermagem2.png\" alt=\"\" class=\"wp-image-156 size-full\" srcset=\"https:\/\/erasmus-ace.com\/enfermeria\/wp-content\/uploads\/2023\/11\/enfermagem2.png 946w, https:\/\/erasmus-ace.com\/enfermeria\/wp-content\/uploads\/2023\/11\/enfermagem2-300x196.png 300w, https:\/\/erasmus-ace.com\/enfermeria\/wp-content\/uploads\/2023\/11\/enfermagem2-768x503.png 768w\" sizes=\"auto, (max-width: 946px) 100vw, 946px\" \/><\/figure><div class=\"wp-block-media-text__content\">\n<p>Es la categor\u00eda que engloba el conocimiento, habilidades y aptitudes necesarias para que los profesionales de enfermer\u00eda lideren y participen en la generaci\u00f3n de servicios o productos creativos e innovadores, que creen valor e impacto en la sociedad y poblaci\u00f3n de su area de influencia, logrando la satisfaccion de necesidades de cuidado, sostenibilidad y sustentabilidad.<\/p>\n<\/div><\/div>\n\n\n\n<div style=\"height:36px\" aria-hidden=\"true\" class=\"wp-block-spacer\"><\/div>\n\n\n\n<div class=\"wp-block-columns is-layout-flex wp-container-core-columns-is-layout-9d6595d7 wp-block-columns-is-layout-flex\">\n<div class=\"wp-block-column has-background is-layout-flow wp-block-column-is-layout-flow\" style=\"background-color:#ffdd0333\">\n<h4 class=\"wp-block-heading has-text-align-center\"><strong>CONOCIMIENTOS<\/strong><\/h4>\n\n\n\n<p>Hace uso de los conceptos del metaparadigma de enfermer\u00eda, enmarcados en los modelos, teor\u00edas y el m\u00e9todo cient\u00edfico. Demuestra conocimientos sobre Enfermer\u00eda basada en evidencias y utiliza las ciencias humanas y las ciencias de la salud para comprender el comportamiento humano, el funcionamiento corporal y las respuestas adaptativas en diferentes culturas y contextos. Identifica acciones innovadoras, de emprendimiento y desarrollo tecnol\u00f3gico sustentable al reconocer las posibles relaciones de cooperaci\u00f3n entre universidad, sociedad y gobierno, buscando generar un impacto tangible y positivo en la sociedad.<\/p>\n<\/div>\n\n\n\n<div class=\"wp-block-column has-background is-layout-flow wp-block-column-is-layout-flow\" style=\"background-color:#cf2d2d08\">\n<h4 class=\"wp-block-heading has-text-align-center\"><strong>HABILIDADES<\/strong><\/h4>\n\n\n\n<p>Demuestra capacidad para generar ideas de investigaci\u00f3n a trav\u00e9s de la identificaci\u00f3n temprana de las necesidades, como resultado del an\u00e1lisis de la situaci\u00f3n actual del entorno para favorecer el bienestar de la persona, familia y la comunidad. Demuestra habilidades en la b\u00fasqueda en bases datos, redacci\u00f3n e interpretaci\u00f3n de la informaci\u00f3n recolectada.<br>Ejecuta estudios de investigaci\u00f3n de acuerdo a la necesidad identificada.<br>Eval\u00faa la evidencia cientifica y aplica los resultados de la investigaci\u00f3n a la persona y en las poblaciones de acuerdo al contexto, con el fin de mejorar la pr\u00e1ctica del cuidado.<br>Tener una visi\u00f3n cr\u00edtica de los escenarios de pr\u00e1ctica, desarrollando la conciencia situacional. Emplea la creatividad y los conocimientos t\u00e9cnico-cient\u00edficos en la b\u00fasqueda de soluciones innovadoras en el cuidado de Enfermer\u00eda<\/p>\n<\/div>\n\n\n\n<div class=\"wp-block-column has-background is-layout-flow wp-block-column-is-layout-flow\" style=\"background-color:#7bdbb51a\">\n<h4 class=\"wp-block-heading has-text-align-center\"><strong>RESPONSABILIDADES<\/strong><\/h4>\n\n\n\n<p>Participa en el desarrollo de proyectos de investigaci\u00f3n con el fin de aportar resultados confiables que permitan mejorar la pr\u00e1ctica. Contribuye con el trabajo cient\u00edfico al desarrollo disciplinar, social y te\u00f3rico, de forma sostenible, considerando el impacto a la comunidad a nivel local, regional e internacional. Proyecta el conocimiento y la investigaci\u00f3n de la disciplina con el desarrollo de ideas innovadoras hacia el entorno, buscando generar un impacto positivo en la sociedad.<\/p>\n<\/div>\n<\/div>\n","protected":false},"excerpt":{"rendered":"<p>3.1. Emprendimiento, innovaci\u00f3n y proyecci\u00f3n social Es la categor\u00eda que engloba el conocimiento, habilidades y aptitudes necesarias para que los profesionales de enfermer\u00eda lideren y participen en la generaci\u00f3n de servicios o productos creativos e innovadores, que creen valor e impacto en la sociedad y poblaci\u00f3n de su area de influencia, logrando la satisfaccion de [&hellip;]<\/p>\n","protected":false},"author":1,"featured_media":0,"parent":0,"menu_order":0,"comment_status":"closed","ping_status":"closed","template":"","meta":{"ub_ctt_via":"","footnotes":""},"class_list":["post-141","page","type-page","status-publish","hentry"],"featured_image_src":null,"_links":{"self":[{"href":"https:\/\/erasmus-ace.com\/enfermeria\/wp-json\/wp\/v2\/pages\/141","targetHints":{"allow":["GET"]}}],"collection":[{"href":"https:\/\/erasmus-ace.com\/enfermeria\/wp-json\/wp\/v2\/pages"}],"about":[{"href":"https:\/\/erasmus-ace.com\/enfermeria\/wp-json\/wp\/v2\/types\/page"}],"author":[{"embeddable":true,"href":"https:\/\/erasmus-ace.com\/enfermeria\/wp-json\/wp\/v2\/users\/1"}],"replies":[{"embeddable":true,"href":"https:\/\/erasmus-ace.com\/enfermeria\/wp-json\/wp\/v2\/comments?post=141"}],"version-history":[{"count":5,"href":"https:\/\/erasmus-ace.com\/enfermeria\/wp-json\/wp\/v2\/pages\/141\/revisions"}],"predecessor-version":[{"id":167,"href":"https:\/\/erasmus-ace.com\/enfermeria\/wp-json\/wp\/v2\/pages\/141\/revisions\/167"}],"wp:attachment":[{"href":"https:\/\/erasmus-ace.com\/enfermeria\/wp-json\/wp\/v2\/media?parent=141"}],"curies":[{"name":"wp","href":"https:\/\/api.w.org\/{rel}","templated":true}]}}