{"id":139,"date":"2023-11-03T17:19:58","date_gmt":"2023-11-03T20:19:58","guid":{"rendered":"https:\/\/erasmus-ace.com\/enfermeria\/?page_id=139"},"modified":"2023-11-03T17:42:33","modified_gmt":"2023-11-03T20:42:33","slug":"dimension2","status":"publish","type":"page","link":"https:\/\/erasmus-ace.com\/enfermeria\/dimension2\/","title":{"rendered":"2. Comunicaci\u00f3n en el cuidado de la salud"},"content":{"rendered":"\n<div class=\"wp-block-columns afastar is-layout-flex wp-container-core-columns-is-layout-9d6595d7 wp-block-columns-is-layout-flex\">\n<div class=\"wp-block-column is-layout-flow wp-block-column-is-layout-flow\">\n<figure class=\"wp-block-image size-full\"><a href=\"https:\/\/erasmus-ace.com\/enfermeria\/dimension1\/\"><img loading=\"lazy\" decoding=\"async\" width=\"320\" height=\"520\" src=\"https:\/\/erasmus-ace.com\/enfermeria\/wp-content\/uploads\/2023\/11\/d1.png\" alt=\"\" class=\"wp-image-127\" srcset=\"https:\/\/erasmus-ace.com\/enfermeria\/wp-content\/uploads\/2023\/11\/d1.png 320w, https:\/\/erasmus-ace.com\/enfermeria\/wp-content\/uploads\/2023\/11\/d1-185x300.png 185w\" sizes=\"auto, (max-width: 320px) 100vw, 320px\" \/><\/a><\/figure>\n<\/div>\n\n\n\n<div class=\"wp-block-column is-layout-flow wp-block-column-is-layout-flow\">\n<figure class=\"wp-block-image size-full jump\"><a href=\"https:\/\/erasmus-ace.com\/enfermeria\/dimension2\/\"><img loading=\"lazy\" decoding=\"async\" width=\"320\" height=\"520\" src=\"https:\/\/erasmus-ace.com\/enfermeria\/wp-content\/uploads\/2023\/11\/d2.png\" alt=\"\" class=\"wp-image-128\" srcset=\"https:\/\/erasmus-ace.com\/enfermeria\/wp-content\/uploads\/2023\/11\/d2.png 320w, https:\/\/erasmus-ace.com\/enfermeria\/wp-content\/uploads\/2023\/11\/d2-185x300.png 185w\" sizes=\"auto, (max-width: 320px) 100vw, 320px\" \/><\/a><\/figure>\n<\/div>\n\n\n\n<div class=\"wp-block-column is-layout-flow wp-block-column-is-layout-flow\">\n<figure class=\"wp-block-image size-full\"><a href=\"https:\/\/erasmus-ace.com\/enfermeria\/dimension3\/\"><img loading=\"lazy\" decoding=\"async\" width=\"320\" height=\"520\" src=\"https:\/\/erasmus-ace.com\/enfermeria\/wp-content\/uploads\/2023\/11\/d3.png\" alt=\"\" class=\"wp-image-129\" srcset=\"https:\/\/erasmus-ace.com\/enfermeria\/wp-content\/uploads\/2023\/11\/d3.png 320w, https:\/\/erasmus-ace.com\/enfermeria\/wp-content\/uploads\/2023\/11\/d3-185x300.png 185w\" sizes=\"auto, (max-width: 320px) 100vw, 320px\" \/><\/a><\/figure>\n<\/div>\n\n\n\n<div class=\"wp-block-column is-layout-flow wp-block-column-is-layout-flow\">\n<figure class=\"wp-block-image size-full\"><a href=\"https:\/\/erasmus-ace.com\/enfermeria\/dimension4\/\"><img loading=\"lazy\" decoding=\"async\" width=\"320\" height=\"520\" src=\"https:\/\/erasmus-ace.com\/enfermeria\/wp-content\/uploads\/2023\/11\/d4.png\" alt=\"\" class=\"wp-image-130\" srcset=\"https:\/\/erasmus-ace.com\/enfermeria\/wp-content\/uploads\/2023\/11\/d4.png 320w, https:\/\/erasmus-ace.com\/enfermeria\/wp-content\/uploads\/2023\/11\/d4-185x300.png 185w\" sizes=\"auto, (max-width: 320px) 100vw, 320px\" \/><\/a><\/figure>\n<\/div>\n\n\n\n<div class=\"wp-block-column is-layout-flow wp-block-column-is-layout-flow\">\n<figure class=\"wp-block-image size-full\"><a href=\"https:\/\/erasmus-ace.com\/enfermeria\/dimension5\/\"><img loading=\"lazy\" decoding=\"async\" width=\"322\" height=\"520\" src=\"https:\/\/erasmus-ace.com\/enfermeria\/wp-content\/uploads\/2023\/11\/d5.png\" alt=\"\" class=\"wp-image-131\" srcset=\"https:\/\/erasmus-ace.com\/enfermeria\/wp-content\/uploads\/2023\/11\/d5.png 322w, https:\/\/erasmus-ace.com\/enfermeria\/wp-content\/uploads\/2023\/11\/d5-186x300.png 186w\" sizes=\"auto, (max-width: 322px) 100vw, 322px\" \/><\/a><\/figure>\n<\/div>\n\n\n\n<div class=\"wp-block-column is-layout-flow wp-block-column-is-layout-flow\">\n<figure class=\"wp-block-image size-full\"><a href=\"https:\/\/erasmus-ace.com\/enfermeria\/dimension6\/\"><img loading=\"lazy\" decoding=\"async\" width=\"320\" height=\"520\" src=\"https:\/\/erasmus-ace.com\/enfermeria\/wp-content\/uploads\/2023\/11\/d6.png\" alt=\"\" class=\"wp-image-132\" srcset=\"https:\/\/erasmus-ace.com\/enfermeria\/wp-content\/uploads\/2023\/11\/d6.png 320w, https:\/\/erasmus-ace.com\/enfermeria\/wp-content\/uploads\/2023\/11\/d6-185x300.png 185w\" sizes=\"auto, (max-width: 320px) 100vw, 320px\" \/><\/a><\/figure>\n<\/div>\n<\/div>\n\n\n\n<div class=\"wp-block-media-text is-stacked-on-mobile is-vertically-aligned-top is-image-fill\" style=\"grid-template-columns:46% auto\"><figure class=\"wp-block-media-text__media\" style=\"background-image:url(https:\/\/erasmus-ace.com\/enfermeria\/wp-content\/uploads\/2023\/11\/enfermagem-1.png);background-position:50% 50%\"><img loading=\"lazy\" decoding=\"async\" width=\"939\" height=\"676\" src=\"https:\/\/erasmus-ace.com\/enfermeria\/wp-content\/uploads\/2023\/11\/enfermagem-1.png\" alt=\"\" class=\"wp-image-151 size-full\" srcset=\"https:\/\/erasmus-ace.com\/enfermeria\/wp-content\/uploads\/2023\/11\/enfermagem-1.png 939w, https:\/\/erasmus-ace.com\/enfermeria\/wp-content\/uploads\/2023\/11\/enfermagem-1-300x216.png 300w, https:\/\/erasmus-ace.com\/enfermeria\/wp-content\/uploads\/2023\/11\/enfermagem-1-768x553.png 768w\" sizes=\"auto, (max-width: 939px) 100vw, 939px\" \/><\/figure><div class=\"wp-block-media-text__content\">\n<p>La comunicaci\u00f3n en el cuidado de la salud implica la habilidad y conocimiento para comunicarse efectivamente con diferentes audiencias, utilizando un lenguaje inclusivo y los medios disponibles, y expresando informaci\u00f3n de manera asertiva, emp\u00e1tica y responsable en los distintos campos de acci\u00f3n de enfermer\u00eda, siempre teniendo en cuenta los principios bio\u00e9ticos universales. La comunicaci\u00f3n efectiva es esencial para proporcionar un cuidado de calidad y satisfacer las necesidades de los pacientes, sus familias o comunidades, as\u00ed como para trabajar de manera efectiva con el equipo interprofesional.<\/p>\n<\/div><\/div>\n\n\n\n<div style=\"height:36px\" aria-hidden=\"true\" class=\"wp-block-spacer\"><\/div>\n\n\n\n<div class=\"wp-block-columns is-layout-flex wp-container-core-columns-is-layout-9d6595d7 wp-block-columns-is-layout-flex\">\n<div class=\"wp-block-column has-background is-layout-flow wp-block-column-is-layout-flow\" style=\"background-color:#ffdd0333\">\n<h4 class=\"wp-block-heading has-text-align-center\"><strong>CONOCIMIENTOS<\/strong><\/h4>\n\n\n\n<p>Demuestra conocimientos en comunicaci\u00f3n humana y habilidades sociales con diferentes poblaciones y en contextos diversificados, teniendo en cuenta los recursos contempor\u00e1neos que propendan por el trabajo en equipo y bienestar com\u00fan, con base en los principios bio\u00e9ticos universales.<\/p>\n<\/div>\n\n\n\n<div class=\"wp-block-column has-background is-layout-flow wp-block-column-is-layout-flow\" style=\"background-color:#cf2d2d08\">\n<h4 class=\"wp-block-heading has-text-align-center\"><strong>HABILIDADES<\/strong><\/h4>\n\n\n\n<p>Comunica de manera verbal y no verbal con diferentes audiencias en cualquier contexto, incluida la comunicaci\u00f3n con el equipo interprofesional, a trav\u00e9s de un lenguaje inclusivo y los medios disponibles.<\/p>\n<\/div>\n\n\n\n<div class=\"wp-block-column has-background is-layout-flow wp-block-column-is-layout-flow\" style=\"background-color:#7bdbb51a\">\n<h4 class=\"wp-block-heading has-text-align-center\"><strong>RESPONSABILIDADES<\/strong><\/h4>\n\n\n\n<p>Expresa informaci\u00f3n verbal y no verbal de forma asertiva, emp\u00e1tica y responsable, en los distintos campos de acci\u00f3n de enfermer\u00eda.<\/p>\n<\/div>\n<\/div>\n","protected":false},"excerpt":{"rendered":"<p>La comunicaci\u00f3n en el cuidado de la salud implica la habilidad y conocimiento para comunicarse efectivamente con diferentes audiencias, utilizando un lenguaje inclusivo y los medios disponibles, y expresando informaci\u00f3n de manera asertiva, emp\u00e1tica y responsable en los distintos campos de acci\u00f3n de enfermer\u00eda, siempre teniendo en cuenta los principios bio\u00e9ticos universales. La comunicaci\u00f3n efectiva [&hellip;]<\/p>\n","protected":false},"author":1,"featured_media":0,"parent":0,"menu_order":0,"comment_status":"closed","ping_status":"closed","template":"","meta":{"ub_ctt_via":"","footnotes":""},"class_list":["post-139","page","type-page","status-publish","hentry"],"featured_image_src":null,"_links":{"self":[{"href":"https:\/\/erasmus-ace.com\/enfermeria\/wp-json\/wp\/v2\/pages\/139","targetHints":{"allow":["GET"]}}],"collection":[{"href":"https:\/\/erasmus-ace.com\/enfermeria\/wp-json\/wp\/v2\/pages"}],"about":[{"href":"https:\/\/erasmus-ace.com\/enfermeria\/wp-json\/wp\/v2\/types\/page"}],"author":[{"embeddable":true,"href":"https:\/\/erasmus-ace.com\/enfermeria\/wp-json\/wp\/v2\/users\/1"}],"replies":[{"embeddable":true,"href":"https:\/\/erasmus-ace.com\/enfermeria\/wp-json\/wp\/v2\/comments?post=139"}],"version-history":[{"count":4,"href":"https:\/\/erasmus-ace.com\/enfermeria\/wp-json\/wp\/v2\/pages\/139\/revisions"}],"predecessor-version":[{"id":166,"href":"https:\/\/erasmus-ace.com\/enfermeria\/wp-json\/wp\/v2\/pages\/139\/revisions\/166"}],"wp:attachment":[{"href":"https:\/\/erasmus-ace.com\/enfermeria\/wp-json\/wp\/v2\/media?parent=139"}],"curies":[{"name":"wp","href":"https:\/\/api.w.org\/{rel}","templated":true}]}}