{"id":84,"date":"2023-08-10T11:30:29","date_gmt":"2023-08-10T14:30:29","guid":{"rendered":"https:\/\/erasmus-ace.com\/educacion\/?page_id=84"},"modified":"2023-11-10T16:16:04","modified_gmt":"2023-11-10T19:16:04","slug":"como-fue-construido-el-repositorio","status":"publish","type":"page","link":"https:\/\/erasmus-ace.com\/educacion\/como-fue-construido-el-repositorio\/","title":{"rendered":"\u00bfC\u00f3mo fue construido el Repositorio?\u200b"},"content":{"rendered":"\n<p>El presente repositorio surge como resultado de un proceso de trabajo colaborativo entre las instituciones de Educaci\u00f3n Superior participantes del Proyecto ACE (Aprendizaje Centrado en el Estudiante) Tuning Am\u00e9rica Latina, este proyecto es coordinado por la University of Groningen (RUG) de Pa\u00edses Bajos y cofinanciado por el Programa Erasmus+ de la Uni\u00f3n Europea.<\/p>\n\n\n\n<p>A continuaci\u00f3n te invitamos a ver qu\u00e9 camino recorrimos para la construcci\u00f3n de este repositorio:<\/p>\n\n\n\n<div style=\"width: 60%;\"><div style=\"position: relative; padding-bottom: 200%; padding-top: 0; height: 0;\"><iframe loading=\"lazy\" title=\"Etapas Educaci\u00f3n\" frameborder=\"0\" width=\"800\" height=\"1600\" style=\"position: absolute; top: 0; left: 0; width: 100%; height: 100%;\" src=\"https:\/\/view.genial.ly\/65172162e0c3d80011bea496\" type=\"text\/html\" allowscriptaccess=\"always\" allowfullscreen=\"true\" scrolling=\"yes\" allownetworking=\"all\"><\/iframe> <\/div> <\/div>\n","protected":false},"excerpt":{"rendered":"<p>El presente repositorio surge como resultado de un proceso de trabajo colaborativo entre las instituciones de Educaci\u00f3n Superior participantes del Proyecto ACE (Aprendizaje Centrado en el Estudiante) Tuning Am\u00e9rica Latina, este proyecto es coordinado por la University of Groningen (RUG) de Pa\u00edses Bajos y cofinanciado por el Programa Erasmus+ de la Uni\u00f3n Europea. A continuaci\u00f3n [&hellip;]<\/p>\n","protected":false},"author":1,"featured_media":0,"parent":0,"menu_order":0,"comment_status":"closed","ping_status":"closed","template":"","meta":{"ub_ctt_via":"","footnotes":""},"class_list":["post-84","page","type-page","status-publish","hentry"],"featured_image_src":null,"_links":{"self":[{"href":"https:\/\/erasmus-ace.com\/educacion\/wp-json\/wp\/v2\/pages\/84","targetHints":{"allow":["GET"]}}],"collection":[{"href":"https:\/\/erasmus-ace.com\/educacion\/wp-json\/wp\/v2\/pages"}],"about":[{"href":"https:\/\/erasmus-ace.com\/educacion\/wp-json\/wp\/v2\/types\/page"}],"author":[{"embeddable":true,"href":"https:\/\/erasmus-ace.com\/educacion\/wp-json\/wp\/v2\/users\/1"}],"replies":[{"embeddable":true,"href":"https:\/\/erasmus-ace.com\/educacion\/wp-json\/wp\/v2\/comments?post=84"}],"version-history":[{"count":6,"href":"https:\/\/erasmus-ace.com\/educacion\/wp-json\/wp\/v2\/pages\/84\/revisions"}],"predecessor-version":[{"id":235,"href":"https:\/\/erasmus-ace.com\/educacion\/wp-json\/wp\/v2\/pages\/84\/revisions\/235"}],"wp:attachment":[{"href":"https:\/\/erasmus-ace.com\/educacion\/wp-json\/wp\/v2\/media?parent=84"}],"curies":[{"name":"wp","href":"https:\/\/api.w.org\/{rel}","templated":true}]}}