{"id":42,"date":"2023-08-09T18:29:14","date_gmt":"2023-08-09T21:29:14","guid":{"rendered":"https:\/\/erasmus-ace.com\/educacion\/?page_id=42"},"modified":"2024-02-02T17:17:54","modified_gmt":"2024-02-02T20:17:54","slug":"pagina-inicial","status":"publish","type":"page","link":"https:\/\/erasmus-ace.com\/educacion\/","title":{"rendered":""},"content":{"rendered":"\n<h2 class=\"wp-block-heading has-text-align-center\"><strong>PROYECTO ACE<br>TUNING AM\u00c9RICA LATINA<\/strong><\/h2>\n\n\n\n<p>El Proyecto Tuning Am\u00e9rica Latina tiene el objetivo de mejorar la calidad de la educaci\u00f3n superior y fomentar la movilidad estudiantil y laboral. Su importancia radica en su enfoque, en el desarrollo de competencias y habilidades de los estudiantes, as\u00ed como en la creaci\u00f3n de perfiles profesionales acordes al desempe\u00f1o laboral en respuesta a las necesidades sociales de cada contexto.<\/p>\n\n\n\n<p>El enfoque del Proyecto Tuning favorece la internacionalizaci\u00f3n de la educaci\u00f3n superior al promover la compatibilidad y comparabilidad de programas acad\u00e9micos entre diferentes instituciones y pa\u00edses, elaborando meta perfiles para llegar a un entendimiento de un \u00e1rea tem\u00e1tica de referencia regional, facilitando as\u00ed la movilidad estudiantil y la colaboraci\u00f3n acad\u00e9mica a nivel internacional.<\/p>\n\n\n\n<p>En este marco, el Aprendizaje Centrado en el Estudiante (ACE) constituye un Proyecto cuya implementaci\u00f3n se ha basado en los principios del aprendizaje constructivo, participativo y colaborativo de los actores directamente involucrado a fin de incorporar este enfoque pedag\u00f3gico en el marco de la reformas curriculares de las Instituciones de Educaci\u00f3n Superior de los pa\u00edses sudamericanos participantes.<\/p>\n\n\n\n<p>Desde este enfoque, la pr\u00e1ctica educativa considera las caracter\u00edsticas particulares de los y las estudiantes en el proceso de aprendizaje. Toma en cuenta a cada estudiante con sus rasgos heredados, sus perspectivas, experiencia previa, talentos, intereses, capacidades, trayectorias educativas y necesidades. Implica una suerte de adecuaci\u00f3n de las pr\u00e1cticas en educaci\u00f3n a las condiciones y necesidades de los y las estudiantes. El enfoque, asimismo, no implica asumir el empleo de un \u00fanico (\u201cnuevo\u201d) m\u00e9todo de ense\u00f1anza, sino que implica aplicar una variedad de diferentes tipos de m\u00e9todos que se centran en los y las estudiantes que est\u00e1n aprendiendo.<\/p>\n\n\n\n<p>As\u00ed, la revisi\u00f3n de planes de estudio y la mejora de los procesos se aborda desde un enfoque en competencias, en el que son fundantes la elaboraci\u00f3n de los perfiles de egreso, en t\u00e9rminos de Resultados de Aprendizaje, y la consideraci\u00f3n de cada uno de los espacios de formaci\u00f3n a lo largo de la carrera, como componentes que contribuyen para la consecuci\u00f3n de tales resultados.<\/p>\n\n\n\n<p>En este proceso se han generado propuestas de experiencias pedag\u00f3gicas y did\u00e1cticas a la luz de marcos de referencia comunes organizados por dimensiones y subdimensiones, consensuados desde diferentes realidades educativas, caracterizadas como Buenas Pr\u00e1cticas Educativas.<\/p>\n\n\n\n<p>El Repositorio de Buenas Pr\u00e1cticas Educativas, en este sentido, es un recurso de consulta que pretende que docentes, profesionales vinculados a la educaci\u00f3n y estudiantes de carreras de formaci\u00f3n docente puedan pensar y resignificar, seg\u00fan sus prop\u00f3sitos y contextos particulares, diversas propuestas pedag\u00f3gicas que posibiliten la implementaci\u00f3n de un enfoque centrado en el estudiante en el \u00e1mbito universitario.<\/p>\n\n\n\n<p class=\"has-text-align-center\"><strong>Galer\u00eda de fotos: Encuentros de trabajo virtuales y presenciales del Proyecto ACE<br>(Aprendizaje Centrado en el Estudiante) Tuning Am\u00e9rica Latina.<\/strong><\/p>\n\n\n\n<div style=\"position: relative; width: 100%; height: 0; padding-top: 56.2500%; padding-bottom: 0; box-shadow: 0 2px 8px 0 rgba(63,69,81,0.16); margin-top: 1.6em; margin-bottom: 0.9em; overflow: hidden; border-radius: 8px; will-change: transform;\">  <iframe loading=\"lazy\" style=\"position: absolute; width: 100%; height: 100%; top: 0; left: 0; border: none; padding: 0;margin: 0;\"    src=\"https:&#x2F;&#x2F;www.canva.com&#x2F;design&#x2F;DAFyr_oMAno&#x2F;view?embed\" allowfullscreen=\"allowfullscreen\" allow=\"fullscreen\">  <\/iframe><\/div>\n\n\n\n<p>El proyecto es coordinado por la University of Groningen (RUG) de Pa\u00edses Bajos y cofinanciado por el Programa Erasmus+ de la Uni\u00f3n Europea.<\/p>\n\n\n\n<p>En este espacio se presentan pr\u00e1cticas enmarcadas en cuatro dimensiones:<br>a) Comunicativa <br>b) Disciplinar <br>c) Human\u00edstica \u2013 social <br>d) Pedag\u00f3gica <\/p>\n\n\n\n<h4 class=\"wp-block-heading has-text-align-center has-white-color has-text-color has-background\" style=\"background-color:#323f4f\"><strong>\u00bfQu\u00e9 es el Repositorio de Buenas Pr\u00e1cticas ACE?<\/strong><\/h4>\n\n\n\n<p class=\"has-white-color has-text-color has-background\" style=\"background-color:#323f4f\">El Repositorio de Buenas Pr\u00e1cticas es un espacio y herramienta pedag\u00f3gica que hace una recopilaci\u00f3n organizada y accesible de experiencias educativas factibles e inspiradoras, que consideramos ser\u00e1n de utilidad en los procesos de ense\u00f1anza, aprendizaje y evaluaci\u00f3n, mostrando formas diversas de gestionar el Aprendizaje Centrado en el Estudiante. <br><br>Este trabajo fue desarrollado por las diferentes Unidades ACE del \u00c1rea de Educaci\u00f3n que participan del Proyecto ACE Tuning Am\u00e9rica Latina.<\/p>\n\n\n\n<div class=\"wp-block-columns has-text-color has-link-color wp-elements-197a9bf5f6739dbd82dbe3ab61287df1 is-layout-flex wp-container-core-columns-is-layout-9d6595d7 wp-block-columns-is-layout-flex\" style=\"color:#323f4f\">\n<div class=\"wp-block-column is-layout-flow wp-block-column-is-layout-flow\">\n<p class=\"has-text-align-center\"><strong>UNLa<\/strong><\/p>\n\n\n<div class=\"wp-block-image\">\n<figure class=\"aligncenter size-full\"><a href=\"https:\/\/www.unla.edu.ar\/\" target=\"_blank\" rel=\"noreferrer noopener\"><img loading=\"lazy\" decoding=\"async\" width=\"220\" height=\"244\" src=\"https:\/\/erasmus-ace.com\/educacion\/wp-content\/uploads\/2023\/11\/02UNLA.png\" alt=\"\" class=\"wp-image-245\" style=\"object-fit:cover\"\/><\/a><\/figure>\n<\/div><\/div>\n\n\n\n<div class=\"wp-block-column is-layout-flow wp-block-column-is-layout-flow\">\n<p class=\"has-text-align-center\"><strong>UNILIBRE<\/strong><\/p>\n\n\n\n<figure class=\"wp-block-image size-full\"><a href=\"http:\/\/www.unilibre.edu.co\/\" target=\"_blank\" rel=\"noreferrer noopener\"><img loading=\"lazy\" decoding=\"async\" width=\"300\" height=\"300\" src=\"https:\/\/erasmus-ace.com\/educacion\/wp-content\/uploads\/2023\/11\/09UNILIBRE.png\" alt=\"\" class=\"wp-image-246\" srcset=\"https:\/\/erasmus-ace.com\/educacion\/wp-content\/uploads\/2023\/11\/09UNILIBRE.png 300w, https:\/\/erasmus-ace.com\/educacion\/wp-content\/uploads\/2023\/11\/09UNILIBRE-150x150.png 150w\" sizes=\"auto, (max-width: 300px) 100vw, 300px\" \/><\/a><\/figure>\n<\/div>\n\n\n\n<div class=\"wp-block-column is-layout-flow wp-block-column-is-layout-flow\">\n<p class=\"has-text-align-center\"><strong>UMSS<\/strong><\/p>\n\n\n<div class=\"wp-block-image\">\n<figure class=\"aligncenter size-full\"><a href=\"https:\/\/www.umss.edu.bo\/\" target=\"_blank\" rel=\"noreferrer noopener\"><img loading=\"lazy\" decoding=\"async\" width=\"232\" height=\"300\" src=\"https:\/\/erasmus-ace.com\/educacion\/wp-content\/uploads\/2023\/11\/05UMSS-vertical.png\" alt=\"\" class=\"wp-image-251\"\/><\/a><\/figure>\n<\/div><\/div>\n\n\n\n<div class=\"wp-block-column is-layout-flow wp-block-column-is-layout-flow\">\n<p class=\"has-text-align-center\"><strong>UNIBE<\/strong><\/p>\n\n\n<div class=\"wp-block-image\">\n<figure class=\"aligncenter size-full\"><a href=\"https:\/\/www.unibe.edu.py\/\" target=\"_blank\" rel=\"noreferrer noopener\"><img loading=\"lazy\" decoding=\"async\" width=\"1000\" height=\"1000\" src=\"https:\/\/erasmus-ace.com\/educacion\/wp-content\/uploads\/2023\/11\/14UNIBE.jpg\" alt=\"\" class=\"wp-image-248\" srcset=\"https:\/\/erasmus-ace.com\/educacion\/wp-content\/uploads\/2023\/11\/14UNIBE.jpg 1000w, https:\/\/erasmus-ace.com\/educacion\/wp-content\/uploads\/2023\/11\/14UNIBE-300x300.jpg 300w, https:\/\/erasmus-ace.com\/educacion\/wp-content\/uploads\/2023\/11\/14UNIBE-150x150.jpg 150w, https:\/\/erasmus-ace.com\/educacion\/wp-content\/uploads\/2023\/11\/14UNIBE-768x768.jpg 768w\" sizes=\"auto, (max-width: 1000px) 100vw, 1000px\" \/><\/a><\/figure>\n<\/div><\/div>\n\n\n\n<div class=\"wp-block-column is-layout-flow wp-block-column-is-layout-flow\">\n<p class=\"has-text-align-center\"><strong>UNCUYO<\/strong><\/p>\n\n\n<div class=\"wp-block-image\">\n<figure class=\"aligncenter size-full\"><a href=\"https:\/\/www.uncuyo.edu.ar\/\" target=\"_blank\" rel=\"noreferrer noopener\"><img loading=\"lazy\" decoding=\"async\" width=\"186\" height=\"220\" src=\"https:\/\/erasmus-ace.com\/educacion\/wp-content\/uploads\/2023\/11\/01UNCUYO-vertical.png\" alt=\"\" class=\"wp-image-252\"\/><\/a><\/figure>\n<\/div><\/div>\n\n\n\n<div class=\"wp-block-column is-layout-flow wp-block-column-is-layout-flow\">\n<p class=\"has-text-align-center\"><strong>UMSA<\/strong><\/p>\n\n\n<div class=\"wp-block-image\">\n<figure class=\"aligncenter size-full is-resized\"><a href=\"https:\/\/www.umsa.bo\/\" target=\"_blank\" rel=\"noreferrer noopener\"><img loading=\"lazy\" decoding=\"async\" width=\"300\" height=\"606\" src=\"https:\/\/erasmus-ace.com\/educacion\/wp-content\/uploads\/2023\/11\/04UMSA-menor.png\" alt=\"\" class=\"wp-image-254\" style=\"object-fit:cover;width:81px;height:auto\" srcset=\"https:\/\/erasmus-ace.com\/educacion\/wp-content\/uploads\/2023\/11\/04UMSA-menor.png 300w, https:\/\/erasmus-ace.com\/educacion\/wp-content\/uploads\/2023\/11\/04UMSA-menor-149x300.png 149w\" sizes=\"auto, (max-width: 300px) 100vw, 300px\" \/><\/a><\/figure>\n<\/div><\/div>\n<\/div>\n\n\n<div class=\"n2-section-smartslider fitvidsignore  n2_clear\" data-ssid=\"2\"><div id=\"n2-ss-2-align\" class=\"n2-ss-align\"><div class=\"n2-padding\"><div id=\"n2-ss-2\" data-creator=\"Smart Slider 3\" data-responsive=\"auto\" class=\"n2-ss-slider n2-ow n2-has-hover n2notransition  \"><div class=\"n2-ss-slider-wrapper-inside\">\n        <div class=\"n2-ss-slider-1 n2_ss__touch_element n2-ow\">\n            <div class=\"n2-ss-slider-2 n2-ow\">\n                                                <div class=\"n2-ss-slider-3 n2-ow\">\n\n                    <div class=\"n2-ss-slide-backgrounds n2-ow-all\"><div class=\"n2-ss-slide-background\" data-public-id=\"1\" data-mode=\"fill\"><div class=\"n2-ss-slide-background-image\" data-blur=\"0\" data-opacity=\"100\" data-x=\"50\" data-y=\"50\" data-alt=\"\" data-title=\"\"><picture class=\"skip-lazy\" data-skip-lazy=\"1\"><img decoding=\"async\" src=\"\/\/erasmus-ace.com\/educacion\/wp-content\/uploads\/2023\/08\/slider1.png\" alt=\"\" title=\"\" loading=\"lazy\" class=\"skip-lazy\" data-skip-lazy=\"1\"><\/picture><\/div><div data-color=\"RGBA(255,255,255,0)\" style=\"background-color: RGBA(255,255,255,0);\" class=\"n2-ss-slide-background-color\"><\/div><\/div><div class=\"n2-ss-slide-background\" data-public-id=\"2\" data-mode=\"fill\"><div class=\"n2-ss-slide-background-image\" data-blur=\"0\" data-opacity=\"100\" data-x=\"50\" data-y=\"50\" data-alt=\"\" data-title=\"\"><picture class=\"skip-lazy\" data-skip-lazy=\"1\"><img decoding=\"async\" src=\"\/\/erasmus-ace.com\/educacion\/wp-content\/uploads\/2023\/08\/slider2.png\" alt=\"\" title=\"\" loading=\"lazy\" class=\"skip-lazy\" data-skip-lazy=\"1\"><\/picture><\/div><div data-color=\"RGBA(255,255,255,0)\" style=\"background-color: RGBA(255,255,255,0);\" class=\"n2-ss-slide-background-color\"><\/div><\/div><div class=\"n2-ss-slide-background\" data-public-id=\"3\" data-mode=\"fill\"><div class=\"n2-ss-slide-background-image\" data-blur=\"0\" data-opacity=\"100\" data-x=\"50\" data-y=\"50\" data-alt=\"\" data-title=\"\"><picture class=\"skip-lazy\" data-skip-lazy=\"1\"><img decoding=\"async\" src=\"\/\/erasmus-ace.com\/educacion\/wp-content\/uploads\/2023\/08\/slider3.png\" alt=\"\" title=\"\" loading=\"lazy\" class=\"skip-lazy\" data-skip-lazy=\"1\"><\/picture><\/div><div data-color=\"RGBA(255,255,255,0)\" style=\"background-color: RGBA(255,255,255,0);\" class=\"n2-ss-slide-background-color\"><\/div><\/div><\/div>                    <div class=\"n2-ss-slider-4 n2-ow\">\n                        <svg xmlns=\"http:\/\/www.w3.org\/2000\/svg\" viewBox=\"0 0 800 132\" data-related-device=\"desktopPortrait\" class=\"n2-ow n2-ss-preserve-size n2-ss-preserve-size--slider n2-ss-slide-limiter\"><\/svg><div data-first=\"1\" data-slide-duration=\"0\" data-id=\"3\" data-slide-public-id=\"1\" data-haslink=\"1\" data-href=\"https:\/\/erasmus-ace.com\/educacion\/como-fue-construido-el-repositorio\/\" tabindex=\"0\" role=\"button\" data-n2click=\"url\" data-force-pointer=\"\" class=\"n2-ss-slide n2-ow  n2-ss-slide-3\"><div role=\"note\" class=\"n2-ss-slide--focus\"><\/div><div class=\"n2-ss-layers-container n2-ss-slide-limiter n2-ow\"><div class=\"n2-ss-layer n2-ow n-uc-gvmUSb0T3DNt\" data-sstype=\"slide\" data-pm=\"default\"><\/div><\/div><\/div><div data-slide-duration=\"0\" data-id=\"4\" data-slide-public-id=\"2\" data-haslink=\"1\" data-href=\"https:\/\/erasmus-ace.com\/educacion\/para-quien-esta-pensado\/\" tabindex=\"0\" role=\"button\" data-n2click=\"url\" data-force-pointer=\"\" class=\"n2-ss-slide n2-ow  n2-ss-slide-4\"><div role=\"note\" class=\"n2-ss-slide--focus\"><\/div><div class=\"n2-ss-layers-container n2-ss-slide-limiter n2-ow\"><div class=\"n2-ss-layer n2-ow n-uc-njbY1EvX3tCC\" data-sstype=\"slide\" data-pm=\"default\"><\/div><\/div><\/div><div data-slide-duration=\"0\" data-id=\"5\" data-slide-public-id=\"3\" data-haslink=\"1\" data-href=\"https:\/\/erasmus-ace.com\/educacion\/como-puedo-utilizarlo\/\" tabindex=\"0\" role=\"button\" data-n2click=\"url\" data-force-pointer=\"\" class=\"n2-ss-slide n2-ow  n2-ss-slide-5\"><div role=\"note\" class=\"n2-ss-slide--focus\"><\/div><div class=\"n2-ss-layers-container n2-ss-slide-limiter n2-ow\"><div class=\"n2-ss-layer n2-ow n-uc-g0RfGDzDLgF3\" data-sstype=\"slide\" data-pm=\"default\"><\/div><\/div><\/div>                    <\/div>\n\n                    <\/div>\n            <\/div>\n        <\/div>\n        <div class=\"n2-ss-slider-controls n2-ss-slider-controls-absolute-left-center\"><div style=\"--widget-offset:15px;\" class=\"n2-ss-widget nextend-arrow n2-ow-all nextend-arrow-previous  nextend-arrow-animated-fade\" data-hide-mobileportrait=\"1\" id=\"n2-ss-2-arrow-previous\" role=\"button\" aria-label=\"previous arrow\" tabindex=\"0\"><img loading=\"lazy\" decoding=\"async\" width=\"32\" height=\"32\" class=\"skip-lazy\" data-skip-lazy=\"1\" src=\"data:image\/svg+xml;base64,PHN2ZyB3aWR0aD0iMzIiIGhlaWdodD0iMzIiIHZpZXdCb3g9IjAgMCAzMiAzMiIgeG1sbnM9Imh0dHA6Ly93d3cudzMub3JnLzIwMDAvc3ZnIj4KICAgIDxwYXRoIGQ9Ik0xMS40MzMgMTUuOTkyTDIyLjY5IDUuNzEyYy4zOTMtLjM5LjM5My0xLjAzIDAtMS40Mi0uMzkzLS4zOS0xLjAzLS4zOS0xLjQyMyAwbC0xMS45OCAxMC45NGMtLjIxLjIxLS4zLjQ5LS4yODUuNzYtLjAxNS4yOC4wNzUuNTYuMjg0Ljc3bDExLjk4IDEwLjk0Yy4zOTMuMzkgMS4wMy4zOSAxLjQyNCAwIC4zOTMtLjQuMzkzLTEuMDMgMC0xLjQybC0xMS4yNTctMTAuMjkiCiAgICAgICAgICBmaWxsPSIjZmZmZmZmIiBvcGFjaXR5PSIwLjgiIGZpbGwtcnVsZT0iZXZlbm9kZCIvPgo8L3N2Zz4=\" alt=\"previous arrow\"><\/div><\/div><div class=\"n2-ss-slider-controls n2-ss-slider-controls-absolute-right-center\"><div style=\"--widget-offset:15px;\" class=\"n2-ss-widget nextend-arrow n2-ow-all nextend-arrow-next  nextend-arrow-animated-fade\" data-hide-mobileportrait=\"1\" id=\"n2-ss-2-arrow-next\" role=\"button\" aria-label=\"next arrow\" tabindex=\"0\"><img loading=\"lazy\" decoding=\"async\" width=\"32\" height=\"32\" class=\"skip-lazy\" data-skip-lazy=\"1\" src=\"data:image\/svg+xml;base64,PHN2ZyB3aWR0aD0iMzIiIGhlaWdodD0iMzIiIHZpZXdCb3g9IjAgMCAzMiAzMiIgeG1sbnM9Imh0dHA6Ly93d3cudzMub3JnLzIwMDAvc3ZnIj4KICAgIDxwYXRoIGQ9Ik0xMC43MjIgNC4yOTNjLS4zOTQtLjM5LTEuMDMyLS4zOS0xLjQyNyAwLS4zOTMuMzktLjM5MyAxLjAzIDAgMS40MmwxMS4yODMgMTAuMjgtMTEuMjgzIDEwLjI5Yy0uMzkzLjM5LS4zOTMgMS4wMiAwIDEuNDIuMzk1LjM5IDEuMDMzLjM5IDEuNDI3IDBsMTIuMDA3LTEwLjk0Yy4yMS0uMjEuMy0uNDkuMjg0LS43Ny4wMTQtLjI3LS4wNzYtLjU1LS4yODYtLjc2TDEwLjcyIDQuMjkzeiIKICAgICAgICAgIGZpbGw9IiNmZmZmZmYiIG9wYWNpdHk9IjAuOCIgZmlsbC1ydWxlPSJldmVub2RkIi8+Cjwvc3ZnPg==\" alt=\"next arrow\"><\/div><\/div><\/div><\/div><ss3-loader><\/ss3-loader><\/div><\/div><div class=\"n2_clear\"><\/div><\/div>\n\n\n<div style=\"height:121px\" aria-hidden=\"true\" class=\"wp-block-spacer\"><\/div>\n\n\n\n<h4 class=\"wp-block-heading has-text-align-center has-white-color has-text-color has-background\" style=\"background-color:#323f4f\"><strong>Explora el Repositorio<\/strong>\u200b<\/h4>\n\n\n\n<h4 class=\"wp-block-heading\"><strong><strong>Busca un recurso por nombre&nbsp;<\/strong>\u200b<\/strong><\/h4>\n\n\n<form role=\"search\" method=\"get\" action=\"https:\/\/erasmus-ace.com\/educacion\/\" class=\"wp-block-search__button-outside wp-block-search__icon-button wp-block-search\"    ><label class=\"wp-block-search__label screen-reader-text\" for=\"wp-block-search__input-1\" >Pesquisar<\/label><div class=\"wp-block-search__inside-wrapper\" ><input class=\"wp-block-search__input has-normal-font-size\" id=\"wp-block-search__input-1\" placeholder=\"\" value=\"\" type=\"search\" name=\"s\" required \/><button aria-label=\"Pesquisar\" class=\"wp-block-search__button has-normal-font-size has-icon wp-element-button\" type=\"submit\" ><svg class=\"search-icon\" viewBox=\"0 0 24 24\" width=\"24\" height=\"24\">\n\t\t\t\t\t<path d=\"M13 5c-3.3 0-6 2.7-6 6 0 1.4.5 2.7 1.3 3.7l-3.8 3.8 1.1 1.1 3.8-3.8c1 .8 2.3 1.3 3.7 1.3 3.3 0 6-2.7 6-6S16.3 5 13 5zm0 10.5c-2.5 0-4.5-2-4.5-4.5s2-4.5 4.5-4.5 4.5 2 4.5 4.5-2 4.5-4.5 4.5z\"><\/path>\n\t\t\t\t<\/svg><\/button><\/div><\/form>\n\n\n<div style=\"height:42px\" aria-hidden=\"true\" class=\"wp-block-spacer\"><\/div>\n\n\n\n<h4 class=\"wp-block-heading\"><strong><strong><strong>Busca por dimensi\u00f3n<\/strong>\u200b<\/strong><\/strong><\/h4>\n\n\n\n<div class=\"wp-block-columns is-layout-flex wp-container-core-columns-is-layout-9d6595d7 wp-block-columns-is-layout-flex\">\n<div class=\"wp-block-column is-layout-flow wp-block-column-is-layout-flow\">\n<figure class=\"wp-block-image size-full\"><a href=\"https:\/\/erasmus-ace.com\/educacion\/dimension-comunicativa\/\"><img loading=\"lazy\" decoding=\"async\" width=\"938\" height=\"242\" src=\"https:\/\/erasmus-ace.com\/educacion\/wp-content\/uploads\/2023\/08\/pedagogica-1.png\" alt=\"\" class=\"wp-image-78\" srcset=\"https:\/\/erasmus-ace.com\/educacion\/wp-content\/uploads\/2023\/08\/pedagogica-1.png 938w, https:\/\/erasmus-ace.com\/educacion\/wp-content\/uploads\/2023\/08\/pedagogica-1-300x77.png 300w, https:\/\/erasmus-ace.com\/educacion\/wp-content\/uploads\/2023\/08\/pedagogica-1-768x198.png 768w\" sizes=\"auto, (max-width: 938px) 100vw, 938px\" \/><\/a><\/figure>\n<\/div>\n\n\n\n<div class=\"wp-block-column is-layout-flow wp-block-column-is-layout-flow\">\n<figure class=\"wp-block-image size-full\"><a href=\"https:\/\/erasmus-ace.com\/educacion\/dimension-disciplinar\/\"><img loading=\"lazy\" decoding=\"async\" width=\"938\" height=\"242\" src=\"https:\/\/erasmus-ace.com\/educacion\/wp-content\/uploads\/2023\/08\/disciplinar.png\" alt=\"\" class=\"wp-image-74\" srcset=\"https:\/\/erasmus-ace.com\/educacion\/wp-content\/uploads\/2023\/08\/disciplinar.png 938w, https:\/\/erasmus-ace.com\/educacion\/wp-content\/uploads\/2023\/08\/disciplinar-300x77.png 300w, https:\/\/erasmus-ace.com\/educacion\/wp-content\/uploads\/2023\/08\/disciplinar-768x198.png 768w\" sizes=\"auto, (max-width: 938px) 100vw, 938px\" \/><\/a><\/figure>\n<\/div>\n<\/div>\n\n\n\n<div class=\"wp-block-columns is-layout-flex wp-container-core-columns-is-layout-9d6595d7 wp-block-columns-is-layout-flex\">\n<div class=\"wp-block-column is-layout-flow wp-block-column-is-layout-flow\">\n<figure class=\"wp-block-image size-full\"><a href=\"https:\/\/erasmus-ace.com\/educacion\/comunicativa\/\"><img loading=\"lazy\" decoding=\"async\" width=\"938\" height=\"242\" src=\"https:\/\/erasmus-ace.com\/educacion\/wp-content\/uploads\/2023\/08\/humana.png\" alt=\"\" class=\"wp-image-73\" srcset=\"https:\/\/erasmus-ace.com\/educacion\/wp-content\/uploads\/2023\/08\/humana.png 938w, https:\/\/erasmus-ace.com\/educacion\/wp-content\/uploads\/2023\/08\/humana-300x77.png 300w, https:\/\/erasmus-ace.com\/educacion\/wp-content\/uploads\/2023\/08\/humana-768x198.png 768w\" sizes=\"auto, (max-width: 938px) 100vw, 938px\" \/><\/a><\/figure>\n<\/div>\n\n\n\n<div class=\"wp-block-column is-layout-flow wp-block-column-is-layout-flow\">\n<figure class=\"wp-block-image size-full\"><a href=\"https:\/\/erasmus-ace.com\/educacion\/dimension-pedagogica\/\"><img loading=\"lazy\" decoding=\"async\" width=\"938\" height=\"242\" src=\"https:\/\/erasmus-ace.com\/educacion\/wp-content\/uploads\/2023\/08\/pedagogica-2.png\" alt=\"\" class=\"wp-image-79\" srcset=\"https:\/\/erasmus-ace.com\/educacion\/wp-content\/uploads\/2023\/08\/pedagogica-2.png 938w, https:\/\/erasmus-ace.com\/educacion\/wp-content\/uploads\/2023\/08\/pedagogica-2-300x77.png 300w, https:\/\/erasmus-ace.com\/educacion\/wp-content\/uploads\/2023\/08\/pedagogica-2-768x198.png 768w\" sizes=\"auto, (max-width: 938px) 100vw, 938px\" \/><\/a><\/figure>\n<\/div>\n<\/div>\n\n\n\n<div class=\"wp-block-columns is-layout-flex wp-container-core-columns-is-layout-9d6595d7 wp-block-columns-is-layout-flex\">\n<div class=\"wp-block-column is-layout-flow wp-block-column-is-layout-flow\">\n<figure class=\"wp-block-image size-full\"><a href=\"https:\/\/erasmus-ace.com\/educacion\/investigativa-creativa-e-innovadora\/\"><img loading=\"lazy\" decoding=\"async\" width=\"938\" height=\"242\" src=\"https:\/\/erasmus-ace.com\/educacion\/wp-content\/uploads\/2024\/02\/investigativa-2.png\" alt=\"\" class=\"wp-image-343\" srcset=\"https:\/\/erasmus-ace.com\/educacion\/wp-content\/uploads\/2024\/02\/investigativa-2.png 938w, https:\/\/erasmus-ace.com\/educacion\/wp-content\/uploads\/2024\/02\/investigativa-2-300x77.png 300w, https:\/\/erasmus-ace.com\/educacion\/wp-content\/uploads\/2024\/02\/investigativa-2-768x198.png 768w\" sizes=\"auto, (max-width: 938px) 100vw, 938px\" \/><\/a><\/figure>\n<\/div>\n\n\n\n<div class=\"wp-block-column is-layout-flow wp-block-column-is-layout-flow\"><\/div>\n<\/div>\n\n\n\n<div style=\"height:47px\" aria-hidden=\"true\" class=\"wp-block-spacer\"><\/div>\n\n\n<div class=\"wp-block-image\">\n<figure class=\"aligncenter size-large\"><a href=\"https:\/\/www2.unesp.br\/portal#!\/arex\/noticias\/v\/id::40206\/unesp-sedia-reuniao-do-erasmus-ace\" target=\"_blank\" rel=\"noreferrer noopener\"><img loading=\"lazy\" decoding=\"async\" width=\"1024\" height=\"441\" src=\"https:\/\/erasmus-ace.com\/educacion\/wp-content\/uploads\/2024\/01\/aceFotoWhatsMarcia-1-1024x441.jpeg\" alt=\"\" class=\"wp-image-314\" srcset=\"https:\/\/erasmus-ace.com\/educacion\/wp-content\/uploads\/2024\/01\/aceFotoWhatsMarcia-1-1024x441.jpeg 1024w, https:\/\/erasmus-ace.com\/educacion\/wp-content\/uploads\/2024\/01\/aceFotoWhatsMarcia-1-300x129.jpeg 300w, https:\/\/erasmus-ace.com\/educacion\/wp-content\/uploads\/2024\/01\/aceFotoWhatsMarcia-1-768x331.jpeg 768w, https:\/\/erasmus-ace.com\/educacion\/wp-content\/uploads\/2024\/01\/aceFotoWhatsMarcia-1-1536x662.jpeg 1536w, https:\/\/erasmus-ace.com\/educacion\/wp-content\/uploads\/2024\/01\/aceFotoWhatsMarcia-1.jpeg 1541w\" sizes=\"auto, (max-width: 1024px) 100vw, 1024px\" \/><\/a><\/figure>\n<\/div>\n\n\n<h4 class=\"wp-block-heading has-text-align-center has-white-color has-text-color has-background\" style=\"background-color:#323f4f\">\u00bfConsultas? \u00bfPreguntas? <br>Cont\u00e1ctate con las instituciones participantes.&nbsp;\u200b<\/h4>\n","protected":false},"excerpt":{"rendered":"<p>PROYECTO ACETUNING AM\u00c9RICA LATINA El Proyecto Tuning Am\u00e9rica Latina tiene el objetivo de mejorar la calidad de la educaci\u00f3n superior y fomentar la movilidad estudiantil y laboral. Su importancia radica en su enfoque, en el desarrollo de competencias y habilidades de los estudiantes, as\u00ed como en la creaci\u00f3n de perfiles profesionales acordes al desempe\u00f1o laboral [&hellip;]<\/p>\n","protected":false},"author":1,"featured_media":0,"parent":0,"menu_order":0,"comment_status":"closed","ping_status":"closed","template":"","meta":{"ub_ctt_via":"","footnotes":""},"class_list":["post-42","page","type-page","status-publish","hentry"],"featured_image_src":null,"_links":{"self":[{"href":"https:\/\/erasmus-ace.com\/educacion\/wp-json\/wp\/v2\/pages\/42","targetHints":{"allow":["GET"]}}],"collection":[{"href":"https:\/\/erasmus-ace.com\/educacion\/wp-json\/wp\/v2\/pages"}],"about":[{"href":"https:\/\/erasmus-ace.com\/educacion\/wp-json\/wp\/v2\/types\/page"}],"author":[{"embeddable":true,"href":"https:\/\/erasmus-ace.com\/educacion\/wp-json\/wp\/v2\/users\/1"}],"replies":[{"embeddable":true,"href":"https:\/\/erasmus-ace.com\/educacion\/wp-json\/wp\/v2\/comments?post=42"}],"version-history":[{"count":65,"href":"https:\/\/erasmus-ace.com\/educacion\/wp-json\/wp\/v2\/pages\/42\/revisions"}],"predecessor-version":[{"id":345,"href":"https:\/\/erasmus-ace.com\/educacion\/wp-json\/wp\/v2\/pages\/42\/revisions\/345"}],"wp:attachment":[{"href":"https:\/\/erasmus-ace.com\/educacion\/wp-json\/wp\/v2\/media?parent=42"}],"curies":[{"name":"wp","href":"https:\/\/api.w.org\/{rel}","templated":true}]}}