{"id":111,"date":"2023-08-10T18:00:53","date_gmt":"2023-08-10T21:00:53","guid":{"rendered":"https:\/\/erasmus-ace.com\/educacion\/?page_id=111"},"modified":"2023-09-29T16:38:48","modified_gmt":"2023-09-29T19:38:48","slug":"como-puedo-utilizarlo","status":"publish","type":"page","link":"https:\/\/erasmus-ace.com\/educacion\/como-puedo-utilizarlo\/","title":{"rendered":"\u00bfC\u00f3mo puedo utilizarlo?\u200b"},"content":{"rendered":"\n<div class=\"wp-block-columns is-layout-flex wp-container-core-columns-is-layout-9d6595d7 wp-block-columns-is-layout-flex\">\n<div class=\"wp-block-column is-layout-flow wp-block-column-is-layout-flow\" style=\"flex-basis:66.66%\">\n<p>Las pr\u00e1cticas que se proponen en este repositorio son un recurso dise\u00f1ado para ofrecer actividades elaboradas y validadas por los miembros del proyecto ACE del \u00c1rea de Educaci\u00f3n y por juicio de expertos que no pertenecen al mismo, quienes han trabajado en la creaci\u00f3n de las condiciones y los instrumentos necesarios para la implementaci\u00f3n del enfoque centrado en el estudiante en las distintas universidades. Se prev\u00e9 que las distintas propuestas sean insumos para la reflexi\u00f3n sobre la pr\u00e1ctica educativa y para la intervenci\u00f3n en la planificaci\u00f3n, el desarrollo y la reformulaci\u00f3n de estrategias de ense\u00f1anza. \u200b&nbsp;<\/p>\n<\/div>\n\n\n\n<div class=\"wp-block-column is-layout-flow wp-block-column-is-layout-flow\" style=\"flex-basis:33.33%\">\n<figure class=\"wp-block-image size-full\"><img loading=\"lazy\" decoding=\"async\" width=\"207\" height=\"217\" src=\"https:\/\/erasmus-ace.com\/educacion\/wp-content\/uploads\/2023\/09\/cabeca.png\" alt=\"\" class=\"wp-image-184\"\/><\/figure>\n<\/div>\n<\/div>\n\n\n\n<p><strong>Para la consulta del repositorio es preciso:<\/strong><\/p>\n\n\n\n<ul class=\"wp-block-list\">\n<li>Acceder a la pesta\u00f1a \u201cBuenas pr\u00e1cticas\u201d. La navegaci\u00f3n en esta secci\u00f3n se organiza de acuerdo con dimensiones y subdimensiones de la formaci\u00f3n universitaria en educaci\u00f3n.&nbsp;<\/li>\n\n\n\n<li>Seleccionar la dimensi\u00f3n adecuada, de acuerdo con los prop\u00f3sitos de la b\u00fasqueda. Esto le ayuda a encontrar pr\u00e1cticas espec\u00edficas seg\u00fan sus necesidades e intereses.<\/li>\n\n\n\n<li>Leer la descripci\u00f3n detallada de la pr\u00e1ctica, que explica su contexto, objetivos, metodolog\u00eda y resultados esperados. Esto le permite comprender la actividad para, luego, poder adaptarla en su \u00e1mbito educativo.<\/li>\n<\/ul>\n","protected":false},"excerpt":{"rendered":"<p>Las pr\u00e1cticas que se proponen en este repositorio son un recurso dise\u00f1ado para ofrecer actividades elaboradas y validadas por los miembros del proyecto ACE del \u00c1rea de Educaci\u00f3n y por juicio de expertos que no pertenecen al mismo, quienes han trabajado en la creaci\u00f3n de las condiciones y los instrumentos necesarios para la implementaci\u00f3n del [&hellip;]<\/p>\n","protected":false},"author":1,"featured_media":0,"parent":0,"menu_order":0,"comment_status":"closed","ping_status":"closed","template":"","meta":{"ub_ctt_via":"","footnotes":""},"class_list":["post-111","page","type-page","status-publish","hentry"],"featured_image_src":null,"_links":{"self":[{"href":"https:\/\/erasmus-ace.com\/educacion\/wp-json\/wp\/v2\/pages\/111","targetHints":{"allow":["GET"]}}],"collection":[{"href":"https:\/\/erasmus-ace.com\/educacion\/wp-json\/wp\/v2\/pages"}],"about":[{"href":"https:\/\/erasmus-ace.com\/educacion\/wp-json\/wp\/v2\/types\/page"}],"author":[{"embeddable":true,"href":"https:\/\/erasmus-ace.com\/educacion\/wp-json\/wp\/v2\/users\/1"}],"replies":[{"embeddable":true,"href":"https:\/\/erasmus-ace.com\/educacion\/wp-json\/wp\/v2\/comments?post=111"}],"version-history":[{"count":4,"href":"https:\/\/erasmus-ace.com\/educacion\/wp-json\/wp\/v2\/pages\/111\/revisions"}],"predecessor-version":[{"id":185,"href":"https:\/\/erasmus-ace.com\/educacion\/wp-json\/wp\/v2\/pages\/111\/revisions\/185"}],"wp:attachment":[{"href":"https:\/\/erasmus-ace.com\/educacion\/wp-json\/wp\/v2\/media?parent=111"}],"curies":[{"name":"wp","href":"https:\/\/api.w.org\/{rel}","templated":true}]}}