{"id":105,"date":"2023-08-10T16:59:57","date_gmt":"2023-08-10T19:59:57","guid":{"rendered":"https:\/\/erasmus-ace.com\/educacion\/?page_id=105"},"modified":"2023-11-10T16:13:58","modified_gmt":"2023-11-10T19:13:58","slug":"para-quien-esta-pensado","status":"publish","type":"page","link":"https:\/\/erasmus-ace.com\/educacion\/para-quien-esta-pensado\/","title":{"rendered":"\u00bfPara qui\u00e9n est\u00e1 pensado?\u200b"},"content":{"rendered":"\n<p>El repositorio contiene ejemplos de buenas pr\u00e1cticas centradas en el estudiante.<\/p>\n\n\n\n<p>Se espera que estas contribuyan para que <strong>docentes, profesionales vinculados a la educaci\u00f3n y estudiantes de carreras de formaci\u00f3n docente<\/strong> puedan consultarlas y resignificarlas seg\u00fan sus prop\u00f3sitos y contextos particulares.<\/p>\n\n\n\n<figure class=\"wp-block-embed is-type-video is-provider-youtube wp-block-embed-youtube wp-embed-aspect-16-9 wp-has-aspect-ratio\"><div class=\"wp-block-embed__wrapper\">\n<iframe loading=\"lazy\" title=\"A aula invertida e seus distintos formatos\" width=\"980\" height=\"551\" src=\"https:\/\/www.youtube.com\/embed\/_DGGSENLSz0?feature=oembed\" frameborder=\"0\" allow=\"accelerometer; autoplay; clipboard-write; encrypted-media; gyroscope; picture-in-picture; web-share\" allowfullscreen><\/iframe>\n<\/div><\/figure>\n\n\n\n<figure class=\"wp-block-embed is-type-video is-provider-youtube wp-block-embed-youtube wp-embed-aspect-16-9 wp-has-aspect-ratio\"><div class=\"wp-block-embed__wrapper\">\n<iframe loading=\"lazy\" title=\"Visita ao Museu do Caf\u00e9 de Piratininga\/SP.\" width=\"980\" height=\"551\" src=\"https:\/\/www.youtube.com\/embed\/tcuvP5-UXTY?feature=oembed\" frameborder=\"0\" allow=\"accelerometer; autoplay; clipboard-write; encrypted-media; gyroscope; picture-in-picture; web-share\" allowfullscreen><\/iframe>\n<\/div><\/figure>\n\n\n\n<figure class=\"wp-block-embed is-type-video is-provider-youtube wp-block-embed-youtube wp-embed-aspect-16-9 wp-has-aspect-ratio\"><div class=\"wp-block-embed__wrapper\">\n<iframe loading=\"lazy\" title=\"Planejamento e apresenta\u00e7\u00e3o de aula\" width=\"980\" height=\"551\" src=\"https:\/\/www.youtube.com\/embed\/_9HUn5JZOzQ?feature=oembed\" frameborder=\"0\" allow=\"accelerometer; autoplay; clipboard-write; encrypted-media; gyroscope; picture-in-picture; web-share\" allowfullscreen><\/iframe>\n<\/div><\/figure>\n","protected":false},"excerpt":{"rendered":"<p>El repositorio contiene ejemplos de buenas pr\u00e1cticas centradas en el estudiante. Se espera que estas contribuyan para que docentes, profesionales vinculados a la educaci\u00f3n y estudiantes de carreras de formaci\u00f3n docente puedan consultarlas y resignificarlas seg\u00fan sus prop\u00f3sitos y contextos particulares.<\/p>\n","protected":false},"author":1,"featured_media":0,"parent":0,"menu_order":0,"comment_status":"closed","ping_status":"closed","template":"","meta":{"ub_ctt_via":"","footnotes":""},"class_list":["post-105","page","type-page","status-publish","hentry"],"featured_image_src":null,"_links":{"self":[{"href":"https:\/\/erasmus-ace.com\/educacion\/wp-json\/wp\/v2\/pages\/105","targetHints":{"allow":["GET"]}}],"collection":[{"href":"https:\/\/erasmus-ace.com\/educacion\/wp-json\/wp\/v2\/pages"}],"about":[{"href":"https:\/\/erasmus-ace.com\/educacion\/wp-json\/wp\/v2\/types\/page"}],"author":[{"embeddable":true,"href":"https:\/\/erasmus-ace.com\/educacion\/wp-json\/wp\/v2\/users\/1"}],"replies":[{"embeddable":true,"href":"https:\/\/erasmus-ace.com\/educacion\/wp-json\/wp\/v2\/comments?post=105"}],"version-history":[{"count":7,"href":"https:\/\/erasmus-ace.com\/educacion\/wp-json\/wp\/v2\/pages\/105\/revisions"}],"predecessor-version":[{"id":234,"href":"https:\/\/erasmus-ace.com\/educacion\/wp-json\/wp\/v2\/pages\/105\/revisions\/234"}],"wp:attachment":[{"href":"https:\/\/erasmus-ace.com\/educacion\/wp-json\/wp\/v2\/media?parent=105"}],"curies":[{"name":"wp","href":"https:\/\/api.w.org\/{rel}","templated":true}]}}